{"id":6768,"date":"2025-09-18T11:21:42","date_gmt":"2025-09-18T11:21:42","guid":{"rendered":"https:\/\/siokorhaz.hu\/?page_id=6768"},"modified":"2025-09-18T11:21:43","modified_gmt":"2025-09-18T11:21:43","slug":"adomany","status":"publish","type":"page","link":"https:\/\/siokorhaz.hu\/?page_id=6768","title":{"rendered":"Adom\u00e1ny"},"content":{"rendered":"\n<div data-wp-interactive=\"core\/file\" class=\"wp-block-file\"><object data-wp-bind--hidden=\"!state.hasPdfPreview\" hidden class=\"wp-block-file__embed\" data=\"https:\/\/siokorhaz.hu\/wp-content\/uploads\/2025\/09\/16_2023.-VI.-9.-BM-utasitas-a-belugyminiszter-iranyitasa-felugyelete-alatt-allo-szervek-es-intezmenyek-reszere-felajanlott-adomanyok-elfogadasanak-rendjerol-szolo-szabalyzat-kiadasarol.pdf\" type=\"application\/pdf\" style=\"width:100%;height:600px\" aria-label=\"16_2023. (VI. 9.) BM utas\u00edt\u00e1s a bel\u00fcgyminiszter ir\u00e1ny\u00edt\u00e1sa, fel\u00fcgyelete alatt \u00e1ll\u00f3 szervek \u00e9s int\u00e9zm\u00e9nyek r\u00e9sz\u00e9re felaj\u00e1nlott adom\u00e1nyok elfogad\u00e1s\u00e1nak rendj\u00e9r\u0151l sz\u00f3l\u00f3 szab\u00e1lyzat kiad\u00e1s\u00e1r\u00f3l be\u00e1gyaz\u00e1sa\"><\/object><a id=\"wp-block-file--media-d300a52a-dce3-4c48-9473-03fbc1f66834\" href=\"https:\/\/siokorhaz.hu\/wp-content\/uploads\/2025\/09\/16_2023.-VI.-9.-BM-utasitas-a-belugyminiszter-iranyitasa-felugyelete-alatt-allo-szervek-es-intezmenyek-reszere-felajanlott-adomanyok-elfogadasanak-rendjerol-szolo-szabalyzat-kiadasarol.pdf\">16_2023. (VI. 9.) BM utas\u00edt\u00e1s a bel\u00fcgyminiszter ir\u00e1ny\u00edt\u00e1sa, fel\u00fcgyelete alatt \u00e1ll\u00f3 szervek \u00e9s int\u00e9zm\u00e9nyek r\u00e9sz\u00e9re felaj\u00e1nlott adom\u00e1nyok elfogad\u00e1s\u00e1nak rendj\u00e9r\u0151l sz\u00f3l\u00f3 szab\u00e1lyzat kiad\u00e1s\u00e1r\u00f3l<\/a><a href=\"https:\/\/siokorhaz.hu\/wp-content\/uploads\/2025\/09\/16_2023.-VI.-9.-BM-utasitas-a-belugyminiszter-iranyitasa-felugyelete-alatt-allo-szervek-es-intezmenyek-reszere-felajanlott-adomanyok-elfogadasanak-rendjerol-szolo-szabalyzat-kiadasarol.pdf\" class=\"wp-block-file__button wp-element-button\" download aria-describedby=\"wp-block-file--media-d300a52a-dce3-4c48-9473-03fbc1f66834\">Let\u00f6lt\u00e9s<\/a><\/div>\n","protected":false},"excerpt":{"rendered":"","protected":false},"author":1,"featured_media":0,"parent":0,"menu_order":0,"comment_status":"closed","ping_status":"closed","template":"","meta":{"_genesis_hide_title":false,"_genesis_hide_breadcrumbs":false,"_genesis_hide_singular_image":false,"_genesis_hide_footer_widgets":false,"_genesis_custom_body_class":"","_genesis_custom_post_class":"","_genesis_layout":"","footnotes":""},"class_list":{"0":"post-6768","1":"page","2":"type-page","3":"status-publish","5":"entry"},"featured_image_src":null,"featured_image_src_square":null,"_links":{"self":[{"href":"https:\/\/siokorhaz.hu\/index.php?rest_route=\/wp\/v2\/pages\/6768","targetHints":{"allow":["GET"]}}],"collection":[{"href":"https:\/\/siokorhaz.hu\/index.php?rest_route=\/wp\/v2\/pages"}],"about":[{"href":"https:\/\/siokorhaz.hu\/index.php?rest_route=\/wp\/v2\/types\/page"}],"author":[{"embeddable":true,"href":"https:\/\/siokorhaz.hu\/index.php?rest_route=\/wp\/v2\/users\/1"}],"replies":[{"embeddable":true,"href":"https:\/\/siokorhaz.hu\/index.php?rest_route=%2Fwp%2Fv2%2Fcomments&post=6768"}],"version-history":[{"count":1,"href":"https:\/\/siokorhaz.hu\/index.php?rest_route=\/wp\/v2\/pages\/6768\/revisions"}],"predecessor-version":[{"id":6770,"href":"https:\/\/siokorhaz.hu\/index.php?rest_route=\/wp\/v2\/pages\/6768\/revisions\/6770"}],"wp:attachment":[{"href":"https:\/\/siokorhaz.hu\/index.php?rest_route=%2Fwp%2Fv2%2Fmedia&parent=6768"}],"curies":[{"name":"wp","href":"https:\/\/api.w.org\/{rel}","templated":true}]}}