{"id":6723,"date":"2025-07-30T11:44:26","date_gmt":"2025-07-30T11:44:26","guid":{"rendered":"https:\/\/siokorhaz.hu\/?page_id=6723"},"modified":"2025-07-30T12:54:20","modified_gmt":"2025-07-30T12:54:20","slug":"weboldali-cookie%e2%80%91adatkezelesi-tajekoztato","status":"publish","type":"page","link":"https:\/\/siokorhaz.hu\/?page_id=6723","title":{"rendered":"Weboldali cookie\u2011adatkezel\u00e9si t\u00e1j\u00e9koztat\u00f3"},"content":{"rendered":"\n<h2 class=\"wp-block-heading\">Weboldali cookie\u2011adatkezel\u00e9si t\u00e1j\u00e9koztat\u00f3<\/h2>\n\n\n\n<p><strong>Utolj\u00e1ra friss\u00edtve:<\/strong> 2025. j\u00falius 30.<\/p>\n\n\n\n<p>A Si\u00f3foki K\u00f3rh\u00e1z\u2011Rendel\u0151int\u00e9zet (sz\u00e9khely: 8600 Si\u00f3fok, Semmelweis utca 1.; ad\u00f3sz\u00e1m: 15397029\u20112\u201114; e-mail: <a>info@siokorhaz.hu<\/a>; honlap: <a>www.siokorhaz.hu<\/a>; a tov\u00e1bbiakban: \u201eInt\u00e9zm\u00e9ny\u201d) elk\u00f6telezett a l\u00e1togat\u00f3k szem\u00e9lyes adatainak v\u00e9delme ir\u00e1nt. Jelen t\u00e1j\u00e9koztat\u00f3 c\u00e9lja, hogy \u00e1tl\u00e1that\u00f3 inform\u00e1ci\u00f3t adjon a weboldal m\u0171k\u00f6d\u00e9se sor\u00e1n alkalmazott s\u00fctikr\u0151l (cookie-k), azok kezel\u00e9s\u00e9r\u0151l, valamint a felhaszn\u00e1l\u00f3k jogair\u00f3l.<\/p>\n\n\n\n<hr class=\"wp-block-separator has-alpha-channel-opacity\"\/>\n\n\n\n<h3 class=\"wp-block-heading\">1. Mi az a cookie (s\u00fcti)?<\/h3>\n\n\n\n<p>A cookie olyan kis adatf\u00e1jl, amelyet a weboldal a l\u00e1togat\u00f3 b\u00f6ng\u00e9sz\u0151j\u00e9ben helyez el. A cookie-k lehet\u0151v\u00e9 teszik a weboldal sz\u00e1m\u00e1ra bizonyos inform\u00e1ci\u00f3k t\u00e1rol\u00e1s\u00e1t, hogy megk\u00f6nny\u00edts\u00e9k a felhaszn\u00e1l\u00f3i \u00e9lm\u00e9nyt \u00e9s biztos\u00edts\u00e1k a weboldal megfelel\u0151 m\u0171k\u00f6d\u00e9s\u00e9t.<\/p>\n\n\n\n<hr class=\"wp-block-separator has-alpha-channel-opacity\"\/>\n\n\n\n<h3 class=\"wp-block-heading\">2. Milyen s\u00fctiket haszn\u00e1lunk \u00e9s milyen c\u00e9lb\u00f3l?<\/h3>\n\n\n\n<p>A weboldalon <strong>alap\u00e9rtelmez\u00e9s szerint csak a m\u0171k\u00f6d\u00e9shez felt\u00e9tlen\u00fcl sz\u00fcks\u00e9ges, technikai (\u00fan. \u201emunkamenet\u201d) s\u00fctik<\/strong> m\u0171k\u00f6dnek. Ezek kiz\u00e1r\u00f3lag a weboldal zavartalan m\u0171k\u00f6d\u00e9s\u00e9t, a b\u00f6ng\u00e9sz\u0151 munkamenet\u00e9t vagy a bejelentkez\u00e9si folyamatot szolg\u00e1lj\u00e1k, szem\u00e9lyes adatot nem t\u00e1rolnak, nem alkalmasak a l\u00e1togat\u00f3k azonos\u00edt\u00e1s\u00e1ra, \u00e9s nem gy\u0171jtenek statisztikai vagy marketing c\u00e9l\u00fa inform\u00e1ci\u00f3kat.<\/p>\n\n\n\n<p><strong>Be\u00e1gyazott \u0171rlapok (Microsoft Forms):<\/strong><br>A weboldalon el\u00e9rhet\u0151 betegel\u00e9gedetts\u00e9gi k\u00e9rd\u0151\u00edv a Microsoft Forms szolg\u00e1ltat\u00e1s\u00e1n kereszt\u00fcl m\u0171k\u00f6dik.<br>A Microsoft Forms a k\u00e9rd\u0151\u00edv megnyit\u00e1sakor \u00e9s kit\u00f6lt\u00e9sekor <strong>technikai \u00e9s funkcion\u00e1lis s\u00fctiket alkalmazhat<\/strong>, tov\u00e1bb\u00e1 a Microsoft, mint adatfeldolgoz\u00f3, a saj\u00e1t szab\u00e1lyzata szerint kezelhet bizonyos adatokat (pl. IP-c\u00edm, b\u00f6ng\u00e9sz\u0151-inform\u00e1ci\u00f3). Ezek kiz\u00e1r\u00f3lag a k\u00e9rd\u0151\u00edv helyes m\u0171k\u00f6d\u00e9s\u00e9hez, kit\u00f6lt\u00e9s\u00e9hez sz\u00fcks\u00e9gesek, marketing vagy statisztikai c\u00e9l\u00fa s\u00fctit nem helyeznek el.<\/p>\n\n\n\n<p>A Microsoft s\u00fctik kezel\u00e9s\u00e9r\u0151l b\u0151vebb inform\u00e1ci\u00f3 a <a href=\"https:\/\/www.microsoft.com\/hu-hu\/privacy\/privacystatement\">Microsoft adatv\u00e9delmi nyilatkozat\u00e1ban<\/a> \u00e9rhet\u0151 el.<\/p>\n\n\n\n<hr class=\"wp-block-separator has-alpha-channel-opacity\"\/>\n\n\n\n<h3 class=\"wp-block-heading\">3. A s\u00fctik jogalapja<\/h3>\n\n\n\n<p>A weboldal a felt\u00e9tlen\u00fcl sz\u00fcks\u00e9ges s\u00fctiket jogos \u00e9rdek alapj\u00e1n (GDPR 6. cikk (1) f) pont), a Microsoft Forms \u00e1ltal kezelt technikai\/funkcion\u00e1lis s\u00fctiket a szolg\u00e1ltat\u00e1s biztos\u00edt\u00e1s\u00e1hoz, szint\u00e9n jogos \u00e9rdek alapj\u00e1n haszn\u00e1lja.<\/p>\n\n\n\n<hr class=\"wp-block-separator has-alpha-channel-opacity\"\/>\n\n\n\n<h3 class=\"wp-block-heading\">4. S\u00fctik kezel\u00e9se, elfogad\u00e1sa \u00e9s elutas\u00edt\u00e1sa<\/h3>\n\n\n\n<p>A weboldal m\u0171k\u00f6d\u00e9s\u00e9hez sz\u00fcks\u00e9ges s\u00fctik haszn\u00e1lata a b\u00f6ng\u00e9sz\u0151 alapbe\u00e1ll\u00edt\u00e1saival elfogadottnak min\u0151s\u00fcl, ezek n\u00e9lk\u00fcl az oldal nem m\u0171k\u00f6dik megfelel\u0151en.<br>Mivel a honlapon nincs marketing, analitikai vagy rekl\u00e1mc\u00e9l\u00fa s\u00fcti, nincs sz\u00fcks\u00e9g k\u00fcl\u00f6n hozz\u00e1j\u00e1rul\u00e1sra.<br>A Microsoft Forms be\u00e1gyazott k\u00e9rd\u0151\u00edv kit\u00f6lt\u00e9se eset\u00e9n a Microsoft saj\u00e1t technikai\/funkcion\u00e1lis s\u00fctijei alkalmaz\u00e1sra ker\u00fclnek \u2013 ezekr\u0151l a Microsoft k\u00fcl\u00f6n t\u00e1j\u00e9koztat a k\u00e9rd\u0151\u00edvben.<\/p>\n\n\n\n<hr class=\"wp-block-separator has-alpha-channel-opacity\"\/>\n\n\n\n<h3 class=\"wp-block-heading\">5. S\u00fctik \u00e9lettartama<\/h3>\n\n\n\n<p>A weboldal \u00e1ltal alkalmazott technikai s\u00fctik a b\u00f6ng\u00e9sz\u0151 munkamenet\u00e9nek lez\u00e1r\u00e1s\u00e1ig \u00e9lnek, \u00e9s azt k\u00f6vet\u0151en automatikusan t\u00f6rl\u0151dnek.<br>A Microsoft Forms \u00e1ltal haszn\u00e1lt s\u00fctik id\u0151tartam\u00e1t a <a href=\"https:\/\/www.microsoft.com\/hu-hu\/privacy\/privacystatement\">Microsoft adatv\u00e9delmi nyilatkozata<\/a> tartalmazza.<\/p>\n\n\n\n<hr class=\"wp-block-separator has-alpha-channel-opacity\"\/>\n\n\n\n<h3 class=\"wp-block-heading\">6. Szem\u00e9lyes adatok kezel\u00e9se s\u00fctik kapcs\u00e1n<\/h3>\n\n\n\n<p>A weboldal saj\u00e1t technikai s\u00fctijei szem\u00e9lyes adatot nem kezelnek.<br>A Microsoft Forms k\u00e9rd\u0151\u00edv kit\u00f6lt\u00e9se sor\u00e1n a Microsoft, mint adatfeldolgoz\u00f3, a saj\u00e1t szab\u00e1lyzata szerint kezelhet adatokat (pl. IP-c\u00edm, v\u00e1laszok, technikai inform\u00e1ci\u00f3k).<\/p>\n\n\n\n<p>B\u0151vebb inform\u00e1ci\u00f3 az int\u00e9zm\u00e9ny \u00e1ltal\u00e1nos adatkezel\u00e9s\u00e9r\u0151l az <a class=\"\" href=\"#\">Adatv\u00e9delmi t\u00e1j\u00e9koztat\u00f3ban<\/a> olvashat\u00f3. <em>(Ide illessz be a t\u00e9nyleges adatv\u00e9delmi t\u00e1j\u00e9koztat\u00f3 linkj\u00e9t!)<\/em><\/p>\n\n\n\n<hr class=\"wp-block-separator has-alpha-channel-opacity\"\/>\n\n\n\n<h3 class=\"wp-block-heading\">7. Adatkezel\u0151 \u00e9s adatfeldolgoz\u00f3k<\/h3>\n\n\n\n<p>Adatkezel\u0151:<br>Si\u00f3foki K\u00f3rh\u00e1z\u2011Rendel\u0151int\u00e9zet<br>Sz\u00e9khely: 8600 Si\u00f3fok, Semmelweis utca 1.<br>E-mail: <a>info@siokorhaz.hu<\/a><br>Ad\u00f3sz\u00e1m: 15397029\u20112\u201114<\/p>\n\n\n\n<p>Adatfeldolgoz\u00f3 a Microsoft Forms eset\u00e9ben:<br>Microsoft Ireland Operations Limited<br>One Microsoft Place, South County Business Park, Leopardstown, Dublin 18, D18 P521, Ireland<\/p>\n\n\n\n<hr class=\"wp-block-separator has-alpha-channel-opacity\"\/>\n\n\n\n<h3 class=\"wp-block-heading\">8. Az \u00e9rintettek jogai<\/h3>\n\n\n\n<p>A felhaszn\u00e1l\u00f3 b\u00e1rmikor jogosult t\u00e1j\u00e9koztat\u00e1st k\u00e9rni szem\u00e9lyes adatai kezel\u00e9s\u00e9r\u0151l, k\u00e9rheti azok helyesb\u00edt\u00e9s\u00e9t, t\u00f6rl\u00e9s\u00e9t, kezel\u00e9s\u00e9nek korl\u00e1toz\u00e1s\u00e1t, tiltakozhat a kezel\u00e9s ellen, illetve visszavonhatja hozz\u00e1j\u00e1rul\u00e1s\u00e1t.<\/p>\n\n\n\n<hr class=\"wp-block-separator has-alpha-channel-opacity\"\/>\n\n\n\n<h3 class=\"wp-block-heading\">9. Jogorvoslat, fel\u00fcgyeleti szerv<\/h3>\n\n\n\n<p>Az \u00e9rintett panasszal \u00e9lhet a Nemzeti Adatv\u00e9delmi \u00e9s Inform\u00e1ci\u00f3szabads\u00e1g Hat\u00f3s\u00e1gn\u00e1l:<br>Nemzeti Adatv\u00e9delmi \u00e9s Inform\u00e1ci\u00f3szabads\u00e1g Hat\u00f3s\u00e1g<br>C\u00edm: 1055 Budapest, Falk Miksa utca 9\u201311.<br>Telefon: +36 (1) 391-1400<br>E-mail: <a>ugyfelszolgalat@naih.hu<\/a><br>Web: <a>www.naih.hu<\/a><\/p>\n\n\n\n<hr class=\"wp-block-separator has-alpha-channel-opacity\"\/>\n\n\n\n<h3 class=\"wp-block-heading\">10. Kapcsolat<\/h3>\n\n\n\n<p>Amennyiben k\u00e9rd\u00e9se van a s\u00fctik haszn\u00e1lat\u00e1val kapcsolatban, forduljon hozz\u00e1nk bizalommal:<br>E-mail: <a>info@siokorhaz.hu<\/a><\/p>\n\n\n\n<p><\/p>\n","protected":false},"excerpt":{"rendered":"<p>Weboldali cookie\u2011adatkezel\u00e9si t\u00e1j\u00e9koztat\u00f3 Utolj\u00e1ra friss\u00edtve: 2025. j\u00falius 30. A Si\u00f3foki K\u00f3rh\u00e1z\u2011Rendel\u0151int\u00e9zet (sz\u00e9khely: 8600 Si\u00f3fok, Semmelweis utca 1.; ad\u00f3sz\u00e1m: 15397029\u20112\u201114; e-mail: info@siokorhaz.hu; honlap: www.siokorhaz.hu; a tov\u00e1bbiakban: \u201eInt\u00e9zm\u00e9ny\u201d) elk\u00f6telezett a l\u00e1togat\u00f3k szem\u00e9lyes adatainak v\u00e9delme ir\u00e1nt. Jelen t\u00e1j\u00e9koztat\u00f3 c\u00e9lja, hogy \u00e1tl\u00e1that\u00f3 inform\u00e1ci\u00f3t adjon a weboldal m\u0171k\u00f6d\u00e9se sor\u00e1n alkalmazott s\u00fctikr\u0151l (cookie-k), azok kezel\u00e9s\u00e9r\u0151l, valamint a felhaszn\u00e1l\u00f3k jogair\u00f3l. 1. Mi [&hellip;]<\/p>\n","protected":false},"author":1,"featured_media":0,"parent":0,"menu_order":0,"comment_status":"closed","ping_status":"closed","template":"","meta":{"_genesis_hide_title":false,"_genesis_hide_breadcrumbs":false,"_genesis_hide_singular_image":false,"_genesis_hide_footer_widgets":false,"_genesis_custom_body_class":"","_genesis_custom_post_class":"","_genesis_layout":"","footnotes":""},"class_list":{"0":"post-6723","1":"page","2":"type-page","3":"status-publish","5":"entry"},"featured_image_src":null,"featured_image_src_square":null,"_links":{"self":[{"href":"https:\/\/siokorhaz.hu\/index.php?rest_route=\/wp\/v2\/pages\/6723","targetHints":{"allow":["GET"]}}],"collection":[{"href":"https:\/\/siokorhaz.hu\/index.php?rest_route=\/wp\/v2\/pages"}],"about":[{"href":"https:\/\/siokorhaz.hu\/index.php?rest_route=\/wp\/v2\/types\/page"}],"author":[{"embeddable":true,"href":"https:\/\/siokorhaz.hu\/index.php?rest_route=\/wp\/v2\/users\/1"}],"replies":[{"embeddable":true,"href":"https:\/\/siokorhaz.hu\/index.php?rest_route=%2Fwp%2Fv2%2Fcomments&post=6723"}],"version-history":[{"count":2,"href":"https:\/\/siokorhaz.hu\/index.php?rest_route=\/wp\/v2\/pages\/6723\/revisions"}],"predecessor-version":[{"id":6732,"href":"https:\/\/siokorhaz.hu\/index.php?rest_route=\/wp\/v2\/pages\/6723\/revisions\/6732"}],"wp:attachment":[{"href":"https:\/\/siokorhaz.hu\/index.php?rest_route=%2Fwp%2Fv2%2Fmedia&parent=6723"}],"curies":[{"name":"wp","href":"https:\/\/api.w.org\/{rel}","templated":true}]}}