{"id":6718,"date":"2025-07-30T11:01:39","date_gmt":"2025-07-30T11:01:39","guid":{"rendered":"https:\/\/siokorhaz.hu\/?page_id=6718"},"modified":"2025-07-30T11:02:43","modified_gmt":"2025-07-30T11:02:43","slug":"impresszum-siofoki-korhaz%e2%80%91rendelointezet","status":"publish","type":"page","link":"https:\/\/siokorhaz.hu\/?page_id=6718","title":{"rendered":"Impresszum \u2014 Si\u00f3foki K\u00f3rh\u00e1z\u2011Rendel\u0151int\u00e9zet"},"content":{"rendered":"\n<p><strong>Int\u00e9zm\u00e9ny neve:<\/strong><br>Si\u00f3foki K\u00f3rh\u00e1z\u2011Rendel\u0151int\u00e9zet (\u00e1llami eg\u00e9szs\u00e9g\u00fcgyi int\u00e9zm\u00e9ny)<\/p>\n\n\n\n<p><strong>Sz\u00e9khely:<\/strong><br>8600 Si\u00f3fok, Semmelweis utca 1.<\/p>\n\n\n\n<p><strong>Ad\u00f3sz\u00e1m:<\/strong><br>15397029\u20112\u201114 (csoportos ad\u00f3sz\u00e1mk\u00e9nt)\u202f<\/p>\n\n\n\n<p><strong>K\u00e9pviselet\u00e9ben elj\u00e1r:<\/strong><br>Dr. Vajda M\u00e1rk f\u0151igazgat\u00f3 (kinevez\u00e9s: 2025. janu\u00e1r 15.) \u2014 aktu\u00e1lis int\u00e9zm\u00e9nyi vezet\u00e9s<\/p>\n\n\n\n<p><strong>Telefon\/fax:<\/strong><br>Telefon: +36\u202f84\u202f501\u202f700<br>Fax: +36\u202f84\u202f501\u202f701 <\/p>\n\n\n\n<p><strong>E\u2011mail c\u00edm:<\/strong><br><a href=\"mailto:info@siokorhaz.hu\">posta@siokorhaz.hu<\/a><\/p>\n\n\n\n<p><strong>Honlap:<\/strong><br><a href=\"https:\/\/www.siokorhaz.hu\/\">https:\/\/www.siokorhaz.hu\/<\/a><\/p>\n\n\n\n<p><strong>Adatv\u00e9delmi felel\u0151s:<\/strong><br>Borsos M\u00e1ria<\/p>\n\n\n\n<p>A Si\u00f3foki K\u00f3rh\u00e1z-Rendel\u0151int\u00e9zet adatv\u00e9delmi tisztvisel\u0151je<\/p>\n\n\n\n<p>Telefonsz\u00e1m: +36\/84\/501-700\/258<\/p>\n\n\n\n<p>Email: adatvedelem@siokorhaz.hu<\/p>\n\n\n\n<p><\/p>\n\n\n\n<p><strong>Domain szolg\u00e1ltat\u00f3:<\/strong><br>Comnica Kft.<br>1119 Budapest, Feh\u00e9rv\u00e1ri \u00fat 99.<\/p>\n\n\n\n<p>36 1 255 0990<br>info@comnica.com<\/p>\n\n\n\n<p><strong>T\u00e1rhely szolg\u00e1ltat\u00f3:<\/strong><\/p>\n\n\n\n<p>Si\u00f3foki K\u00f3rh\u00e1z\u2011Rendel\u0151int\u00e9zet<\/p>\n\n\n\n<p>8600 Si\u00f3fok, Semmelweis utca 1.<\/p>\n\n\n\n<p><\/p>\n\n\n\n<p><\/p>\n\n\n\n<p><\/p>\n\n\n\n<p><\/p>\n\n\n\n<p><strong>Utolj\u00e1ra friss\u00edtve:<\/strong><br>2025. m\u00e1rcius 30.<\/p>\n\n\n\n<p><strong>Copyright:<\/strong><br>\u00a9 2025 Si\u00f3foki K\u00f3rh\u00e1z\u2011Rendel\u0151int\u00e9zet \u2013 <a>www.siokorhaz.hu<\/a>. Minden jog fenntartva.<\/p>\n","protected":false},"excerpt":{"rendered":"<p>Int\u00e9zm\u00e9ny neve:Si\u00f3foki K\u00f3rh\u00e1z\u2011Rendel\u0151int\u00e9zet (\u00e1llami eg\u00e9szs\u00e9g\u00fcgyi int\u00e9zm\u00e9ny) Sz\u00e9khely:8600 Si\u00f3fok, Semmelweis utca 1. Ad\u00f3sz\u00e1m:15397029\u20112\u201114 (csoportos ad\u00f3sz\u00e1mk\u00e9nt)\u202f K\u00e9pviselet\u00e9ben elj\u00e1r:Dr. Vajda M\u00e1rk f\u0151igazgat\u00f3 (kinevez\u00e9s: 2025. janu\u00e1r 15.) \u2014 aktu\u00e1lis int\u00e9zm\u00e9nyi vezet\u00e9s Telefon\/fax:Telefon: +36\u202f84\u202f501\u202f700Fax: +36\u202f84\u202f501\u202f701 E\u2011mail c\u00edm:posta@siokorhaz.hu Honlap:https:\/\/www.siokorhaz.hu\/ Adatv\u00e9delmi felel\u0151s:Borsos M\u00e1ria A Si\u00f3foki K\u00f3rh\u00e1z-Rendel\u0151int\u00e9zet adatv\u00e9delmi tisztvisel\u0151je Telefonsz\u00e1m: +36\/84\/501-700\/258 Email: adatvedelem@siokorhaz.hu Domain szolg\u00e1ltat\u00f3:Comnica Kft.1119 Budapest, Feh\u00e9rv\u00e1ri \u00fat 99. 36 1 255 [&hellip;]<\/p>\n","protected":false},"author":1,"featured_media":0,"parent":0,"menu_order":0,"comment_status":"closed","ping_status":"closed","template":"","meta":{"_genesis_hide_title":false,"_genesis_hide_breadcrumbs":false,"_genesis_hide_singular_image":false,"_genesis_hide_footer_widgets":false,"_genesis_custom_body_class":"","_genesis_custom_post_class":"","_genesis_layout":"","footnotes":""},"class_list":{"0":"post-6718","1":"page","2":"type-page","3":"status-publish","5":"entry"},"featured_image_src":null,"featured_image_src_square":null,"_links":{"self":[{"href":"https:\/\/siokorhaz.hu\/index.php?rest_route=\/wp\/v2\/pages\/6718","targetHints":{"allow":["GET"]}}],"collection":[{"href":"https:\/\/siokorhaz.hu\/index.php?rest_route=\/wp\/v2\/pages"}],"about":[{"href":"https:\/\/siokorhaz.hu\/index.php?rest_route=\/wp\/v2\/types\/page"}],"author":[{"embeddable":true,"href":"https:\/\/siokorhaz.hu\/index.php?rest_route=\/wp\/v2\/users\/1"}],"replies":[{"embeddable":true,"href":"https:\/\/siokorhaz.hu\/index.php?rest_route=%2Fwp%2Fv2%2Fcomments&post=6718"}],"version-history":[{"count":2,"href":"https:\/\/siokorhaz.hu\/index.php?rest_route=\/wp\/v2\/pages\/6718\/revisions"}],"predecessor-version":[{"id":6720,"href":"https:\/\/siokorhaz.hu\/index.php?rest_route=\/wp\/v2\/pages\/6718\/revisions\/6720"}],"wp:attachment":[{"href":"https:\/\/siokorhaz.hu\/index.php?rest_route=%2Fwp%2Fv2%2Fmedia&parent=6718"}],"curies":[{"name":"wp","href":"https:\/\/api.w.org\/{rel}","templated":true}]}}