{"id":6625,"date":"2025-06-16T11:33:42","date_gmt":"2025-06-16T11:33:42","guid":{"rendered":"https:\/\/siokorhaz.hu\/?page_id=6625"},"modified":"2025-07-30T12:29:16","modified_gmt":"2025-07-30T12:29:16","slug":"teruleti-ellatasi-kotelezettseg","status":"publish","type":"page","link":"https:\/\/siokorhaz.hu\/?page_id=6625","title":{"rendered":"Ter\u00fcleti ell\u00e1t\u00e1si k\u00f6telezetts\u00e9g"},"content":{"rendered":"\n<p><\/p>\n\n\n\n<p><a href=\"http:\/\/84.206.43.26:7080\/ellatas\/xtek\/;jsessionid=b4cc9e4f2c3d686bdf076da2f21e?0\">TEK<\/a><\/p>\n","protected":false},"excerpt":{"rendered":"<p>TEK<\/p>\n","protected":false},"author":1,"featured_media":0,"parent":0,"menu_order":0,"comment_status":"closed","ping_status":"closed","template":"","meta":{"_genesis_hide_title":false,"_genesis_hide_breadcrumbs":false,"_genesis_hide_singular_image":false,"_genesis_hide_footer_widgets":false,"_genesis_custom_body_class":"","_genesis_custom_post_class":"","_genesis_layout":"","footnotes":""},"class_list":{"0":"post-6625","1":"page","2":"type-page","3":"status-publish","5":"entry","6":"has-post-thumbnail"},"featured_image_src":null,"featured_image_src_square":null,"_links":{"self":[{"href":"https:\/\/siokorhaz.hu\/index.php?rest_route=\/wp\/v2\/pages\/6625","targetHints":{"allow":["GET"]}}],"collection":[{"href":"https:\/\/siokorhaz.hu\/index.php?rest_route=\/wp\/v2\/pages"}],"about":[{"href":"https:\/\/siokorhaz.hu\/index.php?rest_route=\/wp\/v2\/types\/page"}],"author":[{"embeddable":true,"href":"https:\/\/siokorhaz.hu\/index.php?rest_route=\/wp\/v2\/users\/1"}],"replies":[{"embeddable":true,"href":"https:\/\/siokorhaz.hu\/index.php?rest_route=%2Fwp%2Fv2%2Fcomments&post=6625"}],"version-history":[{"count":4,"href":"https:\/\/siokorhaz.hu\/index.php?rest_route=\/wp\/v2\/pages\/6625\/revisions"}],"predecessor-version":[{"id":6730,"href":"https:\/\/siokorhaz.hu\/index.php?rest_route=\/wp\/v2\/pages\/6625\/revisions\/6730"}],"wp:attachment":[{"href":"https:\/\/siokorhaz.hu\/index.php?rest_route=%2Fwp%2Fv2%2Fmedia&parent=6625"}],"curies":[{"name":"wp","href":"https:\/\/api.w.org\/{rel}","templated":true}]}}