{"id":6612,"date":"2025-06-16T11:26:39","date_gmt":"2025-06-16T11:26:39","guid":{"rendered":"https:\/\/siokorhaz.hu\/?page_id=6612"},"modified":"2025-08-26T11:16:53","modified_gmt":"2025-08-26T11:16:53","slug":"hazirend-es-latogatasi-rend","status":"publish","type":"page","link":"https:\/\/siokorhaz.hu\/?page_id=6612","title":{"rendered":"H\u00e1zirend, \u00e9s l\u00e1togat\u00e1si rend"},"content":{"rendered":"\n<div data-wp-interactive=\"core\/file\" class=\"wp-block-file\"><object data-wp-bind--hidden=\"!state.hasPdfPreview\" hidden class=\"wp-block-file__embed\" data=\"https:\/\/siokorhaz.hu\/wp-content\/uploads\/2025\/08\/Foigazgatoi-utasitas-a-SKR-latogatasi-rendjerol-FIG1580-0.2025-1.-kiadas.pdf\" type=\"application\/pdf\" style=\"width:100%;height:723px\" aria-label=\"F\u0151igazgat\u00f3i utas\u00edt\u00e1s a SKR l\u00e1togat\u00e1si rendj\u00e9r\u0151l FIG1580-0.2025 (1. kiad\u00e1s) be\u00e1gyaz\u00e1sa\"><\/object><a id=\"wp-block-file--media-a8f7e0d8-3f86-44a9-b659-1532d410ffa7\" href=\"https:\/\/siokorhaz.hu\/wp-content\/uploads\/2025\/08\/Foigazgatoi-utasitas-a-SKR-latogatasi-rendjerol-FIG1580-0.2025-1.-kiadas.pdf\">F\u0151igazgat\u00f3i utas\u00edt\u00e1s a SKR l\u00e1togat\u00e1si rendj\u00e9r\u0151l FIG1580-0.2025 (1. kiad\u00e1s)<\/a><a href=\"https:\/\/siokorhaz.hu\/wp-content\/uploads\/2025\/08\/Foigazgatoi-utasitas-a-SKR-latogatasi-rendjerol-FIG1580-0.2025-1.-kiadas.pdf\" class=\"wp-block-file__button wp-element-button\" download aria-describedby=\"wp-block-file--media-a8f7e0d8-3f86-44a9-b659-1532d410ffa7\">Let\u00f6lt\u00e9s<\/a><\/div>\n","protected":false},"excerpt":{"rendered":"","protected":false},"author":1,"featured_media":0,"parent":0,"menu_order":0,"comment_status":"closed","ping_status":"closed","template":"","meta":{"_genesis_hide_title":false,"_genesis_hide_breadcrumbs":false,"_genesis_hide_singular_image":false,"_genesis_hide_footer_widgets":false,"_genesis_custom_body_class":"","_genesis_custom_post_class":"","_genesis_layout":"","footnotes":""},"class_list":{"0":"post-6612","1":"page","2":"type-page","3":"status-publish","5":"entry"},"featured_image_src":null,"featured_image_src_square":null,"_links":{"self":[{"href":"https:\/\/siokorhaz.hu\/index.php?rest_route=\/wp\/v2\/pages\/6612","targetHints":{"allow":["GET"]}}],"collection":[{"href":"https:\/\/siokorhaz.hu\/index.php?rest_route=\/wp\/v2\/pages"}],"about":[{"href":"https:\/\/siokorhaz.hu\/index.php?rest_route=\/wp\/v2\/types\/page"}],"author":[{"embeddable":true,"href":"https:\/\/siokorhaz.hu\/index.php?rest_route=\/wp\/v2\/users\/1"}],"replies":[{"embeddable":true,"href":"https:\/\/siokorhaz.hu\/index.php?rest_route=%2Fwp%2Fv2%2Fcomments&post=6612"}],"version-history":[{"count":2,"href":"https:\/\/siokorhaz.hu\/index.php?rest_route=\/wp\/v2\/pages\/6612\/revisions"}],"predecessor-version":[{"id":6750,"href":"https:\/\/siokorhaz.hu\/index.php?rest_route=\/wp\/v2\/pages\/6612\/revisions\/6750"}],"wp:attachment":[{"href":"https:\/\/siokorhaz.hu\/index.php?rest_route=%2Fwp%2Fv2%2Fmedia&parent=6612"}],"curies":[{"name":"wp","href":"https:\/\/api.w.org\/{rel}","templated":true}]}}