{"id":6608,"date":"2025-06-16T07:12:57","date_gmt":"2025-06-16T07:12:57","guid":{"rendered":"https:\/\/siokorhaz.hu\/?page_id=6608"},"modified":"2025-06-16T11:29:56","modified_gmt":"2025-06-16T11:29:56","slug":"megkozelithetoseg-parkolas","status":"publish","type":"page","link":"https:\/\/siokorhaz.hu\/?page_id=6608","title":{"rendered":"Megk\u00f6zel\u00edthet\u0151s\u00e9g, parkol\u00e1s"},"content":{"rendered":"\n<p>A Si\u00f3foki K\u00f3rh\u00e1z Rendel\u0151int\u00e9zet Si\u00f3fok nyugati v\u00e1rosr\u00e9sz\u00e9ben parkos k\u00f6rnyezetben a Balaton d\u00e9li partj\u00e1n helyezkedik el.<\/p>\n\n\n\n<p>A k\u00f3rh\u00e1z telephelyei:<\/p>\n\n\n\n<p>Si\u00f3fok, Semmelweis utca 1.<\/p>\n\n\n\n<p>T\u00fcd\u0151gondoz\u00f3: Si\u00f3fok, F\u0151 utca 132.<\/p>\n\n\n\n<p>Megk\u00f6zel\u00edt\u00e9s:<\/p>\n\n\n\n<p>A mell\u00e9kelt k\u00e9pek.<\/p>\n\n\n\n<figure class=\"wp-block-embed\"><div class=\"wp-block-embed__wrapper\">\nhttps:\/\/www.menetrendek.hu\n<\/div><\/figure>\n\n\n\n<p><a href=\"http:\/\/menetrendek.eu\/siofok\/busz\/1\">http:\/\/menetrendek.eu\/siofok\/busz\/1<\/a><\/p>\n\n\n\n<figure class=\"wp-block-image size-large\"><img loading=\"lazy\" decoding=\"async\" width=\"1024\" height=\"457\" src=\"https:\/\/siokorhaz.hu\/wp-content\/uploads\/2025\/06\/korhaz_megkozelithetoseg_terkep-1024x457.png\" alt=\"\" class=\"wp-image-6619\" srcset=\"https:\/\/siokorhaz.hu\/wp-content\/uploads\/2025\/06\/korhaz_megkozelithetoseg_terkep-1024x457.png 1024w, https:\/\/siokorhaz.hu\/wp-content\/uploads\/2025\/06\/korhaz_megkozelithetoseg_terkep-300x134.png 300w, https:\/\/siokorhaz.hu\/wp-content\/uploads\/2025\/06\/korhaz_megkozelithetoseg_terkep-768x343.png 768w, https:\/\/siokorhaz.hu\/wp-content\/uploads\/2025\/06\/korhaz_megkozelithetoseg_terkep-1536x685.png 1536w, https:\/\/siokorhaz.hu\/wp-content\/uploads\/2025\/06\/korhaz_megkozelithetoseg_terkep.png 1560w\" sizes=\"auto, (max-width: 1024px) 100vw, 1024px\" \/><\/figure>\n\n\n\n<p><\/p>\n\n\n\n<figure class=\"wp-block-image size-large\"><img loading=\"lazy\" decoding=\"async\" width=\"1024\" height=\"478\" src=\"https:\/\/siokorhaz.hu\/wp-content\/uploads\/2025\/06\/Tudogondozo_megkozelithetoseg_terkep-1024x478.png\" alt=\"\" class=\"wp-image-6620\" srcset=\"https:\/\/siokorhaz.hu\/wp-content\/uploads\/2025\/06\/Tudogondozo_megkozelithetoseg_terkep-1024x478.png 1024w, https:\/\/siokorhaz.hu\/wp-content\/uploads\/2025\/06\/Tudogondozo_megkozelithetoseg_terkep-300x140.png 300w, https:\/\/siokorhaz.hu\/wp-content\/uploads\/2025\/06\/Tudogondozo_megkozelithetoseg_terkep-768x358.png 768w, https:\/\/siokorhaz.hu\/wp-content\/uploads\/2025\/06\/Tudogondozo_megkozelithetoseg_terkep-1536x717.png 1536w, https:\/\/siokorhaz.hu\/wp-content\/uploads\/2025\/06\/Tudogondozo_megkozelithetoseg_terkep.png 1558w\" sizes=\"auto, (max-width: 1024px) 100vw, 1024px\" \/><\/figure>\n\n\n\n<p><\/p>\n\n\n\n<div data-wp-interactive=\"core\/file\" class=\"wp-block-file\"><object data-wp-bind--hidden=\"!state.hasPdfPreview\" hidden class=\"wp-block-file__embed\" data=\"https:\/\/siokorhaz.hu\/wp-content\/uploads\/2025\/06\/A-korhaz-teruletere-gepjarmuvekre-es-egyeb-jarmuvekre-vonatkozo-behajtasi-es-varakozasi-szabalyzat_Kiadas-szama-2.pdf\" type=\"application\/pdf\" style=\"width:100%;height:600px\" aria-label=\"A k\u00f3rh\u00e1z ter\u00fclet\u00e9re g\u00e9pj\u00e1rm\u0171vekre \u00e9s egy\u00e9b j\u00e1rm\u0171vekre vonatkoz\u00f3 behajt\u00e1si \u00e9s v\u00e1rakoz\u00e1si szab\u00e1lyzat_Kiad\u00e1s sz\u00e1ma 2. be\u00e1gyaz\u00e1sa\"><\/object><a id=\"wp-block-file--media-a1958c8b-2124-4b24-8dc3-9e1e76a27b57\" href=\"https:\/\/siokorhaz.hu\/wp-content\/uploads\/2025\/06\/A-korhaz-teruletere-gepjarmuvekre-es-egyeb-jarmuvekre-vonatkozo-behajtasi-es-varakozasi-szabalyzat_Kiadas-szama-2.pdf\">A k\u00f3rh\u00e1z ter\u00fclet\u00e9re g\u00e9pj\u00e1rm\u0171vekre \u00e9s egy\u00e9b j\u00e1rm\u0171vekre vonatkoz\u00f3 behajt\u00e1si \u00e9s v\u00e1rakoz\u00e1si szab\u00e1lyzat_Kiad\u00e1s sz\u00e1ma 2.<\/a><a href=\"https:\/\/siokorhaz.hu\/wp-content\/uploads\/2025\/06\/A-korhaz-teruletere-gepjarmuvekre-es-egyeb-jarmuvekre-vonatkozo-behajtasi-es-varakozasi-szabalyzat_Kiadas-szama-2.pdf\" class=\"wp-block-file__button wp-element-button\" download aria-describedby=\"wp-block-file--media-a1958c8b-2124-4b24-8dc3-9e1e76a27b57\">Let\u00f6lt\u00e9s<\/a><\/div>\n","protected":false},"excerpt":{"rendered":"<p>A Si\u00f3foki K\u00f3rh\u00e1z Rendel\u0151int\u00e9zet Si\u00f3fok nyugati v\u00e1rosr\u00e9sz\u00e9ben parkos k\u00f6rnyezetben a Balaton d\u00e9li partj\u00e1n helyezkedik el. A k\u00f3rh\u00e1z telephelyei: Si\u00f3fok, Semmelweis utca 1. T\u00fcd\u0151gondoz\u00f3: Si\u00f3fok, F\u0151 utca 132. Megk\u00f6zel\u00edt\u00e9s: A mell\u00e9kelt k\u00e9pek. http:\/\/menetrendek.eu\/siofok\/busz\/1<\/p>\n","protected":false},"author":1,"featured_media":2709,"parent":0,"menu_order":0,"comment_status":"closed","ping_status":"closed","template":"","meta":{"_genesis_hide_title":false,"_genesis_hide_breadcrumbs":false,"_genesis_hide_singular_image":false,"_genesis_hide_footer_widgets":false,"_genesis_custom_body_class":"","_genesis_custom_post_class":"","_genesis_layout":"","footnotes":""},"class_list":{"0":"post-6608","1":"page","2":"type-page","3":"status-publish","4":"has-post-thumbnail","6":"entry"},"featured_image_src":"https:\/\/siokorhaz.hu\/wp-content\/uploads\/2025\/01\/x_IMG_0781-600x400.jpg","featured_image_src_square":"https:\/\/siokorhaz.hu\/wp-content\/uploads\/2025\/01\/x_IMG_0781-600x600.jpg","_links":{"self":[{"href":"https:\/\/siokorhaz.hu\/index.php?rest_route=\/wp\/v2\/pages\/6608","targetHints":{"allow":["GET"]}}],"collection":[{"href":"https:\/\/siokorhaz.hu\/index.php?rest_route=\/wp\/v2\/pages"}],"about":[{"href":"https:\/\/siokorhaz.hu\/index.php?rest_route=\/wp\/v2\/types\/page"}],"author":[{"embeddable":true,"href":"https:\/\/siokorhaz.hu\/index.php?rest_route=\/wp\/v2\/users\/1"}],"replies":[{"embeddable":true,"href":"https:\/\/siokorhaz.hu\/index.php?rest_route=%2Fwp%2Fv2%2Fcomments&post=6608"}],"version-history":[{"count":2,"href":"https:\/\/siokorhaz.hu\/index.php?rest_route=\/wp\/v2\/pages\/6608\/revisions"}],"predecessor-version":[{"id":6621,"href":"https:\/\/siokorhaz.hu\/index.php?rest_route=\/wp\/v2\/pages\/6608\/revisions\/6621"}],"wp:featuredmedia":[{"embeddable":true,"href":"https:\/\/siokorhaz.hu\/index.php?rest_route=\/wp\/v2\/media\/2709"}],"wp:attachment":[{"href":"https:\/\/siokorhaz.hu\/index.php?rest_route=%2Fwp%2Fv2%2Fmedia&parent=6608"}],"curies":[{"name":"wp","href":"https:\/\/api.w.org\/{rel}","templated":true}]}}