{"id":6604,"date":"2025-06-16T07:04:21","date_gmt":"2025-06-16T07:04:21","guid":{"rendered":"https:\/\/siokorhaz.hu\/?page_id=6604"},"modified":"2025-06-16T07:04:21","modified_gmt":"2025-06-16T07:04:21","slug":"gyermek-ugyelet","status":"publish","type":"page","link":"https:\/\/siokorhaz.hu\/?page_id=6604","title":{"rendered":"Gyermek \u00fcgyelet"},"content":{"rendered":"\n<p><strong>H\u00e9tk\u00f6znap 16.00-22.00 \u00f3ra k\u00f6z\u00f6tt<\/strong><\/p>\n\n\n\n<p><strong>H\u00e9tv\u00e9g\u00e9n, \u00fcnnepnap 08.00-20.00 \u00f3ra k\u00f6z\u00f6tt<\/strong><\/p>\n\n\n\n<p><strong><a href=\"https:\/\/www.google.com\/search?sca_esv=4db1c2965aeee58e&amp;sxsrf=AE3TifOWitUWiXCor7DIXT8LGdjUH_kOOw:1750057448193&amp;q=siokorhaz+c%C3%ADm&amp;ludocid=5631493375633847669&amp;sa=X&amp;ved=2ahUKEwjn3KSEsPWNAxVj8QIHHYAtAIIQ6BN6BAggEAI\">C\u00edm<\/a>:\u00a0<\/strong>Si\u00f3fok, Semmelweis u. 1, 8600<\/p>\n","protected":false},"excerpt":{"rendered":"<p>H\u00e9tk\u00f6znap 16.00-22.00 \u00f3ra k\u00f6z\u00f6tt H\u00e9tv\u00e9g\u00e9n, \u00fcnnepnap 08.00-20.00 \u00f3ra k\u00f6z\u00f6tt C\u00edm:\u00a0Si\u00f3fok, Semmelweis u. 1, 8600<\/p>\n","protected":false},"author":1,"featured_media":0,"parent":0,"menu_order":0,"comment_status":"closed","ping_status":"closed","template":"","meta":{"_genesis_hide_title":false,"_genesis_hide_breadcrumbs":false,"_genesis_hide_singular_image":false,"_genesis_hide_footer_widgets":false,"_genesis_custom_body_class":"","_genesis_custom_post_class":"","_genesis_layout":"","footnotes":""},"class_list":{"0":"post-6604","1":"page","2":"type-page","3":"status-publish","5":"entry"},"featured_image_src":null,"featured_image_src_square":null,"_links":{"self":[{"href":"https:\/\/siokorhaz.hu\/index.php?rest_route=\/wp\/v2\/pages\/6604","targetHints":{"allow":["GET"]}}],"collection":[{"href":"https:\/\/siokorhaz.hu\/index.php?rest_route=\/wp\/v2\/pages"}],"about":[{"href":"https:\/\/siokorhaz.hu\/index.php?rest_route=\/wp\/v2\/types\/page"}],"author":[{"embeddable":true,"href":"https:\/\/siokorhaz.hu\/index.php?rest_route=\/wp\/v2\/users\/1"}],"replies":[{"embeddable":true,"href":"https:\/\/siokorhaz.hu\/index.php?rest_route=%2Fwp%2Fv2%2Fcomments&post=6604"}],"version-history":[{"count":1,"href":"https:\/\/siokorhaz.hu\/index.php?rest_route=\/wp\/v2\/pages\/6604\/revisions"}],"predecessor-version":[{"id":6605,"href":"https:\/\/siokorhaz.hu\/index.php?rest_route=\/wp\/v2\/pages\/6604\/revisions\/6605"}],"wp:attachment":[{"href":"https:\/\/siokorhaz.hu\/index.php?rest_route=%2Fwp%2Fv2%2Fmedia&parent=6604"}],"curies":[{"name":"wp","href":"https:\/\/api.w.org\/{rel}","templated":true}]}}