{"id":6599,"date":"2025-06-16T06:58:40","date_gmt":"2025-06-16T06:58:40","guid":{"rendered":"https:\/\/siokorhaz.hu\/?page_id=6599"},"modified":"2025-06-16T06:58:40","modified_gmt":"2025-06-16T06:58:40","slug":"varmegyei-ugyelet","status":"publish","type":"page","link":"https:\/\/siokorhaz.hu\/?page_id=6599","title":{"rendered":"V\u00e1rmegyei \u00fcgyelet"},"content":{"rendered":"\n<p>Az \u00fcgyeleti ell\u00e1t\u00e1st Somogy V\u00e1rmegy\u00e9ben is az Orsz\u00e1gos Ment\u0151szolg\u00e1lat l\u00e1tja el.<\/p>\n\n\n\n<figure class=\"wp-block-embed is-type-wp-embed is-provider-orsz-gos-ment-szolg-lat wp-block-embed-orsz-gos-ment-szolg-lat\"><div class=\"wp-block-embed__wrapper\">\n<blockquote class=\"wp-embedded-content\" data-secret=\"vJyPtTzgST\"><a href=\"https:\/\/www.mentok.hu\/ugyelet\/\">\u00dcgyelet<\/a><\/blockquote><iframe loading=\"lazy\" class=\"wp-embedded-content\" sandbox=\"allow-scripts\" security=\"restricted\" style=\"position: absolute; visibility: hidden;\" title=\"&#8220;\u00dcgyelet&#8221; &#8212; ORSZ\u00c1GOS MENT\u0150SZOLG\u00c1LAT\" src=\"https:\/\/www.mentok.hu\/ugyelet\/embed\/#?secret=pqBCeYsxql#?secret=vJyPtTzgST\" data-secret=\"vJyPtTzgST\" width=\"500\" height=\"282\" frameborder=\"0\" marginwidth=\"0\" marginheight=\"0\" scrolling=\"no\"><\/iframe>\n<\/div><\/figure>\n\n\n\n<p><strong>Az egys\u00e9ges alapell\u00e1t\u00e1si \u00fcgyeleti rendszer telefonsz\u00e1ma feln\u0151ttek \u00e9s gyermekek eset\u00e9ben is egys\u00e9gesen: 1830<\/strong>.<\/p>\n\n\n\n<p>A h\u00edv\u00e1s sor\u00e1n a ment\u0151szolg\u00e1lat szakembere felm\u00e9ri a beteg \u00e1llapot\u00e1t, \u00e9s az adott helyzetre legmegfelel\u0151bb megold\u00e1st k\u00edn\u00e1lja. Ez lehet telefonos tan\u00e1csad\u00e1s, ell\u00e1t\u00f3helyre ir\u00e1ny\u00edt\u00e1s, \u00fcgyeletes orvos k\u00fcld\u00e9se, vagy s\u00fcrg\u0151s esetben ment\u0151aut\u00f3 riaszt\u00e1sa.<\/p>\n\n\n\n<p>Akut, de nem k\u00f6zvetlen\u00fcl \u00e9letvesz\u00e9lyes, a k\u00f6vetkez\u0151 h\u00e1ziorvosi rendel\u00e9sig nem halaszthat\u00f3 panaszokkal a&nbsp;<strong>1830<\/strong>-as sz\u00e1m h\u00edv\u00e1sa sz\u00fcks\u00e9ges. Ilyen esetek lehetnek p\u00e9ld\u00e1ul:<\/p>\n\n\n\n<ul class=\"wp-block-list\">\n<li>Nagyon magas l\u00e1z, amely nem csillap\u00edthat\u00f3 v\u00e9ny n\u00e9lk\u00fcli gy\u00f3gyszerekkel<\/li>\n\n\n\n<li>Hirtelen kialakul\u00f3 f\u00e1jdalom vagy g\u00f6rcs\u00f6k<\/li>\n\n\n\n<li>Bizonytalan hasi vagy mellkasi panaszok<\/li>\n\n\n\n<li>Kr\u00f3nikus betegs\u00e9gek akut t\u00fcnetei<\/li>\n<\/ul>\n\n\n\n<p>Ha a helyzet \u00e9letvesz\u00e9lyes (p\u00e9ld\u00e1ul er\u0151s mellkasi f\u00e1jdalom, neh\u00e9zl\u00e9gz\u00e9s, eszm\u00e9letlens\u00e9g), k\u00e9rj\u00fck, h\u00edvja a&nbsp;<strong>112-es seg\u00e9lyh\u00edv\u00f3<\/strong>&nbsp;sz\u00e1mot!<\/p>\n\n\n\n<p>Az egys\u00e9ges \u00fcgyeleti rendszer&nbsp;<strong>h\u00e9tk\u00f6znapokon 16:00 \u00e9s 08:00 \u00f3ra<\/strong>&nbsp;k\u00f6z\u00f6tt,&nbsp;<strong>h\u00e9tv\u00e9g\u00e9n \u00e9s \u00fcnnepnapokon pedig 24 \u00f3r\u00e1s<\/strong>&nbsp;szolg\u00e1ltat\u00e1ssal \u00e1ll rendelkez\u00e9sre.<\/p>\n\n\n\n<figure class=\"wp-block-image size-full\"><img loading=\"lazy\" decoding=\"async\" width=\"491\" height=\"726\" src=\"https:\/\/siokorhaz.hu\/wp-content\/uploads\/2025\/06\/ugyelet_omsz.png\" alt=\"\" class=\"wp-image-6600\" srcset=\"https:\/\/siokorhaz.hu\/wp-content\/uploads\/2025\/06\/ugyelet_omsz.png 491w, https:\/\/siokorhaz.hu\/wp-content\/uploads\/2025\/06\/ugyelet_omsz-203x300.png 203w\" sizes=\"auto, (max-width: 491px) 100vw, 491px\" \/><\/figure>\n","protected":false},"excerpt":{"rendered":"<p>Az \u00fcgyeleti ell\u00e1t\u00e1st Somogy V\u00e1rmegy\u00e9ben is az Orsz\u00e1gos Ment\u0151szolg\u00e1lat l\u00e1tja el. Az egys\u00e9ges alapell\u00e1t\u00e1si \u00fcgyeleti rendszer telefonsz\u00e1ma feln\u0151ttek \u00e9s gyermekek eset\u00e9ben is egys\u00e9gesen: 1830. A h\u00edv\u00e1s sor\u00e1n a ment\u0151szolg\u00e1lat szakembere felm\u00e9ri a beteg \u00e1llapot\u00e1t, \u00e9s az adott helyzetre legmegfelel\u0151bb megold\u00e1st k\u00edn\u00e1lja. Ez lehet telefonos tan\u00e1csad\u00e1s, ell\u00e1t\u00f3helyre ir\u00e1ny\u00edt\u00e1s, \u00fcgyeletes orvos k\u00fcld\u00e9se, vagy s\u00fcrg\u0151s esetben ment\u0151aut\u00f3 riaszt\u00e1sa. [&hellip;]<\/p>\n","protected":false},"author":1,"featured_media":0,"parent":0,"menu_order":0,"comment_status":"closed","ping_status":"closed","template":"","meta":{"_genesis_hide_title":false,"_genesis_hide_breadcrumbs":false,"_genesis_hide_singular_image":false,"_genesis_hide_footer_widgets":false,"_genesis_custom_body_class":"","_genesis_custom_post_class":"","_genesis_layout":"","footnotes":""},"class_list":{"0":"post-6599","1":"page","2":"type-page","3":"status-publish","5":"entry","6":"has-post-thumbnail"},"featured_image_src":null,"featured_image_src_square":null,"_links":{"self":[{"href":"https:\/\/siokorhaz.hu\/index.php?rest_route=\/wp\/v2\/pages\/6599","targetHints":{"allow":["GET"]}}],"collection":[{"href":"https:\/\/siokorhaz.hu\/index.php?rest_route=\/wp\/v2\/pages"}],"about":[{"href":"https:\/\/siokorhaz.hu\/index.php?rest_route=\/wp\/v2\/types\/page"}],"author":[{"embeddable":true,"href":"https:\/\/siokorhaz.hu\/index.php?rest_route=\/wp\/v2\/users\/1"}],"replies":[{"embeddable":true,"href":"https:\/\/siokorhaz.hu\/index.php?rest_route=%2Fwp%2Fv2%2Fcomments&post=6599"}],"version-history":[{"count":1,"href":"https:\/\/siokorhaz.hu\/index.php?rest_route=\/wp\/v2\/pages\/6599\/revisions"}],"predecessor-version":[{"id":6601,"href":"https:\/\/siokorhaz.hu\/index.php?rest_route=\/wp\/v2\/pages\/6599\/revisions\/6601"}],"wp:attachment":[{"href":"https:\/\/siokorhaz.hu\/index.php?rest_route=%2Fwp%2Fv2%2Fmedia&parent=6599"}],"curies":[{"name":"wp","href":"https:\/\/api.w.org\/{rel}","templated":true}]}}