{"id":6596,"date":"2025-06-16T06:50:45","date_gmt":"2025-06-16T06:50:45","guid":{"rendered":"https:\/\/siokorhaz.hu\/?page_id=6596"},"modified":"2025-06-16T07:06:01","modified_gmt":"2025-06-16T07:06:01","slug":"alapellatasi-haziorvosi-ugyelet","status":"publish","type":"page","link":"https:\/\/siokorhaz.hu\/?page_id=6596","title":{"rendered":"Alapell\u00e1t\u00e1si (h\u00e1ziorvosi) \u00fcgyelet"},"content":{"rendered":"\n<p><strong>H\u00e9tk\u00f6znap 16.00-22.00 \u00f3ra k\u00f6z\u00f6tt<\/strong><\/p>\n\n\n\n<p><strong>H\u00e9tv\u00e9g\u00e9n, \u00fcnnepnap 8.00-14.00 \u00f3ra k\u00f6z\u00f6tt<\/strong><\/p>\n\n\n\n<p><strong>Si\u00f3fok<\/strong><\/p>\n\n\n\n<p>8600 Si\u00f3fok, Semmelweis utca 1. (Si\u00f3foki K\u00f3rh\u00e1z-Rendel\u0151int\u00e9zet)<\/p>\n\n\n\n<div style=\"color:#ddd\" class=\"wp-block-genesis-blocks-gb-spacer gb-block-spacer gb-divider-solid gb-divider-size-1\"><hr style=\"height:30px\"\/><\/div>\n\n\n\n<p><\/p>\n\n\n\n<p><strong>Kaposv\u00e1r<\/strong><\/p>\n\n\n\n<p>7400 Kaposv\u00e1r, Talli\u00e1n Gy. u. 20-32. (Kaposi M\u00f3r Oktat\u00f3 K\u00f3rh\u00e1z f\u0151bej\u00e1rat)<\/p>\n\n\n\n<p><strong>Nagyat\u00e1d<\/strong><\/p>\n\n\n\n<p><strong>7500 Nagyat\u00e1d, Talli\u00e1n Andor utca 2. (Nagyat\u00e1di Eg\u00e9szs\u00e9g\u00fcgyi K\u00f6zpont)<\/strong><\/p>\n\n\n\n<p><strong>Marcali<\/strong><\/p>\n\n\n\n<p>8700 Marcali, Sz\u00e9chenyi u. 17. (Szaplonczay Man\u00f3 K\u00f3rh\u00e1z)<\/p>\n\n\n\n<p><strong>Barcs<\/strong><\/p>\n\n\n\n<p>7570 Barcs, Bajcsy-Zs. utca 135.<\/p>\n\n\n\n<p><strong>Balatonbogl\u00e1r<\/strong><\/p>\n\n\n\n<p>8630 Balatonbogl\u00e1r, Vik\u00e1r B. u. 4. (Dr. T\u00f6r\u00f6k S\u00e1ndor Eg\u00e9szs\u00e9g\u00fcgyi K\u00f6zpont)<\/p>\n\n\n\n<p><strong>Tab<\/strong><\/p>\n\n\n\n<p><strong>8660 Tab Kossuth u. 56. (Tabi Eg\u00e9szs\u00e9gfejleszt\u0151 K\u00f6zpont)<\/strong><\/p>\n","protected":false},"excerpt":{"rendered":"<p>H\u00e9tk\u00f6znap 16.00-22.00 \u00f3ra k\u00f6z\u00f6tt H\u00e9tv\u00e9g\u00e9n, \u00fcnnepnap 8.00-14.00 \u00f3ra k\u00f6z\u00f6tt Si\u00f3fok 8600 Si\u00f3fok, Semmelweis utca 1. (Si\u00f3foki K\u00f3rh\u00e1z-Rendel\u0151int\u00e9zet) Kaposv\u00e1r 7400 Kaposv\u00e1r, Talli\u00e1n Gy. u. 20-32. (Kaposi M\u00f3r Oktat\u00f3 K\u00f3rh\u00e1z f\u0151bej\u00e1rat) Nagyat\u00e1d 7500 Nagyat\u00e1d, Talli\u00e1n Andor utca 2. (Nagyat\u00e1di Eg\u00e9szs\u00e9g\u00fcgyi K\u00f6zpont) Marcali 8700 Marcali, Sz\u00e9chenyi u. 17. (Szaplonczay Man\u00f3 K\u00f3rh\u00e1z) Barcs 7570 Barcs, Bajcsy-Zs. utca 135. Balatonbogl\u00e1r [&hellip;]<\/p>\n","protected":false},"author":1,"featured_media":0,"parent":0,"menu_order":0,"comment_status":"closed","ping_status":"closed","template":"","meta":{"_genesis_hide_title":false,"_genesis_hide_breadcrumbs":false,"_genesis_hide_singular_image":false,"_genesis_hide_footer_widgets":false,"_genesis_custom_body_class":"","_genesis_custom_post_class":"","_genesis_layout":"","footnotes":""},"class_list":{"0":"post-6596","1":"page","2":"type-page","3":"status-publish","5":"entry"},"featured_image_src":null,"featured_image_src_square":null,"_links":{"self":[{"href":"https:\/\/siokorhaz.hu\/index.php?rest_route=\/wp\/v2\/pages\/6596","targetHints":{"allow":["GET"]}}],"collection":[{"href":"https:\/\/siokorhaz.hu\/index.php?rest_route=\/wp\/v2\/pages"}],"about":[{"href":"https:\/\/siokorhaz.hu\/index.php?rest_route=\/wp\/v2\/types\/page"}],"author":[{"embeddable":true,"href":"https:\/\/siokorhaz.hu\/index.php?rest_route=\/wp\/v2\/users\/1"}],"replies":[{"embeddable":true,"href":"https:\/\/siokorhaz.hu\/index.php?rest_route=%2Fwp%2Fv2%2Fcomments&post=6596"}],"version-history":[{"count":2,"href":"https:\/\/siokorhaz.hu\/index.php?rest_route=\/wp\/v2\/pages\/6596\/revisions"}],"predecessor-version":[{"id":6607,"href":"https:\/\/siokorhaz.hu\/index.php?rest_route=\/wp\/v2\/pages\/6596\/revisions\/6607"}],"wp:attachment":[{"href":"https:\/\/siokorhaz.hu\/index.php?rest_route=%2Fwp%2Fv2%2Fmedia&parent=6596"}],"curies":[{"name":"wp","href":"https:\/\/api.w.org\/{rel}","templated":true}]}}