{"id":6120,"date":"2025-05-28T11:10:37","date_gmt":"2025-05-28T11:10:37","guid":{"rendered":"https:\/\/siokorhaz.hu\/?page_id=6120"},"modified":"2025-05-28T11:32:53","modified_gmt":"2025-05-28T11:32:53","slug":"szakrendelo-kereso","status":"publish","type":"page","link":"https:\/\/siokorhaz.hu\/?page_id=6120","title":{"rendered":"Oszt\u00e1ly \u00e9s Szakrendel\u0151-keres\u0151"},"content":{"rendered":"\n\n<div id=\"ymc-smart-filter-container-1\" \r\n\t\t\t\t  class=\"ymc-smart-filter-container ymc-filter-6126 ymc-loaded-filter ymc-filter-layout2 ymc-post-layout1 ymc-pagination-numeric data-target-ymc6126-1 data-target-ymc1 \" data-loading=\"true\"\r\n\t\t\t\t  data-params='{\"cpt\":\"page\",\"tax\":\"category\",\"terms\":\"\",\"default_terms\":\"\",\"exclude_posts\":\"on\",\"choices_posts\":\"3585,5702,2888,2875,2929,3078,2945,2939,4789,5498,3609,3007,4960,5263,4986,5001,5006,5011,5016,5296,5066,5029,5024,5284,5075,5431,5302,5080,5314,5091,5097,5360,5440,5102,5110,5392,5118,5123,5125,5453,5136,5141,5461,5368,5150,5383,5155,5414,5163,5168,5400,5408,5173,3013,5813,3611,3043,11,5713,3448,3451,3825,3843,3590,5797,5811,2919,2915,6130,6120,4646,65,2952,4358,4546,4890,2883,4219,2784,5808,5805,2923\",\"posts_selected\":\"all\",\"preloader_icon\":\"preloader_1\",\"type_pg\":\"numeric\",\"per_page\":\"10\",\"page\":\"1\",\"page_scroll\":\"1\",\"preloader_filters\":\"none\",\"preloader_filters_rate\":\"0.5\",\"preloader_filters_custom\":\"\",\"post_animation\":\"\",\"popup_animation\":\"normal\",\"letter\":\"\",\"post_layout\":\"post-layout1\",\"filter_layout\":\"filter-layout2\",\"filter_id\":\"6126\",\"search\":\"\",\"search_filtered_posts\":\"0\",\"carousel_params\":&quot;&quot;,\"filter_date\":\"\",\"sort_order\":\"\",\"sort_orderby\":\"\",\"meta_key\":\"\",\"meta_query\":\"\",\"date_query\":\"\",\"data_target\":\"data-target-ymc1\",\"target_id\":\"1\",\"page_id\":\"0\"}'>\n<div id=\"search-layout\" class=\"search-layout\">\n\n    <form class=\"search-form\">\n\n        <div class=\"form-inner\">\n\n            <div class=\"component-input\">\n                <input id=\"field-search\" class=\"search-form__input field-search\" type=\"text\" name=\"search\" autocomplete=\"off\" value=\"\" placeholder=\"Keres\u00e9s\">\n                <ul class=\"autocomplete-results results\"><\/ul>\n                <span class=\"clear\"><i class=\"fas fa-times\"><\/i><\/span>\n            <\/div>\n\n            <button class=\"search-form__submit btn-submit\" type=\"submit\">\n                Keres\u00e9s            <\/button>\n\n        <\/div>\n\n    <\/form>\n\n<\/div>\n\n\n\n\n\n\n\n\n\r\n\r\n<div id=\"filter-layout2-1\" class=\"filter-layout filter-layout2 filter-layout2-6126 filter-layout2-6126-1\">\r\n\r\n\t\r\n\r\n\t<ul class=\"filter-entry\">\r\n\r\n\t\t\r\n\t<\/ul>\r\n\r\n    <div class=\"posts-found\"><\/div>\r\n\r\n\t\r\n<\/div>\r\n\r\n\r\n<div class=\"container-posts container-post-layout1\"><div class=\"post-entry ymc-xs-col-1 ymc-sm-col-2 ymc-md-col-3 ymc-lg-col-4 ymc-xl-col-2 ymc-xxl-col-2 post-layout1 post-layout1-6126 post-layout1-6126-1\"><\/div><\/div><\/div>\n","protected":false},"excerpt":{"rendered":"","protected":false},"author":1,"featured_media":0,"parent":0,"menu_order":0,"comment_status":"closed","ping_status":"closed","template":"","meta":{"_genesis_hide_title":false,"_genesis_hide_breadcrumbs":false,"_genesis_hide_singular_image":false,"_genesis_hide_footer_widgets":false,"_genesis_custom_body_class":"","_genesis_custom_post_class":"","_genesis_layout":"","footnotes":""},"class_list":{"0":"post-6120","1":"page","2":"type-page","3":"status-publish","5":"entry"},"featured_image_src":null,"featured_image_src_square":null,"_links":{"self":[{"href":"https:\/\/siokorhaz.hu\/index.php?rest_route=\/wp\/v2\/pages\/6120","targetHints":{"allow":["GET"]}}],"collection":[{"href":"https:\/\/siokorhaz.hu\/index.php?rest_route=\/wp\/v2\/pages"}],"about":[{"href":"https:\/\/siokorhaz.hu\/index.php?rest_route=\/wp\/v2\/types\/page"}],"author":[{"embeddable":true,"href":"https:\/\/siokorhaz.hu\/index.php?rest_route=\/wp\/v2\/users\/1"}],"replies":[{"embeddable":true,"href":"https:\/\/siokorhaz.hu\/index.php?rest_route=%2Fwp%2Fv2%2Fcomments&post=6120"}],"version-history":[{"count":4,"href":"https:\/\/siokorhaz.hu\/index.php?rest_route=\/wp\/v2\/pages\/6120\/revisions"}],"predecessor-version":[{"id":6127,"href":"https:\/\/siokorhaz.hu\/index.php?rest_route=\/wp\/v2\/pages\/6120\/revisions\/6127"}],"wp:attachment":[{"href":"https:\/\/siokorhaz.hu\/index.php?rest_route=%2Fwp%2Fv2%2Fmedia&parent=6120"}],"curies":[{"name":"wp","href":"https:\/\/api.w.org\/{rel}","templated":true}]}}