{"id":5797,"date":"2025-03-31T10:03:11","date_gmt":"2025-03-31T08:03:11","guid":{"rendered":"https:\/\/siokorhaz.hu\/?page_id=5797"},"modified":"2025-03-31T10:03:11","modified_gmt":"2025-03-31T08:03:11","slug":"lelki-elet","status":"publish","type":"page","link":"https:\/\/siokorhaz.hu\/?page_id=5797","title":{"rendered":"Lelki \u00e9let"},"content":{"rendered":"<p>Mikor megbetegsz\u00fcnk j\u00f3 tudni, hogy van seg\u00edts\u00e9g \u00e9s a seg\u00edts\u00e9gny\u00fajt\u00e1s egyik ilyen helye a k\u00f3rh\u00e1z. Biztons\u00e1got ad, mert orvosok \u00e9s n\u0151v\u00e9rek vesznek k\u00f6r\u00fcl benn\u00fcnket, akik seg\u00edtenek. \u00a0Megtapasztaljuk, hogy nem mindig el\u00e9g a rendelkez\u00e9sre \u00e1ll\u00f3 er\u0151forr\u00e1sunk, elgyeng\u00fcl\u00fcnk \u00e9s \u00e9rz\u00e9kenny\u00e9 v\u00e1llunk.\u00a0 Ilyenkor j\u00f3l j\u00f6n egy j\u00f3 sz\u00f3, t\u00e1mogat\u00f3 jelenl\u00e9t. Ennek lehet\u0151s\u00e9ge a n\u00e9gyszemk\u00f6zti besz\u00e9lget\u00e9s, k\u00f6z\u00f6s im\u00e1ds\u00e1g, k\u00f6z\u00f6s \u00faton val\u00f3 elindul\u00e1s, ahol \u00fatit\u00e1rsul szeg\u0151d\u00fcnk egy k\u00f6z\u00f6s c\u00e9l fel\u00e9 \u2013 a k\u00f3rtermi l\u00e1togat\u00e1son t\u00fal &#8211; egyeztetett id\u0151pontban \u00e9s helysz\u00ednen is van lehet\u0151s\u00e9g.<\/p>\n<p>A <em>lelkigondoz\u00f3i, seg\u00edt\u0151 besz\u00e9lget\u00e9s<\/em> \u00e9pp ez\u00e9rt <em>er\u0151t tud adni<\/em>, mert egyszerre jelent <em>b\u00e1tor\u00edt\u00e1st \u00e9s t\u00e1mogat\u00e1st<\/em> a betegs\u00e9g idej\u00e9n ugyanakkor nem ker\u00fcli ki a legf\u00e9lelmetesebb k\u00e9rd\u00e9seket sem. <em>A betegs\u00e9g helyett a beteg emberre f\u00f3kusz\u00e1l, <\/em>ahol megjelenhetnek az er\u0151forr\u00e1sok \u00e9s a rem\u00e9ny is er\u0151re kaphat. Lelki \u00e9s hitbeli t\u00e1mogat\u00e1st tud ny\u00fajtani. <em>Egy\u00fctt keress\u00fck a v\u00e1laszt a mi\u00e9rtekre, im\u00e1dkozhatunk gy\u00f3gyul\u00e1s\u00e9rt \u00e9s k\u00eds\u00e9rhetj\u00fck az \u00e9let v\u00e9g\u00e9n.<\/em><\/p>\n<p>&nbsp;<\/p>\n<p>&nbsp;<\/p>\n<p><strong>K\u00f3rh\u00e1zunk igei alkalmai<\/strong> helysz\u00edne a k\u00f3rh\u00e1z k\u00e1poln\u00e1ja (E \u00e9p\u00fclet)<\/p>\n<p><strong><em>Minden h\u00f3nap els\u0151 keddj\u00e9n 14.30<\/em><\/strong>: K\u00e9rd\u00e9sek (tematikus alkalom, vall\u00e1sokr\u00f3l, hitr\u0151l, \u00e9letr\u0151l)<\/p>\n<p><strong><em>Minden cs\u00fct\u00f6rt\u00f6k\u00f6n 15.00:<\/em><\/strong><\/p>\n<p>h\u00f3nap els\u0151 cs\u00fct\u00f6rt\u00f6kj\u00e9n:<em> R\u00f3mai katolikus szentmise<\/em><\/p>\n<p>h\u00f3nap m\u00e1sodik cs\u00fct\u00f6rt\u00f6kj\u00e9n: <em>Reform\u00e1tus istentisztelet<\/em><\/p>\n<p>h\u00f3nap harmadik cs\u00fct\u00f6rt\u00f6k: <em>Evang\u00e9likus istentisztelet<\/em><\/p>\n<p>h\u00f3nap negyedik cs\u00fct\u00f6rt\u00f6k: <em>Baptista istentisztelet<\/em><\/p>\n<p><strong><em>Minden p\u00e9nteken 7.15-7.25:<\/em><\/strong> Reggeli csendes percek<\/p>\n<p>&nbsp;<\/p>\n<p><strong><em>El\u00e9rhet\u0151s\u00e9g:<\/em><\/strong> Barth\u00e1n\u00e9 Tat\u00e1t Imola \u2013 k\u00f3rh\u00e1zlelk\u00e9sz 06 30 6321640<\/p>\n","protected":false},"excerpt":{"rendered":"<p>Mikor megbetegsz\u00fcnk j\u00f3 tudni, hogy van seg\u00edts\u00e9g \u00e9s a seg\u00edts\u00e9gny\u00fajt\u00e1s egyik ilyen helye a k\u00f3rh\u00e1z. Biztons\u00e1got ad, mert orvosok \u00e9s n\u0151v\u00e9rek vesznek k\u00f6r\u00fcl benn\u00fcnket, akik seg\u00edtenek. \u00a0Megtapasztaljuk, hogy nem mindig el\u00e9g a rendelkez\u00e9sre \u00e1ll\u00f3 er\u0151forr\u00e1sunk, elgyeng\u00fcl\u00fcnk \u00e9s \u00e9rz\u00e9kenny\u00e9 v\u00e1llunk.\u00a0 Ilyenkor j\u00f3l j\u00f6n egy j\u00f3 sz\u00f3, t\u00e1mogat\u00f3 jelenl\u00e9t. Ennek lehet\u0151s\u00e9ge a n\u00e9gyszemk\u00f6zti besz\u00e9lget\u00e9s, k\u00f6z\u00f6s im\u00e1ds\u00e1g, k\u00f6z\u00f6s [&hellip;]<\/p>\n","protected":false},"author":1,"featured_media":5798,"parent":0,"menu_order":0,"comment_status":"closed","ping_status":"closed","template":"","meta":{"_genesis_hide_title":false,"_genesis_hide_breadcrumbs":false,"_genesis_hide_singular_image":false,"_genesis_hide_footer_widgets":false,"_genesis_custom_body_class":"","_genesis_custom_post_class":"","_genesis_layout":"","footnotes":""},"class_list":{"0":"post-5797","1":"page","2":"type-page","3":"status-publish","4":"has-post-thumbnail","6":"entry"},"featured_image_src":"https:\/\/siokorhaz.hu\/wp-content\/uploads\/2025\/03\/Kep1-600x400.png","featured_image_src_square":"https:\/\/siokorhaz.hu\/wp-content\/uploads\/2025\/03\/Kep1-600x531.png","_links":{"self":[{"href":"https:\/\/siokorhaz.hu\/index.php?rest_route=\/wp\/v2\/pages\/5797","targetHints":{"allow":["GET"]}}],"collection":[{"href":"https:\/\/siokorhaz.hu\/index.php?rest_route=\/wp\/v2\/pages"}],"about":[{"href":"https:\/\/siokorhaz.hu\/index.php?rest_route=\/wp\/v2\/types\/page"}],"author":[{"embeddable":true,"href":"https:\/\/siokorhaz.hu\/index.php?rest_route=\/wp\/v2\/users\/1"}],"replies":[{"embeddable":true,"href":"https:\/\/siokorhaz.hu\/index.php?rest_route=%2Fwp%2Fv2%2Fcomments&post=5797"}],"version-history":[{"count":0,"href":"https:\/\/siokorhaz.hu\/index.php?rest_route=\/wp\/v2\/pages\/5797\/revisions"}],"wp:featuredmedia":[{"embeddable":true,"href":"https:\/\/siokorhaz.hu\/index.php?rest_route=\/wp\/v2\/media\/5798"}],"wp:attachment":[{"href":"https:\/\/siokorhaz.hu\/index.php?rest_route=%2Fwp%2Fv2%2Fmedia&parent=5797"}],"curies":[{"name":"wp","href":"https:\/\/api.w.org\/{rel}","templated":true}]}}