{"id":5713,"date":"2025-03-27T09:06:54","date_gmt":"2025-03-27T08:06:54","guid":{"rendered":"https:\/\/siokorhaz.hu\/?page_id=5713"},"modified":"2025-06-02T11:52:08","modified_gmt":"2025-06-02T11:52:08","slug":"kozbeszerzes","status":"publish","type":"page","link":"https:\/\/siokorhaz.hu\/?page_id=5713","title":{"rendered":"K\u00f6zbeszerz\u00e9s"},"content":{"rendered":"<h2>A Kbt. 115. \u00a7 (7) bek. szerinti adatszolg\u00e1ltat\u00e1s<\/h2>\n<h3>K\u00f6zbeszerz\u00e9si terv<\/h3>\n<ul>\n<li><a href=\"https:\/\/siokorhaz.hu\/wp-content\/uploads\/2025\/03\/2021.-ev.pdf\">2021.\u00e9v<br \/>\n<\/a><\/li>\n<li><a href=\"https:\/\/siokorhaz.hu\/wp-content\/uploads\/kozbeszerzes\/terv\/2022.-ev.pdf\">2022.\u00e9v<br \/>\n<\/a><\/li>\n<\/ul>\n<h3>Statisztikai \u00f6sszegz\u00e9s<\/h3>\n<ul>\n<li><a href=\"https:\/\/siokorhaz.hu\/wp-content\/uploads\/kozbeszerzes\/Statisztika\/2015.%20ev.pdf\">2015.\u00e9v<br \/>\n<\/a><\/li>\n<li><a href=\"https:\/\/siokorhaz.hu\/wp-content\/uploads\/kozbeszerzes\/Statisztika\/2016.%20ev.pdf\">2016.\u00e9v<br \/>\n<\/a><\/li>\n<\/ul>\n<h3>SIO-15 &#8211; Csecsem\u0151 r\u00e9szleg fel\u00faj\u00edt\u00e1sa<\/h3>\n<ul>\n<li><a href=\"https:\/\/siokorhaz.hu\/wp-content\/uploads\/kozbeszerzes\/SIO\/Aj\u00e1nlatt\u00e9teli%20felh\u00edv\u00e1s.pdf\">Aj\u00e1nlatt\u00e9teli felh\u00edv\u00e1s<br \/>\n<\/a><\/li>\n<li><a href=\"https:\/\/siokorhaz.hu\/wp-content\/uploads\/kozbeszerzes\/SIO\/Aj\u00e1nlatt\u00e9telre%20felh\u00edvott%20gazdas\u00e1gi%20szerepl\u0151k.pdf\">Aj\u00e1nlatt\u00e9telre felh\u00edvott gazdas\u00e1gi szerepl\u0151k<br \/>\n<\/a><\/li>\n<li><a href=\"https:\/\/siokorhaz.hu\/wp-content\/uploads\/kozbeszerzes\/SIO\/Bont\u00e1si%20jegyz\u0151k\u00f6nyv%20\u00e9s%20jelenl\u00e9ti%20\u00edv.pdf\">Bont\u00e1si jegyz\u0151k\u00f6nyv \u00e9s jelenl\u00e9ti \u00edv<br \/>\n<\/a><\/li>\n<li><a href=\"https:\/\/siokorhaz.hu\/wp-content\/uploads\/kozbeszerzes\/SIO\/K\u00f6zbeszerz\u00e9si%20dokumentum.zip\">K\u00f6zbeszerz\u00e9si dokumentum<br \/>\n<\/a><\/li>\n<\/ul>\n<h3>2021. \u00e9v<\/h3>\n<ul>\n<li><a href=\"https:\/\/siokorhaz.hu\/wp-content\/uploads\/kozbeszerzes\/2021\/\u00c9rint\u00e9smentes%20szenzoros%20k\u00e9zfert\u0151tlen\u00edt\u0151%20adagol\u00f3.pdf\">\u00c9rint\u00e9smentes szenzoros k\u00e9zfert\u0151tlen\u00edt\u0151 adagol\u00f3<br \/>\n<\/a><\/li>\n<li><a href=\"https:\/\/siokorhaz.hu\/wp-content\/uploads\/kozbeszerzes\/2021\/Fel\u00fcletellen\u0151rz\u0151%20monitoring%20rendszer.pdf\">Fel\u00fcletellen\u0151rz\u0151 monitoring rendszer<br \/>\n<\/a><\/li>\n<li><a href=\"https:\/\/siokorhaz.hu\/wp-content\/uploads\/kozbeszerzes\/2021\/Fert\u0151tlen\u00edt\u0151%20robot.pdf\">Fert\u0151tlen\u00edt\u0151 robot<br \/>\n<\/a><\/li>\n<li><a href=\"https:\/\/siokorhaz.hu\/wp-content\/uploads\/kozbeszerzes\/2021\/Komplex%20k\u00e9zhigi\u00e9ni\u00e1s%20rendszer.pdf\">Komplex k\u00e9zhigi\u00e9ni\u00e1s rendszer<br \/>\n<\/a><\/li>\n<li><a href=\"https:\/\/siokorhaz.hu\/wp-content\/uploads\/kozbeszerzes\/2021\/Seb\u00e9szeti%20borotva%20\u00e9s%20kieg\u00e9sz\u00edt\u0151i%20szerz\u0151d\u00e9s.pdf\">Seb\u00e9szeti borotva \u00e9s kieg\u00e9sz\u00edt\u0151i szerz\u0151d\u00e9s<br \/>\n<\/a><\/li>\n<li><a href=\"https:\/\/siokorhaz.hu\/wp-content\/uploads\/kozbeszerzes\/2021\/Standardiz\u00e1lt%20munkafolyamatot%20t\u00e1mogat\u00f3%20rendszer.pdf\">Standardiz\u00e1lt munkafolyamatot t\u00e1mogat\u00f3 rendszer<br \/>\n<\/a><\/li>\n<li><a href=\"https:\/\/siokorhaz.hu\/wp-content\/uploads\/kozbeszerzes\/2021\/Subglottikus%20tubus%202.pdf\">Subglottikus tubus 2<br \/>\n<\/a><\/li>\n<li><a href=\"https:\/\/siokorhaz.hu\/wp-content\/uploads\/kozbeszerzes\/2021\/Subglottikus%20tubus%203.pdf\">Subglottikus tubus 3<br \/>\n<\/a><\/li>\n<li><a href=\"https:\/\/siokorhaz.hu\/wp-content\/uploads\/kozbeszerzes\/2021\/Subglottikus%20tubus%204.pdf\">Subglottikus tubus 4<br \/>\n<\/a><\/li>\n<li><a href=\"https:\/\/siokorhaz.hu\/wp-content\/uploads\/kozbeszerzes\/2021\/Subglottikus%20tubus.pdf\">Subglottikus tubus<br \/>\n<\/a><\/li>\n<li><a href=\"https:\/\/siokorhaz.hu\/wp-content\/uploads\/kozbeszerzes\/2021\/Trachea%20tubus%201.pdf\">Trachea tubus 1<br \/>\n<\/a><\/li>\n<li><a href=\"https:\/\/siokorhaz.hu\/wp-content\/uploads\/kozbeszerzes\/2021\/Trachea%20tubus%202.pdf\">Trachea tubus 2<br \/>\n<\/a><\/li>\n<li><a href=\"https:\/\/siokorhaz.hu\/wp-content\/uploads\/kozbeszerzes\/2021\/Trachea%20tubus%203.pdf\">Trachea tubus 3<br \/>\n<\/a><\/li>\n<li><a href=\"https:\/\/siokorhaz.hu\/wp-content\/uploads\/kozbeszerzes\/2021\/Trachea%20tubus%203.pdf\">Trachea tubus 3<br \/>\n<\/a><\/li>\n<\/ul>\n<h3>2020. \u00e9v<\/h3>\n<ul>\n<li><a href=\"https:\/\/siokorhaz.hu\/wp-content\/uploads\/kozbeszerzes\/2020\/Johnson%20szerz\u0151d\u00e9s%2015.pdf\">Johnson szerz\u0151d\u00e9s 15<br \/>\n<\/a><\/li>\n<li><a href=\"https:\/\/siokorhaz.hu\/wp-content\/uploads\/kozbeszerzes\/2020\/Medimet\u00e1l%20szerz\u0151d\u00e9s%201.pdf\">Medimet\u00e1l szerz\u0151d\u00e9s 1<br \/>\n<\/a><\/li>\n<li><a href=\"https:\/\/siokorhaz.hu\/wp-content\/uploads\/kozbeszerzes\/2020\/Medimet\u00e1l%20szerz\u0151d\u00e9s%202.pdf\">Medimet\u00e1l szerz\u0151d\u00e9s 2<br \/>\n<\/a><\/li>\n<li><a href=\"https:\/\/siokorhaz.hu\/wp-content\/uploads\/kozbeszerzes\/2020\/Medimet\u00e1l%20szerz\u0151d\u00e9s%203.pdf\">Medimet\u00e1l szerz\u0151d\u00e9s 3<br \/>\n<\/a><\/li>\n<li><a href=\"https:\/\/siokorhaz.hu\/wp-content\/uploads\/kozbeszerzes\/2020\/Medimet\u00e1l%20szerz\u0151d\u00e9s%204.pdf\">Medimet\u00e1l szerz\u0151d\u00e9s 4<br \/>\n<\/a><\/li>\n<li><a href=\"https:\/\/siokorhaz.hu\/wp-content\/uploads\/kozbeszerzes\/2020\/Medimet\u00e1l%20szerz\u0151d\u00e9s%205.pdf\">Medimet\u00e1l szerz\u0151d\u00e9s 5<br \/>\n<\/a><\/li>\n<li><a href=\"https:\/\/siokorhaz.hu\/wp-content\/uploads\/kozbeszerzes\/2020\/Medimet\u00e1l%20szerz\u0151d\u00e9s%209.pdf\">Medimet\u00e1l szerz\u0151d\u00e9s 9<br \/>\n<\/a><\/li>\n<li><a href=\"https:\/\/siokorhaz.hu\/wp-content\/uploads\/kozbeszerzes\/2020\/Medimet\u00e1l%20szerz\u0151d\u00e9s%2010.pdf\">Medimet\u00e1l szerz\u0151d\u00e9s 10<br \/>\n<\/a><\/li>\n<li><a href=\"https:\/\/siokorhaz.hu\/wp-content\/uploads\/kozbeszerzes\/2020\/Medimet\u00e1l%20szerz\u0151d\u00e9s%2014.pdf\">Medimet\u00e1l szerz\u0151d\u00e9s 14<br \/>\n<\/a><\/li>\n<li><a href=\"https:\/\/siokorhaz.hu\/wp-content\/uploads\/kozbeszerzes\/2020\/Medimet\u00e1l%20szerz\u0151d\u00e9s%2020.pdf\">Medimet\u00e1l szerz\u0151d\u00e9s 20<br \/>\n<\/a><\/li>\n<li><a href=\"https:\/\/siokorhaz.hu\/wp-content\/uploads\/kozbeszerzes\/2020\/Medimet\u00e1l%20szerz\u0151d\u00e9s%2021.pdf\">Medimet\u00e1l szerz\u0151d\u00e9s 21<br \/>\n<\/a><\/li>\n<li><a href=\"https:\/\/siokorhaz.hu\/wp-content\/uploads\/kozbeszerzes\/2020\/Sanatmetal%20szerz\u0151d\u00e9s%206.pdf\">Sanatmetal szerz\u0151d\u00e9s 6<br \/>\n<\/a><\/li>\n<li><a href=\"https:\/\/siokorhaz.hu\/wp-content\/uploads\/kozbeszerzes\/2020\/Sanatmetal%20szerz\u0151d\u00e9s%207.pdf\">Sanatmetal szerz\u0151d\u00e9s 7<br \/>\n<\/a><\/li>\n<li><a href=\"https:\/\/siokorhaz.hu\/wp-content\/uploads\/kozbeszerzes\/2020\/Sanatmetal%20szerz\u0151d\u00e9s%208.pdf\">Sanatmetal szerz\u0151d\u00e9s 8<br \/>\n<\/a><\/li>\n<li><a href=\"https:\/\/siokorhaz.hu\/wp-content\/uploads\/kozbeszerzes\/2020\/Sanatmetal%20szerz\u0151d\u00e9s%2011.pdf\">Sanatmetal szerz\u0151d\u00e9s 11<br \/>\n<\/a><\/li>\n<li><a href=\"https:\/\/siokorhaz.hu\/wp-content\/uploads\/kozbeszerzes\/2020\/Sanatmetal%20szerz\u0151d\u00e9s%2012.pdf\">Sanatmetal szerz\u0151d\u00e9s 12<br \/>\n<\/a><\/li>\n<li><a href=\"https:\/\/siokorhaz.hu\/wp-content\/uploads\/kozbeszerzes\/2020\/Sanatmetal%20szerz\u0151d\u00e9s%2013.pdf\">Sanatmetal szerz\u0151d\u00e9s 13<br \/>\n<\/a><\/li>\n<li><a href=\"https:\/\/siokorhaz.hu\/wp-content\/uploads\/kozbeszerzes\/2020\/Sanatmetal%20szerz\u0151d\u00e9s%2016.pdf\">Sanatmetal szerz\u0151d\u00e9s 16<br \/>\n<\/a><\/li>\n<li><a href=\"https:\/\/siokorhaz.hu\/wp-content\/uploads\/kozbeszerzes\/2020\/Sanatmetal%20szerz\u0151d\u00e9s%2017.pdf\">Sanatmetal szerz\u0151d\u00e9s 17<br \/>\n<\/a><\/li>\n<li><a href=\"https:\/\/siokorhaz.hu\/wp-content\/uploads\/kozbeszerzes\/2020\/Sanatmetal%20szerz\u0151d\u00e9s%2018.pdf\">Sanatmetal szerz\u0151d\u00e9s 18<br \/>\n<\/a><\/li>\n<li><a href=\"https:\/\/siokorhaz.hu\/wp-content\/uploads\/kozbeszerzes\/2020\/Sanatmetal%20szerz\u0151d\u00e9s%2019.pdf\">Sanatmetal szerz\u0151d\u00e9s 19<br \/>\n<\/a><\/li>\n<\/ul>\n<h3><\/h3>\n<h3>2020. \u00e9v<\/h3>\n<ul>\n<li><a href=\"https:\/\/siokorhaz.hu\/wp-content\/uploads\/kozbeszerzes\/2019\/CSBSZ%20szerz\u0151d\u00e9s.pdf\">CSBSZ szerz\u0151d\u00e9s<br \/>\n<\/a><\/li>\n<\/ul>\n<h3>2018. \u00e9v<\/h3>\n<ul>\n<li><a href=\"https:\/\/siokorhaz.hu\/wp-content\/uploads\/kozbeszerzes\/2018\/Medicontur%20szerz\u0151d\u00e9s%202.pdf\">Medicontur szerz\u0151d\u00e9s 2<br \/>\n<\/a><\/li>\n<li><a href=\"https:\/\/siokorhaz.hu\/wp-content\/uploads\/kozbeszerzes\/2018\/Medicontur%20szerz\u0151d\u00e9s%204.pdf\">Medicontur szerz\u0151d\u00e9s 4<br \/>\n<\/a><\/li>\n<li><a href=\"https:\/\/siokorhaz.hu\/wp-content\/uploads\/kozbeszerzes\/2018\/Medicontur%20szerz\u0151d\u00e9s.pdf\">Medicontur szerz\u0151d\u00e9s<br \/>\n<\/a><\/li>\n<li><a href=\"https:\/\/siokorhaz.hu\/wp-content\/uploads\/kozbeszerzes\/2018\/Premed%20Pharma%203.pdf\">Premed Pharma 3<br \/>\n<\/a><\/li>\n<\/ul>\n","protected":false},"excerpt":{"rendered":"<p>A Kbt. 115. \u00a7 (7) bek. szerinti adatszolg\u00e1ltat\u00e1s K\u00f6zbeszerz\u00e9si terv 2021.\u00e9v 2022.\u00e9v Statisztikai \u00f6sszegz\u00e9s 2015.\u00e9v 2016.\u00e9v SIO-15 &#8211; Csecsem\u0151 r\u00e9szleg fel\u00faj\u00edt\u00e1sa Aj\u00e1nlatt\u00e9teli felh\u00edv\u00e1s Aj\u00e1nlatt\u00e9telre felh\u00edvott gazdas\u00e1gi szerepl\u0151k Bont\u00e1si jegyz\u0151k\u00f6nyv \u00e9s jelenl\u00e9ti \u00edv K\u00f6zbeszerz\u00e9si dokumentum 2021. \u00e9v \u00c9rint\u00e9smentes szenzoros k\u00e9zfert\u0151tlen\u00edt\u0151 adagol\u00f3 Fel\u00fcletellen\u0151rz\u0151 monitoring rendszer Fert\u0151tlen\u00edt\u0151 robot Komplex k\u00e9zhigi\u00e9ni\u00e1s rendszer Seb\u00e9szeti borotva \u00e9s kieg\u00e9sz\u00edt\u0151i szerz\u0151d\u00e9s Standardiz\u00e1lt munkafolyamatot [&hellip;]<\/p>\n","protected":false},"author":1,"featured_media":0,"parent":0,"menu_order":0,"comment_status":"closed","ping_status":"closed","template":"","meta":{"_genesis_hide_title":false,"_genesis_hide_breadcrumbs":false,"_genesis_hide_singular_image":false,"_genesis_hide_footer_widgets":false,"_genesis_custom_body_class":"","_genesis_custom_post_class":"","_genesis_layout":"","footnotes":""},"class_list":{"0":"post-5713","1":"page","2":"type-page","3":"status-publish","5":"entry"},"featured_image_src":null,"featured_image_src_square":null,"_links":{"self":[{"href":"https:\/\/siokorhaz.hu\/index.php?rest_route=\/wp\/v2\/pages\/5713","targetHints":{"allow":["GET"]}}],"collection":[{"href":"https:\/\/siokorhaz.hu\/index.php?rest_route=\/wp\/v2\/pages"}],"about":[{"href":"https:\/\/siokorhaz.hu\/index.php?rest_route=\/wp\/v2\/types\/page"}],"author":[{"embeddable":true,"href":"https:\/\/siokorhaz.hu\/index.php?rest_route=\/wp\/v2\/users\/1"}],"replies":[{"embeddable":true,"href":"https:\/\/siokorhaz.hu\/index.php?rest_route=%2Fwp%2Fv2%2Fcomments&post=5713"}],"version-history":[{"count":1,"href":"https:\/\/siokorhaz.hu\/index.php?rest_route=\/wp\/v2\/pages\/5713\/revisions"}],"predecessor-version":[{"id":6383,"href":"https:\/\/siokorhaz.hu\/index.php?rest_route=\/wp\/v2\/pages\/5713\/revisions\/6383"}],"wp:attachment":[{"href":"https:\/\/siokorhaz.hu\/index.php?rest_route=%2Fwp%2Fv2%2Fmedia&parent=5713"}],"curies":[{"name":"wp","href":"https:\/\/api.w.org\/{rel}","templated":true}]}}