{"id":4646,"date":"2025-02-11T12:10:52","date_gmt":"2025-02-11T11:10:52","guid":{"rendered":"http:\/\/169.254.1.50\/?page_id=4646"},"modified":"2025-06-02T11:56:48","modified_gmt":"2025-06-02T11:56:48","slug":"palyazatok","status":"publish","type":"page","link":"https:\/\/siokorhaz.hu\/?page_id=4646","title":{"rendered":"P\u00e1ly\u00e1zatok"},"content":{"rendered":"\n\n<section class=\"gb-block-post-grid featuredpost aligncenter is-style-entry-corners\"><div class=\"gb-post-grid-items is-grid columns-1\"><article id=\"post-4637\" class=\"gb-post-grid-item post-4637 post type-post status-publish format-standard category-palyazotok entry\"><div class=\"gb-block-post-grid-text\"><header class=\"gb-block-post-grid-header\"><h3 class=\"gb-block-post-grid-title\"><a href=\"https:\/\/siokorhaz.hu\/?p=4637\" rel=\"bookmark\">Elindult a \u201eJ\u00e1r\u00f3beteg szakell\u00e1t\u00f3 szolg\u00e1ltat\u00e1sok fejleszt\u00e9se a Si\u00f3foki K\u00f3rh\u00e1z-Rendel\u0151int\u00e9zetben\u201d c. projekt<\/a><\/h3><div class=\"gb-block-post-grid-byline\"><time datetime=\"2021-10-14T11:51:35+00:00\" class=\"gb-block-post-grid-date\" itemprop=\"datePublished\">okt\u00f3ber 14, 2021<\/time><\/div><\/header><div class=\"gb-block-post-grid-excerpt\"><p>A Si\u00f3foki K\u00f3rh\u00e1z-Rendel\u0151int\u00e9zet sikeres t\u00e1mogat\u00e1si k\u00e9relmet ny\u00fajtott be az Emberi Er\u0151forr\u00e1sok Miniszt\u00e9rium\u00e1hoz j\u00e1r\u00f3beteg szakell\u00e1t\u00f3 szolg\u00e1ltat\u00e1sok fejleszt\u00e9s\u00e9re. Az EFOP-2.2.19-17-2017-00019 azonos\u00edt\u00f3 sz\u00e1m\u00fa projekt a Sz\u00e9chenyi 2020 program keret\u00e9ben val\u00f3sul meg 2022. febru\u00e1r \u00e9s 2023. j\u00falius h\u00f3napok k\u00f6z\u00f6tt a Si\u00f3foki K\u00f3rh\u00e1z-Rendel\u0151int\u00e9zetben, 289\u00a0327\u00a0841 Ft eur\u00f3pai uni\u00f3s t\u00e1mogat\u00e1ssal. A projekt c\u00e9lja, hogy a Si\u00f3foki K\u00f3rh\u00e1z-Rendel\u0151int\u00e9zet megel\u0151z\u00e9s-centrikus, lakoss\u00e1g k\u00f6zeli \u00e9s integr\u00e1lt&hellip;<\/p>\n<p><a class=\"gb-block-post-grid-more-link gb-text-link\" href=\"https:\/\/siokorhaz.hu\/?p=4637\" rel=\"bookmark\">Elolvasom <span class=\"screen-reader-text\">Elindult a \u201eJ\u00e1r\u00f3beteg szakell\u00e1t\u00f3 szolg\u00e1ltat\u00e1sok fejleszt\u00e9se a Si\u00f3foki K\u00f3rh\u00e1z-Rendel\u0151int\u00e9zetben\u201d c. projekt<\/span><\/a><\/p><\/div><\/div><\/article>\n<article id=\"post-4635\" class=\"gb-post-grid-item post-4635 post type-post status-publish format-standard category-palyazotok entry\"><div class=\"gb-block-post-grid-text\"><header class=\"gb-block-post-grid-header\"><h3 class=\"gb-block-post-grid-title\"><a href=\"https:\/\/siokorhaz.hu\/?p=4635\" rel=\"bookmark\">LEZ\u00c1RULT az \u201eINFEKCI\u00d3KONTROLL MEGER\u0150S\u00cdT\u00c9SE A SI\u00d3FOKI K\u00d3RH\u00c1Z-RENDEL\u0150INT\u00c9ZETBEN\u201d C. PROJEKT<\/a><\/h3><div class=\"gb-block-post-grid-byline\"><time datetime=\"2021-10-11T11:35:34+00:00\" class=\"gb-block-post-grid-date\" itemprop=\"datePublished\">okt\u00f3ber 11, 2021<\/time><\/div><\/header><div class=\"gb-block-post-grid-excerpt\"><p>A Si\u00f3foki K\u00f3rh\u00e1z-Rendel\u0151int\u00e9zet sikeres t\u00e1mogat\u00e1si k\u00e9relmet ny\u00fajtott be az Emberi Er\u0151forr\u00e1sok Miniszt\u00e9rium\u00e1hoz a Sz\u00e9chenyi 2020 program keret\u00e9ben a K\u00f3rh\u00e1zban 2003 \u00f3ta m\u0171k\u00f6d\u0151 fert\u0151z\u00e9smegel\u0151z\u00e9si tev\u00e9kenys\u00e9g\u00e9nek b\u0151v\u00edt\u00e9se c\u00e9lj\u00e1b\u00f3l. A projekt a Sz\u00e9chenyi 2020 program keret\u00e9ben val\u00f3sult meg 59\u00a0585 787 Ft eur\u00f3pai uni\u00f3s t\u00e1mogat\u00e1ssal. A t\u00e1mogat\u00e1s m\u00e9rt\u00e9ke 100%. A Si\u00f3foki K\u00f3rh\u00e1z-Rendel\u0151int\u00e9zetben 2003. \u00f3ta m\u0171k\u00f6dik a Magyar Szabv\u00e1ny\u00fcgyi test\u00fclet&hellip;<\/p>\n<p><a class=\"gb-block-post-grid-more-link gb-text-link\" href=\"https:\/\/siokorhaz.hu\/?p=4635\" rel=\"bookmark\">Elolvasom <span class=\"screen-reader-text\">LEZ\u00c1RULT az \u201eINFEKCI\u00d3KONTROLL MEGER\u0150S\u00cdT\u00c9SE A SI\u00d3FOKI K\u00d3RH\u00c1Z-RENDEL\u0150INT\u00c9ZETBEN\u201d C. PROJEKT<\/span><\/a><\/p><\/div><\/div><\/article>\n<article id=\"post-4632\" class=\"gb-post-grid-item post-4632 post type-post status-publish format-standard category-palyazotok entry\"><div class=\"gb-block-post-grid-text\"><header class=\"gb-block-post-grid-header\"><h3 class=\"gb-block-post-grid-title\"><a href=\"https:\/\/siokorhaz.hu\/?p=4632\" rel=\"bookmark\">Elindult az \u201eInfekci\u00f3kontroll meger\u0151s\u00edt\u00e9se a Si\u00f3foki K\u00f3rh\u00e1z-Rendel\u0151int\u00e9zetben\u201d c. projekt<\/a><\/h3><div class=\"gb-block-post-grid-byline\"><time datetime=\"2020-06-22T11:32:46+00:00\" class=\"gb-block-post-grid-date\" itemprop=\"datePublished\">j\u00fanius 22, 2020<\/time><\/div><\/header><div class=\"gb-block-post-grid-excerpt\"><p>A Si\u00f3foki K\u00f3rh\u00e1z-Rendel\u0151int\u00e9zet sikeres t\u00e1mogat\u00e1si k\u00e9relmet ny\u00fajtott be az Emberi Er\u0151forr\u00e1sok Miniszt\u00e9rium\u00e1hoz a Sz\u00e9chenyi 2020 program keret\u00e9ben a K\u00f3rh\u00e1zban 2003 \u00f3ta m\u0171k\u00f6d\u0151 infekci\u00f3kontroll tev\u00e9kenys\u00e9g\u00e9nek b\u0151v\u00edt\u00e9se c\u00e9lj\u00e1b\u00f3l. A projekt a Sz\u00e9chenyi 2020 program keret\u00e9ben val\u00f3sul meg 59\u00a0585 787 Ft eur\u00f3pai uni\u00f3s t\u00e1mogat\u00e1ssal. A t\u00e1mogat\u00e1s m\u00e9rt\u00e9ke 100%. EFOP-1.8.21-18-2019-00073 A Si\u00f3foki K\u00f3rh\u00e1z-Rendel\u0151int\u00e9zetben 2003. \u00f3ta m\u0171k\u00f6dik a Magyar Szabv\u00e1ny\u00fcgyi&hellip;<\/p>\n<p><a class=\"gb-block-post-grid-more-link gb-text-link\" href=\"https:\/\/siokorhaz.hu\/?p=4632\" rel=\"bookmark\">Elolvasom <span class=\"screen-reader-text\">Elindult az \u201eInfekci\u00f3kontroll meger\u0151s\u00edt\u00e9se a Si\u00f3foki K\u00f3rh\u00e1z-Rendel\u0151int\u00e9zetben\u201d c. projekt<\/span><\/a><\/p><\/div><\/div><\/article>\n<article id=\"post-4629\" class=\"gb-post-grid-item post-4629 post type-post status-publish format-standard category-palyazotok entry\"><div class=\"gb-block-post-grid-text\"><header class=\"gb-block-post-grid-header\"><h3 class=\"gb-block-post-grid-title\"><a href=\"https:\/\/siokorhaz.hu\/?p=4629\" rel=\"bookmark\">Lez\u00e1rult a Si\u00f3foki K\u00f3rh\u00e1z-Rendel\u0151int\u00e9zet infrastruktur\u00e1lis fejleszt\u00e9s\u00e9nek megval\u00f3s\u00edt\u00e1sa<\/a><\/h3><div class=\"gb-block-post-grid-byline\"><time datetime=\"2016-07-14T11:31:08+00:00\" class=\"gb-block-post-grid-date\" itemprop=\"datePublished\">j\u00falius 14, 2016<\/time><\/div><\/header><div class=\"gb-block-post-grid-excerpt\"><p>A Si\u00f3foki K\u00f3rh\u00e1z-Rendel\u0151int\u00e9zet sikeres p\u00e1ly\u00e1zatot ny\u00fajtott be a T\u00e1rsadalmi Infrastrukt\u00fara Operat\u00edv Program (TIOP) t\u00e1mogat\u00e1si rendszer\u00e9hez. Az \u201eInfrastruktur\u00e1lis fejleszt\u00e9sek megval\u00f3s\u00edt\u00e1sa a Si\u00f3foki K\u00f3rh\u00e1z-Rendel\u0151int\u00e9zetben\u201d c\u00edm\u0171 p\u00e1ly\u00e1zattal a K\u00f3rh\u00e1z 330,4 milli\u00f3 forint vissza nem t\u00e9r\u00edtend\u0151 t\u00e1mogat\u00e1sban r\u00e9szes\u00fclt. A p\u00e1ly\u00e1zat beny\u00fajt\u00e1s\u00e1ra 2015-ben ker\u00fclt sor. A projekt keret\u00e9ben a K\u00f3rh\u00e1z 2007 \u00e9s 2015 k\u00f6z\u00f6tt jelent\u0151s eszk\u00f6zbeszerz\u00e9seket \u00e9s \u00e9p\u00edt\u00e9si beruh\u00e1z\u00e1sokat val\u00f3s\u00edtott&hellip;<\/p>\n<p><a class=\"gb-block-post-grid-more-link gb-text-link\" href=\"https:\/\/siokorhaz.hu\/?p=4629\" rel=\"bookmark\">Elolvasom <span class=\"screen-reader-text\">Lez\u00e1rult a Si\u00f3foki K\u00f3rh\u00e1z-Rendel\u0151int\u00e9zet infrastruktur\u00e1lis fejleszt\u00e9s\u00e9nek megval\u00f3s\u00edt\u00e1sa<\/span><\/a><\/p><\/div><\/div><\/article>\n<article id=\"post-4625\" class=\"gb-post-grid-item post-4625 post type-post status-publish format-standard has-post-thumbnail category-palyazotok entry\"><div class=\"gb-block-post-grid-image\"><a href=\"https:\/\/siokorhaz.hu\/?p=4625\" rel=\"bookmark\" aria-hidden=\"true\" tabindex=\"-1\"><img loading=\"lazy\" decoding=\"async\" width=\"600\" height=\"360\" src=\"https:\/\/siokorhaz.hu\/wp-content\/uploads\/2025\/02\/tcez1465374899.jpg\" class=\"attachment-full size-full\" alt=\"K\u00e9t k\u00f3rh\u00e1zi \u00e1gy egy szob\u00e1ban, s\u00e1rga fitneszgoly\u00f3val.\" srcset=\"https:\/\/siokorhaz.hu\/wp-content\/uploads\/2025\/02\/tcez1465374899.jpg 600w, https:\/\/siokorhaz.hu\/wp-content\/uploads\/2025\/02\/tcez1465374899-300x180.jpg 300w\" sizes=\"auto, (max-width: 600px) 100vw, 600px\" \/><\/a><\/div><div class=\"gb-block-post-grid-text\"><header class=\"gb-block-post-grid-header\"><h3 class=\"gb-block-post-grid-title\"><a href=\"https:\/\/siokorhaz.hu\/?p=4625\" rel=\"bookmark\">Elindult a Si\u00f3foki K\u00f3rh\u00e1z-Rendel\u0151int\u00e9zet infrastruktur\u00e1lis fejleszt\u00e9s\u00e9nek megval\u00f3s\u00edt\u00e1sa<\/a><\/h3><div class=\"gb-block-post-grid-byline\"><time datetime=\"2016-06-08T11:29:40+00:00\" class=\"gb-block-post-grid-date\" itemprop=\"datePublished\">j\u00fanius 8, 2016<\/time><\/div><\/header><div class=\"gb-block-post-grid-excerpt\"><p>A Si\u00f3foki K\u00f3rh\u00e1z-Rendel\u0151int\u00e9zet sikeres p\u00e1ly\u00e1zatot ny\u00fajtott be a T\u00e1rsadalmi Infrastrukt\u00fara Operat\u00edv Program (TIOP) t\u00e1mogat\u00e1si rendszer\u00e9hez. Az \u201eInfrastruktur\u00e1lis fejleszt\u00e9sek megval\u00f3s\u00edt\u00e1sa a Si\u00f3foki K\u00f3rh\u00e1z-Rendel\u0151int\u00e9zetben\u201d c\u00edm\u0171 p\u00e1ly\u00e1zattal a K\u00f3rh\u00e1z 442,91 milli\u00f3 forint vissza nem t\u00e9r\u00edtend\u0151 t\u00e1mogat\u00e1sban r\u00e9szes\u00fcl. A p\u00e1ly\u00e1zat beny\u00fajt\u00e1s\u00e1ra 2015-ben ker\u00fclt sor. A p\u00e1ly\u00e1zat keret\u00e9ben lehet\u0151s\u00e9g ny\u00edlik a K\u00f3rh\u00e1z 2007 \u00e9s 2015 k\u00f6z\u00f6tt jelent\u0151s eszk\u00f6zbeszerz\u00e9seket \u00e9s m\u00e1s&hellip;<\/p>\n<p><a class=\"gb-block-post-grid-more-link gb-text-link\" href=\"https:\/\/siokorhaz.hu\/?p=4625\" rel=\"bookmark\">Elolvasom <span class=\"screen-reader-text\">Elindult a Si\u00f3foki K\u00f3rh\u00e1z-Rendel\u0151int\u00e9zet infrastruktur\u00e1lis fejleszt\u00e9s\u00e9nek megval\u00f3s\u00edt\u00e1sa<\/span><\/a><\/p><\/div><\/div><\/article>\n<article id=\"post-4622\" class=\"gb-post-grid-item post-4622 post type-post status-publish format-standard category-palyazotok entry\"><div class=\"gb-block-post-grid-text\"><header class=\"gb-block-post-grid-header\"><h3 class=\"gb-block-post-grid-title\"><a href=\"https:\/\/siokorhaz.hu\/?p=4622\" rel=\"bookmark\">K\u00e9palkot\u00f3 diagnosztikai berendez\u00e9sek korszer\u0171s\u00edt\u00e9se<\/a><\/h3><div class=\"gb-block-post-grid-byline\"><time datetime=\"2016-01-11T11:27:16+00:00\" class=\"gb-block-post-grid-date\" itemprop=\"datePublished\">janu\u00e1r 11, 2016<\/time><\/div><\/header><div class=\"gb-block-post-grid-excerpt\"><p>Uni\u00f3s t\u00e1mogat\u00e1sb\u00f3l val\u00f3sult meg r\u00f6ntgen berendez\u00e9sek cser\u00e9je a\u00a0 Si\u00f3foki K\u00f3rh\u00e1z &#8211; Rendel\u0151int\u00e9zetben A Si\u00f3foki K\u00f3rh\u00e1z &#8211; Rendel\u0151int\u00e9zet\u00a0 az \u201eEg\u00e9szs\u00e9g\u00fcgyi eszk\u00f6z\u00f6k energia megtakar\u00edt\u00e1st c\u00e9lz\u00f3 beszerz\u00e9s\u00e9nek t\u00e1mogat\u00e1sa\u201d c\u00edm\u0171 p\u00e1ly\u00e1zati ki\u00edr\u00e1son a K\u00f6rnyezeti- \u00e9s Energia Operat\u00edv Program keret\u00e9ben, a KEOP-5.6.0\/E\/15-2015-0101 sz\u00e1m\u00fa projekttel\u00a0 98 334\u00a0830 Ft eur\u00f3pai uni\u00f3s t\u00e1mogat\u00e1st nyert a Koh\u00e9zi\u00f3s Alapb\u00f3l. A t\u00e1mogat\u00e1sb\u00f3l r\u00f6ntgen berendez\u00e9sek cser\u00e9je val\u00f3sult&hellip;<\/p>\n<p><a class=\"gb-block-post-grid-more-link gb-text-link\" href=\"https:\/\/siokorhaz.hu\/?p=4622\" rel=\"bookmark\">Elolvasom <span class=\"screen-reader-text\">K\u00e9palkot\u00f3 diagnosztikai berendez\u00e9sek korszer\u0171s\u00edt\u00e9se<\/span><\/a><\/p><\/div><\/div><\/article>\n<article id=\"post-4619\" class=\"gb-post-grid-item post-4619 post type-post status-publish format-standard has-post-thumbnail category-palyazotok entry\"><div class=\"gb-block-post-grid-image\"><a href=\"https:\/\/siokorhaz.hu\/?p=4619\" rel=\"bookmark\" aria-hidden=\"true\" tabindex=\"-1\"><img loading=\"lazy\" decoding=\"async\" width=\"374\" height=\"211\" src=\"https:\/\/siokorhaz.hu\/wp-content\/uploads\/2025\/02\/wqaf1434621720.png\" class=\"attachment-full size-full\" alt=\"Napelemek egy k\u00f3rh\u00e1z tetej\u00e9n\" srcset=\"https:\/\/siokorhaz.hu\/wp-content\/uploads\/2025\/02\/wqaf1434621720.png 374w, https:\/\/siokorhaz.hu\/wp-content\/uploads\/2025\/02\/wqaf1434621720-300x169.png 300w\" sizes=\"auto, (max-width: 374px) 100vw, 374px\" \/><\/a><\/div><div class=\"gb-block-post-grid-text\"><header class=\"gb-block-post-grid-header\"><h3 class=\"gb-block-post-grid-title\"><a href=\"https:\/\/siokorhaz.hu\/?p=4619\" rel=\"bookmark\">Megval\u00f3sult a naper\u0151m\u0171 rendszer ki\u00e9p\u00edt\u00e9se a Si\u00f3foki K\u00f3rh\u00e1z-Rendel\u0151int\u00e9zetben<\/a><\/h3><div class=\"gb-block-post-grid-byline\"><time datetime=\"2015-06-18T11:25:20+00:00\" class=\"gb-block-post-grid-date\" itemprop=\"datePublished\">j\u00fanius 18, 2015<\/time><\/div><\/header><div class=\"gb-block-post-grid-excerpt\"><p>A Si\u00f3foki K\u00f3rh\u00e1z-Rendel\u0151int\u00e9zet az \u00daj Sz\u00e9chenyi Terv kert\u00e9ben sikeres p\u00e1ly\u00e1zatot ny\u00fajtott be a K\u00f6rnyezet \u00e9s Energia Operat\u00edv Program (KEOP) t\u00e1mogat\u00e1si rendszer\u00e9hez. A \u201eNaper\u0151m\u0171 rendszer ki\u00e9p\u00edt\u00e9se a Si\u00f3foki K\u00f3rh\u00e1z-Rendel\u0151int\u00e9zet elektromos \u00e1ram ell\u00e1t\u00e1sa c\u00e9lj\u00e1b\u00f3l\u201d c\u00edm\u0171 p\u00e1ly\u00e1zattal K\u00f3rh\u00e1zunk mintegy 150 milli\u00f3 forint vissza nem t\u00e9r\u00edtend\u0151 t\u00e1mogat\u00e1sban r\u00e9szes\u00fcl 2015. \u00e9v folyam\u00e1n. A p\u00e1ly\u00e1zat beny\u00fajt\u00e1s\u00e1ra 2013-ban ker\u00fclt sor. A p\u00e1ly\u00e1zat&hellip;<\/p>\n<p><a class=\"gb-block-post-grid-more-link gb-text-link\" href=\"https:\/\/siokorhaz.hu\/?p=4619\" rel=\"bookmark\">Elolvasom <span class=\"screen-reader-text\">Megval\u00f3sult a naper\u0151m\u0171 rendszer ki\u00e9p\u00edt\u00e9se a Si\u00f3foki K\u00f3rh\u00e1z-Rendel\u0151int\u00e9zetben<\/span><\/a><\/p><\/div><\/div><\/article>\n<article id=\"post-4615\" class=\"gb-post-grid-item post-4615 post type-post status-publish format-standard has-post-thumbnail category-palyazotok entry\"><div class=\"gb-block-post-grid-image\"><a href=\"https:\/\/siokorhaz.hu\/?p=4615\" rel=\"bookmark\" aria-hidden=\"true\" tabindex=\"-1\"><img loading=\"lazy\" decoding=\"async\" width=\"600\" height=\"360\" src=\"https:\/\/siokorhaz.hu\/wp-content\/uploads\/2025\/02\/isvj1426684565.jpg\" class=\"attachment-full size-full\" alt=\"Napenergia panelek naps\u00fct\u00e9ses id\u0151ben, z\u00f6ld mez\u0151 f\u00f6l\u00f6tt.\" srcset=\"https:\/\/siokorhaz.hu\/wp-content\/uploads\/2025\/02\/isvj1426684565.jpg 600w, https:\/\/siokorhaz.hu\/wp-content\/uploads\/2025\/02\/isvj1426684565-300x180.jpg 300w\" sizes=\"auto, (max-width: 600px) 100vw, 600px\" \/><\/a><\/div><div class=\"gb-block-post-grid-text\"><header class=\"gb-block-post-grid-header\"><h3 class=\"gb-block-post-grid-title\"><a href=\"https:\/\/siokorhaz.hu\/?p=4615\" rel=\"bookmark\">Elindult a naper\u0151m\u0171 rendszer ki\u00e9p\u00edt\u00e9se a Si\u00f3foki K\u00f3rh\u00e1z-Rendel\u0151int\u00e9zetbe<\/a><\/h3><div class=\"gb-block-post-grid-byline\"><time datetime=\"2015-03-11T11:23:16+00:00\" class=\"gb-block-post-grid-date\" itemprop=\"datePublished\">m\u00e1rcius 11, 2015<\/time><\/div><\/header><div class=\"gb-block-post-grid-excerpt\"><p>A Si\u00f3foki K\u00f3rh\u00e1z-Rendel\u0151int\u00e9zet az \u00daj Sz\u00e9chenyi Terv kert\u00e9ben sikeres p\u00e1ly\u00e1zatot ny\u00fajtott be a K\u00f6rnyezet \u00e9s Energia Operat\u00edv Program (KEOP) t\u00e1mogat\u00e1si rendszer\u00e9hez. A \u201eNaper\u0151m\u0171 rendszer ki\u00e9p\u00edt\u00e9se a Si\u00f3foki K\u00f3rh\u00e1z-Rendel\u0151int\u00e9zet elektromos \u00e1ram ell\u00e1t\u00e1sa c\u00e9lj\u00e1b\u00f3l\u201d c\u00edm\u0171 p\u00e1ly\u00e1zattal K\u00f3rh\u00e1zunk mintegy 150 milli\u00f3 forint vissza nem t\u00e9r\u00edtend\u0151 t\u00e1mogat\u00e1sban r\u00e9szes\u00fcl 2015. \u00e9v folyam\u00e1n. A p\u00e1ly\u00e1zat beny\u00fajt\u00e1s\u00e1ra 2013-ban ker\u00fclt sor. A p\u00e1ly\u00e1zat&hellip;<\/p>\n<p><a class=\"gb-block-post-grid-more-link gb-text-link\" href=\"https:\/\/siokorhaz.hu\/?p=4615\" rel=\"bookmark\">Elolvasom <span class=\"screen-reader-text\">Elindult a naper\u0151m\u0171 rendszer ki\u00e9p\u00edt\u00e9se a Si\u00f3foki K\u00f3rh\u00e1z-Rendel\u0151int\u00e9zetbe<\/span><\/a><\/p><\/div><\/div><\/article>\n<\/div><\/section>","protected":false},"excerpt":{"rendered":"","protected":false},"author":1,"featured_media":0,"parent":0,"menu_order":0,"comment_status":"closed","ping_status":"closed","template":"","meta":{"_genesis_hide_title":false,"_genesis_hide_breadcrumbs":false,"_genesis_hide_singular_image":false,"_genesis_hide_footer_widgets":false,"_genesis_custom_body_class":"","_genesis_custom_post_class":"","_genesis_layout":"","footnotes":""},"class_list":{"0":"post-4646","1":"page","2":"type-page","3":"status-publish","5":"entry"},"featured_image_src":null,"featured_image_src_square":null,"_links":{"self":[{"href":"https:\/\/siokorhaz.hu\/index.php?rest_route=\/wp\/v2\/pages\/4646","targetHints":{"allow":["GET"]}}],"collection":[{"href":"https:\/\/siokorhaz.hu\/index.php?rest_route=\/wp\/v2\/pages"}],"about":[{"href":"https:\/\/siokorhaz.hu\/index.php?rest_route=\/wp\/v2\/types\/page"}],"author":[{"embeddable":true,"href":"https:\/\/siokorhaz.hu\/index.php?rest_route=\/wp\/v2\/users\/1"}],"replies":[{"embeddable":true,"href":"https:\/\/siokorhaz.hu\/index.php?rest_route=%2Fwp%2Fv2%2Fcomments&post=4646"}],"version-history":[{"count":3,"href":"https:\/\/siokorhaz.hu\/index.php?rest_route=\/wp\/v2\/pages\/4646\/revisions"}],"predecessor-version":[{"id":6387,"href":"https:\/\/siokorhaz.hu\/index.php?rest_route=\/wp\/v2\/pages\/4646\/revisions\/6387"}],"wp:attachment":[{"href":"https:\/\/siokorhaz.hu\/index.php?rest_route=%2Fwp%2Fv2%2Fmedia&parent=4646"}],"curies":[{"name":"wp","href":"https:\/\/api.w.org\/{rel}","templated":true}]}}