{"id":4321,"date":"2025-02-04T13:16:47","date_gmt":"2025-02-04T12:16:47","guid":{"rendered":"http:\/\/169.254.1.50\/?page_id=4321"},"modified":"2025-06-16T19:15:27","modified_gmt":"2025-06-16T19:15:27","slug":"kardiologia-diagnosztika","status":"publish","type":"page","link":"https:\/\/siokorhaz.hu\/?page_id=4321","title":{"rendered":"Kardiol\u00f3gia diagnosztika"},"content":{"rendered":"<p>Asszisztens: Kelemen Ferencn\u00e9<\/p>\n<p><strong>Id\u0151pontot csak h\u00e1ziorvos k\u00e9rhet!<\/strong><\/p>\n<h4>J\u00e1r\u00f3szalag terhel\u00e9s<\/h4>\n<p>A rendel\u00e9sre a beteg hozza mag\u00e1val:<\/p>\n<ul>\n<li>\n<p>h\u00e1ziorvosi beutal\u00f3<\/p>\n<\/li>\n<\/ul>\n<h4>Holterdiagnosztika<\/h4>\n<p>A vizsg\u00e1lathoz a beteg hozza mag\u00e1val:<\/p>\n<ul>\n<li>h\u00e1ziorvosi beutal\u00f3<\/li>\n<li>2 db ceruzaelem<\/li>\n<li>atl\u00e9ta vagy p\u00f3l\u00f3 visel\u00e9se javasolt, hogy a felrakand\u00f3 g\u00e9p k\u00f6zvetlen\u00fcl ne \u00e9rintkezzen a beteg testfel\u00fclet\u00e9vel. \/B\u0151rirrit\u00e1ci\u00f3k megel\u0151z\u00e9se miatt\/.<\/li>\n<\/ul>\n<h4>ABPM vizsg\u00e1lat<\/h4>\n<p>A beteg hozza mag\u00e1val:<\/p>\n<ul>\n<li>h\u00e1ziorvosi beutal\u00f3<\/li>\n<li>4 db ceruzaelem<\/li>\n<li>p\u00f3l\u00f3 visel\u00e9se javasolt, hogy a felrakand\u00f3 g\u00e9p k\u00f6zvetlen\u00fcl ne \u00e9rintkezzen a beteg testfel\u00fclet\u00e9vel. \/B\u0151rirrit\u00e1ci\u00f3k megel\u0151z\u00e9se miatt\/.<\/li>\n<\/ul>\n<h4><strong>Rendel\u00e9si id\u0151:<\/strong><\/h4>\n<ul>\n<li>h\u00e9tf\u0151 &#8211; p\u00e9ntek: 10 &#8211; 13 \u00f3ra<\/li>\n<\/ul>\n\n\n<p class=\"has-text-align-center\"><strong>Rendel\u0151 orvosaink<\/strong><\/p>\n\n\n\n<figure class=\"wp-block-table\"><table class=\"has-fixed-layout\"><thead><tr><th>h\u00e9tf\u0151<\/th><th>kedd<\/th><th>szerda<\/th><th>cs\u00fct\u00f6rt\u00f6k<\/th><th>p\u00e9ntek<\/th><\/tr><\/thead><tbody><tr><td>Prof. Dr. Simon Korn\u00e9l<br>Dr. Siska \u00c1kos<br>Dr. Surek R\u00f3bert<\/td><td>Prof. Dr. Simon Korn\u00e9l<br>Dr. Siska \u00c1kos<br>Dr. Surek R\u00f3bert<\/td><td>Prof. Dr. Simon Korn\u00e9l<br>Dr. Siska \u00c1kos<br>Dr. Surek R\u00f3bert<\/td><td>Prof. Dr. Simon Korn\u00e9l<br>Dr. Siska \u00c1kos<br>Dr. Surek R\u00f3bert<\/td><td>Prof. Dr. Simon Korn\u00e9l<br>Dr. Siska \u00c1kos<br>Dr. Surek R\u00f3bert<\/td><\/tr><\/tbody><\/table><\/figure>\n\n\n\n<div style=\"color:#ddd\" class=\"wp-block-genesis-blocks-gb-spacer gb-block-spacer gb-divider-solid gb-divider-size-1\"><hr style=\"height:30px\"\/><\/div>\n\n\n\n<div style=\"color:#32373c;background-color:#00d1b2\" class=\"wp-block-genesis-blocks-gb-notice gb-font-size-18 gb-block-notice\" data-id=\"5e5432\"><div class=\"gb-notice-text\" style=\"border-color:#00d1b2\">\n<div data-post-id=\"5091\" class=\"insert-page insert-page-5091 \"><h2>Kardiol\u00f3gia diagnosztika<\/h2>\t\t\t\t\n\t\t\t\t\t\t\t\t\t\t\t\t\t\t\t<img loading=\"lazy\" decoding=\"async\" width=\"1024\" height=\"724\" src=\"https:\/\/siokorhaz.hu\/wp-content\/uploads\/2025\/01\/korhaz_epuletek-1024x724.png\" alt=\"\" srcset=\"https:\/\/siokorhaz.hu\/wp-content\/uploads\/2025\/01\/korhaz_epuletek-1024x724.png 1024w, https:\/\/siokorhaz.hu\/wp-content\/uploads\/2025\/01\/korhaz_epuletek-300x212.png 300w, https:\/\/siokorhaz.hu\/wp-content\/uploads\/2025\/01\/korhaz_epuletek-768x543.png 768w, https:\/\/siokorhaz.hu\/wp-content\/uploads\/2025\/01\/korhaz_epuletek-750x530.png 750w, https:\/\/siokorhaz.hu\/wp-content\/uploads\/2025\/01\/korhaz_epuletek-540x382.png 540w, https:\/\/siokorhaz.hu\/wp-content\/uploads\/2025\/01\/korhaz_epuletek.png 1110w\" sizes=\"auto, (max-width: 1024px) 100vw, 1024px\" \/>\t\t\t\t\t\t\t\t\t\t\t\t\t\t\t\n\t\t<table><thead><tr><th colspan=\"2\">RENDEL\u00c9SI ID\u0150<\/th><\/tr><\/thead><tbody><tr><td>H\u00c9TF\u0150<\/td><td>10<sup>00<\/sup> &#8211; 13<sup>00<\/sup><\/td><\/tr><tr><td>KEDD<\/td><td>10<sup>00<\/sup> &#8211; 13<sup>00<\/sup><\/td><\/tr><tr><td>SZERDA<\/td><td>10<sup>00<\/sup> &#8211; 13<sup>00<\/sup><\/td><\/tr><tr><td>CS\u00dcT\u00d6RT\u00d6K<\/td><td>10<sup>00<\/sup> &#8211; 13<sup>00<\/sup><\/td><\/tr><tr><td>P\u00c9NTEK<\/td><td>10<sup>00<\/sup> &#8211; 13<sup>00<\/sup><\/td><\/tr><\/tbody><\/table><p style=\"text-align: left;\"><a href=\"#\">Rendel\u00e9s Helye<br \/>F\u0151\u00e9p\u00fclet 2. emelet, D sz\u00e1rny, 21. ajt\u00f3<\/a><\/p><p style=\"text-align: center;\"><a href=\"#\">K\u00f6zponti el\u0151jegyz\u00e9s<br \/>84\/501-793<br \/><\/a><\/p><p style=\"text-align: center;\"><a href=\"#\">Telefon<br \/>84\/501-718<br \/><\/a><\/p><p style=\"text-align: center;\"><a href=\"#\">Beutal\u00f3 k\u00f6teles<br \/>igen<br \/><\/a><\/p><\/div>\n<\/div><\/div>\n\n\n\n<p><\/p>\n","protected":false},"excerpt":{"rendered":"<p>Asszisztens: Kelemen Ferencn\u00e9 Id\u0151pontot csak h\u00e1ziorvos k\u00e9rhet! J\u00e1r\u00f3szalag terhel\u00e9s A rendel\u00e9sre a beteg hozza mag\u00e1val: h\u00e1ziorvosi beutal\u00f3 Holterdiagnosztika A vizsg\u00e1lathoz a beteg hozza mag\u00e1val: h\u00e1ziorvosi beutal\u00f3 2 db ceruzaelem atl\u00e9ta vagy p\u00f3l\u00f3 visel\u00e9se javasolt, hogy a felrakand\u00f3 g\u00e9p k\u00f6zvetlen\u00fcl ne \u00e9rintkezzen a beteg testfel\u00fclet\u00e9vel. \/B\u0151rirrit\u00e1ci\u00f3k megel\u0151z\u00e9se miatt\/. ABPM vizsg\u00e1lat A beteg hozza mag\u00e1val: h\u00e1ziorvosi beutal\u00f3 [&hellip;]<\/p>\n","protected":false},"author":1,"featured_media":4722,"parent":0,"menu_order":0,"comment_status":"closed","ping_status":"closed","template":"","meta":{"_genesis_hide_title":false,"_genesis_hide_breadcrumbs":false,"_genesis_hide_singular_image":false,"_genesis_hide_footer_widgets":false,"_genesis_custom_body_class":"","_genesis_custom_post_class":"","_genesis_layout":"","footnotes":""},"class_list":{"0":"post-4321","1":"page","2":"type-page","3":"status-publish","4":"has-post-thumbnail","6":"entry"},"featured_image_src":"https:\/\/siokorhaz.hu\/wp-content\/uploads\/2025\/02\/Diagnostics590.jpg.be208a0f.jpg.08554b45.jpg","featured_image_src_square":"https:\/\/siokorhaz.hu\/wp-content\/uploads\/2025\/02\/Diagnostics590.jpg.be208a0f.jpg.08554b45.jpg","_links":{"self":[{"href":"https:\/\/siokorhaz.hu\/index.php?rest_route=\/wp\/v2\/pages\/4321","targetHints":{"allow":["GET"]}}],"collection":[{"href":"https:\/\/siokorhaz.hu\/index.php?rest_route=\/wp\/v2\/pages"}],"about":[{"href":"https:\/\/siokorhaz.hu\/index.php?rest_route=\/wp\/v2\/types\/page"}],"author":[{"embeddable":true,"href":"https:\/\/siokorhaz.hu\/index.php?rest_route=\/wp\/v2\/users\/1"}],"replies":[{"embeddable":true,"href":"https:\/\/siokorhaz.hu\/index.php?rest_route=%2Fwp%2Fv2%2Fcomments&post=4321"}],"version-history":[{"count":5,"href":"https:\/\/siokorhaz.hu\/index.php?rest_route=\/wp\/v2\/pages\/4321\/revisions"}],"predecessor-version":[{"id":6671,"href":"https:\/\/siokorhaz.hu\/index.php?rest_route=\/wp\/v2\/pages\/4321\/revisions\/6671"}],"wp:featuredmedia":[{"embeddable":true,"href":"https:\/\/siokorhaz.hu\/index.php?rest_route=\/wp\/v2\/media\/4722"}],"wp:attachment":[{"href":"https:\/\/siokorhaz.hu\/index.php?rest_route=%2Fwp%2Fv2%2Fmedia&parent=4321"}],"curies":[{"name":"wp","href":"https:\/\/api.w.org\/{rel}","templated":true}]}}