{"id":4306,"date":"2025-02-04T12:24:58","date_gmt":"2025-02-04T11:24:58","guid":{"rendered":"http:\/\/169.254.1.50\/?page_id=4306"},"modified":"2025-06-16T19:21:10","modified_gmt":"2025-06-16T19:21:10","slug":"nogyogyaszat-szakrendeles","status":"publish","type":"page","link":"https:\/\/siokorhaz.hu\/?page_id=4306","title":{"rendered":"N\u0151gy\u00f3gy\u00e1szat szakrendel\u00e9s"},"content":{"rendered":"<h4>Rendel\u00e9si id\u0151:<\/h4>\n<p>h\u00e9tf\u0151 &#8211; p\u00e9ntek: 8:00 &#8211; 14:00<\/p>\n<h4><\/h4>\n<p class=\"has-text-align-center\"><strong>Rendel\u0151 orvosaink<\/strong><\/p>\n<h4> <\/h4>\n<figure class=\"wp-block-table\">\n<table class=\"has-fixed-layout\">\n<thead>\n<tr>\n<th>h\u00e9tf\u0151<\/th>\n<th>kedd<\/th>\n<th>szerda<\/th>\n<th>cs\u00fct\u00f6rt\u00f6k<\/th>\n<th>p\u00e9ntek<\/th>\n<\/tr>\n<\/thead>\n<tbody>\n<tr>\n<td>\n<table width=\"241\">\n<tbody>\n<tr>\n<td width=\"241\">\u00f6sszes sz\u00fcl\u00e9sz-n\u0151gy\u00f3gy\u00e1sz szakorvos<\/td>\n<\/tr>\n<\/tbody>\n<\/table>\n<\/td>\n<td>\n<table width=\"241\">\n<tbody>\n<tr>\n<td width=\"241\">\u00f6sszes sz\u00fcl\u00e9sz-n\u0151gy\u00f3gy\u00e1sz szakorvos<\/td>\n<\/tr>\n<\/tbody>\n<\/table>\n<\/td>\n<td>\n<table width=\"241\">\n<tbody>\n<tr>\n<td width=\"241\">\u00f6sszes sz\u00fcl\u00e9sz-n\u0151gy\u00f3gy\u00e1sz szakorvos<\/td>\n<\/tr>\n<\/tbody>\n<\/table>\n<\/td>\n<td>\n<table width=\"241\">\n<tbody>\n<tr>\n<td width=\"241\">\u00f6sszes sz\u00fcl\u00e9sz-n\u0151gy\u00f3gy\u00e1sz szakorvos<\/td>\n<\/tr>\n<\/tbody>\n<\/table>\n<\/td>\n<td>\n<table width=\"241\">\n<tbody>\n<tr>\n<td width=\"241\">\u00f6sszes sz\u00fcl\u00e9sz-n\u0151gy\u00f3gy\u00e1sz szakorvos<\/td>\n<\/tr>\n<\/tbody>\n<\/table>\n<\/td>\n<\/tr>\n<\/tbody>\n<\/table>\n<\/figure>\n<h4><\/h4>\n\n\n<div style=\"color:#ddd\" class=\"wp-block-genesis-blocks-gb-spacer gb-block-spacer gb-divider-solid gb-divider-size-1\"><hr style=\"height:30px\"\/><\/div>\n\n\n\n<div style=\"color:#32373c;background-color:#00d1b2\" class=\"wp-block-genesis-blocks-gb-notice gb-font-size-18 gb-block-notice\" data-id=\"5e5432\"><div class=\"gb-notice-text\" style=\"border-color:#00d1b2\"><div data-post-id=\"5118\" class=\"insert-page insert-page-5118 \"><h2>N\u0151gy\u00f3gy\u00e1szat szakrendel\u00e9s<\/h2>\t\t\t\t\n\t\t\t\t\t\t\t\t\t\t\t\t\t\t\t<img loading=\"lazy\" decoding=\"async\" width=\"1024\" height=\"724\" src=\"https:\/\/siokorhaz.hu\/wp-content\/uploads\/2025\/01\/korhaz_epuletek-1024x724.png\" alt=\"\" srcset=\"https:\/\/siokorhaz.hu\/wp-content\/uploads\/2025\/01\/korhaz_epuletek-1024x724.png 1024w, https:\/\/siokorhaz.hu\/wp-content\/uploads\/2025\/01\/korhaz_epuletek-300x212.png 300w, https:\/\/siokorhaz.hu\/wp-content\/uploads\/2025\/01\/korhaz_epuletek-768x543.png 768w, https:\/\/siokorhaz.hu\/wp-content\/uploads\/2025\/01\/korhaz_epuletek-750x530.png 750w, https:\/\/siokorhaz.hu\/wp-content\/uploads\/2025\/01\/korhaz_epuletek-540x382.png 540w, https:\/\/siokorhaz.hu\/wp-content\/uploads\/2025\/01\/korhaz_epuletek.png 1110w\" sizes=\"auto, (max-width: 1024px) 100vw, 1024px\" \/>\t\t\t\t\t\t\t\t\t\t\t\t\t\t\t\n\t\t<table><thead><tr><th colspan=\"2\">RENDEL\u00c9SI ID\u0150<\/th><\/tr><\/thead><tbody><tr><td>H\u00c9TF\u0150<\/td><td>8<sup>00<\/sup> &#8211; 14<sup>00<\/sup><\/td><\/tr><tr><td>KEDD<\/td><td>8<sup>00<\/sup> &#8211; 14<sup>00<\/sup><\/td><\/tr><tr><td>SZERDA<\/td><td>8<sup>00<\/sup> &#8211; 14<sup>00<\/sup><\/td><\/tr><tr><td>CS\u00dcT\u00d6RT\u00d6K<\/td><td>8<sup>00<\/sup> &#8211; 14<sup>00<\/sup><\/td><\/tr><tr><td>P\u00c9NTEK<\/td><td>8<sup>00<\/sup> &#8211; 14<sup>00<\/sup><\/td><\/tr><\/tbody><\/table><p style=\"text-align: center;\"><a href=\"#\">Rendel\u00e9s Helye<br \/>F\u0151 \u00e9p\u00fclet, 3.emelet, &#8222;D&#8221;.sz\u00e1rny<\/a><\/p><p style=\"text-align: center;\"><a href=\"#\">K\u00f6zponti el\u0151jegyz\u00e9s<br \/>84\/501-793<br \/><\/a><\/p><p style=\"text-align: center;\"><a href=\"#\">Telefon<br \/>84\/501-768<br \/><\/a><\/p><p style=\"text-align: center;\"><a href=\"#\">E-mail<br \/>nogyogyszr@siokorhaz.hu<br \/><\/a><\/p><p style=\"text-align: center;\"><a href=\"#\">Beutal\u00f3 k\u00f6teles<br \/>nem<br \/><\/a><\/p><\/div>\n<\/div><\/div>\n","protected":false},"excerpt":{"rendered":"<p>Rendel\u00e9si id\u0151: h\u00e9tf\u0151 &#8211; p\u00e9ntek: 8:00 &#8211; 14:00 Rendel\u0151 orvosaink h\u00e9tf\u0151 kedd szerda cs\u00fct\u00f6rt\u00f6k p\u00e9ntek \u00f6sszes sz\u00fcl\u00e9sz-n\u0151gy\u00f3gy\u00e1sz szakorvos \u00f6sszes sz\u00fcl\u00e9sz-n\u0151gy\u00f3gy\u00e1sz szakorvos \u00f6sszes sz\u00fcl\u00e9sz-n\u0151gy\u00f3gy\u00e1sz szakorvos \u00f6sszes sz\u00fcl\u00e9sz-n\u0151gy\u00f3gy\u00e1sz szakorvos \u00f6sszes sz\u00fcl\u00e9sz-n\u0151gy\u00f3gy\u00e1sz szakorvos<\/p>\n","protected":false},"author":1,"featured_media":4727,"parent":0,"menu_order":0,"comment_status":"closed","ping_status":"closed","template":"","meta":{"_genesis_hide_title":false,"_genesis_hide_breadcrumbs":false,"_genesis_hide_singular_image":false,"_genesis_hide_footer_widgets":false,"_genesis_custom_body_class":"","_genesis_custom_post_class":"","_genesis_layout":"","footnotes":""},"class_list":{"0":"post-4306","1":"page","2":"type-page","3":"status-publish","4":"has-post-thumbnail","6":"entry"},"featured_image_src":"https:\/\/siokorhaz.hu\/wp-content\/uploads\/2025\/02\/Best-Gynecology-hospital-in-Ahmedabad-600x400.jpg","featured_image_src_square":"https:\/\/siokorhaz.hu\/wp-content\/uploads\/2025\/02\/Best-Gynecology-hospital-in-Ahmedabad-600x600.jpg","_links":{"self":[{"href":"https:\/\/siokorhaz.hu\/index.php?rest_route=\/wp\/v2\/pages\/4306","targetHints":{"allow":["GET"]}}],"collection":[{"href":"https:\/\/siokorhaz.hu\/index.php?rest_route=\/wp\/v2\/pages"}],"about":[{"href":"https:\/\/siokorhaz.hu\/index.php?rest_route=\/wp\/v2\/types\/page"}],"author":[{"embeddable":true,"href":"https:\/\/siokorhaz.hu\/index.php?rest_route=\/wp\/v2\/users\/1"}],"replies":[{"embeddable":true,"href":"https:\/\/siokorhaz.hu\/index.php?rest_route=%2Fwp%2Fv2%2Fcomments&post=4306"}],"version-history":[{"count":3,"href":"https:\/\/siokorhaz.hu\/index.php?rest_route=\/wp\/v2\/pages\/4306\/revisions"}],"predecessor-version":[{"id":6675,"href":"https:\/\/siokorhaz.hu\/index.php?rest_route=\/wp\/v2\/pages\/4306\/revisions\/6675"}],"wp:featuredmedia":[{"embeddable":true,"href":"https:\/\/siokorhaz.hu\/index.php?rest_route=\/wp\/v2\/media\/4727"}],"wp:attachment":[{"href":"https:\/\/siokorhaz.hu\/index.php?rest_route=%2Fwp%2Fv2%2Fmedia&parent=4306"}],"curies":[{"name":"wp","href":"https:\/\/api.w.org\/{rel}","templated":true}]}}