{"id":4298,"date":"2025-02-04T12:20:54","date_gmt":"2025-02-04T11:20:54","guid":{"rendered":"http:\/\/169.254.1.50\/?page_id=4298"},"modified":"2025-06-16T19:17:23","modified_gmt":"2025-06-16T19:17:23","slug":"nephrologiai-szakrendeles","status":"publish","type":"page","link":"https:\/\/siokorhaz.hu\/?page_id=4298","title":{"rendered":"Nephrol\u00f3giai szakrendel\u00e9s"},"content":{"rendered":"<p>Szakrendel\u00e9s\u00fcnk 7 \u00e9ve nephrol\u00f3giai\u00a0 ill. szakkonzult\u00e1ci\u00f3t biztos\u00edt h\u00e1ziorvos kolleg\u00e1ink r\u00e9sz\u00e9re. A rendel\u00e9s ig\u00e9nybev\u00e9tele\u00a0 els\u0151 alkalommal\u00a0 beutal\u00f3val lehets\u00e9ges.<\/p>\n<p>Szoros egys\u00e9gben m\u0171k\u00f6d\u00fcnk a K\u00f3rh\u00e1z Belgy\u00f3gy\u00e1szati Oszt\u00e1ly\u00e1nak nephrol\u00f3giai r\u00e9szleg\u00e9vel \u00e9s a vesebetegeket ell\u00e1t\u00f3 Dial\u00edzis K\u00f6zponttal.\u00a0<\/p>\n<h4>Rendel\u00e9si id\u0151:<\/h4>\n<ul>\n<li>H\u00e9tf\u0151,\u00a0 p\u00e9ntek\u00a0\u00a0\u00a0 9-13.00 h<\/li>\n<li>Kedd, szerda\u00a0\u00a0\u00a0\u00a0\u00a0 9-12.00 h<\/li>\n<\/ul>\n<p><\/p>\n<p class=\"has-text-align-center\"><strong>Rendel\u0151 orvosaink<\/strong><\/p>\n<p> <\/p>\n<figure class=\"wp-block-table\">\n<table class=\"has-fixed-layout\">\n<thead>\n<tr>\n<th>h\u00e9tf\u0151<\/th>\n<th>kedd<\/th>\n<th>szerda<\/th>\n<th>cs\u00fct\u00f6rt\u00f6k<\/th>\n<th>p\u00e9ntek<\/th>\n<\/tr>\n<\/thead>\n<tbody>\n<tr>\n<td>\u00a0<\/td>\n<td>\n<table width=\"241\">\n<tbody>\n<tr>\n<td width=\"241\">Dr. Kazup Szilvia<\/td>\n<\/tr>\n<\/tbody>\n<\/table>\n<\/td>\n<td>\n<table width=\"272\">\n<tbody>\n<tr>\n<td width=\"272\">Dr. Brasny\u00f3 P\u00e1l<\/td>\n<\/tr>\n<\/tbody>\n<\/table>\n<\/td>\n<td>\n<table width=\"241\">\n<tbody>\n<tr>\n<td width=\"241\">Dr. Pint\u00e9r Istv\u00e1n PhD<\/td>\n<\/tr>\n<\/tbody>\n<\/table>\n<\/td>\n<td>\n<table width=\"266\">\n<tbody>\n<tr>\n<td width=\"266\">Dr. Kazup Szilvia<\/td>\n<\/tr>\n<\/tbody>\n<\/table>\n<\/td>\n<\/tr>\n<\/tbody>\n<\/table>\n<\/figure>\n<p><\/p>\n\n\n<div style=\"color:#ddd\" class=\"wp-block-genesis-blocks-gb-spacer gb-block-spacer gb-divider-solid gb-divider-size-1\"><hr style=\"height:30px\"\/><\/div>\n\n\n\n<div style=\"color:#32373c;background-color:#00d1b2\" class=\"wp-block-genesis-blocks-gb-notice gb-font-size-18 gb-block-notice\" data-id=\"5e5432\"><div class=\"gb-notice-text\" style=\"border-color:#00d1b2\"><div data-post-id=\"5110\" class=\"insert-page insert-page-5110 \"><h2>Nephrol\u00f3giai szakrendel\u00e9s<\/h2>\n<img loading=\"lazy\" decoding=\"async\" src=\"https:\/\/siokorhaz.hu\/wp-content\/uploads\/2025\/01\/korhaz_epuletek-1024x724.png\" sizes=\"auto, (max-width: 1024px) 100vw, 1024px\" srcset=\"https:\/\/siokorhaz.hu\/wp-content\/uploads\/2025\/01\/korhaz_epuletek-1024x724.png 1024w, https:\/\/siokorhaz.hu\/wp-content\/uploads\/2025\/01\/korhaz_epuletek-300x212.png 300w, https:\/\/siokorhaz.hu\/wp-content\/uploads\/2025\/01\/korhaz_epuletek-768x543.png 768w, https:\/\/siokorhaz.hu\/wp-content\/uploads\/2025\/01\/korhaz_epuletek-750x530.png 750w, https:\/\/siokorhaz.hu\/wp-content\/uploads\/2025\/01\/korhaz_epuletek-540x382.png 540w, https:\/\/siokorhaz.hu\/wp-content\/uploads\/2025\/01\/korhaz_epuletek.png 1110w\" alt=\"\" width=\"1024\" height=\"724\" \/>\n<table>\n<thead>\n<tr>\n<th colspan=\"2\">RENDEL\u00c9SI ID\u0150<\/th>\n<\/tr>\n<\/thead>\n<tbody>\n<tr>\n<td>H\u00c9TF\u0150<\/td>\n<td>9<sup>00<\/sup> &#8211; 13<sup>00<\/sup><\/td>\n<\/tr>\n<tr>\n<td>KEDD<\/td>\n<td>9<sup>00<\/sup> &#8211; 12<sup>00<\/sup><\/td>\n<\/tr>\n<tr>\n<td>SZERDA<\/td>\n<td>9<sup>00<\/sup> &#8211; 12<sup>00<\/sup><\/td>\n<\/tr>\n<tr>\n<td>CS\u00dcT\u00d6RT\u00d6K<\/td>\n<td>&#8211;<\/td>\n<\/tr>\n<tr>\n<td>P\u00c9NTEK<\/td>\n<td>9<sup>00<\/sup> &#8211; 13<sup>00<\/sup><\/td>\n<\/tr>\n<\/tbody>\n<\/table>\n<p style=\"text-align: center;\"><a href=\"#\">Rendel\u00e9s Helye\nKor\u00e1nyi S. u. 12\/a B. Braun dial\u00edzis k\u00f6zpont<\/a><\/p>\n<p style=\"text-align: center;\"><a href=\"#\">K\u00f6zponti el\u0151jegyz\u00e9s\n84\/501-793\n<\/a><\/p>\n<p style=\"text-align: center;\"><a href=\"#\">E-mail\nnefrologia@siokorhaz.hu\n<\/a><\/p>\n<p style=\"text-align: center;\"><a href=\"#\">Beutal\u00f3 k\u00f6teles\nigen\n<\/a><\/p><\/div>\n<\/div><\/div>\n","protected":false},"excerpt":{"rendered":"<p>Szakrendel\u00e9s\u00fcnk 7 \u00e9ve nephrol\u00f3giai\u00a0 ill. szakkonzult\u00e1ci\u00f3t biztos\u00edt h\u00e1ziorvos kolleg\u00e1ink r\u00e9sz\u00e9re. A rendel\u00e9s ig\u00e9nybev\u00e9tele\u00a0 els\u0151 alkalommal\u00a0 beutal\u00f3val lehets\u00e9ges. Szoros egys\u00e9gben m\u0171k\u00f6d\u00fcnk a K\u00f3rh\u00e1z Belgy\u00f3gy\u00e1szati Oszt\u00e1ly\u00e1nak nephrol\u00f3giai r\u00e9szleg\u00e9vel \u00e9s a vesebetegeket ell\u00e1t\u00f3 Dial\u00edzis K\u00f6zponttal.\u00a0 Rendel\u00e9si id\u0151: H\u00e9tf\u0151,\u00a0 p\u00e9ntek\u00a0\u00a0\u00a0 9-13.00 h Kedd, szerda\u00a0\u00a0\u00a0\u00a0\u00a0 9-12.00 h Rendel\u0151 orvosaink h\u00e9tf\u0151 kedd szerda cs\u00fct\u00f6rt\u00f6k p\u00e9ntek \u00a0 Dr. Kazup Szilvia Dr. Brasny\u00f3 [&hellip;]<\/p>\n","protected":false},"author":1,"featured_media":4725,"parent":0,"menu_order":0,"comment_status":"closed","ping_status":"closed","template":"","meta":{"_genesis_hide_title":false,"_genesis_hide_breadcrumbs":false,"_genesis_hide_singular_image":false,"_genesis_hide_footer_widgets":false,"_genesis_custom_body_class":"","_genesis_custom_post_class":"","_genesis_layout":"","footnotes":""},"class_list":{"0":"post-4298","1":"page","2":"type-page","3":"status-publish","4":"has-post-thumbnail","6":"entry"},"featured_image_src":"https:\/\/siokorhaz.hu\/wp-content\/uploads\/2025\/02\/images-1.jpg","featured_image_src_square":"https:\/\/siokorhaz.hu\/wp-content\/uploads\/2025\/02\/images-1.jpg","_links":{"self":[{"href":"https:\/\/siokorhaz.hu\/index.php?rest_route=\/wp\/v2\/pages\/4298","targetHints":{"allow":["GET"]}}],"collection":[{"href":"https:\/\/siokorhaz.hu\/index.php?rest_route=\/wp\/v2\/pages"}],"about":[{"href":"https:\/\/siokorhaz.hu\/index.php?rest_route=\/wp\/v2\/types\/page"}],"author":[{"embeddable":true,"href":"https:\/\/siokorhaz.hu\/index.php?rest_route=\/wp\/v2\/users\/1"}],"replies":[{"embeddable":true,"href":"https:\/\/siokorhaz.hu\/index.php?rest_route=%2Fwp%2Fv2%2Fcomments&post=4298"}],"version-history":[{"count":2,"href":"https:\/\/siokorhaz.hu\/index.php?rest_route=\/wp\/v2\/pages\/4298\/revisions"}],"predecessor-version":[{"id":6673,"href":"https:\/\/siokorhaz.hu\/index.php?rest_route=\/wp\/v2\/pages\/4298\/revisions\/6673"}],"wp:featuredmedia":[{"embeddable":true,"href":"https:\/\/siokorhaz.hu\/index.php?rest_route=\/wp\/v2\/media\/4725"}],"wp:attachment":[{"href":"https:\/\/siokorhaz.hu\/index.php?rest_route=%2Fwp%2Fv2%2Fmedia&parent=4298"}],"curies":[{"name":"wp","href":"https:\/\/api.w.org\/{rel}","templated":true}]}}