{"id":4293,"date":"2025-02-04T12:10:42","date_gmt":"2025-02-04T11:10:42","guid":{"rendered":"http:\/\/169.254.1.50\/?page_id=4293"},"modified":"2025-06-16T19:14:23","modified_gmt":"2025-06-16T19:14:23","slug":"kardiologiai-szakrendeles","status":"publish","type":"page","link":"https:\/\/siokorhaz.hu\/?page_id=4293","title":{"rendered":"Kardiol\u00f3giai szakrendel\u00e9s"},"content":{"rendered":"<p>Kardiol\u00f3giai szakkonzult\u00e1ci\u00f3t biztos\u00edt a csal\u00e1dorvosok r\u00e9sz\u00e9re, valamint az Oszt\u00e1lyon \u00e9szlel\u00e9sre ker\u00fcl\u0151 betegek ut\u00f3gondoz\u00e1s\u00e1t (ISZB, hypertonia, ritmuszavarok, billenty\u0171 betegs\u00e9gek, PCI, bypass ut\u00e1n \u00e1llapot) v\u00e9gzi.<\/p>\n<h3>Szakmai egy\u00fcttm\u0171k\u00f6d\u0151 int\u00e9zetek:<\/h3>\n<p>Balatonf\u00fcred \u00c1llami Sz\u00edvk\u00f3rh\u00e1z<br \/>P\u00e9cs Sz\u00edvcentrum<br \/>Sz\u00e9kesfeh\u00e9rv\u00e1r Cardiol\u00f3giai Oszt\u00e1ly<br \/>Kaposi M\u00f3r K\u00f3rh\u00e1z Kardiol\u00f3giai Oszt\u00e1ly, Kaposv\u00e1r<\/p>\n<h3>A rendel\u00e9sre a beteg hozza mag\u00e1val:<\/h3>\n<p>h\u00e1ziorvosi beutal\u00f3<\/p>\n<p>el\u0151z\u0151 leletei \/ z\u00e1r\u00f3jelent\u00e9s, egy\u00e9b\/<\/p>\n<h3>Rendel\u00e9si id\u0151:<\/h3>\n<p>h\u00e9tf\u0151 &#8211; cs\u00fct\u00f6rt\u00f6k: 10 &#8211; 13 \u00f3ra<br \/>p\u00e9ntek: 10 &#8211; 12 \u00f3ra<\/p>\n<p><\/p>\n<p class=\"has-text-align-center\"><strong>Rendel\u0151 orvosaink<\/strong><\/p>\n<p> <\/p>\n<figure class=\"wp-block-table\">\n<table class=\"has-fixed-layout\">\n<thead>\n<tr>\n<th>h\u00e9tf\u0151<\/th>\n<th>kedd<\/th>\n<th>szerda<\/th>\n<th>cs\u00fct\u00f6rt\u00f6k<\/th>\n<th>p\u00e9ntek<\/th>\n<\/tr>\n<\/thead>\n<tbody>\n<tr>\n<td>\n<table width=\"241\">\n<tbody>\n<tr>\n<td width=\"241\">Dr. Siska \u00c1kos<\/td>\n<\/tr>\n<\/tbody>\n<\/table>\n<\/td>\n<td>\n<table width=\"241\">\n<tbody>\n<tr>\n<td width=\"241\">Dr. Siska \u00c1kos<\/td>\n<\/tr>\n<\/tbody>\n<\/table>\n<\/td>\n<td>\u00a0<\/td>\n<td>\n<table width=\"241\">\n<tbody>\n<tr>\n<td width=\"241\">Dr. Siska \u00c1kos<\/td>\n<\/tr>\n<\/tbody>\n<\/table>\n<\/td>\n<td>\n<table width=\"241\">\n<tbody>\n<tr>\n<td width=\"241\">Dr. Siska \u00c1kos<\/td>\n<\/tr>\n<\/tbody>\n<\/table>\n<\/td>\n<\/tr>\n<\/tbody>\n<\/table>\n<\/figure>\n<p><\/p>\n\n\n<div style=\"color:#ddd\" class=\"wp-block-genesis-blocks-gb-spacer gb-block-spacer gb-divider-solid gb-divider-size-1\"><hr style=\"height:30px\"\/><\/div>\n\n\n\n<div style=\"color:#32373c;background-color:#00d1b2\" class=\"wp-block-genesis-blocks-gb-notice gb-font-size-18 gb-block-notice\" data-id=\"5e5432\"><div class=\"gb-notice-text\" style=\"border-color:#00d1b2\"><div data-post-id=\"5097\" class=\"insert-page insert-page-5097 \"><h2>Kardiol\u00f3giai szakrendel\u00e9s<\/h2>\t\t\t\t\n\t\t\t\t\t\t\t\t\t\t\t\t\t\t\t<img loading=\"lazy\" decoding=\"async\" width=\"1024\" height=\"724\" src=\"https:\/\/siokorhaz.hu\/wp-content\/uploads\/2025\/01\/korhaz_epuletek-1024x724.png\" alt=\"\" srcset=\"https:\/\/siokorhaz.hu\/wp-content\/uploads\/2025\/01\/korhaz_epuletek-1024x724.png 1024w, https:\/\/siokorhaz.hu\/wp-content\/uploads\/2025\/01\/korhaz_epuletek-300x212.png 300w, https:\/\/siokorhaz.hu\/wp-content\/uploads\/2025\/01\/korhaz_epuletek-768x543.png 768w, https:\/\/siokorhaz.hu\/wp-content\/uploads\/2025\/01\/korhaz_epuletek-750x530.png 750w, https:\/\/siokorhaz.hu\/wp-content\/uploads\/2025\/01\/korhaz_epuletek-540x382.png 540w, https:\/\/siokorhaz.hu\/wp-content\/uploads\/2025\/01\/korhaz_epuletek.png 1110w\" sizes=\"auto, (max-width: 1024px) 100vw, 1024px\" \/>\t\t\t\t\t\t\t\t\t\t\t\t\t\t\t\n\t\t<table><thead><tr><th colspan=\"2\">RENDEL\u00c9SI ID\u0150<\/th><\/tr><\/thead><tbody><tr><td>H\u00c9TF\u0150<\/td><td>10<sup>00<\/sup> &#8211; 13<sup>00<\/sup><\/td><\/tr><tr><td>KEDD<\/td><td>10<sup>00<\/sup> &#8211; 13<sup>00<\/sup><\/td><\/tr><tr><td>SZERDA<\/td><td>10<sup>00<\/sup> &#8211; 13<sup>00<\/sup><\/td><\/tr><tr><td>CS\u00dcT\u00d6RT\u00d6K<\/td><td>10<sup>00<\/sup> &#8211; 13<sup>00<\/sup><\/td><\/tr><tr><td>P\u00c9NTEK<\/td><td>10<sup>00<\/sup> &#8211; 12<sup>00<\/sup><\/td><\/tr><\/tbody><\/table><p style=\"text-align: center;\"><a href=\"#\">Rendel\u00e9s Helye<br \/>F\u0151\u00e9p\u00fclet, D sz\u00e1rny, 2.emelet, 20. ajt\u00f3<\/a><\/p><p style=\"text-align: center;\"><a href=\"#\">K\u00f6zponti el\u0151jegyz\u00e9s<br \/>84\/501-793<br \/><\/a><\/p><p style=\"text-align: center;\"><a href=\"#\">Telefon<br \/>84\/501 718<br \/><\/a><\/p><p style=\"text-align: center;\"><a href=\"#\">E-mail<br \/>kardioszakr@siokorhaz.hu<br \/><\/a><\/p><p style=\"text-align: center;\"><a href=\"#\">Beutal\u00f3 k\u00f6teles<br \/>igen<br \/><\/a><\/p><\/div>\n<\/div><\/div>\n","protected":false},"excerpt":{"rendered":"<p>Kardiol\u00f3giai szakkonzult\u00e1ci\u00f3t biztos\u00edt a csal\u00e1dorvosok r\u00e9sz\u00e9re, valamint az Oszt\u00e1lyon \u00e9szlel\u00e9sre ker\u00fcl\u0151 betegek ut\u00f3gondoz\u00e1s\u00e1t (ISZB, hypertonia, ritmuszavarok, billenty\u0171 betegs\u00e9gek, PCI, bypass ut\u00e1n \u00e1llapot) v\u00e9gzi. Szakmai egy\u00fcttm\u0171k\u00f6d\u0151 int\u00e9zetek: Balatonf\u00fcred \u00c1llami Sz\u00edvk\u00f3rh\u00e1zP\u00e9cs Sz\u00edvcentrumSz\u00e9kesfeh\u00e9rv\u00e1r Cardiol\u00f3giai Oszt\u00e1lyKaposi M\u00f3r K\u00f3rh\u00e1z Kardiol\u00f3giai Oszt\u00e1ly, Kaposv\u00e1r A rendel\u00e9sre a beteg hozza mag\u00e1val: h\u00e1ziorvosi beutal\u00f3 el\u0151z\u0151 leletei \/ z\u00e1r\u00f3jelent\u00e9s, egy\u00e9b\/ Rendel\u00e9si id\u0151: h\u00e9tf\u0151 &#8211; cs\u00fct\u00f6rt\u00f6k: [&hellip;]<\/p>\n","protected":false},"author":1,"featured_media":4723,"parent":0,"menu_order":0,"comment_status":"closed","ping_status":"closed","template":"","meta":{"_genesis_hide_title":false,"_genesis_hide_breadcrumbs":false,"_genesis_hide_singular_image":false,"_genesis_hide_footer_widgets":false,"_genesis_custom_body_class":"","_genesis_custom_post_class":"","_genesis_layout":"","footnotes":""},"class_list":{"0":"post-4293","1":"page","2":"type-page","3":"status-publish","4":"has-post-thumbnail","6":"entry"},"featured_image_src":"https:\/\/siokorhaz.hu\/wp-content\/uploads\/2025\/02\/iStock-1402840664-1024x683-1-600x400.jpg","featured_image_src_square":"https:\/\/siokorhaz.hu\/wp-content\/uploads\/2025\/02\/iStock-1402840664-1024x683-1-600x600.jpg","_links":{"self":[{"href":"https:\/\/siokorhaz.hu\/index.php?rest_route=\/wp\/v2\/pages\/4293","targetHints":{"allow":["GET"]}}],"collection":[{"href":"https:\/\/siokorhaz.hu\/index.php?rest_route=\/wp\/v2\/pages"}],"about":[{"href":"https:\/\/siokorhaz.hu\/index.php?rest_route=\/wp\/v2\/types\/page"}],"author":[{"embeddable":true,"href":"https:\/\/siokorhaz.hu\/index.php?rest_route=\/wp\/v2\/users\/1"}],"replies":[{"embeddable":true,"href":"https:\/\/siokorhaz.hu\/index.php?rest_route=%2Fwp%2Fv2%2Fcomments&post=4293"}],"version-history":[{"count":3,"href":"https:\/\/siokorhaz.hu\/index.php?rest_route=\/wp\/v2\/pages\/4293\/revisions"}],"predecessor-version":[{"id":6669,"href":"https:\/\/siokorhaz.hu\/index.php?rest_route=\/wp\/v2\/pages\/4293\/revisions\/6669"}],"wp:featuredmedia":[{"embeddable":true,"href":"https:\/\/siokorhaz.hu\/index.php?rest_route=\/wp\/v2\/media\/4723"}],"wp:attachment":[{"href":"https:\/\/siokorhaz.hu\/index.php?rest_route=%2Fwp%2Fv2%2Fmedia&parent=4293"}],"curies":[{"name":"wp","href":"https:\/\/api.w.org\/{rel}","templated":true}]}}