{"id":4280,"date":"2025-02-04T11:53:52","date_gmt":"2025-02-04T10:53:52","guid":{"rendered":"http:\/\/169.254.1.50\/?page_id=4280"},"modified":"2025-06-16T19:10:35","modified_gmt":"2025-06-16T19:10:35","slug":"echokardiografia-szivultrahang","status":"publish","type":"page","link":"https:\/\/siokorhaz.hu\/?page_id=4280","title":{"rendered":"Echokardiogr\u00e1fia (sz\u00edvultrahang)"},"content":{"rendered":"<p><strong>Rendel\u00e9si id\u0151:<\/strong><\/p>\n<table border=\"0\" cellspacing=\"0\" cellpadding=\"3\">\n<tbody>\n<tr>\n<td>h\u00e9tf\u0151<\/td>\n<td>7.30 &#8211; 10.30<\/td>\n<\/tr>\n<tr>\n<td>kedd<\/td>\n<td>7.30 &#8211; 10.30<\/td>\n<\/tr>\n<tr>\n<td>szerda<\/td>\n<td>7.30 &#8211; 15.30<\/td>\n<\/tr>\n<tr>\n<td>cs\u00fct\u00f6rt\u00f6k<\/td>\n<td>7.30 &#8211; 9.30<\/td>\n<\/tr>\n<tr>\n<td>p\u00e9ntek<\/td>\n<td>7.30 &#8211; 11.30<\/td>\n<\/tr>\n<\/tbody>\n<\/table>\n<p><\/p>\n<p class=\"has-text-align-center\"><strong>Rendel\u0151 orvosaink<\/strong><\/p>\n<p> <\/p>\n<figure class=\"wp-block-table\">\n<table class=\"has-fixed-layout\">\n<thead>\n<tr>\n<th>h\u00e9tf\u0151<\/th>\n<th>kedd<\/th>\n<th>szerda<\/th>\n<th>cs\u00fct\u00f6rt\u00f6k<\/th>\n<th>p\u00e9ntek<\/th>\n<\/tr>\n<\/thead>\n<tbody>\n<tr>\n<td>\n<table width=\"241\">\n<tbody>\n<tr>\n<td width=\"241\">Prof. Dr. Simon Korn\u00e9l<br \/>Dr. Siska \u00c1kos<br \/>Dr. Surek R\u00f3bert<\/td>\n<\/tr>\n<\/tbody>\n<\/table>\n<\/td>\n<td>\n<table width=\"241\">\n<tbody>\n<tr>\n<td width=\"241\">Prof. Dr. Simon Korn\u00e9l<br \/>Dr. Siska \u00c1kos<br \/>Dr. Surek R\u00f3bert<\/td>\n<\/tr>\n<\/tbody>\n<\/table>\n<\/td>\n<td>\n<table width=\"241\">\n<tbody>\n<tr>\n<td width=\"241\">Prof. Dr. Simon Korn\u00e9l<br \/>Dr. Siska \u00c1kos<br \/>Dr. Surek R\u00f3bert<\/td>\n<\/tr>\n<\/tbody>\n<\/table>\n<\/td>\n<td>\n<table width=\"241\">\n<tbody>\n<tr>\n<td width=\"241\">Prof. Dr. Simon Korn\u00e9l<br \/>Dr. Siska \u00c1kos<br \/>Dr. Surek R\u00f3bert<\/td>\n<\/tr>\n<\/tbody>\n<\/table>\n<\/td>\n<td>\n<table width=\"241\">\n<tbody>\n<tr>\n<td width=\"241\">Prof. Dr. Simon Korn\u00e9l<br \/>Dr. Siska \u00c1kos<br \/>Dr. Surek R\u00f3bert<\/td>\n<\/tr>\n<\/tbody>\n<\/table>\n<\/td>\n<\/tr>\n<\/tbody>\n<\/table>\n<\/figure>\n<p><\/p>\n\n\n<div style=\"color:#ddd\" class=\"wp-block-genesis-blocks-gb-spacer gb-block-spacer gb-divider-solid gb-divider-size-1\"><hr style=\"height:30px\"\/><\/div>\n\n\n\n<div style=\"color:#32373c;background-color:#00d1b2\" class=\"wp-block-genesis-blocks-gb-notice gb-font-size-18 gb-block-notice\" data-id=\"5e5432\"><div class=\"gb-notice-text\" style=\"border-color:#00d1b2\"><div data-post-id=\"5016\" class=\"insert-page insert-page-5016 \"><h2>Echokardiogr\u00e1fia (sz\u00edvultrahang) <\/h2>\t\t\t\t\n\t\t\t\t\t\t\t\t\t\t\t\t\t\t\t<img loading=\"lazy\" decoding=\"async\" width=\"1024\" height=\"724\" src=\"https:\/\/siokorhaz.hu\/wp-content\/uploads\/2025\/01\/korhaz_epuletek-1024x724.png\" alt=\"\" srcset=\"https:\/\/siokorhaz.hu\/wp-content\/uploads\/2025\/01\/korhaz_epuletek-1024x724.png 1024w, https:\/\/siokorhaz.hu\/wp-content\/uploads\/2025\/01\/korhaz_epuletek-300x212.png 300w, https:\/\/siokorhaz.hu\/wp-content\/uploads\/2025\/01\/korhaz_epuletek-768x543.png 768w, https:\/\/siokorhaz.hu\/wp-content\/uploads\/2025\/01\/korhaz_epuletek-750x530.png 750w, https:\/\/siokorhaz.hu\/wp-content\/uploads\/2025\/01\/korhaz_epuletek-540x382.png 540w, https:\/\/siokorhaz.hu\/wp-content\/uploads\/2025\/01\/korhaz_epuletek.png 1110w\" sizes=\"auto, (max-width: 1024px) 100vw, 1024px\" \/>\t\t\t\t\t\t\t\t\t\t\t\t\t\t\t\n\t\t<table>\n<thead>\n<tr>\n<th colspan=\"2\">RENDEL\u00c9SI ID\u0150<\/th>\n<\/tr>\n<\/thead>\n<tbody>\n<tr>\n<td>H\u00c9TF\u0150<\/td>\n<td>7<sup>30<\/sup> &#8211; 10<sup>30<\/sup><\/td>\n<\/tr>\n<tr>\n<td>KEDD<\/td>\n<td>7<sup>30<\/sup> &#8211; 10<sup>30<\/sup><\/td>\n<\/tr>\n<tr>\n<td>SZERDA<\/td>\n<td>7<sup>30<\/sup> &#8211; 10<sup>30<\/sup><\/td>\n<\/tr>\n<tr>\n<td>CS\u00dcT\u00d6RT\u00d6K<\/td>\n<td>7<sup>30<\/sup> &#8211; 10<sup>30<\/sup><\/td>\n<\/tr>\n<tr>\n<td>P\u00c9NTEK<\/td>\n<td>7<sup>30<\/sup> &#8211; 10<sup>30<\/sup><\/td>\n<\/tr>\n<\/tbody>\n<\/table><p style=\"text-align: center;\"><a href=\"#\">Rendel\u00e9s Helye<br \/>F\u0151 \u00e9p\u00fclet 2. emelet D sz\u00e1rny<\/a><\/p><p style=\"text-align: center;\"><a href=\"#\">Telefon<br \/>84\/501-759<br \/><\/a><\/p><p style=\"text-align: center;\"><a href=\"#\">K\u00f6zponti el\u0151jegyz\u00e9s<br \/>84\/501-793<br \/><\/a><\/p><p style=\"text-align: center;\"><a href=\"#\">Beutal\u00f3 k\u00f6teles<br \/>igen<br \/><\/a><\/p><\/div>\n<\/div><\/div>\n","protected":false},"excerpt":{"rendered":"<p>Rendel\u00e9si id\u0151: h\u00e9tf\u0151 7.30 &#8211; 10.30 kedd 7.30 &#8211; 10.30 szerda 7.30 &#8211; 15.30 cs\u00fct\u00f6rt\u00f6k 7.30 &#8211; 9.30 p\u00e9ntek 7.30 &#8211; 11.30 Rendel\u0151 orvosaink h\u00e9tf\u0151 kedd szerda cs\u00fct\u00f6rt\u00f6k p\u00e9ntek Prof. Dr. Simon Korn\u00e9lDr. Siska \u00c1kosDr. Surek R\u00f3bert Prof. Dr. Simon Korn\u00e9lDr. Siska \u00c1kosDr. Surek R\u00f3bert Prof. Dr. Simon Korn\u00e9lDr. Siska \u00c1kosDr. Surek R\u00f3bert Prof. Dr. [&hellip;]<\/p>\n","protected":false},"author":1,"featured_media":4708,"parent":0,"menu_order":0,"comment_status":"closed","ping_status":"closed","template":"","meta":{"_genesis_hide_title":false,"_genesis_hide_breadcrumbs":false,"_genesis_hide_singular_image":false,"_genesis_hide_footer_widgets":false,"_genesis_custom_body_class":"","_genesis_custom_post_class":"","_genesis_layout":"","footnotes":""},"class_list":{"0":"post-4280","1":"page","2":"type-page","3":"status-publish","4":"has-post-thumbnail","6":"entry"},"featured_image_src":"https:\/\/siokorhaz.hu\/wp-content\/uploads\/2025\/02\/image1109-600x400.jpg","featured_image_src_square":"https:\/\/siokorhaz.hu\/wp-content\/uploads\/2025\/02\/image1109-600x483.jpg","_links":{"self":[{"href":"https:\/\/siokorhaz.hu\/index.php?rest_route=\/wp\/v2\/pages\/4280","targetHints":{"allow":["GET"]}}],"collection":[{"href":"https:\/\/siokorhaz.hu\/index.php?rest_route=\/wp\/v2\/pages"}],"about":[{"href":"https:\/\/siokorhaz.hu\/index.php?rest_route=\/wp\/v2\/types\/page"}],"author":[{"embeddable":true,"href":"https:\/\/siokorhaz.hu\/index.php?rest_route=\/wp\/v2\/users\/1"}],"replies":[{"embeddable":true,"href":"https:\/\/siokorhaz.hu\/index.php?rest_route=%2Fwp%2Fv2%2Fcomments&post=4280"}],"version-history":[{"count":3,"href":"https:\/\/siokorhaz.hu\/index.php?rest_route=\/wp\/v2\/pages\/4280\/revisions"}],"predecessor-version":[{"id":6663,"href":"https:\/\/siokorhaz.hu\/index.php?rest_route=\/wp\/v2\/pages\/4280\/revisions\/6663"}],"wp:featuredmedia":[{"embeddable":true,"href":"https:\/\/siokorhaz.hu\/index.php?rest_route=\/wp\/v2\/media\/4708"}],"wp:attachment":[{"href":"https:\/\/siokorhaz.hu\/index.php?rest_route=%2Fwp%2Fv2%2Fmedia&parent=4280"}],"curies":[{"name":"wp","href":"https:\/\/api.w.org\/{rel}","templated":true}]}}