{"id":4272,"date":"2025-02-04T11:49:59","date_gmt":"2025-02-04T10:49:59","guid":{"rendered":"http:\/\/169.254.1.50\/?page_id=4272"},"modified":"2025-06-16T19:09:51","modified_gmt":"2025-06-16T19:09:51","slug":"down-szures","status":"publish","type":"page","link":"https:\/\/siokorhaz.hu\/?page_id=4272","title":{"rendered":"Down sz\u0171r\u00e9s"},"content":{"rendered":"<h4>Magzati DNS vizsg\u00e1lat anyai v\u00e9rb\u0151l (Prena-teszt)<\/h4>\n<p>\u00a0<\/p>\n<h3><\/h3>\n<p class=\"has-text-align-center\"><strong>Rendel\u0151 orvosaink<\/strong><\/p>\n<h3> <\/h3>\n<figure class=\"wp-block-table\">\n<table class=\"has-fixed-layout\">\n<thead>\n<tr>\n<th>h\u00e9tf\u0151<\/th>\n<th>kedd<\/th>\n<th>szerda<\/th>\n<th>cs\u00fct\u00f6rt\u00f6k<\/th>\n<th>p\u00e9ntek<\/th>\n<\/tr>\n<\/thead>\n<tbody>\n<tr>\n<td>\u00a0<\/td>\n<td>\n<table width=\"241\">\n<tbody>\n<tr>\n<td width=\"241\">\u00f6sszes sz\u00fcl\u00e9sz-n\u0151gy\u00f3gy\u00e1sz szakorvos<\/td>\n<\/tr>\n<\/tbody>\n<\/table>\n<\/td>\n<td>\n<table width=\"241\">\n<tbody>\n<tr>\n<td width=\"241\">\u00f6sszes sz\u00fcl\u00e9sz-n\u0151gy\u00f3gy\u00e1sz szakorvos<\/td>\n<\/tr>\n<\/tbody>\n<\/table>\n<\/td>\n<td>\n<table width=\"241\">\n<tbody>\n<tr>\n<td width=\"241\">\u00f6sszes sz\u00fcl\u00e9sz-n\u0151gy\u00f3gy\u00e1sz szakorvos<\/td>\n<\/tr>\n<\/tbody>\n<\/table>\n<\/td>\n<td>\u00a0<\/td>\n<\/tr>\n<\/tbody>\n<\/table>\n<\/figure>\n<h3><\/h3>\n\n\n<div style=\"color:#ddd\" class=\"wp-block-genesis-blocks-gb-spacer gb-block-spacer gb-divider-solid gb-divider-size-1\"><hr style=\"height:30px\"\/><\/div>\n\n\n\n<div style=\"color:#32373c;background-color:#00d1b2\" class=\"wp-block-genesis-blocks-gb-notice gb-font-size-18 gb-block-notice\" data-id=\"5e5432\"><div class=\"gb-notice-text\" style=\"border-color:#00d1b2\"><div data-post-id=\"5011\" class=\"insert-page insert-page-5011 \"><h2>Down sz\u0171r\u00e9s<\/h2>\t\t\t\t\n\t\t\t\t\t\t\t\t\t\t\t\t\t\t\t<img loading=\"lazy\" decoding=\"async\" width=\"1024\" height=\"724\" src=\"https:\/\/siokorhaz.hu\/wp-content\/uploads\/2025\/01\/korhaz_epuletek-1024x724.png\" alt=\"\" srcset=\"https:\/\/siokorhaz.hu\/wp-content\/uploads\/2025\/01\/korhaz_epuletek-1024x724.png 1024w, https:\/\/siokorhaz.hu\/wp-content\/uploads\/2025\/01\/korhaz_epuletek-300x212.png 300w, https:\/\/siokorhaz.hu\/wp-content\/uploads\/2025\/01\/korhaz_epuletek-768x543.png 768w, https:\/\/siokorhaz.hu\/wp-content\/uploads\/2025\/01\/korhaz_epuletek-750x530.png 750w, https:\/\/siokorhaz.hu\/wp-content\/uploads\/2025\/01\/korhaz_epuletek-540x382.png 540w, https:\/\/siokorhaz.hu\/wp-content\/uploads\/2025\/01\/korhaz_epuletek.png 1110w\" sizes=\"auto, (max-width: 1024px) 100vw, 1024px\" \/>\t\t\t\t\t\t\t\t\t\t\t\t\t\t\t\n\t\t<table>\n<thead>\n<tr>\n<th colspan=\"2\">RENDEL\u00c9SI ID\u0150<\/th>\n<\/tr>\n<\/thead>\n<tbody>\n<tr>\n<td>H\u00c9TF\u0150<\/td>\n<td>&#8211;<\/td>\n<\/tr>\n<tr>\n<td>KEDD<\/td>\n<td>8<sup>00<\/sup> &#8211; 10<sup>00<\/sup><\/td>\n<\/tr>\n<tr>\n<td>SZERDA<\/td>\n<td>8<sup>00<\/sup> &#8211; 10<sup>00<\/sup><\/td>\n<\/tr>\n<tr>\n<td>CS\u00dcT\u00d6RT\u00d6K<\/td>\n<td>8<sup>00<\/sup> &#8211; 10<sup>00<\/sup><\/td>\n<\/tr>\n<tr>\n<td>P\u00c9NTEK<\/td>\n<td>&#8211;<\/td>\n<\/tr>\n<\/tbody>\n<\/table><p style=\"text-align: center;\"><a href=\"#\">Rendel\u00e9s Helye\n F\u0151\u00e9p\u00fclet 3. emelet, B sz\u00e1rny<\/a><\/p><p style=\"text-align: center;\"><a href=\"#\">Telefon<br \/>84\/501-789<br \/><\/a><\/p><p style=\"text-align: center;\"><a href=\"#\">Beutal\u00f3 k\u00f6teles<br \/>igen<br \/><\/a><\/p><\/div>\n<\/div><\/div>\n","protected":false},"excerpt":{"rendered":"<p>Magzati DNS vizsg\u00e1lat anyai v\u00e9rb\u0151l (Prena-teszt) \u00a0 Rendel\u0151 orvosaink h\u00e9tf\u0151 kedd szerda cs\u00fct\u00f6rt\u00f6k p\u00e9ntek \u00a0 \u00f6sszes sz\u00fcl\u00e9sz-n\u0151gy\u00f3gy\u00e1sz szakorvos \u00f6sszes sz\u00fcl\u00e9sz-n\u0151gy\u00f3gy\u00e1sz szakorvos \u00f6sszes sz\u00fcl\u00e9sz-n\u0151gy\u00f3gy\u00e1sz szakorvos \u00a0<\/p>\n","protected":false},"author":1,"featured_media":4863,"parent":0,"menu_order":0,"comment_status":"closed","ping_status":"closed","template":"","meta":{"_genesis_hide_title":false,"_genesis_hide_breadcrumbs":false,"_genesis_hide_singular_image":false,"_genesis_hide_footer_widgets":false,"_genesis_custom_body_class":"","_genesis_custom_post_class":"","_genesis_layout":"","footnotes":""},"class_list":{"0":"post-4272","1":"page","2":"type-page","3":"status-publish","4":"has-post-thumbnail","6":"entry"},"featured_image_src":"https:\/\/siokorhaz.hu\/wp-content\/uploads\/2025\/02\/20CVjmUhOHTc4Hpj37mB8eX89pwraLYN4QHAGIgQ17q5xeqngjyMnSJdXcdZ-600x400.jpeg","featured_image_src_square":"https:\/\/siokorhaz.hu\/wp-content\/uploads\/2025\/02\/20CVjmUhOHTc4Hpj37mB8eX89pwraLYN4QHAGIgQ17q5xeqngjyMnSJdXcdZ-600x410.jpeg","_links":{"self":[{"href":"https:\/\/siokorhaz.hu\/index.php?rest_route=\/wp\/v2\/pages\/4272","targetHints":{"allow":["GET"]}}],"collection":[{"href":"https:\/\/siokorhaz.hu\/index.php?rest_route=\/wp\/v2\/pages"}],"about":[{"href":"https:\/\/siokorhaz.hu\/index.php?rest_route=\/wp\/v2\/types\/page"}],"author":[{"embeddable":true,"href":"https:\/\/siokorhaz.hu\/index.php?rest_route=\/wp\/v2\/users\/1"}],"replies":[{"embeddable":true,"href":"https:\/\/siokorhaz.hu\/index.php?rest_route=%2Fwp%2Fv2%2Fcomments&post=4272"}],"version-history":[{"count":3,"href":"https:\/\/siokorhaz.hu\/index.php?rest_route=\/wp\/v2\/pages\/4272\/revisions"}],"predecessor-version":[{"id":6661,"href":"https:\/\/siokorhaz.hu\/index.php?rest_route=\/wp\/v2\/pages\/4272\/revisions\/6661"}],"wp:featuredmedia":[{"embeddable":true,"href":"https:\/\/siokorhaz.hu\/index.php?rest_route=\/wp\/v2\/media\/4863"}],"wp:attachment":[{"href":"https:\/\/siokorhaz.hu\/index.php?rest_route=%2Fwp%2Fv2%2Fmedia&parent=4272"}],"curies":[{"name":"wp","href":"https:\/\/api.w.org\/{rel}","templated":true}]}}