{"id":4264,"date":"2025-02-04T11:45:16","date_gmt":"2025-02-04T10:45:16","guid":{"rendered":"http:\/\/169.254.1.50\/?page_id=4264"},"modified":"2025-06-16T19:08:41","modified_gmt":"2025-06-16T19:08:41","slug":"elementor-oldal-4264","status":"publish","type":"page","link":"https:\/\/siokorhaz.hu\/?page_id=4264","title":{"rendered":"Diabetol\u00f3gia"},"content":{"rendered":"<p>Rendel\u0151i ell\u00e1t\u00e1s keret\u00e9ben a cukorbetegek gondoz\u00e1s\u00e1t, oktat\u00e1s\u00e1t (di\u00e9t\u00e1s,\u00e9letm\u00f3di, inzulinoz\u00e1s,v\u00e9rcukor m\u00e9r\u00e9s stb.) v\u00e9gezz\u00fck.\u00a0<\/p>\n<p><strong>Rendel:\u00a0<\/strong><\/p>\n<ul>\n<li>Dr. Dob\u00f3 Edit diabetol\u00f3gus szakorvos<\/li>\n<\/ul>\n<p>\u00a0<strong>Szakasszisztensek:\u00a0<\/strong><\/p>\n<ul>\n<li>M\u00e9sz\u00e1ros R\u00f3za,\u00a0<\/li>\n<li>Sarnyai Andrea<\/li>\n<\/ul>\n<p><strong>Rendel\u00e9si id\u0151<\/strong><\/p>\n<ul>\n<li>kedd, szerda, cs\u00fct\u00f6rt\u00f6k 9:00-12:00<\/li>\n<\/ul>\n\n\n<p class=\"has-text-align-center\"><strong>Rendel\u0151 orvosaink<\/strong><\/p>\n\n\n\n<figure class=\"wp-block-table\"><table class=\"has-fixed-layout\"><thead><tr><th>h\u00e9tf\u0151<\/th><th>kedd<\/th><th>szerda<\/th><th>cs\u00fct\u00f6rt\u00f6k<\/th><th>p\u00e9ntek<\/th><\/tr><\/thead><tbody><tr><td>Dr. Brasny\u00f3 P\u00e1l,<br>Dr. Pint\u00e9r Istv\u00e1n PhD\u00a0<\/td><td>Dr. Dob\u00f3 Edit<\/td><td>Dr. Dob\u00f3 Edit<\/td><td>Dr. Dob\u00f3 Edit<\/td><td>Dr. Brasny\u00f3 P\u00e1l<\/td><\/tr><\/tbody><\/table><\/figure>\n\n\n\n<div style=\"color:#ddd\" class=\"wp-block-genesis-blocks-gb-spacer gb-block-spacer gb-divider-solid gb-divider-size-1\"><hr style=\"height:30px\"\/><\/div>\n\n\n\n<div style=\"color:#32373c;background-color:#00d1b2\" class=\"wp-block-genesis-blocks-gb-notice gb-font-size-18 gb-block-notice\" data-id=\"5e5432\"><div class=\"gb-notice-text\" style=\"border-color:#00d1b2\"><div data-post-id=\"5006\" class=\"insert-page insert-page-5006 \"><h2>Diabetol\u00f3giai szakrendel\u00e9s<\/h2>\t\t\t\t\n\t\t\t\t\t\t\t\t\t\t\t\t\t\t\t<img loading=\"lazy\" decoding=\"async\" width=\"1024\" height=\"724\" src=\"https:\/\/siokorhaz.hu\/wp-content\/uploads\/2025\/01\/korhaz_epuletek-1024x724.png\" alt=\"\" srcset=\"https:\/\/siokorhaz.hu\/wp-content\/uploads\/2025\/01\/korhaz_epuletek-1024x724.png 1024w, https:\/\/siokorhaz.hu\/wp-content\/uploads\/2025\/01\/korhaz_epuletek-300x212.png 300w, https:\/\/siokorhaz.hu\/wp-content\/uploads\/2025\/01\/korhaz_epuletek-768x543.png 768w, https:\/\/siokorhaz.hu\/wp-content\/uploads\/2025\/01\/korhaz_epuletek-750x530.png 750w, https:\/\/siokorhaz.hu\/wp-content\/uploads\/2025\/01\/korhaz_epuletek-540x382.png 540w, https:\/\/siokorhaz.hu\/wp-content\/uploads\/2025\/01\/korhaz_epuletek.png 1110w\" sizes=\"auto, (max-width: 1024px) 100vw, 1024px\" \/>\t\t\t\t\t\t\t\t\t\t\t\t\t\t\t\n\t\t<table>\n<thead>\n<tr>\n<th colspan=\"2\">RENDEL\u00c9SI ID\u0150<\/th>\n<\/tr>\n<\/thead>\n<tbody>\n<tr>\n<td>H\u00c9TF\u0150<\/td>\n<td>&#8211;<\/td>\n<\/tr>\n<tr>\n<td>KEDD<\/td>\n<td>8<sup>30<\/sup> &#8211; 11<sup>00<\/sup><\/td>\n<\/tr>\n<tr>\n<td>SZERDA<\/td>\n<td>8<sup>30<\/sup> &#8211; 11<sup>00<\/sup><\/td>\n<\/tr>\n<tr>\n<td>CS\u00dcT\u00d6RT\u00d6K<\/td>\n<td>8<sup>30<\/sup> &#8211; 11<sup>00<\/sup><\/td>\n<\/tr>\n<tr>\n<td>P\u00c9NTEK<\/td>\n<td>&#8211;<\/td>\n<\/tr>\n<\/tbody>\n<\/table><p style=\"text-align: center;\"><a href=\"#\">Rendel\u00e9s Helye\nKor\u00e1nyi S. u. 12\/a B. Braun dial\u00edzis k\u00f6zpont<\/a><\/p><p style=\"text-align: center;\"><a href=\"#\">K\u00f6zponti el\u0151jegyz\u00e9s<br \/>84\/501-793<br \/><\/a><\/p><p style=\"text-align: center;\"><a href=\"#\">Telefon<br \/>84\/501 720<br \/><\/a><\/p><p style=\"text-align: center;\"><a href=\"#\">E-mail\ndiab@siokorhaz.hu\n<\/a><\/p><p style=\"text-align: center;\"><a href=\"#\">Beutal\u00f3 k\u00f6teles<br \/>igen<br \/><\/a><\/p><\/div>\n<\/div><\/div>\n","protected":false},"excerpt":{"rendered":"<p>Rendel\u0151i ell\u00e1t\u00e1s keret\u00e9ben a cukorbetegek gondoz\u00e1s\u00e1t, oktat\u00e1s\u00e1t (di\u00e9t\u00e1s,\u00e9letm\u00f3di, inzulinoz\u00e1s,v\u00e9rcukor m\u00e9r\u00e9s stb.) v\u00e9gezz\u00fck.\u00a0 Rendel:\u00a0 Dr. Dob\u00f3 Edit diabetol\u00f3gus szakorvos \u00a0Szakasszisztensek:\u00a0 M\u00e9sz\u00e1ros R\u00f3za,\u00a0 Sarnyai Andrea Rendel\u00e9si id\u0151 kedd, szerda, cs\u00fct\u00f6rt\u00f6k 9:00-12:00 Rendel\u0151 orvosaink h\u00e9tf\u0151 kedd szerda cs\u00fct\u00f6rt\u00f6k p\u00e9ntek Dr. Brasny\u00f3 P\u00e1l,Dr. Pint\u00e9r Istv\u00e1n PhD\u00a0 Dr. Dob\u00f3 Edit Dr. Dob\u00f3 Edit Dr. Dob\u00f3 Edit Dr. Brasny\u00f3 P\u00e1l<\/p>\n","protected":false},"author":1,"featured_media":4706,"parent":0,"menu_order":0,"comment_status":"closed","ping_status":"closed","template":"","meta":{"_genesis_hide_title":false,"_genesis_hide_breadcrumbs":false,"_genesis_hide_singular_image":false,"_genesis_hide_footer_widgets":false,"_genesis_custom_body_class":"","_genesis_custom_post_class":"","_genesis_layout":"","footnotes":""},"class_list":{"0":"post-4264","1":"page","2":"type-page","3":"status-publish","4":"has-post-thumbnail","6":"entry"},"featured_image_src":"https:\/\/siokorhaz.hu\/wp-content\/uploads\/2025\/02\/FID-1024x576-1-600x400.png","featured_image_src_square":"https:\/\/siokorhaz.hu\/wp-content\/uploads\/2025\/02\/FID-1024x576-1-600x576.png","_links":{"self":[{"href":"https:\/\/siokorhaz.hu\/index.php?rest_route=\/wp\/v2\/pages\/4264","targetHints":{"allow":["GET"]}}],"collection":[{"href":"https:\/\/siokorhaz.hu\/index.php?rest_route=\/wp\/v2\/pages"}],"about":[{"href":"https:\/\/siokorhaz.hu\/index.php?rest_route=\/wp\/v2\/types\/page"}],"author":[{"embeddable":true,"href":"https:\/\/siokorhaz.hu\/index.php?rest_route=\/wp\/v2\/users\/1"}],"replies":[{"embeddable":true,"href":"https:\/\/siokorhaz.hu\/index.php?rest_route=%2Fwp%2Fv2%2Fcomments&post=4264"}],"version-history":[{"count":3,"href":"https:\/\/siokorhaz.hu\/index.php?rest_route=\/wp\/v2\/pages\/4264\/revisions"}],"predecessor-version":[{"id":6659,"href":"https:\/\/siokorhaz.hu\/index.php?rest_route=\/wp\/v2\/pages\/4264\/revisions\/6659"}],"wp:featuredmedia":[{"embeddable":true,"href":"https:\/\/siokorhaz.hu\/index.php?rest_route=\/wp\/v2\/media\/4706"}],"wp:attachment":[{"href":"https:\/\/siokorhaz.hu\/index.php?rest_route=%2Fwp%2Fv2%2Fmedia&parent=4264"}],"curies":[{"name":"wp","href":"https:\/\/api.w.org\/{rel}","templated":true}]}}