{"id":4230,"date":"2025-02-04T11:07:19","date_gmt":"2025-02-04T10:07:19","guid":{"rendered":"http:\/\/169.254.1.50\/?page_id=4230"},"modified":"2025-06-16T18:59:53","modified_gmt":"2025-06-16T18:59:53","slug":"borgyogyaszat","status":"publish","type":"page","link":"https:\/\/siokorhaz.hu\/?page_id=4230","title":{"rendered":"B\u0151rgy\u00f3gy\u00e1szat"},"content":{"rendered":"<p>Betegfogad\u00e1s &#8211; a s\u00fcrg\u0151ss\u00e9gi esetek kiv\u00e9tel\u00e9vel &#8211; k\u00f6telez\u0151 el\u0151jegyz\u00e9s alapj\u00e1n.\u00a0<strong>Id\u0151pont k\u00e9r\u00e9s, bejelentkez\u00e9s a K\u00f6zponti inform\u00e1ci\u00f3ban: +36 84 501 793<\/strong><\/p>\n<h3>A gondoz\u00f3 tev\u00e9kenys\u00e9gi k\u00f6re :<\/h3>\n<ul>\n<li>a b\u0151r\u00f6n megjelen\u0151 betegs\u00e9gek diagnosztiz\u00e1l\u00e1sa \u00e9s kezel\u00e9se (h\u00e1tt\u00e9rkivizsg\u00e1l\u00e1s),<\/li>\n<li>rendszeres anyajegy sz\u0171r\u00e9s,<\/li>\n<li>b\u0151rdaganatok felismer\u00e9se \u00e9s a\u00a0 betegek megfelel\u0151 int\u00e9zeti kezel\u00e9s\u00e9nek megszervez\u00e9se, valamint gondoz\u00e1sa,<\/li>\n<li>kr\u00f3nikus b\u0151rbetegs\u00e9gek &#8211; pikkelys\u00f6m\u00f6r, l\u00e1bsz\u00e1rfek\u00e9ly \u2013 gondoz\u00e1sa,<\/li>\n<li>kisebb kozmetol\u00f3giai m\u0171t\u00e9tek elv\u00e9gz\u00e9se,<\/li>\n<li>nemi betegs\u00e9gek k\u00f3risn\u00e9z\u00e9se \u00e9s gondoz\u00e1sa,<\/li>\n<li>f\u00e9nyter\u00e1pia \u00e9s PUVA kezel\u00e9s elv\u00e9gz\u00e9se megfelel\u0151 indik\u00e1ci\u00f3 alapj\u00e1n.<\/li>\n<\/ul>\n<h3 style=\"text-align: center;\"><strong>Rendel\u0151 orvosaink<\/strong><\/h3>\n\n\n<figure class=\"wp-block-table\"><table class=\"has-fixed-layout\"><thead><tr><th>h\u00e9tf\u0151<\/th><th>kedd<\/th><th>szerda<\/th><th>cs\u00fct\u00f6rt\u00f6k<\/th><th>p\u00e9ntek<\/th><\/tr><\/thead><tbody><tr><td><\/td><td>Dr. Kutasi Zsuzsanna<\/td><td>Dr. Kutasi Zsuzsanna<\/td><td><\/td><td><\/td><\/tr><\/tbody><\/table><\/figure>\n\n\n\n<div style=\"color:#ddd\" class=\"wp-block-genesis-blocks-gb-spacer gb-block-spacer gb-divider-solid gb-divider-size-1\"><hr style=\"height:30px\"\/><\/div>\n\n\n\n<div style=\"background-color:#f2f2f2;color:#32373c\" class=\"wp-block-genesis-blocks-gb-profile-box square gb-has-avatar gb-font-size-18 gb-block-profile gb-profile-columns\"><div class=\"gb-profile-column gb-profile-avatar-wrap\"><div class=\"gb-profile-image-wrap\"><figure class=\"gb-profile-image-square\"><img loading=\"lazy\" decoding=\"async\" width=\"256\" height=\"256\" class=\"gb-profile-avatar wp-image-6192\" src=\"https:\/\/siokorhaz.hu\/wp-content\/uploads\/2025\/05\/Icons-Land-Medical-People-Doctor-Female.256.png\" alt=\"\" srcset=\"https:\/\/siokorhaz.hu\/wp-content\/uploads\/2025\/05\/Icons-Land-Medical-People-Doctor-Female.256.png 256w, https:\/\/siokorhaz.hu\/wp-content\/uploads\/2025\/05\/Icons-Land-Medical-People-Doctor-Female.256-150x150.png 150w\" sizes=\"auto, (max-width: 256px) 100vw, 256px\" \/><\/figure><\/div><\/div><div class=\"gb-profile-column gb-profile-content-wrap\"><h2 class=\"gb-profile-name\" style=\"color:#32373c\">Dr. Kutasi Zsuzsanna<\/h2><p class=\"gb-profile-title\" style=\"color:#32373c\"><\/p><div class=\"gb-profile-text\">kedd-szerda 08.00-14.00<\/div><ul class=\"gb-social-links\"><\/ul><\/div><\/div>\n\n\n\n<div style=\"color:#ddd\" class=\"wp-block-genesis-blocks-gb-spacer gb-block-spacer gb-divider-solid gb-divider-size-1\"><hr style=\"height:30px\"\/><\/div>\n\n\n\n<div style=\"color:#32373c;background-color:#00d1b2\" class=\"wp-block-genesis-blocks-gb-notice gb-font-size-18 gb-block-notice\" data-id=\"5e5432\"><div class=\"gb-notice-text\" style=\"border-color:#00d1b2\"><div data-post-id=\"5001\" class=\"insert-page insert-page-5001 \"><h2>B\u0151r- \u00e9s nemibeteg gondoz\u00f3 \u00e9s szakrendel\u00e9s<\/h2>\t\t\t\t\n\t\t\t\t\t\t\t\t\t\t\t\t\t\t\t<img loading=\"lazy\" decoding=\"async\" width=\"1024\" height=\"724\" src=\"https:\/\/siokorhaz.hu\/wp-content\/uploads\/2025\/01\/korhaz_epuletek-1024x724.png\" alt=\"\" srcset=\"https:\/\/siokorhaz.hu\/wp-content\/uploads\/2025\/01\/korhaz_epuletek-1024x724.png 1024w, https:\/\/siokorhaz.hu\/wp-content\/uploads\/2025\/01\/korhaz_epuletek-300x212.png 300w, https:\/\/siokorhaz.hu\/wp-content\/uploads\/2025\/01\/korhaz_epuletek-768x543.png 768w, https:\/\/siokorhaz.hu\/wp-content\/uploads\/2025\/01\/korhaz_epuletek-750x530.png 750w, https:\/\/siokorhaz.hu\/wp-content\/uploads\/2025\/01\/korhaz_epuletek-540x382.png 540w, https:\/\/siokorhaz.hu\/wp-content\/uploads\/2025\/01\/korhaz_epuletek.png 1110w\" sizes=\"auto, (max-width: 1024px) 100vw, 1024px\" \/>\t\t\t\t\t\t\t\t\t\t\t\t\t\t\t\n\t\t<table>\n<thead>\n<tr>\n<th colspan=\"2\">RENDEL\u00c9SI ID\u0150<\/th>\n<\/tr>\n<\/thead>\n<tbody>\n<tr>\n<td>H\u00c9TF\u0150<\/td>\n<td>&#8211;<\/td>\n<\/tr>\n<tr>\n<td>KEDD<\/td>\n<td>\u00a08<sup>00<\/sup> &#8211; 14<sup>00<\/sup><\/td>\n<\/tr>\n<tr>\n<td>SZERDA<\/td>\n<td>8<sup>00<\/sup> &#8211; 14<sup>00<\/sup><\/td>\n<\/tr>\n<tr>\n<td>CS\u00dcT\u00d6RT\u00d6K<\/td>\n<td>&#8211;<\/td>\n<\/tr>\n<tr>\n<td>P\u00c9NTEK<\/td>\n<td>&#8211;<\/td>\n<\/tr>\n<\/tbody>\n<\/table><p style=\"text-align: center;\"><a href=\"#\">Rendel\u00e9s Helye\nF\u0151\u00e9p\u00fclet, A sz\u00e1rny, f\u00f6ldszint<\/a><\/p><p style=\"text-align: center;\"><a href=\"#\">K\u00f6zponti el\u0151jegyz\u00e9s<br \/>84\/501-793<br \/><\/a><\/p><p style=\"text-align: center;\"><a href=\"#\">E-mail\nborgyogyaszat@siokorhaz.hu\n<\/a><\/p><p style=\"text-align: center;\"><a href=\"#\">Beutal\u00f3 k\u00f6teles<br \/>nem<br \/><\/a><\/p><\/div>\n<\/div><\/div>\n","protected":false},"excerpt":{"rendered":"<p>Betegfogad\u00e1s &#8211; a s\u00fcrg\u0151ss\u00e9gi esetek kiv\u00e9tel\u00e9vel &#8211; k\u00f6telez\u0151 el\u0151jegyz\u00e9s alapj\u00e1n.\u00a0Id\u0151pont k\u00e9r\u00e9s, bejelentkez\u00e9s a K\u00f6zponti inform\u00e1ci\u00f3ban: +36 84 501 793 A gondoz\u00f3 tev\u00e9kenys\u00e9gi k\u00f6re : a b\u0151r\u00f6n megjelen\u0151 betegs\u00e9gek diagnosztiz\u00e1l\u00e1sa \u00e9s kezel\u00e9se (h\u00e1tt\u00e9rkivizsg\u00e1l\u00e1s), rendszeres anyajegy sz\u0171r\u00e9s, b\u0151rdaganatok felismer\u00e9se \u00e9s a\u00a0 betegek megfelel\u0151 int\u00e9zeti kezel\u00e9s\u00e9nek megszervez\u00e9se, valamint gondoz\u00e1sa, kr\u00f3nikus b\u0151rbetegs\u00e9gek &#8211; pikkelys\u00f6m\u00f6r, l\u00e1bsz\u00e1rfek\u00e9ly \u2013 gondoz\u00e1sa, kisebb kozmetol\u00f3giai [&hellip;]<\/p>\n","protected":false},"author":1,"featured_media":4702,"parent":0,"menu_order":0,"comment_status":"closed","ping_status":"closed","template":"","meta":{"_genesis_hide_title":false,"_genesis_hide_breadcrumbs":false,"_genesis_hide_singular_image":false,"_genesis_hide_footer_widgets":false,"_genesis_custom_body_class":"","_genesis_custom_post_class":"","_genesis_layout":"","footnotes":""},"class_list":{"0":"post-4230","1":"page","2":"type-page","3":"status-publish","4":"has-post-thumbnail","6":"entry"},"featured_image_src":"https:\/\/siokorhaz.hu\/wp-content\/uploads\/2025\/02\/skin-exam-mole-600x400.jpg","featured_image_src_square":"https:\/\/siokorhaz.hu\/wp-content\/uploads\/2025\/02\/skin-exam-mole-600x600.jpg","_links":{"self":[{"href":"https:\/\/siokorhaz.hu\/index.php?rest_route=\/wp\/v2\/pages\/4230","targetHints":{"allow":["GET"]}}],"collection":[{"href":"https:\/\/siokorhaz.hu\/index.php?rest_route=\/wp\/v2\/pages"}],"about":[{"href":"https:\/\/siokorhaz.hu\/index.php?rest_route=\/wp\/v2\/types\/page"}],"author":[{"embeddable":true,"href":"https:\/\/siokorhaz.hu\/index.php?rest_route=\/wp\/v2\/users\/1"}],"replies":[{"embeddable":true,"href":"https:\/\/siokorhaz.hu\/index.php?rest_route=%2Fwp%2Fv2%2Fcomments&post=4230"}],"version-history":[{"count":5,"href":"https:\/\/siokorhaz.hu\/index.php?rest_route=\/wp\/v2\/pages\/4230\/revisions"}],"predecessor-version":[{"id":6639,"href":"https:\/\/siokorhaz.hu\/index.php?rest_route=\/wp\/v2\/pages\/4230\/revisions\/6639"}],"wp:featuredmedia":[{"embeddable":true,"href":"https:\/\/siokorhaz.hu\/index.php?rest_route=\/wp\/v2\/media\/4702"}],"wp:attachment":[{"href":"https:\/\/siokorhaz.hu\/index.php?rest_route=%2Fwp%2Fv2%2Fmedia&parent=4230"}],"curies":[{"name":"wp","href":"https:\/\/api.w.org\/{rel}","templated":true}]}}