{"id":4178,"date":"2025-02-03T15:23:39","date_gmt":"2025-02-03T14:23:39","guid":{"rendered":"http:\/\/169.254.1.50\/?page_id=4178"},"modified":"2025-08-18T13:16:57","modified_gmt":"2025-08-18T13:16:57","slug":"tudogyogyaszati-szakrendeles-es-gondozo","status":"publish","type":"page","link":"https:\/\/siokorhaz.hu\/?page_id=4178","title":{"rendered":"T\u00fcd\u0151gy\u00f3gy\u00e1szati szakrendel\u00e9s \u00e9s gondoz\u00f3"},"content":{"rendered":"<p><strong>T\u00fcd\u0151gy\u00f3gy\u00e1szati szakrendel\u00e9s \u00e9s gondoz\u00f3 <\/strong><\/p>\n<p>A si\u00f3foki t\u00fcd\u0151gondoz\u00f3 a F\u0151 u. 132 sz. alatt tal\u00e1lhat\u00f3. A t\u00fcd\u0151gondoz\u00f3ban szakrendel\u00e9s \u00e9s t\u00fcd\u0151sz\u0171r\u00e9s m\u0171k\u00f6dik, munkanapokon 7.00 \u00e9s 13.00 \u00f3ra k\u00f6z\u00f6tt.<\/p>\n<p>A szakrendel\u00e9sre a gondozott betegeinkt\u0151l nem k\u00e9r\u00fcnk beutal\u00f3t (asthma bronchiale, COPD, rhinitis allergica, t\u00fcd\u0151tumor, t\u00fcd\u0151tbc.). Az \u00faj betegek h\u00e1ziorvosi, vagy m\u00e1s szakrendel\u00e9sr\u0151l hozott beutal\u00f3val jelentkezhetnek.<\/p>\n<p>Szakrendel\u00e9s\u00fcnk\u00f6n mellkas r\u00f6ntgenfelv\u00e9tel, mellkas \u00e1tvil\u00e1g\u00edt\u00e1s, l\u00e9gz\u00e9sfunkci\u00f3s vizsg\u00e1lat, allergol\u00f3giai vizsg\u00e1lat, oxig\u00e9n saturatio m\u00e9r\u00e9s\u00e9re van lehet\u0151s\u00e9g.<\/p>\n<p>V\u00e9gz\u00fcnk helyi inhal\u00e1ci\u00f3s kezel\u00e9st, valamint az inhal\u00e1ci\u00f3s eszk\u00f6z\u00f6k betan\u00edt\u00e1sa, azok helyes haszn\u00e1lat\u00e1nak ellen\u0151rz\u00e9se a szakdolgoz\u00f3k \u00e1ltal minden betegn\u00e9l megt\u00f6rt\u00e9nik.<\/p>\n<p>Otthoni oxig\u00e9n kezel\u00e9s elb\u00edr\u00e1l\u00e1s\u00e1ra, annak javaslat\u00e1ra \u00e9s recept fel\u00edr\u00e1sra van m\u00f3d. Lesz\u00e1zal\u00e9kol\u00e1s el\u0151tt \u00e1ll\u00f3 betegekn\u00e9l r\u00f6ntgenfelv\u00e9telt \u00e9s l\u00e9gz\u00e9sfunkci\u00f3s vizsg\u00e1latot v\u00e9gz\u00fcnk.<\/p>\n<p>Ha sz\u00fcks\u00e9ges, m\u00f3dunkban \u00e1ll mellkas CT vizsg\u00e1latra beutalni a betegeket. Tov\u00e1bbi t\u00fcd\u0151gy\u00f3gy\u00e1szati kivizsg\u00e1l\u00e1sra a KMOK Kaposv\u00e1r akt\u00edv pulmonol\u00f3giai oszt\u00e1ly\u00e1ra k\u00fcldj\u00fck a p\u00e1cienseket.<\/p>\n<p>A gondoz\u00f3 foglalkozik egy\u00e9ni doh\u00e1nyz\u00e1s leszoktat\u00e1ssal is.<\/p>\n<p>A betegek ell\u00e1t\u00e1sa el\u0151jegyz\u00e9s alapj\u00e1n t\u00f6rt\u00e9nik a 06-84\/501-793 telefonsz\u00e1mon. El\u0151nyben r\u00e9szes\u00edtj\u00fck a s\u00fcrg\u0151s eseteket (v\u00e9rk\u00f6p\u00e9s, mellkasi f\u00e1jdalom, acut fullad\u00e1s).<\/p>\n<p>Az elv\u00e9gzett vizsg\u00e1latok eredm\u00e9ny\u00e9r\u0151l azonnal leletet kap a beteg.<\/p>\n<p>A <strong>t\u00fcd\u0151sz\u0171r\u0151 \u00e1llom\u00e1son<\/strong> minden munkanapon v\u00e9gz\u00fcnk sz\u0171r\u0151vizsg\u00e1latot, diagnosztikus \u00e9s munkaalkalmass\u00e1g c\u00e9lj\u00e1b\u00f3l. A leletek kiad\u00e1sa 48, max. 72 \u00f3r\u00e1n bel\u00fcl t\u00f6rt\u00e9nik.<\/p>\n<p>A szakrendel\u00e9sen ell\u00e1t\u00e1si ter\u00fclet\u00fcnkh\u00f6z tartoz\u00f3 betegeket l\u00e1tjuk el, de kiv\u00e9teles esetekben fogadjuk a ter\u00fcleti ell\u00e1t\u00e1si k\u00f6telezetts\u00e9g\u00fcnk\u00f6n k\u00edv\u00fcl es\u0151 betegeket is (szakrendel\u00e9s sz\u00fcnetel\u00e9se, szakorvos hi\u00e1ny). A t\u00fcd\u0151sz\u0171r\u0151 \u00e1llom\u00e1son a m\u00e1s megy\u00e9b\u0151l \u00e9rkez\u0151ket is fogadjuk.<\/p>\n<p>Gondoz\u00f3vezet\u0151 f\u0151orvos: Dr. Bartha Anna<\/p>\n<p>Vezet\u0151 asszisztens: Kadlicsk\u00f3- Sz\u00e9n\u00e1si Ibolya<\/p>\n<p><strong>T\u00fcd\u0151gy\u00f3gy\u00e1szati szakrendel\u00e9s \u00e9s gondoz\u00f3 elhelyezked\u00e9se, el\u00e9rhet\u0151s\u00e9gek<\/strong><\/p>\n<p>Si\u00f3foki K\u00f3rh\u00e1z-Rendel\u0151int\u00e9zet<\/p>\n<p>8600 Si\u00f3fok, F\u0151 u. 132.<\/p>\n<p>Telefon: +36 84 310 098<\/p>\n<p>E-mail: tudo@siokorhaz.hu<\/p>\n<p><strong>Rendel\u00e9si id\u0151:<\/strong><\/p>\n<p><strong>T\u00fcd\u0151gy\u00f3gy\u00e1szati szakrendel\u00e9s \u00e9s T\u00fcd\u0151gondoz\u00f3:\u00a0 Munkanapokon 7-13 \u00f3r\u00e1ig<\/strong><\/p>\n<div data-post-id=\"5168\" class=\"insert-page insert-page-5168 \"><h2>T\u00fcd\u0151gy\u00f3gy\u00e1szati szakrendel\u00e9s<\/h2>\n<p>\u00a0<\/p>\n<table>\n<thead>\n<tr>\n<th colspan=\"2\">RENDEL\u00c9SI ID\u0150<\/th>\n<\/tr>\n<\/thead>\n<tbody>\n<tr>\n<td>H\u00c9TF\u0150<\/td>\n<td>7<sup>00<\/sup> &#8211; 13<sup>00<\/sup><\/td>\n<\/tr>\n<tr>\n<td>KEDD<\/td>\n<td>7<sup>00<\/sup> &#8211; 13<sup>00<\/sup><\/td>\n<\/tr>\n<tr>\n<td>SZERDA<\/td>\n<td>7<sup>00<\/sup> &#8211; 13<sup>00<\/sup><\/td>\n<\/tr>\n<tr>\n<td>CS\u00dcT\u00d6RT\u00d6K<\/td>\n<td>7<sup>00<\/sup> &#8211; 13<sup>00<\/sup><\/td>\n<\/tr>\n<tr>\n<td>P\u00c9NTEK<\/td>\n<td>7<sup>00<\/sup> &#8211; 13<sup>00<\/sup><\/td>\n<\/tr>\n<\/tbody>\n<\/table>\n<p style=\"text-align: center;\"><a href=\"#\">Rendel\u00e9s Helye<br \/>F\u0151 u. 132.<\/a><\/p>\n<p style=\"text-align: center;\"><a href=\"#\">K\u00f6zponti el\u0151jegyz\u00e9s<br \/>84\/501-793<br \/><\/a><\/p>\n<p style=\"text-align: center;\"><a href=\"#\">Telefon<br \/>84\/310-098<br \/><\/a><\/p>\n<p style=\"text-align: center;\"><a href=\"#\">E-mail<br \/>tudo@siokorhaz.hu<br \/><\/a><\/p>\n<p style=\"text-align: center;\"><a href=\"#\">Beutal\u00f3 k\u00f6teles<br \/>igen<br \/><\/a><\/p>\n\n\n<figure class=\"wp-block-image size-full is-resized is-style-default\"><img loading=\"lazy\" decoding=\"async\" width=\"426\" height=\"240\" src=\"https:\/\/siokorhaz.hu\/wp-content\/uploads\/2025\/06\/tudogondozo_utca_kep.jpg\" alt=\"\" class=\"wp-image-6571\" style=\"width:780px;height:auto\" srcset=\"https:\/\/siokorhaz.hu\/wp-content\/uploads\/2025\/06\/tudogondozo_utca_kep.jpg 426w, https:\/\/siokorhaz.hu\/wp-content\/uploads\/2025\/06\/tudogondozo_utca_kep-300x169.jpg 300w\" sizes=\"auto, (max-width: 426px) 100vw, 426px\" \/><\/figure>\n<\/div>\n","protected":false},"excerpt":{"rendered":"<p>T\u00fcd\u0151gy\u00f3gy\u00e1szati szakrendel\u00e9s \u00e9s gondoz\u00f3 A si\u00f3foki t\u00fcd\u0151gondoz\u00f3 a F\u0151 u. 132 sz. alatt tal\u00e1lhat\u00f3. A t\u00fcd\u0151gondoz\u00f3ban szakrendel\u00e9s \u00e9s t\u00fcd\u0151sz\u0171r\u00e9s m\u0171k\u00f6dik, munkanapokon 7.00 \u00e9s 13.00 \u00f3ra k\u00f6z\u00f6tt. A szakrendel\u00e9sre a gondozott betegeinkt\u0151l nem k\u00e9r\u00fcnk beutal\u00f3t (asthma bronchiale, COPD, rhinitis allergica, t\u00fcd\u0151tumor, t\u00fcd\u0151tbc.). Az \u00faj betegek h\u00e1ziorvosi, vagy m\u00e1s szakrendel\u00e9sr\u0151l hozott beutal\u00f3val jelentkezhetnek. Szakrendel\u00e9s\u00fcnk\u00f6n mellkas r\u00f6ntgenfelv\u00e9tel, mellkas [&hellip;]<\/p>\n","protected":false},"author":1,"featured_media":4745,"parent":0,"menu_order":0,"comment_status":"closed","ping_status":"closed","template":"","meta":{"_genesis_hide_title":false,"_genesis_hide_breadcrumbs":false,"_genesis_hide_singular_image":false,"_genesis_hide_footer_widgets":false,"_genesis_custom_body_class":"","_genesis_custom_post_class":"","_genesis_layout":"","footnotes":""},"class_list":{"0":"post-4178","1":"page","2":"type-page","3":"status-publish","4":"has-post-thumbnail","6":"entry"},"featured_image_src":"https:\/\/siokorhaz.hu\/wp-content\/uploads\/2025\/02\/Pulmonology.webp","featured_image_src_square":"https:\/\/siokorhaz.hu\/wp-content\/uploads\/2025\/02\/Pulmonology.webp","_links":{"self":[{"href":"https:\/\/siokorhaz.hu\/index.php?rest_route=\/wp\/v2\/pages\/4178","targetHints":{"allow":["GET"]}}],"collection":[{"href":"https:\/\/siokorhaz.hu\/index.php?rest_route=\/wp\/v2\/pages"}],"about":[{"href":"https:\/\/siokorhaz.hu\/index.php?rest_route=\/wp\/v2\/types\/page"}],"author":[{"embeddable":true,"href":"https:\/\/siokorhaz.hu\/index.php?rest_route=\/wp\/v2\/users\/1"}],"replies":[{"embeddable":true,"href":"https:\/\/siokorhaz.hu\/index.php?rest_route=%2Fwp%2Fv2%2Fcomments&post=4178"}],"version-history":[{"count":1,"href":"https:\/\/siokorhaz.hu\/index.php?rest_route=\/wp\/v2\/pages\/4178\/revisions"}],"predecessor-version":[{"id":6745,"href":"https:\/\/siokorhaz.hu\/index.php?rest_route=\/wp\/v2\/pages\/4178\/revisions\/6745"}],"wp:featuredmedia":[{"embeddable":true,"href":"https:\/\/siokorhaz.hu\/index.php?rest_route=\/wp\/v2\/media\/4745"}],"wp:attachment":[{"href":"https:\/\/siokorhaz.hu\/index.php?rest_route=%2Fwp%2Fv2%2Fmedia&parent=4178"}],"curies":[{"name":"wp","href":"https:\/\/api.w.org\/{rel}","templated":true}]}}