{"id":4157,"date":"2025-02-03T15:14:39","date_gmt":"2025-02-03T14:14:39","guid":{"rendered":"http:\/\/169.254.1.50\/?page_id=4157"},"modified":"2025-06-03T09:33:27","modified_gmt":"2025-06-03T09:33:27","slug":"sebeszeti-szakrendeles","status":"publish","type":"page","link":"https:\/\/siokorhaz.hu\/?page_id=4157","title":{"rendered":"Seb\u00e9szeti szakrendel\u00e9s"},"content":{"rendered":"<p><strong>Seb\u00e9szeti szakrendel\u00e9s <\/strong><\/p>\n<p>A szakrendel\u00e9sen a rendel\u00e9si id\u0151ben mindig szakorvos l\u00e1tja el a betegeket. Azon seb\u00e9szeti jelleg\u0171 probl\u00e9m\u00e1val jelentkez\u0151 betegek ell\u00e1t\u00e1sa folyik, akik ak\u00e1r saj\u00e1t sz\u00e1nd\u00e9kukb\u00f3l, ak\u00e1r csal\u00e1dorvosi, vagy rendel\u0151int\u00e9zeti beutal\u00f3val keresik fel a szakrendel\u00e9st.<\/p>\n<p>A szakrendel\u00e9sen foly\u00f3 vizsg\u00e1lat d\u00f6nti el, hogy bent fekv\u00e9st ig\u00e9nyl\u0151, vagy ambul\u00e1ns ell\u00e1t\u00e1sra van-e sz\u00fcks\u00e9g.<\/p>\n<p>Itt t\u00f6rt\u00e9nik az \u00e1ltal\u00e1nos seb\u00e9szet k\u00f6r\u00e9be sorolhat\u00f3 betegek m\u0171t\u00e9ti el\u0151jegyz\u00e9se, \u00e9s:<\/p>\n<p>&#8211; a preoperat\u00edv vizsg\u00e1lathoz sz\u00fcks\u00e9ges v\u00e9rminta lev\u00e9tele<\/p>\n<p>&#8211; a m\u0171t\u00e9t ut\u00e1n visszarendelt betegek sebeinek k\u00f6t\u00f6z\u00e9se \u00e9s ut\u00f3gondoz\u00e1sa.<\/p>\n<p>Sz\u00fcks\u00e9g eset\u00e9n a betegeket tov\u00e1bbir\u00e1ny\u00edtjuk m\u00e1s szakrendel\u00e9sre, vagy diagnosztikai r\u00e9szlegbe.<\/p>\n<p>A rendel\u00e9si id\u0151 alatt konz\u00edli\u00e1rusi tev\u00e9kenys\u00e9get is folytatunk.<\/p>\n<p>A tev\u00e9kenys\u00e9gi k\u00f6r\u00fcnkbe tartozik, az \u00fagynevezett ambul\u00e1ns kism\u0171t\u00e9tekre t\u00f6rt\u00e9n\u0151 r\u00f6vid t\u00e1v\u00fa el\u0151jegyz\u00e9s, majd a beavatkoz\u00e1s elv\u00e9gz\u00e9se.<\/p>\n<p>A szakrendel\u00e9s beutal\u00f3 n\u00e9lk\u00fcl ig\u00e9nybe vehet\u0151, azonban el\u0151zetes id\u0151pontfoglal\u00e1s (szem\u00e9lyesen a K\u00f6zponti Betegfelv\u00e9teli Irod\u00e1n vagy telefonon a 06 84 501-793 telefonsz\u00e1mon) \u00e9s bejelentkez\u00e9s sz\u00fcks\u00e9ges a betegfelv\u00e9teli pultn\u00e1l (F\u0151\u00e9p\u00fclet, F\u00f6ldszint, B\u00fcf\u00e9vel szemben).<\/p>\n<p><strong>A betegfelv\u00e9teln\u00e9l k\u00e9rj\u00fck, hozza mag\u00e1val:<\/strong><\/p>\n<ul>\n<li>TAJ k\u00e1rtya,<\/li>\n<li>betegs\u00e9g\u00e9vel kapcsolatos dokument\u00e1ci\u00f3 (kor\u00e1bbi leletek, z\u00e1r\u00f3jelent\u00e9sek, laboreredm\u00e9nyek stb.)<\/li>\n<li>gy\u00f3gyszereinek list\u00e1j\u00e1t.<\/li>\n<\/ul>\n<p><strong>Rendel\u00e9si id\u0151<\/strong><\/p>\n<p>H\u00e9tf\u0151t\u0151l \u2013 p\u00e9ntekig 08.00 \u2013 14.00<\/p>\n<p><strong>H\u00e9tf\u0151<\/strong><\/p>\n<p>08.00 \u2013 09.00 Dr. Nagy \u00c1kos Gy\u00f6rgy seb\u00e9sz, gasztroenterol\u00f3gus f\u0151orvos, oszt\u00e1lyvezet\u0151 f\u0151orvos<\/p>\n<p>Minden h\u00f3nap els\u0151 \u00e9s harmadik het\u00e9ben: 09.00 \u2013 14.00 Dr. Hoffmann Gy\u00f6ngyi seb\u00e9sz f\u0151orvos<\/p>\n<p><strong>Kedd<\/strong><\/p>\n<p>08.00 \u2013 14.00 Dr. Bogn\u00e1r J\u00e1nos seb\u00e9sz f\u0151orvos<\/p>\n<p><strong>Szerda<\/strong><\/p>\n<p>08.00 \u2013 14.00 Dr. Kom\u00f3csin Istv\u00e1n seb\u00e9sz adjunktus<\/p>\n<p><strong>Cs\u00fct\u00f6rt\u00f6k<\/strong><\/p>\n<p>08.00 \u2013 09.00 Dr. Nagy \u00c1kos Gy\u00f6rgy seb\u00e9sz, gasztroenterol\u00f3gus f\u0151orvos, oszt\u00e1lyvezet\u0151 f\u0151orvos<\/p>\n<p>09.00 \u2013 14.00 Dr. Hoffmann Gy\u00f6ngyi seb\u00e9sz f\u0151orvos<\/p>\n<p><strong>P\u00e9ntek<\/strong><\/p>\n<p>Dr. Ahmed Safar seb\u00e9sz f\u0151orvos \/ Dr. Fisseha Birhane seb\u00e9sz \u00e9s \u00e9rseb\u00e9sz szakorvos<\/p>\n<p><strong>Orvosok:<\/strong><\/p>\n<ul>\n<li>Nagy \u00c1kos Gy\u00f6rgy \u2013 seb\u00e9sz \u00e9s gasztroenterol\u00f3gus oszt\u00e1lyvezet\u0151 f\u0151orvos<\/li>\n<li>Ahmed Safar \u2013 seb\u00e9sz f\u0151orvos<\/li>\n<li>Hoffmann Gy\u00f6ngyi \u2013 seb\u00e9sz f\u0151orvos<\/li>\n<li>Farkas Imre \u2013 seb\u00e9sz \u00e9s gasztroenterol\u00f3gus f\u0151orvos<\/li>\n<li>Tak\u00e1ts K\u00e1roly \u2013 seb\u00e9sz f\u0151orvos<\/li>\n<li>Bogn\u00e1r J\u00e1nos \u2013 seb\u00e9sz f\u0151orvos<\/li>\n<li>Kom\u00f3csin Istv\u00e1n \u2013 seb\u00e9sz adjunktus<\/li>\n<li>Bogn\u00e1r G\u00e1bor \u2013 seb\u00e9sz szakorvosjel\u00f6lt<\/li>\n<li>Szab\u00f3 Debora \u2013 seb\u00e9sz rezidens orvos<\/li>\n<li>Gajdos Gergely \u2013 seb\u00e9sz rezidens orvos<\/li>\n<\/ul>\n<p><strong>Asszisztensek:<\/strong><\/p>\n<p>Horv\u00e1th L\u00e1szl\u00f3n\u00e9<\/p>\n<p>Kurdin\u00e9 Gomb\u00e1s Hermina<\/p>\n<p>Balask\u00f3n\u00e9 L\u00e1szl\u00f3 M\u00f3nika<\/p>\n<p>Szab\u00f3n\u00e9 B\u00e1nki Nikolett<\/p>\n<p>\u00a0<\/p>\n\n\n<div style=\"color:#ddd\" class=\"wp-block-genesis-blocks-gb-spacer gb-block-spacer gb-divider-solid gb-divider-size-1\"><hr style=\"height:30px\"\/><\/div>\n\n\n\n<div style=\"color:#32373c;background-color:#00d1b2\" class=\"wp-block-genesis-blocks-gb-notice gb-font-size-18 gb-block-notice\" data-id=\"5e5432\"><div class=\"gb-notice-text\" style=\"border-color:#00d1b2\"><div data-post-id=\"5150\" class=\"insert-page insert-page-5150 \"><h2>Seb\u00e9szeti szakrendel\u00e9s<\/h2>\t\t\t\t\n\t\t\t\t\t\t\t\t\t\t\t\t\t\t\t<img loading=\"lazy\" decoding=\"async\" width=\"1024\" height=\"724\" src=\"https:\/\/siokorhaz.hu\/wp-content\/uploads\/2025\/01\/korhaz_epuletek-1024x724.png\" alt=\"\" srcset=\"https:\/\/siokorhaz.hu\/wp-content\/uploads\/2025\/01\/korhaz_epuletek-1024x724.png 1024w, https:\/\/siokorhaz.hu\/wp-content\/uploads\/2025\/01\/korhaz_epuletek-300x212.png 300w, https:\/\/siokorhaz.hu\/wp-content\/uploads\/2025\/01\/korhaz_epuletek-768x543.png 768w, https:\/\/siokorhaz.hu\/wp-content\/uploads\/2025\/01\/korhaz_epuletek-750x530.png 750w, https:\/\/siokorhaz.hu\/wp-content\/uploads\/2025\/01\/korhaz_epuletek-540x382.png 540w, https:\/\/siokorhaz.hu\/wp-content\/uploads\/2025\/01\/korhaz_epuletek.png 1110w\" sizes=\"auto, (max-width: 1024px) 100vw, 1024px\" \/>\t\t\t\t\t\t\t\t\t\t\t\t\t\t\t\n\t\t<table><thead><tr><th colspan=\"2\">RENDEL\u00c9SI ID\u0150<\/th><\/tr><\/thead><tbody><tr><td>H\u00c9TF\u0150<\/td><td>\u00a08<sup>00<\/sup> &#8211; 14<sup>00<\/sup><\/td><\/tr><tr><td>KEDD<\/td><td>8<sup>00<\/sup> &#8211; 14<sup>00<\/sup><\/td><\/tr><tr><td>SZERDA<\/td><td>\u00a08<sup>00<\/sup> &#8211; 14<sup>00<\/sup><\/td><\/tr><tr><td>CS\u00dcT\u00d6RT\u00d6K<\/td><td>\u00a08<sup>00<\/sup> &#8211; 14<sup>00<\/sup><\/td><\/tr><tr><td>P\u00c9NTEK<\/td><td>\u00a08<sup>00<\/sup> &#8211; 14<sup>00<\/sup><\/td><\/tr><\/tbody><\/table><p style=\"text-align: center;\"><a href=\"#\">Rendel\u00e9s Helye\n&#8222;E&#8221;.\u00e9p\u00fclet, f\u00f6ldszint, 10\/A. ajt\u00f3<\/a><\/p><p style=\"text-align: center;\"><a href=\"#\">K\u00f6zponti el\u0151jegyz\u00e9s<br \/>84\/501-793<br \/><\/a><\/p><p style=\"text-align: center;\"><a href=\"#\">Telefon<br \/>84\/501-775<br \/><\/a><\/p><p style=\"text-align: center;\"><a href=\"#\">E-mail<br \/>sebszakr@siokorhaz.hu<br \/><\/a><\/p><p style=\"text-align: center;\"><a href=\"#\">Beutal\u00f3 k\u00f6teles<br \/>igen<br \/><\/a><\/p><\/div>\n<\/div><\/div>\n","protected":false},"excerpt":{"rendered":"<p>Seb\u00e9szeti szakrendel\u00e9s A szakrendel\u00e9sen a rendel\u00e9si id\u0151ben mindig szakorvos l\u00e1tja el a betegeket. Azon seb\u00e9szeti jelleg\u0171 probl\u00e9m\u00e1val jelentkez\u0151 betegek ell\u00e1t\u00e1sa folyik, akik ak\u00e1r saj\u00e1t sz\u00e1nd\u00e9kukb\u00f3l, ak\u00e1r csal\u00e1dorvosi, vagy rendel\u0151int\u00e9zeti beutal\u00f3val keresik fel a szakrendel\u00e9st. A szakrendel\u00e9sen foly\u00f3 vizsg\u00e1lat d\u00f6nti el, hogy bent fekv\u00e9st ig\u00e9nyl\u0151, vagy ambul\u00e1ns ell\u00e1t\u00e1sra van-e sz\u00fcks\u00e9g. Itt t\u00f6rt\u00e9nik az \u00e1ltal\u00e1nos seb\u00e9szet k\u00f6r\u00e9be [&hellip;]<\/p>\n","protected":false},"author":1,"featured_media":4743,"parent":0,"menu_order":0,"comment_status":"closed","ping_status":"closed","template":"","meta":{"_genesis_hide_title":false,"_genesis_hide_breadcrumbs":false,"_genesis_hide_singular_image":false,"_genesis_hide_footer_widgets":false,"_genesis_custom_body_class":"","_genesis_custom_post_class":"","_genesis_layout":"","footnotes":""},"class_list":{"0":"post-4157","1":"page","2":"type-page","3":"status-publish","4":"has-post-thumbnail","6":"entry"},"featured_image_src":"https:\/\/siokorhaz.hu\/wp-content\/uploads\/2025\/02\/shutterstock_1529638814-q2seg0q7sb9z8gkl5c4ck1cr3iz56c88aukth8ftrk-600x400.webp","featured_image_src_square":"https:\/\/siokorhaz.hu\/wp-content\/uploads\/2025\/02\/shutterstock_1529638814-q2seg0q7sb9z8gkl5c4ck1cr3iz56c88aukth8ftrk-600x600.webp","_links":{"self":[{"href":"https:\/\/siokorhaz.hu\/index.php?rest_route=\/wp\/v2\/pages\/4157","targetHints":{"allow":["GET"]}}],"collection":[{"href":"https:\/\/siokorhaz.hu\/index.php?rest_route=\/wp\/v2\/pages"}],"about":[{"href":"https:\/\/siokorhaz.hu\/index.php?rest_route=\/wp\/v2\/types\/page"}],"author":[{"embeddable":true,"href":"https:\/\/siokorhaz.hu\/index.php?rest_route=\/wp\/v2\/users\/1"}],"replies":[{"embeddable":true,"href":"https:\/\/siokorhaz.hu\/index.php?rest_route=%2Fwp%2Fv2%2Fcomments&post=4157"}],"version-history":[{"count":2,"href":"https:\/\/siokorhaz.hu\/index.php?rest_route=\/wp\/v2\/pages\/4157\/revisions"}],"predecessor-version":[{"id":6447,"href":"https:\/\/siokorhaz.hu\/index.php?rest_route=\/wp\/v2\/pages\/4157\/revisions\/6447"}],"wp:featuredmedia":[{"embeddable":true,"href":"https:\/\/siokorhaz.hu\/index.php?rest_route=\/wp\/v2\/media\/4743"}],"wp:attachment":[{"href":"https:\/\/siokorhaz.hu\/index.php?rest_route=%2Fwp%2Fv2%2Fmedia&parent=4157"}],"curies":[{"name":"wp","href":"https:\/\/api.w.org\/{rel}","templated":true}]}}