{"id":4144,"date":"2025-02-03T15:03:58","date_gmt":"2025-02-03T14:03:58","guid":{"rendered":"http:\/\/169.254.1.50\/?page_id=4144"},"modified":"2025-06-03T09:33:00","modified_gmt":"2025-06-03T09:33:00","slug":"reumatologia-szakrendeles","status":"publish","type":"page","link":"https:\/\/siokorhaz.hu\/?page_id=4144","title":{"rendered":"Reumatol\u00f3giai \u00e9s fizioter\u00e1pi\u00e1s szakrendel\u00e9s"},"content":{"rendered":"<h4><strong>Reumatol\u00f3gia szakrendel\u00e9s<\/strong><\/h4>\n<p>Mozg\u00e1sszervi betegek kezel\u00e9se 1969-ben kezd\u0151d\u00f6tt a k\u00f3rh\u00e1z fizioter\u00e1pi\u00e1s r\u00e9szleg\u00e9n. Egy tornaterem \u00e9s egy elektroter\u00e1pi\u00e1s r\u00e9sz m\u0171k\u00f6d\u00f6tt. A betegforgalom n\u00f6veked\u00e9s\u00e9vel 1979-ben a r\u00e9szleg b\u0151v\u00edt\u00e9se t\u00f6rt\u00e9nt.<\/p>\n<p>A szakrendel\u00e9s feladatait h\u00e1rom reumatol\u00f3gus szakorvos, egy asszisztens, egy adminisztr\u00e1tor, \u00f6t f\u0151 gy\u00f3gytorn\u00e1sz, 4 f\u0151 fizioter\u00e1pi\u00e1s asszisztens v\u00e9gzi.<\/p>\n<p>A vizsg\u00e1latok el\u0151jegyz\u00e9s szerint, s\u00fcrg\u0151s esetekben soron k\u00edv\u00fcl t\u00f6rt\u00e9nnek. Ha int\u00e9zeti kivizsg\u00e1l\u00e1s vagy kezel\u00e9s sz\u00fcks\u00e9ges, a betegeket a megfelel\u0151 int\u00e9zetbe \u00e1tir\u00e1ny\u00edtjuk.<\/p>\n<p>A j\u00e1r\u00f3beteg-ell\u00e1t\u00e1s keretein bel\u00fcl lehet\u0151s\u00e9g ny\u00edlik az eg\u00e9szs\u00e9gnevel\u00e9sre, di\u00e9t\u00e1s tan\u00e1csad\u00e1sra, mozg\u00e1ster\u00e1pia jelent\u0151s\u00e9g\u00e9nek el\u0151mozd\u00edt\u00e1s\u00e1ra, ismeretterjeszt\u00e9sre \u00e9s a rehabilit\u00e1ci\u00f3 el\u0151seg\u00edt\u00e9s\u00e9re.<\/p>\n<h4>Szakrendel\u00e9s szolg\u00e1ltat\u00e1sai:<\/h4>\n<ul>\n<li>Gyullad\u00e1sos \u00edz\u00fcleti betegs\u00e9gek diagnosztiz\u00e1l\u00e1sa, gy\u00f3gyszeres ter\u00e1pi\u00e1s kezel\u00e9se<\/li>\n<li>Kop\u00e1sos mozg\u00e1sszervi-, gerinc-, \u00edz\u00fcleti elv\u00e1ltoz\u00e1sok vizsg\u00e1lata, ter\u00e1pi\u00e1s javaslat<\/li>\n<li>Csontritkul\u00e1s kivizsg\u00e1l\u00e1s, ter\u00e1pi\u00e1s be\u00e1ll\u00edt\u00e1s<\/li>\n<li>Izombetegs\u00e9gek diagnosztiz\u00e1l\u00e1sa, ter\u00e1pi\u00e1s javaslat<\/li>\n<li>Baleset ut\u00e1ni rehabilit\u00e1ci\u00f3, gerinc probl\u00e9m\u00e1k \u00e9s egy\u00e9b neurol\u00f3giai, ortop\u00e9diai elv\u00e1ltoz\u00e1sok kezel\u00e9se gy\u00f3gytorn\u00e1val<\/li>\n<li>Gyullad\u00e1scs\u00f6kkent\u00e9s, f\u00e1jdalomcsillap\u00edt\u00e1s, kering\u00e9sjav\u00edt\u00e1s, duzzanatok cs\u00f6kkent\u00e9se elektorter\u00e1pi\u00e1val<\/li>\n<\/ul>\n<p><strong>Szakrendel\u00e9sre id\u0151pontfoglal\u00e1s:<\/strong><\/p>\n<p>84\/501-793<\/p>\n<p><strong>\u00a0<\/strong><\/p>\n<p><strong>Beutal\u00f3:<\/strong><\/p>\n<p>A szakrendel\u00e9s beutal\u00f3 k\u00f6teles.<\/p>\n<h4>Betegfelv\u00e9telkor az al\u00e1bbiakat hozza mag\u00e1val:<\/h4>\n<ul>\n<li>Beutal\u00f3<\/li>\n<li>Taj k\u00e1rtya<\/li>\n<li>Betegs\u00e9g\u00e9vel kapcsolatos dokument\u00e1ci\u00f3 (z\u00e1r\u00f3jelent\u00e9s, ambul\u00e1ns lap, kezel\u0151lap)<\/li>\n<\/ul>\n<p><strong>\u00a0<\/strong><\/p>\n<p><strong>\u00a0<\/strong><\/p>\n<p><strong>Reumatol\u00f3gia szakrendel\u00e9s munkat\u00e1rsai<\/strong><\/p>\n<p><strong>Orvosok<\/strong><\/p>\n<p>\u00a0\u00a0\u00a0\u00a0\u00a0\u00a0\u00a0\u00a0\u00a0\u00a0\u00a0 Dr. Toronyi Erzs\u00e9bet<\/p>\n<p>\u00a0\u00a0\u00a0\u00a0\u00a0\u00a0\u00a0\u00a0\u00a0\u00a0\u00a0 Dr. R\u00e1polthy Ildik\u00f3<\/p>\n<p>\u00a0\u00a0\u00a0\u00a0\u00a0\u00a0\u00a0\u00a0\u00a0\u00a0\u00a0 Dr. Vincze Anna<\/p>\n<p><strong>El\u00e9rhet\u0151s\u00e9gek<\/strong><\/p>\n<p><strong>E-mail c\u00edmek:<\/strong><\/p>\n<ul>\n<li><a href=\"mailto:reumatologia@siokorhaz.hu\">reumatologia@siokorhaz.hu<\/a><\/li>\n<li>fizikoterapia@siokorhaz.hu<\/li>\n<li>gyogytorna@siokorhaz.hu<\/li>\n<\/ul>\n<h4>Telefonsz\u00e1mok:<\/h4>\n<p>Reumatol\u00f3gia szakrendel\u00e9s<\/p>\n<p>+36-84-501-700\/142<\/p>\n<p>+36-84-501-773<\/p>\n<p>Fizikoter\u00e1pia<\/p>\n<p>+36-84-501-761<\/p>\n<p>+36-84-501-700\/123<\/p>\n<p>+36-84-501-700\/150<\/p>\n<p>Gy\u00f3gytorna<\/p>\n<p>+36-84-501-796<\/p>\n<p>+36-84-501-700\/136<\/p>\n<h4>Reumatol\u00f3gia szakrendel\u00e9s elhelyezked\u00e9se:<\/h4>\n<p>Si\u00f3foki K\u00f3rh\u00e1z- Rendel\u0151int\u00e9zet, 8600 Si\u00f3fok, Semmelweis u. 1.<\/p>\n<p>\u201eE\u201d \u00e9p\u00fclet I. em. 16. ajt\u00f3<\/p>\n<p><strong>Fizikoter\u00e1pia elhelyezked\u00e9se:<\/strong><\/p>\n<p>Si\u00f3foki K\u00f3rh\u00e1z- Rendel\u0151int\u00e9zet, 8600 Si\u00f3fok, Semmelweis u. 1.<\/p>\n<p>\u201eE\u201d \u00e9p\u00fclet I. em. 9. ajt\u00f3<\/p>\n<p><strong>Gy\u00f3gytorna, fizikoter\u00e1pia elhelyezked\u00e9se:<\/strong><\/p>\n<p>Si\u00f3foki K\u00f3rh\u00e1z- Rendel\u0151int\u00e9zet, 8600 Si\u00f3fok, Semmelweis u. 1.<\/p>\n<p>\u201eR\u00e9gi \u00e9p\u00fclet\u201d K\u00fcls\u0151 bej\u00e1rat gy\u00f3gytorna, fizikoter\u00e1pia<\/p>\n<h4>Rendel\u00e9si id\u0151<\/h4>\n<p><strong>Reumatol\u00f3gia<br \/>Dr. Vincze Anna rendel\u00e9si id\u0151:<\/strong><\/p>\n<ul>\n<li>H\u00e9tf\u0151: 8.00 &#8211; 16.00<\/li>\n<\/ul>\n<p>Dr. Toronyi Erzs\u00e9bet rendel\u00e9si id\u0151:<\/p>\n<ul>\n<li>Kedd: 7.00 &#8211; 15.00<\/li>\n<li>Cs\u00fct\u00f6rt\u00f6k: 7.00 &#8211; 15.00<\/li>\n<\/ul>\n<p>Dr. R\u00e1polthy Ildik\u00f3 rendel\u00e9si id\u0151:<\/p>\n<ul>\n<li>Szerda: 7.00 &#8211; 15.00<\/li>\n<li>P\u00e9ntek: 7.00 &#8211; 15.00<\/li>\n<\/ul>\n<p><strong>Fizioter\u00e1pia<\/strong><\/p>\n<ul>\n<li>H\u00e9tf\u0151-P\u00e9ntek: 07.30 &#8211; 14.00<\/li>\n<\/ul>\n<p><strong>Gy\u00f3gytorna<\/strong><\/p>\n<ul>\n<li>H\u00e9tf\u0151-P\u00e9ntek: 07.30 &#8211; 14.00<\/li>\n<\/ul>\n<p>A Reumatol\u00f3giai Szakrendel\u00e9sen telefonos orvosi konzult\u00e1ci\u00f3 vehet\u0151 ig\u00e9nybe az al\u00e1bbiak szerint:<\/p>\n<p>H\u00e9tf\u0151: 15.00-16.00<\/p>\n<p>Kedd \u2013 P\u00e9ntek: 14.00-15.00<\/p>\n<p>A telefonos konzult\u00e1ci\u00f3 ig\u00e9nybev\u00e9tel\u00e9re abban az esetben van lehet\u0151s\u00e9g, ha kor\u00e1bban m\u00e1r konzult\u00e1lt szem\u00e9lyesen szakorvosunkkal \u00e9s a szakorvos javaslata alapj\u00e1n a leletek ki\u00e9rt\u00e9kel\u00e9se \u00e9s kontrollvizsg\u00e1latok t\u00f6rt\u00e9nhetnek telefonos form\u00e1ban is.<\/p>\n<p>\u00a0<\/p>\n\n\n<div style=\"color:#ddd\" class=\"wp-block-genesis-blocks-gb-spacer gb-block-spacer gb-divider-solid gb-divider-size-1\"><hr style=\"height:30px\"\/><\/div>\n\n\n\n<div style=\"color:#32373c;background-color:#00d1b2\" class=\"wp-block-genesis-blocks-gb-notice gb-font-size-18 gb-block-notice\" data-id=\"5e5432\"><div class=\"gb-notice-text\" style=\"border-color:#00d1b2\"><div data-post-id=\"5141\" class=\"insert-page insert-page-5141 \"><h2>Reumatol\u00f3giai szakrendel\u00e9s<\/h2>\t\t\t\t\n\t\t\t\t\t\t\t\t\t\t\t\t\t\t\t<img loading=\"lazy\" decoding=\"async\" width=\"1024\" height=\"724\" src=\"https:\/\/siokorhaz.hu\/wp-content\/uploads\/2025\/01\/korhaz_epuletek-1024x724.png\" alt=\"\" srcset=\"https:\/\/siokorhaz.hu\/wp-content\/uploads\/2025\/01\/korhaz_epuletek-1024x724.png 1024w, https:\/\/siokorhaz.hu\/wp-content\/uploads\/2025\/01\/korhaz_epuletek-300x212.png 300w, https:\/\/siokorhaz.hu\/wp-content\/uploads\/2025\/01\/korhaz_epuletek-768x543.png 768w, https:\/\/siokorhaz.hu\/wp-content\/uploads\/2025\/01\/korhaz_epuletek-750x530.png 750w, https:\/\/siokorhaz.hu\/wp-content\/uploads\/2025\/01\/korhaz_epuletek-540x382.png 540w, https:\/\/siokorhaz.hu\/wp-content\/uploads\/2025\/01\/korhaz_epuletek.png 1110w\" sizes=\"auto, (max-width: 1024px) 100vw, 1024px\" \/>\t\t\t\t\t\t\t\t\t\t\t\t\t\t\t\n\t\t<table><thead><tr><th colspan=\"2\">RENDEL\u00c9SI ID\u0150<\/th><\/tr><\/thead><tbody><tr><td>H\u00c9TF\u0150<\/td><td>7<sup>00<\/sup> &#8211; 16<sup>00<\/sup><\/td><\/tr><tr><td>KEDD<\/td><td>&#8211;<\/td><\/tr><tr><td>SZERDA<\/td><td>7<sup>00<\/sup> &#8211; 15<sup>00<\/sup><\/td><\/tr><tr><td>CS\u00dcT\u00d6RT\u00d6K<\/td><td>7<sup>00<\/sup> &#8211; 14<sup>00<\/sup><\/td><\/tr><tr><td>P\u00c9NTEK<\/td><td>7<sup>00<\/sup> &#8211; 15<sup>00<\/sup><\/td><\/tr><\/tbody><\/table><p style=\"text-align: center;\"><a href=\"#\">Rendel\u00e9s Helye\n\u201eE\u201d.\u00e9p\u00fclet I. em. 16 ajt\u00f3<\/a><\/p><p style=\"text-align: center;\"><a href=\"#\">K\u00f6zponti el\u0151jegyz\u00e9s<br \/>84\/501-793<br \/><\/a><\/p><p style=\"text-align: center;\"><a href=\"#\">Telefon<br \/>84\/501-773<br \/><\/a><\/p><p style=\"text-align: center;\"><a href=\"#\">E-mail\nreumatologia@siokorhaz.hu\n<\/a><\/p><p style=\"text-align: center;\"><a href=\"#\">Beutal\u00f3 k\u00f6teles<br \/>igen<br \/><\/a><\/p><\/div>\n<\/div><\/div>\n","protected":false},"excerpt":{"rendered":"<p>Reumatol\u00f3gia szakrendel\u00e9s Mozg\u00e1sszervi betegek kezel\u00e9se 1969-ben kezd\u0151d\u00f6tt a k\u00f3rh\u00e1z fizioter\u00e1pi\u00e1s r\u00e9szleg\u00e9n. Egy tornaterem \u00e9s egy elektroter\u00e1pi\u00e1s r\u00e9sz m\u0171k\u00f6d\u00f6tt. A betegforgalom n\u00f6veked\u00e9s\u00e9vel 1979-ben a r\u00e9szleg b\u0151v\u00edt\u00e9se t\u00f6rt\u00e9nt. A szakrendel\u00e9s feladatait h\u00e1rom reumatol\u00f3gus szakorvos, egy asszisztens, egy adminisztr\u00e1tor, \u00f6t f\u0151 gy\u00f3gytorn\u00e1sz, 4 f\u0151 fizioter\u00e1pi\u00e1s asszisztens v\u00e9gzi. A vizsg\u00e1latok el\u0151jegyz\u00e9s szerint, s\u00fcrg\u0151s esetekben soron k\u00edv\u00fcl t\u00f6rt\u00e9nnek. Ha int\u00e9zeti [&hellip;]<\/p>\n","protected":false},"author":1,"featured_media":4741,"parent":0,"menu_order":0,"comment_status":"closed","ping_status":"closed","template":"","meta":{"_genesis_hide_title":false,"_genesis_hide_breadcrumbs":false,"_genesis_hide_singular_image":false,"_genesis_hide_footer_widgets":false,"_genesis_custom_body_class":"","_genesis_custom_post_class":"","_genesis_layout":"","footnotes":""},"class_list":{"0":"post-4144","1":"page","2":"type-page","3":"status-publish","4":"has-post-thumbnail","6":"entry"},"featured_image_src":"https:\/\/siokorhaz.hu\/wp-content\/uploads\/2025\/02\/pain-in-joints-600x400.jpeg","featured_image_src_square":"https:\/\/siokorhaz.hu\/wp-content\/uploads\/2025\/02\/pain-in-joints-600x600.jpeg","_links":{"self":[{"href":"https:\/\/siokorhaz.hu\/index.php?rest_route=\/wp\/v2\/pages\/4144","targetHints":{"allow":["GET"]}}],"collection":[{"href":"https:\/\/siokorhaz.hu\/index.php?rest_route=\/wp\/v2\/pages"}],"about":[{"href":"https:\/\/siokorhaz.hu\/index.php?rest_route=\/wp\/v2\/types\/page"}],"author":[{"embeddable":true,"href":"https:\/\/siokorhaz.hu\/index.php?rest_route=\/wp\/v2\/users\/1"}],"replies":[{"embeddable":true,"href":"https:\/\/siokorhaz.hu\/index.php?rest_route=%2Fwp%2Fv2%2Fcomments&post=4144"}],"version-history":[{"count":1,"href":"https:\/\/siokorhaz.hu\/index.php?rest_route=\/wp\/v2\/pages\/4144\/revisions"}],"predecessor-version":[{"id":6446,"href":"https:\/\/siokorhaz.hu\/index.php?rest_route=\/wp\/v2\/pages\/4144\/revisions\/6446"}],"wp:featuredmedia":[{"embeddable":true,"href":"https:\/\/siokorhaz.hu\/index.php?rest_route=\/wp\/v2\/media\/4741"}],"wp:attachment":[{"href":"https:\/\/siokorhaz.hu\/index.php?rest_route=%2Fwp%2Fv2%2Fmedia&parent=4144"}],"curies":[{"name":"wp","href":"https:\/\/api.w.org\/{rel}","templated":true}]}}