{"id":4110,"date":"2025-02-03T12:13:36","date_gmt":"2025-02-03T11:13:36","guid":{"rendered":"http:\/\/169.254.1.50\/?page_id=4110"},"modified":"2025-06-03T09:10:14","modified_gmt":"2025-06-03T09:10:14","slug":"ful-orr-gegeszet-szakrendeles","status":"publish","type":"page","link":"https:\/\/siokorhaz.hu\/?page_id=4110","title":{"rendered":"F\u00fcl-orr-g\u00e9g\u00e9szet szakrendel\u00e9s"},"content":{"rendered":"<p><strong>F\u00fcl-orr-g\u00e9g\u00e9szet szakrendel\u00e9s<\/strong><\/p>\n<p>A f\u00fcl-, hall\u00e1s-, orr-, garat-, g\u00e9ge-, \u00e9s nyaki panaszokkal jelentkez\u0151 betegek ell\u00e1t\u00e1s\u00e1t v\u00e9gezz\u00fck.\u00a0<\/p>\n<p>A rendel\u00e9s beutal\u00f3 n\u00e9lk\u00fcl vehet\u0151 ig\u00e9nybe, de id\u0151pont k\u00f6teles. Id\u0151pont k\u00e9r\u00e9se: K\u00f6zponti Beteginform\u00e1ci\u00f3\u00a0<\/p>\n<p>Rendel\u0151 orvosok beoszt\u00e1s szerint (egy h\u00f3napra el\u0151re meghat\u00e1rozott) vesznek r\u00e9szt a rendel\u00e9sen.\u00a0<\/p>\n<p><strong>A szakrendel\u0151 elhelyezked\u00e9se, el\u00e9rhet\u0151s\u00e9gek:<\/strong><\/p>\n<p>Si\u00f3foki K\u00f3rh\u00e1z- Rendel\u0151int\u00e9zet<\/p>\n<p>8600 Si\u00f3fok, Semmelweis u. 1. F\u0151 \u00e9p\u00fclet 5. emelet<\/p>\n<p>Rendel\u00e9si id\u0151: H\u00e9tf\u0151t\u0151l-p\u00e9ntekig 8.00 \u2013 13.00\u00a0<\/p>\n<p>Telefon: 84\/501-700 160-as mell\u00e9k<\/p>\n<p>E-mail: <a href=\"mailto:fulorrgege@siokorhaz.hu\">fulorrgege@siokorhaz.hu<\/a><\/p>\n<p><strong>F\u00fcl-orr-g\u00e9g\u00e9szet ambulancia<\/strong><\/p>\n<p>A rendel\u00e9s keret\u00e9n bel\u00fcl m\u0171t\u00e9tes betegeink kontroll vizsg\u00e1lat\u00e1t, m\u0171t\u00e9tre jelentkez\u0151 betegek kivizsg\u00e1l\u00e1s\u00e1t, illetve el\u0151jegyz\u00e9s\u00e9t v\u00e9gezz\u00fck.<\/p>\n<p>Az ambulanci\u00e1n t\u00f6rt\u00e9nik az oszt\u00e1lyon fekv\u0151 betegek vizsg\u00e1lata, valamint itt l\u00e1tjuk el a szakorvosi konz\u00edliumokat, a S\u00fcrg\u0151ss\u00e9gi Betegell\u00e1t\u00f3 Oszt\u00e1lyr\u00f3l k\u00fcld\u00f6tt akut konz\u00edliumokat, \u00e9s az \u00fcgyeleti ell\u00e1t\u00e1s is itt t\u00f6rt\u00e9nik.\u00a0<\/p>\n<p>Visszarendelt betegeknek a kezel\u0151 orvos ad id\u0151pontot az ambulanci\u00e1ra.<\/p>\n<p>S\u00fcrg\u0151s f\u00fcl-orr-g\u00e9g\u00e9szeti eseteket (v\u00e9rz\u00e9s, fullad\u00e1s) soron k\u00edv\u00fcl rendel\u00e9si id\u0151n bel\u00fcl ell\u00e1tunk.<\/p>\n<p>Az ambulanci\u00e1ra \u00e9rkez\u0151 betegeket beoszt\u00e1s szerinti orvos l\u00e1tja el az oszt\u00e1lyos, \u00e9s a m\u0171t\u0151i ell\u00e1t\u00e1s mellett.<\/p>\n<p><strong>Az ambulancia elhelyezked\u00e9se, el\u00e9rhet\u0151s\u00e9gek:<\/strong><\/p>\n<p>Si\u00f3foki K\u00f3rh\u00e1z-Rendel\u0151int\u00e9zet<\/p>\n<p>8600 Si\u00f3fok, Semmelweis u. 1. F\u0151 \u00e9p\u00fclet, B sz\u00e1rny, 5. emelet, 34. ajt\u00f3<\/p>\n<p>Rendel\u00e9si id\u0151: H\u00e9tf\u0151t\u0151l &#8211; p\u00e9ntekig 8.00 \u2013 11.00<\/p>\n<p>Telefon: 84\/501-737<\/p>\n<p>E-mail: <a href=\"mailto:fulorrgege@siokorhaz.hu\">fulorrgege@siokorhaz.hu<\/a><\/p>\n<p>\u00a0<\/p>\n\n\n<div style=\"color:#32373c;background-color:#00d1b2\" class=\"wp-block-genesis-blocks-gb-notice gb-font-size-18 gb-block-notice\" data-id=\"5e5432\"><div class=\"gb-notice-text\" style=\"border-color:#00d1b2\"><div data-post-id=\"5066\" class=\"insert-page insert-page-5066 \"><h2>F\u00fcl-orr-g\u00e9g\u00e9szeti szakrendel\u00e9s<\/h2>\t\t\t\t\n\t\t\t\t\t\t\t\t\t\t\t\t\t\t\t<img loading=\"lazy\" decoding=\"async\" width=\"1024\" height=\"724\" src=\"https:\/\/siokorhaz.hu\/wp-content\/uploads\/2025\/01\/korhaz_epuletek-1024x724.png\" alt=\"\" srcset=\"https:\/\/siokorhaz.hu\/wp-content\/uploads\/2025\/01\/korhaz_epuletek-1024x724.png 1024w, https:\/\/siokorhaz.hu\/wp-content\/uploads\/2025\/01\/korhaz_epuletek-300x212.png 300w, https:\/\/siokorhaz.hu\/wp-content\/uploads\/2025\/01\/korhaz_epuletek-768x543.png 768w, https:\/\/siokorhaz.hu\/wp-content\/uploads\/2025\/01\/korhaz_epuletek-750x530.png 750w, https:\/\/siokorhaz.hu\/wp-content\/uploads\/2025\/01\/korhaz_epuletek-540x382.png 540w, https:\/\/siokorhaz.hu\/wp-content\/uploads\/2025\/01\/korhaz_epuletek.png 1110w\" sizes=\"auto, (max-width: 1024px) 100vw, 1024px\" \/>\t\t\t\t\t\t\t\t\t\t\t\t\t\t\t\n\t\t<table><thead><tr><th colspan=\"2\">RENDEL\u00c9SI ID\u0150<\/th><\/tr><\/thead><tbody><tr><td>H\u00c9TF\u0150<\/td><td>8<sup>00<\/sup> &#8211; 13<sup>00<\/sup><\/td><\/tr><tr><td>KEDD<\/td><td>8<sup>00<\/sup> &#8211; 13<sup>00<\/sup><\/td><\/tr><tr><td>SZERDA<\/td><td>8<sup>00<\/sup> &#8211; 13<sup>00<\/sup><\/td><\/tr><tr><td>CS\u00dcT\u00d6RT\u00d6K<\/td><td>8<sup>00<\/sup> &#8211; 13<sup>00<\/sup><\/td><\/tr><tr><td>P\u00c9NTEK<\/td><td>8<sup>00<\/sup> &#8211; 13<sup>00<\/sup><\/td><\/tr><\/tbody><\/table><p style=\"text-align: center;\"><a href=\"#\">Rendel\u00e9s Helye<br \/> F\u0151 \u00e9p\u00fclet, 5. emelet<\/a><\/p><p style=\"text-align: center;\"><a href=\"#\">K\u00f6zponti el\u0151jegyz\u00e9s<br \/>84\/501-793<br \/><\/a><\/p><p style=\"text-align: center;\"><a href=\"#\">Telefon<br \/>84\/501 762<br \/><\/a><\/p><p style=\"text-align: center;\"><a href=\"#\">E-mail\nfuloszak@siokorhaz.hu\n<\/a><\/p><p style=\"text-align: center;\"><a href=\"#\">Beutal\u00f3 k\u00f6teles<br \/>nem<br \/><\/a><\/p><\/div>\n<\/div><\/div>\n","protected":false},"excerpt":{"rendered":"<p>F\u00fcl-orr-g\u00e9g\u00e9szet szakrendel\u00e9s A f\u00fcl-, hall\u00e1s-, orr-, garat-, g\u00e9ge-, \u00e9s nyaki panaszokkal jelentkez\u0151 betegek ell\u00e1t\u00e1s\u00e1t v\u00e9gezz\u00fck.\u00a0 A rendel\u00e9s beutal\u00f3 n\u00e9lk\u00fcl vehet\u0151 ig\u00e9nybe, de id\u0151pont k\u00f6teles. Id\u0151pont k\u00e9r\u00e9se: K\u00f6zponti Beteginform\u00e1ci\u00f3\u00a0 Rendel\u0151 orvosok beoszt\u00e1s szerint (egy h\u00f3napra el\u0151re meghat\u00e1rozott) vesznek r\u00e9szt a rendel\u00e9sen.\u00a0 A szakrendel\u0151 elhelyezked\u00e9se, el\u00e9rhet\u0151s\u00e9gek: Si\u00f3foki K\u00f3rh\u00e1z- Rendel\u0151int\u00e9zet 8600 Si\u00f3fok, Semmelweis u. 1. F\u0151 \u00e9p\u00fclet 5. [&hellip;]<\/p>\n","protected":false},"author":1,"featured_media":4711,"parent":0,"menu_order":0,"comment_status":"closed","ping_status":"closed","template":"","meta":{"_genesis_hide_title":false,"_genesis_hide_breadcrumbs":false,"_genesis_hide_singular_image":false,"_genesis_hide_footer_widgets":false,"_genesis_custom_body_class":"","_genesis_custom_post_class":"","_genesis_layout":"","footnotes":""},"class_list":{"0":"post-4110","1":"page","2":"type-page","3":"status-publish","4":"has-post-thumbnail","6":"entry"},"featured_image_src":"https:\/\/siokorhaz.hu\/wp-content\/uploads\/2025\/02\/dcq2di2nce424x1hy2qxsh83uqh58ga7-600x400.jpg","featured_image_src_square":"https:\/\/siokorhaz.hu\/wp-content\/uploads\/2025\/02\/dcq2di2nce424x1hy2qxsh83uqh58ga7-600x578.jpg","_links":{"self":[{"href":"https:\/\/siokorhaz.hu\/index.php?rest_route=\/wp\/v2\/pages\/4110","targetHints":{"allow":["GET"]}}],"collection":[{"href":"https:\/\/siokorhaz.hu\/index.php?rest_route=\/wp\/v2\/pages"}],"about":[{"href":"https:\/\/siokorhaz.hu\/index.php?rest_route=\/wp\/v2\/types\/page"}],"author":[{"embeddable":true,"href":"https:\/\/siokorhaz.hu\/index.php?rest_route=\/wp\/v2\/users\/1"}],"replies":[{"embeddable":true,"href":"https:\/\/siokorhaz.hu\/index.php?rest_route=%2Fwp%2Fv2%2Fcomments&post=4110"}],"version-history":[{"count":1,"href":"https:\/\/siokorhaz.hu\/index.php?rest_route=\/wp\/v2\/pages\/4110\/revisions"}],"predecessor-version":[{"id":6433,"href":"https:\/\/siokorhaz.hu\/index.php?rest_route=\/wp\/v2\/pages\/4110\/revisions\/6433"}],"wp:featuredmedia":[{"embeddable":true,"href":"https:\/\/siokorhaz.hu\/index.php?rest_route=\/wp\/v2\/media\/4711"}],"wp:attachment":[{"href":"https:\/\/siokorhaz.hu\/index.php?rest_route=%2Fwp%2Fv2%2Fmedia&parent=4110"}],"curies":[{"name":"wp","href":"https:\/\/api.w.org\/{rel}","templated":true}]}}