{"id":4105,"date":"2025-02-03T12:10:32","date_gmt":"2025-02-03T11:10:32","guid":{"rendered":"http:\/\/169.254.1.50\/?page_id=4105"},"modified":"2025-06-16T19:12:10","modified_gmt":"2025-06-16T19:12:10","slug":"endoscopos-laboratorium-es-gasztroenterologiai-szakrendeles","status":"publish","type":"page","link":"https:\/\/siokorhaz.hu\/?page_id=4105","title":{"rendered":"Endoscopos laborat\u00f3rium \u00e9s Gasztroenterol\u00f3giai szakrendel\u00e9s"},"content":{"rendered":"<p><strong>Endoscopos laborat\u00f3rium \u00e9s Gasztroenterol\u00f3giai szakrendel\u00e9s<\/strong><\/p>\n<p>Laborat\u00f3riumunk j\u00f3l felszerelt, a legmodernebb video endoszk\u00f3pok \u00e9s mos\u00f3g\u00e9pek, egyszer haszn\u00e1latos eszk\u00f6z\u00f6k \u00e1llnak rendelkez\u00e9s\u00fcnkre. Szervezeti egys\u00e9g\u00fcnk komfortos v\u00e1r\u00f3val, el\u0151k\u00e9sz\u00edt\u0151 helyis\u00e9ggel \u00e9s fektet\u0151vel rendelkezik.<\/p>\n<p><strong>Tev\u00e9kenys\u00e9gek\/beavatkoz\u00e1sok<\/strong><\/p>\n<p>J\u00e1r\u00f3-, \u00e9s fekv\u0151betegeknek v\u00e9gz\u00fcnk fels\u0151 panendoscopos, epe\u00fati diagnosztikus \u00e9s ter\u00e1pi\u00e1s beavatkoz\u00e1sokat, funkcion\u00e1lis vizsg\u00e1latokat.<\/p>\n<p>J\u00e1r\u00f3beteg ell\u00e1t\u00e1sban v\u00e9gzett invaz\u00edv beavatkoz\u00e1s ut\u00e1n (pl: endoscopos polypectomia, biopsia \u00e9s idegentest elt\u00e1vol\u00edt\u00e1s) 2-3 \u00f3r\u00e1s betegmegfigyel\u00e9st az endoszk\u00f3pos laborat\u00f3rium fektet\u0151j\u00e9ben tudunk biztos\u00edtani. Kiz\u00e1r\u00f3lag fekv\u0151betegekn\u00e9l v\u00e9gz\u00fcnk epe\u00fati k\u0151 elt\u00e1vol\u00edt\u00e1st, stent behelyez\u00e9st, PEG be\u00fcltet\u00e9st, gyomor-b\u00e9lrendszeri v\u00e9rz\u00e9sek eset\u00e9n injecti\u00f3s sclerotherapiat, klipp- \u00e9s gumigy\u0171r\u0171 ligat\u00fara felhelyez\u00e9s\u00e9t, m\u00e1j- \u00e9s egy\u00e9b l\u00e1gyr\u00e9sz tumorok biopszi\u00e1j\u00e1t.<\/p>\n<p><strong>\u00a0<\/strong><\/p>\n<p><strong>Gasztroenterol\u00f3gia szakrendel\u00e9sen<\/strong> el\u0151jegyz\u00e9s alapj\u00e1n speci\u00e1lis gasztroenterol\u00f3giai betegek konzultat\u00edv vizsg\u00e1lat\u00e1t, kontrollj\u00e1t \u00e9s gondoz\u00e1s\u00e1t biztos\u00edtjuk. (Pl. M.Crohn, colitis ulcerosa, coeliakia, chr.pancreatitis, IBS, dyspepsia, m\u00e1jcirrhosis, speci\u00e1lis szondat\u00e1pl\u00e1l\u00e1sban r\u00e9szes\u00fcl\u0151k.)<\/p>\n<p>Az Endoscopos laborat\u00f3rium \u00e9s Gasztroenterol\u00f3giai szakrendel\u00e9s, UBT vizsg\u00e1lat el\u0151jegyz\u00e9s ut\u00e1n, h\u00e1ziorvosi \u00e9s szakorvosi beutal\u00f3val vehet\u0151 ig\u00e9nybe.<\/p>\n<p>El\u0151jegyz\u00e9s telefonon: 8.00 \u2013 14.00<\/p>\n<p>Telefonsz\u00e1mok: \u00a0\u00a0\u00a0\u00a0\u00a0\u00a0\u00a0\u00a0 84\/501-700 mell\u00e9k: 303<\/p>\n<p>84\/501-760<\/p>\n<p>84\/313-349<\/p>\n<p><strong>Munkat\u00e1rsak<\/strong><\/p>\n<p><strong>Vezet\u0151: <\/strong>Dr. Varga Erika belgy\u00f3gy\u00e1sz, gasztroenterol\u00f3gus f\u0151orvos<\/p>\n<p><strong>Orvosok:<\/strong><\/p>\n<ul>\n<li>Dr. Varga Erika belgy\u00f3gy\u00e1sz, gasztroenterol\u00f3gus f\u0151orvos<\/li>\n<li>Dr. Farkas Imre seb\u00e9sz, gasztroenterol\u00f3gus f\u0151orvos<\/li>\n<li>Dr. Nagy \u00c1kos Gy\u00f6rgy seb\u00e9sz, gasztroenterol\u00f3gus f\u0151orvos<\/li>\n<\/ul>\n<p><strong>Asszisztensek:<\/strong><\/p>\n<ul>\n<li>Verbovszki Judit endoszk\u00f3pos szakasszisztens, diplom\u00e1s \u00e1pol\u00f3<\/li>\n<li>Nagyn\u00e9 Fajtai Val\u00e9ria endoszk\u00f3pos szakasszisztens, diplom\u00e1s \u00e1pol\u00f3<\/li>\n<li>Luk\u00e1cs Ter\u00e9z endoszk\u00f3pos szakasszisztens, diplom\u00e1s \u00e1pol\u00f3<\/li>\n<\/ul>\n<p><strong>Adminisztr\u00e1tor:<\/strong><\/p>\n<p>Dobi Erika orvos\u00edrnok<\/p>\n<p><strong>\u00a0<\/strong><\/p>\n<p><strong>Elhelyezked\u00e9s, el\u00e9rhet\u0151s\u00e9gek:<\/strong><\/p>\n<p>Si\u00f3foki K\u00f3rh\u00e1z- Rendel\u0151int\u00e9zet<\/p>\n<p>8600 Si\u00f3fok, Semmelweis u. 1. F\u0151\u00e9p\u00fclet 4. emelet, C sz\u00e1rny<\/p>\n<p><strong>\u00a0<\/strong><\/p>\n<p><strong>Gasztroenterol\u00f3giai Szakrendel\u00e9s rendel\u00e9si id\u0151pontjai:<\/strong><\/p>\n<p>H\u00e9tf\u0151 \u00e9s Szerda: 10.00 \u2013 12.00 Dr. Varga Erika f\u0151orvos<\/p>\n<p><strong>Endoszk\u00f3pos napok:<\/strong><\/p>\n<p>Dr. Varga Erika f\u0151orvos: h\u00e9tf\u0151, kedd, szerda, cs\u00fct\u00f6rt\u00f6k, p\u00e9ntek<\/p>\n<p>Dr. Farkas Imre f\u0151orvos: kedd, cs\u00fct\u00f6rt\u00f6k, p\u00e1ratlan hetek p\u00e9ntek<\/p>\n<p>Dr. Nagy \u00c1kos Gy\u00f6rgy f\u0151orvos: szerda<\/p>\n<p><strong>Gasztroszk\u00f3pos, Kolonoszk\u00f3pos vizsg\u00e1latokhoz sz\u00fcks\u00e9ges felt\u00e9telek<\/strong><\/p>\n<p><strong>Gasztroszk\u00f3pia (<\/strong>gyomort\u00fckr\u00f6z\u00e9s): Id\u0151pont sz\u00fcks\u00e9ges, melyet a h\u00e1ziorvos, kezel\u0151orvos k\u00e9r.<\/p>\n<p>A p\u00e1ciens hozza mag\u00e1val:<\/p>\n<ul>\n<li>beutal\u00f3,<\/li>\n<li>el\u0151z\u0151 leletek.<\/li>\n<\/ul>\n<p>A vizsg\u00e1latra \u00e9hgyomorral sz\u00fcks\u00e9ges \u00e9rkezni.<\/p>\n<p><strong>\u00a0<\/strong><\/p>\n<p><strong>Kolonoszk\u00f3pia <\/strong>(vastagb\u00e9lt\u00fckr\u00f6z\u00e9s): Id\u0151pont sz\u00fcks\u00e9ges, melyet a h\u00e1ziorvos, kezel\u0151orvos k\u00e9r.<\/p>\n<p>A p\u00e1ciens hozza mag\u00e1val:<\/p>\n<ul>\n<li>beutal\u00f3<\/li>\n<li>laboreredm\u00e9nyek (friss nagylabor, v\u00e9rk\u00e9p, protrombin)<\/li>\n<li>el\u0151z\u0151 leletek.<\/li>\n<\/ul>\n<p>A vizsg\u00e1latra \u00e9hgyomorral sz\u00fcks\u00e9ges \u00e9rkezni. A vizsg\u00e1lat el\u0151tt Endogol b\u00e9lmos\u00f3 folyad\u00e9kkal val\u00f3 el\u0151k\u00e9sz\u00edt\u00e9s n\u00e9lk\u00fcl\u00f6zhetetlen.<\/p>\n<p><strong>\u00a0<\/strong><\/p>\n<p><strong>K\u00f6zfinansz\u00edrozott<\/strong> <strong>n\u00e9peg\u00e9szs\u00e9g\u00fcgyi c\u00e9l\u00fa, c\u00e9lzott vastag \u00e9s v\u00e9gb\u00e9lsz\u0171r\u00e9s<\/strong>: (vastagb\u00e9lt\u00fckr\u00f6z\u00e9s) Id\u0151pont sz\u00fcks\u00e9ges, melyet a h\u00e1ziorvos, kezel\u0151orvos k\u00e9r.<\/p>\n<p>A p\u00e1ciens hozza mag\u00e1val:<\/p>\n<ul>\n<li>beutal\u00f3<\/li>\n<li>laboreredm\u00e9nyek (friss nagylabor, v\u00e9rk\u00e9p, protrombin)<\/li>\n<li>el\u0151z\u0151 leletek.<\/li>\n<\/ul>\n<p>A vizsg\u00e1latra \u00e9hgyomorral sz\u00fcks\u00e9ges \u00e9rkezni. A vizsg\u00e1lat el\u0151tt Endogol b\u00e9lmos\u00f3 folyad\u00e9kkal val\u00f3 el\u0151k\u00e9sz\u00edt\u00e9s n\u00e9lk\u00fcl\u00f6zhetetlen.<\/p>\n<p><strong>Endogol b\u00e9lmos\u00f3 folyad\u00e9kkal val\u00f3 el\u0151k\u00e9sz\u00edt\u00e9s:<\/strong><\/p>\n<p><strong>Endogol <\/strong>b\u00e9ltiszt\u00edt\u00f3 por recept n\u00e9lk\u00fcl, gy\u00f3gyszert\u00e1rban vehet\u0151 meg. Aj\u00e1nlott mennyis\u00e9g 6-8 tasak.<\/p>\n<p><strong>Vizsg\u00e1lat el\u0151tt:<\/strong><\/p>\n<ul>\n<li>1-1,5 h\u00e9ttel nem aj\u00e1nlott a k\u00f6vetkez\u0151 \u00e9teleket fogyasztani: lenmag, szez\u00e1mmag, m\u00e1k, di\u00f3, f\u00fcge, kivi, apr\u00f3 magvas gy\u00fcm\u00f6lcs\u00f6k, m\u00fczli, \u0151r\u00f6lt gabonaf\u00e9l\u00e9k, h\u00fcvelyesek.<\/li>\n<li>Fogyasszon folyad\u00e9kot, amennyit csak tud (tea, \u00e1sv\u00e1nyv\u00edz, rostmentes gy\u00fcm\u00f6lcslevek). K\u00f6nny\u0171 \u00e9teleket egyen.<\/li>\n<li>Vizsg\u00e1lat el\u0151tti nap k\u00f6nny\u0171 reggelit fogyaszthat, majd d\u00e9lben \u00e9s este csak folyad\u00e9kot.<\/li>\n<\/ul>\n<p>Vizsg\u00e1lat el\u0151tti este a megv\u00e1s\u00e1rolt mennyis\u00e9g fel\u00e9t (pl. 6 &#8211; 8 tasakb\u00f3l 3 \u2013 4-et) 3 &#8211; 4 liter langyos v\u00edzben a haszn\u00e1lati utas\u00edt\u00e1s szerint oldja fel \u00e9s 18:00 \u00f3r\u00e1t\u00f3l 15 &#8211; 20 percenk\u00e9nt 2 dl-t igyon meg.<\/p>\n<p>A vizsg\u00e1lat napj\u00e1n reggel 5.00 \u2013 6.00 \u00f3r\u00e1t\u00f3l a sz\u00fcks\u00e9ges mennyis\u00e9g m\u00e1sik fel\u00e9t a haszn\u00e1lati utas\u00edt\u00e1s szerint oldja fel, \u00e9s 15 &#8211; 20 percenk\u00e9nt 2 dl-t igyon meg.<\/p>\n<p><strong>Vizsg\u00e1latra \u00e9rkez\u00e9s id\u0151pontja<\/strong>: az el\u0151jegyz\u00e9s alapj\u00e1n megbesz\u00e9lt id\u0151pont. (p\u00e9ld\u00e1ul: 08.00 -11.00 \u00f3ra)<\/p>\n<p><strong>Hozza mag\u00e1val<\/strong> beutal\u00f3j\u00e1t, r\u00e9gi leleteit, labor eredm\u00e9ny\u00e9t.<\/p>\n<p>Szok\u00e1sos gy\u00f3gyszereit (p\u00e9ld\u00e1ul: v\u00e9rnyom\u00e1scs\u00f6kkent\u0151) a vizsg\u00e1lat el\u0151tt reggel a szokott id\u0151ben vegye be.<\/p>\n<p>Amennyiben inzulinos cukorbeteg, v\u00e9ralvad\u00e1sg\u00e1tl\u00f3t szed, jelezze kezel\u0151orvos\u00e1nak. A vizsg\u00e1latok el\u0151tt a sz\u00f6v\u0151dm\u00e9nyek megel\u0151z\u00e9se miatt v\u00e9ralvad\u00e1sg\u00e1tl\u00f3 gy\u00f3gyszer elhagy\u00e1sa \u00e9s LMWH-ra val\u00f3 \u00e1t\u00e1ll\u00e1s sz\u00fcks\u00e9ges lehet.<\/p>\n<p><strong>Helicobacter Pylori vizsg\u00e1lat<\/strong>: UBT teszt<\/p>\n<p>Vizsg\u00e1lati id\u0151: P\u00e9ntek 07.00 \u2013 10.00<\/p>\n<p>El\u0151jegyz\u00e9sre v\u00e9gz\u00fcnk Helicobacter pylori okozta kimutat\u00e1st C14 urea kil\u00e9gz\u00e9si teszttel, melynek felt\u00e9tele beutal\u00f3, \u00e9hgyomor, reggeli gy\u00f3gyszereit sem veheti be (fogat mosni, doh\u00e1nyozni, r\u00e1g\u00f3gumit, cukrot szopogatni nem szabad el\u0151tte).<\/p>\n<p><strong>A vizsg\u00e1lat nem v\u00e9gezhet\u0151 a k\u00f6vetkez\u0151 esetekben:<\/strong><\/p>\n<ul>\n<li>Ha a beteg gyomr\u00e1nak egy r\u00e9sz\u00e9t, vagy teljes eg\u00e9sz\u00e9t elt\u00e1vol\u00edtott\u00e1k.<\/li>\n<li>Ha a k\u00e9sz\u00edtm\u00e9ny hat\u00f3anyag\u00e1val vagy b\u00e1rmely seg\u00e9danyag\u00e1val szembeni t\u00fal\u00e9rz\u00e9kenys\u00e9ge van.<\/li>\n<li>Ha val\u00f3sz\u00edn\u0171s\u00edthet\u0151 b\u00e1rmilyen gyomorfert\u0151z\u00e9s.<\/li>\n<li>Ha valamilyen antibiotikumot vagy bizmut vegy\u00fcletet szedett az elm\u00falt 1 h\u00f3napban.<\/li>\n<li>Ha savg\u00e1tl\u00f3 anyagot szedett az elm\u00falt 1 h\u00e9tben.<\/li>\n<li>Terhes vagy szoptat\u00f3s any\u00e1k eset\u00e9ben.<\/li>\n<li>18 \u00e9v alatti gyermekek sz\u00e1m\u00e1ra (err\u0151l kezel\u0151orvos, h\u00e1ziorvos d\u00f6nt).<\/li>\n<\/ul>\n<p>Ha a vizsg\u00e1latokkal vagy el\u0151k\u00e9sz\u00edt\u00e9ssel b\u00e1rmilyen k\u00e9rd\u00e9se lenne, h\u00edvja a 84\/ 313 &#8211; 349-es k\u00f6zvetlen telefonsz\u00e1mot.<\/p>\n<p>H\u00e1ziorvos koll\u00e9g\u00e1kkal, t\u00e1rsszakm\u00e1kkal rendszeres konzultat\u00edv egy\u00fctt m\u0171k\u00f6d\u00e9st tartunk. Probl\u00e9m\u00e1s esetek megbesz\u00e9l\u00e9s\u00e9re nyitottak vagyunk, seg\u00edts\u00e9g\u00fcnket mindenkinek felaj\u00e1nljuk.<\/p>\n<p><strong>\u00a0<\/strong><\/p>\n<p><strong>Endoszk\u00f3pos szakambulancia<\/strong><\/p>\n<p>Si\u00f3foki K\u00f3rh\u00e1z-Rendel\u0151int\u00e9zet<\/p>\n<p>8600 Si\u00f3fok, Semmelweis u. 1. F\u0151 \u00e9p\u00fclet, 4. emelet C sz\u00e1rny<\/p>\n<p>Telefon:\u00a0\u00a0\u00a0\u00a0\u00a0\u00a0\u00a0\u00a0\u00a0 84\/ 313 &#8211; 349<\/p>\n<p>84\/ 501 &#8211; 700 mell\u00e9k: 303<\/p>\n<p>E-mail: <a href=\"mailto:endoscopia@siokorhaz.hu\">endoscopia@siokorhaz.hu<\/a><\/p>\n<p><strong>Rendel\u00e9si id\u0151:<\/strong><\/p>\n<p>H\u00e9tf\u0151t\u0151l &#8211; p\u00e9ntekig: \u00a0 07.30 \u2013 11.30<\/p>\n<p><strong>K\u00f6zfinansz\u00edrozott<\/strong> <strong>n\u00e9peg\u00e9szs\u00e9g\u00fcgyi c\u00e9l\u00fa, c\u00e9lzott vastag \u00e9s v\u00e9gb\u00e9lsz\u0171r\u00e9s: <\/strong><\/p>\n<p>H\u00e9tf\u0151:\u00a0\u00a0\u00a0\u00a0\u00a0\u00a0\u00a0\u00a0\u00a0\u00a0\u00a0\u00a0 8.00 \u2013 10.00<\/p>\n<p>Kedd: \u00a0\u00a0\u00a0\u00a0\u00a0\u00a0\u00a0\u00a0\u00a0\u00a0\u00a0 8.00 \u2013 10.00<\/p>\n<p>Szerda: \u00a0\u00a0\u00a0\u00a0\u00a0\u00a0\u00a0\u00a0\u00a0\u00a0 8.00 \u2013 10.00 \u00ad<\/p>\n<p>Cs\u00fct\u00f6rt\u00f6k: \u00a0\u00a0\u00a0\u00a0\u00a0 8.00 \u2013 10.00<\/p>\n<p>P\u00e9ntek: \u00a0\u00a0\u00a0\u00a0\u00a0\u00a0\u00a0\u00a0\u00a0\u00a0 8.00 \u2013 10.00<\/p>\n<p>\u00a0<\/p>\n\n\n<div style=\"color:#ddd\" class=\"wp-block-genesis-blocks-gb-spacer gb-block-spacer gb-divider-solid gb-divider-size-1\"><hr style=\"height:30px\"\/><\/div>\n\n\n\n<div style=\"color:#32373c;background-color:#00d1b2\" class=\"wp-block-genesis-blocks-gb-notice gb-font-size-18 gb-block-notice\" data-id=\"5e5432\"><div class=\"gb-notice-text\" style=\"border-color:#00d1b2\"><div data-post-id=\"5024\" class=\"insert-page insert-page-5024 \"><h2>Gasztroenterol\u00f3giai Szakrendel\u00e9s<\/h2>\t\t\t\t\n\t\t\t\t\t\t\t\t\t\t\t\t\t\t\t<img loading=\"lazy\" decoding=\"async\" width=\"1024\" height=\"724\" src=\"https:\/\/siokorhaz.hu\/wp-content\/uploads\/2025\/01\/korhaz_epuletek-1024x724.png\" alt=\"\" srcset=\"https:\/\/siokorhaz.hu\/wp-content\/uploads\/2025\/01\/korhaz_epuletek-1024x724.png 1024w, https:\/\/siokorhaz.hu\/wp-content\/uploads\/2025\/01\/korhaz_epuletek-300x212.png 300w, https:\/\/siokorhaz.hu\/wp-content\/uploads\/2025\/01\/korhaz_epuletek-768x543.png 768w, https:\/\/siokorhaz.hu\/wp-content\/uploads\/2025\/01\/korhaz_epuletek-750x530.png 750w, https:\/\/siokorhaz.hu\/wp-content\/uploads\/2025\/01\/korhaz_epuletek-540x382.png 540w, https:\/\/siokorhaz.hu\/wp-content\/uploads\/2025\/01\/korhaz_epuletek.png 1110w\" sizes=\"auto, (max-width: 1024px) 100vw, 1024px\" \/>\t\t\t\t\t\t\t\t\t\t\t\t\t\t\t\n\t\t<table>\n<thead>\n<tr>\n<th colspan=\"2\">RENDEL\u00c9SI ID\u0150<\/th>\n<\/tr>\n<\/thead>\n<tbody>\n<tr>\n<td>H\u00c9TF\u0150<\/td>\n<td>10<sup>00<\/sup> &#8211; 12<sup>00<\/sup><\/td>\n<\/tr>\n<tr>\n<td>KEDD<\/td>\n<td>&#8211;<\/td>\n<\/tr>\n<tr>\n<td>SZERDA<\/td>\n<td>10<sup>00<\/sup> &#8211; 12<sup>00<\/sup><\/td>\n<\/tr>\n<tr>\n<td>CS\u00dcT\u00d6RT\u00d6K<\/td>\n<td>&#8211;<\/td>\n<\/tr>\n<tr>\n<td>P\u00c9NTEK<\/td>\n<td>&#8211;<\/td>\n<\/tr>\n<\/tbody>\n<\/table><p style=\"text-align: center;\"><a href=\"#\">Rendel\u00e9s Helye<br \/>F\u0151\u00e9p\u00fclet C sz\u00e1rny, 4.emelet<\/a><\/p><p style=\"text-align: center;\"><a href=\"#\">K\u00f6zponti el\u0151jegyz\u00e9s<br \/>84\/501-793<br \/><\/a><\/p><p style=\"text-align: center;\"><a href=\"#\">Telefon<br \/>84\/313 349<br \/><\/a><\/p><p style=\"text-align: center;\"><a href=\"#\">E-mail<br \/>endoscopia@siokorhaz.hu<br \/><\/a><\/p><p style=\"text-align: center;\"><a href=\"#\">Beutal\u00f3 k\u00f6teles<br \/>igen<br \/><\/a><\/p><\/div>\n<\/div><\/div>\n","protected":false},"excerpt":{"rendered":"<p>Endoscopos laborat\u00f3rium \u00e9s Gasztroenterol\u00f3giai szakrendel\u00e9s Laborat\u00f3riumunk j\u00f3l felszerelt, a legmodernebb video endoszk\u00f3pok \u00e9s mos\u00f3g\u00e9pek, egyszer haszn\u00e1latos eszk\u00f6z\u00f6k \u00e1llnak rendelkez\u00e9s\u00fcnkre. Szervezeti egys\u00e9g\u00fcnk komfortos v\u00e1r\u00f3val, el\u0151k\u00e9sz\u00edt\u0151 helyis\u00e9ggel \u00e9s fektet\u0151vel rendelkezik. Tev\u00e9kenys\u00e9gek\/beavatkoz\u00e1sok J\u00e1r\u00f3-, \u00e9s fekv\u0151betegeknek v\u00e9gz\u00fcnk fels\u0151 panendoscopos, epe\u00fati diagnosztikus \u00e9s ter\u00e1pi\u00e1s beavatkoz\u00e1sokat, funkcion\u00e1lis vizsg\u00e1latokat. J\u00e1r\u00f3beteg ell\u00e1t\u00e1sban v\u00e9gzett invaz\u00edv beavatkoz\u00e1s ut\u00e1n (pl: endoscopos polypectomia, biopsia \u00e9s idegentest elt\u00e1vol\u00edt\u00e1s) [&hellip;]<\/p>\n","protected":false},"author":1,"featured_media":4709,"parent":0,"menu_order":0,"comment_status":"closed","ping_status":"closed","template":"","meta":{"_genesis_hide_title":false,"_genesis_hide_breadcrumbs":false,"_genesis_hide_singular_image":false,"_genesis_hide_footer_widgets":false,"_genesis_custom_body_class":"","_genesis_custom_post_class":"","_genesis_layout":"","footnotes":""},"class_list":{"0":"post-4105","1":"page","2":"type-page","3":"status-publish","4":"has-post-thumbnail","6":"entry"},"featured_image_src":"https:\/\/siokorhaz.hu\/wp-content\/uploads\/2025\/02\/iStock-538333078-endoscope-scaled-1-600x400.jpg","featured_image_src_square":"https:\/\/siokorhaz.hu\/wp-content\/uploads\/2025\/02\/iStock-538333078-endoscope-scaled-1-600x600.jpg","_links":{"self":[{"href":"https:\/\/siokorhaz.hu\/index.php?rest_route=\/wp\/v2\/pages\/4105","targetHints":{"allow":["GET"]}}],"collection":[{"href":"https:\/\/siokorhaz.hu\/index.php?rest_route=\/wp\/v2\/pages"}],"about":[{"href":"https:\/\/siokorhaz.hu\/index.php?rest_route=\/wp\/v2\/types\/page"}],"author":[{"embeddable":true,"href":"https:\/\/siokorhaz.hu\/index.php?rest_route=\/wp\/v2\/users\/1"}],"replies":[{"embeddable":true,"href":"https:\/\/siokorhaz.hu\/index.php?rest_route=%2Fwp%2Fv2%2Fcomments&post=4105"}],"version-history":[{"count":3,"href":"https:\/\/siokorhaz.hu\/index.php?rest_route=\/wp\/v2\/pages\/4105\/revisions"}],"predecessor-version":[{"id":6664,"href":"https:\/\/siokorhaz.hu\/index.php?rest_route=\/wp\/v2\/pages\/4105\/revisions\/6664"}],"wp:featuredmedia":[{"embeddable":true,"href":"https:\/\/siokorhaz.hu\/index.php?rest_route=\/wp\/v2\/media\/4709"}],"wp:attachment":[{"href":"https:\/\/siokorhaz.hu\/index.php?rest_route=%2Fwp%2Fv2%2Fmedia&parent=4105"}],"curies":[{"name":"wp","href":"https:\/\/api.w.org\/{rel}","templated":true}]}}