{"id":3970,"date":"2025-01-30T14:29:24","date_gmt":"2025-01-30T13:29:24","guid":{"rendered":"http:\/\/169.254.1.50\/?page_id=3970"},"modified":"2025-01-30T14:29:24","modified_gmt":"2025-01-30T13:29:24","slug":"patologia","status":"publish","type":"page","link":"https:\/\/siokorhaz.hu\/?page_id=3970","title":{"rendered":"Patol\u00f3gia"},"content":{"rendered":"<p><strong>A pathologia az orvosl\u00e1s fontos ter\u00fclete. Nincs olyan klinikai diszciplina, amellyel ne \u00e1llna kapcsolatban.\u00a0<\/strong><\/p>\n<p>T\u00f6bbr\u00e9t\u0171 feladatot l\u00e1t el. A betegs\u00e9gek t\u00fcnetei m\u00f6g\u00f6tt \u00e1ll\u00f3, azokat megmagyar\u00e1z\u00f3 elv\u00e1ltoz\u00e1sok, mechanizmusok megismer\u00e9se, meg\u00e9rt\u00e9se \u00e9s ezek birtok\u00e1ban a gyakorl\u00f3 orvosl\u00e1s seg\u00edt\u00e9se. Ebben a munk\u00e1ban az eszk\u00f6z\u00f6k \u00e9s m\u00f3dszerek ma m\u00e1r a szemmel t\u00f6rt\u00e9n\u0151 vizsg\u00e1latt\u00f3l a molekul\u00e1ris szint\u0171 vizsg\u00e1latokig terjednek.<\/p>\n<p>A klinikai pathologia, amely a k\u00f3rh\u00e1zunk pathologiai oszt\u00e1ly\u00e1nak munk\u00e1j\u00e1t jelenti, egyr\u00e9szt a k\u00f3rboncol\u00e1sokon kereszt\u00fcl az orvosi tev\u00e9kenys\u00e9g min\u0151s\u00e9g\u00e9nek ellen\u0151rz\u00e9se, nem egyszer \u00faj betegs\u00e9g felismer\u00e9se.<\/p>\n<p>Az oszt\u00e1ly feladat\u00e1nak d\u00f6nt\u0151 h\u00e1nyada azonban a m\u0171t\u00e9tek sor\u00e1n a betegb\u0151l elt\u00e1vol\u00edtott sz\u00f6vetr\u00e9szek mikroszk\u00f3pos vizsg\u00e1latra alkalmass\u00e1 t\u00e9tele \u00e9s a tal\u00e1lt k\u00f3ros elt\u00e9r\u00e9sek v\u00e9lem\u00e9nyez\u00e9se.\u00a0 Ha sz\u00fcks\u00e9ges a diagn\u00f3zis fel\u00e1ll\u00edt\u00e1s\u00e1hoz, a rutin diagnosztika elj\u00e1r\u00e1s mellett immunhisztok\u00e9miai vizsg\u00e1latokra is van lehet\u0151s\u00e9g.<\/p>\n<p>Ha speci\u00e1lis, csak egyetemi int\u00e9zm\u00e9nyekben el\u00e9rhet\u0151 legmodernebb vizsg\u00e1lati m\u00f3dszerekre is sz\u00fcks\u00e9g van, ezek ig\u00e9nybe v\u00e9tele is megt\u00f6rt\u00e9nik.<\/p>\n<p>A sz\u00f6vettani leletekben \u00f6sszefoglalt eredm\u00e9nyekt\u0151l f\u00fcgg\u0151en folytat\u00f3dhat a beteg c\u00e9lzott, szakszer\u0171 ter\u00e1pi\u00e1ja.<\/p>\n<p>Fontos szempont a beteg \u00e9rdek\u00e9ben a lehet\u0151 legr\u00f6videbb leletfordul\u00f3, hosszabb idej\u0171 a speci\u00e1lis vizsg\u00e1lati m\u00f3dszereket ig\u00e9nyl\u0151 anyagok eset\u00e9ben v\u00e1rhat\u00f3.<\/p>\n<p>Az oszt\u00e1ly k\u00f3rsz\u00f6vettani laborat\u00f3riuma j\u00f3l felszerelt, nagyr\u00e9szt automatiz\u00e1lt.<\/p>\n<p>Korszer\u0171 oktat\u00e1sra is alkalmas monitoros, t\u00f6bbvizsg\u00e1l\u00f3s mikroszk\u00f3ppal is rendelkez\u00fcnk.<\/p>\n<p>Valamint lehet\u0151s\u00e9g van digit\u00e1lis felv\u00e9telek k\u00e9sz\u00edt\u00e9s\u00e9re, val\u00f3s idej\u0171 konzult\u00e1ci\u00f3ra metszet-szkenner seg\u00edts\u00e9g\u00e9vel.<\/p>\n<p>A pathologus nem a k\u00f6zvetlen gy\u00f3gy\u00edt\u00e1sban dolgozik, de rendszeres a szakmai kapcsolata az oszt\u00e1lyos orvosokkal.<\/p>\n<p>Oszt\u00e1lyvezet\u0151 f\u0151orvos: Dr. Bohus P\u00e9ter<\/p>\n<p>Vezet\u0151 asszisztens: Farkas Patr\u00edcia<\/p>\n<div data-post-id=\"5453\" class=\"insert-page insert-page-5453 \"><h3>Patol\u00f3gia<\/h3>\n<h4>Si\u00f3foki K\u00f3rh\u00e1z-Rendel\u0151int\u00e9zet<\/h4>\n<p><a href=\"#\">8600 Si\u00f3fok, Semmelweis u. 1. F\u0151 \u00e9p\u00fclet, f\u00f6ldszint<\/a><\/p>\n<p><a href=\"mailto:patologia@siokorhaz.hu\">patologia@siokorhaz.hu<\/a><\/p>\n<p><a href=\"tel:+36 84 501 753\">+36 84 501 753<\/a><\/p>\n<p><strong>Hozz\u00e1tartoz\u00f3i \u00fcgyint\u00e9z\u00e9s:<\/strong><\/p>\n<ul>\n<li>h\u00e9tf\u0151t\u0151l-p\u00e9ntekig 7:30-15:30<\/li>\n<\/ul>\n<p>\t\t\t\t\t\t\t\t\t\t\t\t\t\t\t<img loading=\"lazy\" decoding=\"async\" width=\"1024\" height=\"724\" src=\"https:\/\/siokorhaz.hu\/wp-content\/uploads\/2025\/01\/korhaz_epuletek-1024x724.png\" alt=\"\" srcset=\"https:\/\/siokorhaz.hu\/wp-content\/uploads\/2025\/01\/korhaz_epuletek-1024x724.png 1024w, https:\/\/siokorhaz.hu\/wp-content\/uploads\/2025\/01\/korhaz_epuletek-300x212.png 300w, https:\/\/siokorhaz.hu\/wp-content\/uploads\/2025\/01\/korhaz_epuletek-768x543.png 768w, https:\/\/siokorhaz.hu\/wp-content\/uploads\/2025\/01\/korhaz_epuletek-750x530.png 750w, https:\/\/siokorhaz.hu\/wp-content\/uploads\/2025\/01\/korhaz_epuletek-540x382.png 540w, https:\/\/siokorhaz.hu\/wp-content\/uploads\/2025\/01\/korhaz_epuletek.png 1110w\" sizes=\"auto, (max-width: 1024px) 100vw, 1024px\" \/><\/p>\n<\/div>\n","protected":false},"excerpt":{"rendered":"<p>A pathologia az orvosl\u00e1s fontos ter\u00fclete. Nincs olyan klinikai diszciplina, amellyel ne \u00e1llna kapcsolatban.\u00a0 T\u00f6bbr\u00e9t\u0171 feladatot l\u00e1t el. A betegs\u00e9gek t\u00fcnetei m\u00f6g\u00f6tt \u00e1ll\u00f3, azokat megmagyar\u00e1z\u00f3 elv\u00e1ltoz\u00e1sok, mechanizmusok megismer\u00e9se, meg\u00e9rt\u00e9se \u00e9s ezek birtok\u00e1ban a gyakorl\u00f3 orvosl\u00e1s seg\u00edt\u00e9se. Ebben a munk\u00e1ban az eszk\u00f6z\u00f6k \u00e9s m\u00f3dszerek ma m\u00e1r a szemmel t\u00f6rt\u00e9n\u0151 vizsg\u00e1latt\u00f3l a molekul\u00e1ris szint\u0171 vizsg\u00e1latokig terjednek. A [&hellip;]<\/p>\n","protected":false},"author":1,"featured_media":5512,"parent":0,"menu_order":0,"comment_status":"closed","ping_status":"closed","template":"","meta":{"_genesis_hide_title":false,"_genesis_hide_breadcrumbs":false,"_genesis_hide_singular_image":false,"_genesis_hide_footer_widgets":false,"_genesis_custom_body_class":"","_genesis_custom_post_class":"","_genesis_layout":"","footnotes":""},"class_list":{"0":"post-3970","1":"page","2":"type-page","3":"status-publish","4":"has-post-thumbnail","6":"entry"},"featured_image_src":"https:\/\/siokorhaz.hu\/wp-content\/uploads\/2025\/02\/csm_medical_pathologie_header_2048x1050_961409c7dc-600x350.jpg","featured_image_src_square":"https:\/\/siokorhaz.hu\/wp-content\/uploads\/2025\/02\/csm_medical_pathologie_header_2048x1050_961409c7dc-600x350.jpg","_links":{"self":[{"href":"https:\/\/siokorhaz.hu\/index.php?rest_route=\/wp\/v2\/pages\/3970","targetHints":{"allow":["GET"]}}],"collection":[{"href":"https:\/\/siokorhaz.hu\/index.php?rest_route=\/wp\/v2\/pages"}],"about":[{"href":"https:\/\/siokorhaz.hu\/index.php?rest_route=\/wp\/v2\/types\/page"}],"author":[{"embeddable":true,"href":"https:\/\/siokorhaz.hu\/index.php?rest_route=\/wp\/v2\/users\/1"}],"replies":[{"embeddable":true,"href":"https:\/\/siokorhaz.hu\/index.php?rest_route=%2Fwp%2Fv2%2Fcomments&post=3970"}],"version-history":[{"count":0,"href":"https:\/\/siokorhaz.hu\/index.php?rest_route=\/wp\/v2\/pages\/3970\/revisions"}],"wp:featuredmedia":[{"embeddable":true,"href":"https:\/\/siokorhaz.hu\/index.php?rest_route=\/wp\/v2\/media\/5512"}],"wp:attachment":[{"href":"https:\/\/siokorhaz.hu\/index.php?rest_route=%2Fwp%2Fv2%2Fmedia&parent=3970"}],"curies":[{"name":"wp","href":"https:\/\/api.w.org\/{rel}","templated":true}]}}