{"id":3961,"date":"2025-01-30T14:12:42","date_gmt":"2025-01-30T13:12:42","guid":{"rendered":"http:\/\/169.254.1.50\/?page_id=3961"},"modified":"2025-01-30T14:12:42","modified_gmt":"2025-01-30T13:12:42","slug":"laboratorium","status":"publish","type":"page","link":"https:\/\/siokorhaz.hu\/?page_id=3961","title":{"rendered":"Laborat\u00f3rium"},"content":{"rendered":"<p><strong>Bemutatkoz\u00e1s<\/strong><\/p>\n<p>A Si\u00f3foki K\u00f3rh\u00e1z K\u00f6zponti Laborat\u00f3riuma \u00e9s j\u00e1r\u00f3beteg szakrendel\u00e9se integr\u00e1lt egys\u00e9gben m\u0171k\u00f6dik. Ut\u00f3bbi, a K\u00f6zponti Laborat\u00f3rium ambulanci\u00e1jak\u00e9nt, a j\u00e1r\u00f3beteg mint\u00e1k lev\u00e9tel\u00e9re, illetve a h\u00e1ziorvosok \u00e1ltal bek\u00fcld\u00f6tt mint\u00e1k \u00e1tv\u00e9tel\u00e9re jogosult. A K\u00f6zponti Laborat\u00f3riumban 24 \u00f3r\u00e1s \u00fcgyeleti ell\u00e1t\u00e1s m\u0171k\u00f6dik.<\/p>\n<p>A klinikai laborat\u00f3riumi vizsg\u00e1latokb\u00f3l a betegs\u00e9gek alapj\u00e1t k\u00e9pez\u0151 k\u00f3ros anyagcsere folyamatokat mutatjuk ki. A laborat\u00f3rium a k\u00f6vetkez\u0151 t\u00edpus\u00fa vizsg\u00e1latokat v\u00e9gzi: k\u00e9miai-, hematol\u00f3giai-, v\u00e9ralvad\u00e1s-, immunk\u00e9miai- \u00e9s mikrobiol\u00f3giai vizsg\u00e1latok.<\/p>\n<p>A vizsg\u00e1lt \u00f6sszetev\u0151kr\u0151l nyert eredm\u00e9nyt a mint\u00e1ban jelen l\u00e9v\u0151 egy\u00e9b anyagok k\u00fcl\u00f6nb\u00f6z\u0151k\u00e9ppen \u00e9s ellen\u0151rizhetetlen m\u00f3don befoly\u00e1solhatj\u00e1k.<\/p>\n<p>Az anal\u00edzist megel\u0151z\u0151 id\u0151szak (preanalitikai f\u00e1zis) beteg el\u0151k\u00e9sz\u00edt\u00e9sre vonatkoz\u00f3 szigor\u00fa szab\u00e1lyainak be nem tart\u00e1sa a legpontosabb m\u00e9r\u00e9si eredm\u00e9nyt is meghamis\u00edthatja. A vizsg\u00e1lati m\u00f3dszerek \u00e9rz\u00e9kenys\u00e9ge nagy, \u00edgy a mintav\u00e9telb\u0151l ered\u0151 hiba kihat a m\u00e9r\u00e9s v\u00e9gs\u0151 eredm\u00e9ny\u00e9re.<\/p>\n<p>A v\u00e9rv\u00e9tellel kapcsolatos tudnival\u00f3kr\u00f3l sz\u00edveskedjenek t\u00e1j\u00e9koz\u00f3dni a \u201eBetegt\u00e1j\u00e9koztat\u00f3\u201d c\u00edm\u0171 ismertet\u0151b\u0151l.<\/p>\n<p><strong>Munkat\u00e1rsak<\/strong><\/p>\n<p>Orvosok:<\/p>\n<ul>\n<li>1 f\u0151 laborat\u00f3riumi szakorvos (oszt\u00e1lyvezet\u0151 f\u0151orvos) Dr. Peti Mih\u00e1ly Attila<\/li>\n<li>az NNGYK rendelkez\u00e9se alapj\u00e1n, heti 2 \u00f3r\u00e1ban, a mikrobiol\u00f3giai laborat\u00f3riumban a szakorvosi fel\u00fcgyeletet a kaposv\u00e1ri K\u00f6zponti Laborat\u00f3rium mikrobiol\u00f3giai laborat\u00f3rium\u00e1nak f\u0151orvosa Dr. Szab\u00f3 Hajnalka biztos\u00edtja.<\/li>\n<\/ul>\n<p>Szakdolgoz\u00f3k:<\/p>\n<ul>\n<li>2 f\u0151 orvosdiagnosztikai laborat\u00f3riumi analitikus<\/li>\n<li>5 f\u0151 szakasszisztens<\/li>\n<li>3 f\u0151 \u00e1ltal\u00e1nos laborat\u00f3riumi asszisztens<\/li>\n<li>1 f\u0151 seg\u00e9dasszisztens<\/li>\n<\/ul>\n<p>Egy\u00e9b (kiseg\u00edt\u0151 dolgoz\u00f3):<\/p>\n<ul>\n<li>1 f\u0151 adminisztr\u00e1tor<\/li>\n<li>1 f\u0151 speci\u00e1lisan betan\u00edtott kiseg\u00edt\u0151 dolgoz\u00f3 (takar\u00edt\u00f3)<\/li>\n<\/ul>\n<p><strong>Lelet\u2013 kiad\u00e1s rendje<\/strong><\/p>\n<p>A h\u00e1ziorvosok, j\u00e1r\u00f3beteg ambulanci\u00e1k, szakrendel\u00e9sek, m\u00e1s k\u00f3rh\u00e1zak, vagy orsz\u00e1gos int\u00e9zetek EESZT kereszt\u00fcl kapj\u00e1k meg beteg\u00fck lelet\u00e9t, akik leggyorsabban ott ismerhetik meg vizsg\u00e1lati eredm\u00e9nyeiket.<\/p>\n<p>Pap\u00edralap\u00fa lelet kiad\u00e1s\u00e1ra van lehet\u0151s\u00e9g a j\u00e1r\u00f3beteg szakrendel\u00e9sen minden szerd\u00e1n 14.00-15.00.<\/p>\n<p>A mikrobiol\u00f3giai teny\u00e9szt\u00e9s eredm\u00e9nyeit a laborat\u00f3rium j\u00e1r\u00f3beteg szakrendel\u00e9s\u00e9n vehetik \u00e1t.<\/p>\n<p>Az elk\u00e9sz\u00fclt vizsg\u00e1latok idej\u00e9r\u0151l (aszerint, hogy rutin vagy programozott vizsg\u00e1lat), a mintavev\u0151 asszisztenst\u0151l t\u00e1j\u00e9koztat\u00e1st kapnak.<\/p>\n<div data-post-id=\"5440\" class=\"insert-page insert-page-5440 \"><h3>Laborat\u00f3rium<\/h3>\n<h4>Si\u00f3foki K\u00f3rh\u00e1z-Rendel\u0151int\u00e9zet<\/h4>\n<p><a href=\"#\">8600 Si\u00f3fok, Semmelweis u. 1. <\/a><\/p>\n<p><a href=\"#\">&#8222;E&#8221; \u00e9p\u00fclet, 1. emelet (j\u00e1r\u00f3beteg labor, v\u00e9rv\u00e9tel); <\/a><\/p>\n<p><a href=\"#\">F\u0151\u00e9p\u00fclet, D sz\u00e1rny, f\u00f6ldszint (labor)<\/a><\/p>\n<p><a href=\"mailto:labor@siokorhaz.hu\">labor@siokorhaz.hu<\/a><\/p>\n<p><a href=\"tel:+36 84 501 786\">+36 84 501 786<\/a><\/p>\n<p><strong>Rendel\u00e9si id\u0151:<\/strong><\/p>\n<ul>\n<li>Szakorvosi: h\u00e9tf\u0151 \u2013 p\u00e9ntek: 8.00 \u2013 9.00<\/li>\n<li>Nem szakorvosi: h\u00e9tf\u0151 \u2013 p\u00e9ntek: 9.00 \u2013 13.00<\/li>\n<\/ul>\n<p><strong>V\u00e9rv\u00e9tel:<\/strong><\/p>\n<ul>\n<li>h\u00e9tf\u0151 \u2013 p\u00e9ntek 7.00 \u2013 11.00 \u2013\u00f3r\u00e1ig<\/li>\n<\/ul>\n<p>\t\t\t\t\t\t\t\t\t\t\t\t\t\t\t<img loading=\"lazy\" decoding=\"async\" width=\"1024\" height=\"724\" src=\"https:\/\/siokorhaz.hu\/wp-content\/uploads\/2025\/01\/korhaz_epuletek-1024x724.png\" alt=\"\" srcset=\"https:\/\/siokorhaz.hu\/wp-content\/uploads\/2025\/01\/korhaz_epuletek-1024x724.png 1024w, https:\/\/siokorhaz.hu\/wp-content\/uploads\/2025\/01\/korhaz_epuletek-300x212.png 300w, https:\/\/siokorhaz.hu\/wp-content\/uploads\/2025\/01\/korhaz_epuletek-768x543.png 768w, https:\/\/siokorhaz.hu\/wp-content\/uploads\/2025\/01\/korhaz_epuletek-750x530.png 750w, https:\/\/siokorhaz.hu\/wp-content\/uploads\/2025\/01\/korhaz_epuletek-540x382.png 540w, https:\/\/siokorhaz.hu\/wp-content\/uploads\/2025\/01\/korhaz_epuletek.png 1110w\" sizes=\"auto, (max-width: 1024px) 100vw, 1024px\" \/><\/p>\n<\/div>\n","protected":false},"excerpt":{"rendered":"<p>Bemutatkoz\u00e1s A Si\u00f3foki K\u00f3rh\u00e1z K\u00f6zponti Laborat\u00f3riuma \u00e9s j\u00e1r\u00f3beteg szakrendel\u00e9se integr\u00e1lt egys\u00e9gben m\u0171k\u00f6dik. Ut\u00f3bbi, a K\u00f6zponti Laborat\u00f3rium ambulanci\u00e1jak\u00e9nt, a j\u00e1r\u00f3beteg mint\u00e1k lev\u00e9tel\u00e9re, illetve a h\u00e1ziorvosok \u00e1ltal bek\u00fcld\u00f6tt mint\u00e1k \u00e1tv\u00e9tel\u00e9re jogosult. A K\u00f6zponti Laborat\u00f3riumban 24 \u00f3r\u00e1s \u00fcgyeleti ell\u00e1t\u00e1s m\u0171k\u00f6dik. A klinikai laborat\u00f3riumi vizsg\u00e1latokb\u00f3l a betegs\u00e9gek alapj\u00e1t k\u00e9pez\u0151 k\u00f3ros anyagcsere folyamatokat mutatjuk ki. A laborat\u00f3rium a k\u00f6vetkez\u0151 t\u00edpus\u00fa [&hellip;]<\/p>\n","protected":false},"author":1,"featured_media":5510,"parent":0,"menu_order":0,"comment_status":"closed","ping_status":"closed","template":"","meta":{"_genesis_hide_title":false,"_genesis_hide_breadcrumbs":false,"_genesis_hide_singular_image":false,"_genesis_hide_footer_widgets":false,"_genesis_custom_body_class":"","_genesis_custom_post_class":"","_genesis_layout":"","footnotes":""},"class_list":{"0":"post-3961","1":"page","2":"type-page","3":"status-publish","4":"has-post-thumbnail","6":"entry"},"featured_image_src":"https:\/\/siokorhaz.hu\/wp-content\/uploads\/2025\/02\/lab_211045328-copy-600x400.jpg","featured_image_src_square":"https:\/\/siokorhaz.hu\/wp-content\/uploads\/2025\/02\/lab_211045328-copy-600x600.jpg","_links":{"self":[{"href":"https:\/\/siokorhaz.hu\/index.php?rest_route=\/wp\/v2\/pages\/3961","targetHints":{"allow":["GET"]}}],"collection":[{"href":"https:\/\/siokorhaz.hu\/index.php?rest_route=\/wp\/v2\/pages"}],"about":[{"href":"https:\/\/siokorhaz.hu\/index.php?rest_route=\/wp\/v2\/types\/page"}],"author":[{"embeddable":true,"href":"https:\/\/siokorhaz.hu\/index.php?rest_route=\/wp\/v2\/users\/1"}],"replies":[{"embeddable":true,"href":"https:\/\/siokorhaz.hu\/index.php?rest_route=%2Fwp%2Fv2%2Fcomments&post=3961"}],"version-history":[{"count":0,"href":"https:\/\/siokorhaz.hu\/index.php?rest_route=\/wp\/v2\/pages\/3961\/revisions"}],"wp:featuredmedia":[{"embeddable":true,"href":"https:\/\/siokorhaz.hu\/index.php?rest_route=\/wp\/v2\/media\/5510"}],"wp:attachment":[{"href":"https:\/\/siokorhaz.hu\/index.php?rest_route=%2Fwp%2Fv2%2Fmedia&parent=3961"}],"curies":[{"name":"wp","href":"https:\/\/api.w.org\/{rel}","templated":true}]}}