{"id":3929,"date":"2025-01-30T13:06:52","date_gmt":"2025-01-30T12:06:52","guid":{"rendered":"http:\/\/169.254.1.50\/?page_id=3929"},"modified":"2025-06-03T09:00:05","modified_gmt":"2025-06-03T09:00:05","slug":"traumatologia","status":"publish","type":"page","link":"https:\/\/siokorhaz.hu\/?page_id=3929","title":{"rendered":"Traumatol\u00f3gia"},"content":{"rendered":"<p><strong>A traumatol\u00f3gia, m\u00e1s n\u00e9ven baleseti seb\u00e9szet, a seb\u00e9szetr\u0151l lev\u00e1lt, \u00f6n\u00e1ll\u00f3 szakter\u00fclet, mely balesetek k\u00f6vetkezt\u00e9ben l\u00e9trej\u00f6tt s\u00e9r\u00fcl\u00e9sek ell\u00e1t\u00e1s\u00e1val foglalkozik. Ide tartozik a v\u00e9gtag, koponya, has \u00e9s mellkas s\u00e9r\u00fcl\u00e9sek ell\u00e1t\u00e1sa.<\/strong><\/p>\n<p>A csontt\u00f6r\u00e9sek \u00e9s az ezzel egy\u00fctt j\u00e1r\u00f3 l\u00e1gyr\u00e9sz s\u00e9r\u00fcl\u00e9sek seb\u00e9szi ell\u00e1t\u00e1sa. Kezel\u00e9seink c\u00e9lja a teljes fel\u00e9p\u00fcl\u00e9s, a s\u00e9r\u00fclt ter\u00fclet lehet\u0151 legnagyobb m\u00e9rt\u00e9kben t\u00f6rt\u00e9n\u0151 funkcion\u00e1lis helyre\u00e1ll\u00edt\u00e1sa.<\/p>\n<p>A s\u00e9r\u00fclt beteg kezel\u00e9se mindig \u00f6sszehangolt csapat munk\u00e1t ig\u00e9nyel a szakemberek r\u00e9sz\u00e9r\u0151l. A baleseti-seb\u00e9szet szorosan \u00f6sszekapcsol\u00f3dik az seb\u00e9szettel (hasi \u00e9s mellkas s\u00e9r\u00fcl\u00e9sek ell\u00e1t\u00e1sa), ortop\u00e9di\u00e1val (mozg\u00e1sszervi megbeteged\u00e9sek diagnosztik\u00e1ja \u00e9s kezel\u00e9se) valamint az idegseb\u00e9szettel (koponya, gerinc s\u00e9r\u00fcl\u00e9se eset\u00e9n), illetve igen nagy szerepe van a k\u00e9palkot\u00f3 diagnosztik\u00e1nak is (r\u00f6ntgen, CT, Ultrahang), amely seg\u00edt a megfelel\u0151 diagn\u00f3zis fel\u00e1ll\u00edt\u00e1s\u00e1ban. Tov\u00e1bb\u00e1 \u00e1ltal\u00e1ban a kezel\u00e9s szerves r\u00e9sz\u00e9t k\u00e9pezi a megfelel\u0151 gy\u00f3gytorna, amely a rehabilit\u00e1ci\u00f3 sor\u00e1n nyer k\u00fcl\u00f6n\u00f6sen nagy szerepet.<\/p>\n<p>R\u00e9szleg\u00fcnk\u00f6n a legmodernebb m\u0171t\u00e9ti technik\u00e1kat tudjuk alkalmazni, egyre ink\u00e1bb minim\u00e1l invaz\u00edv technika ker\u00fcl el\u0151t\u00e9rbe. Az r\u00e9szleg operat\u00edv tev\u00e9kenys\u00e9ge a jelenlegi legmodernebb traumatol\u00f3giai elj\u00e1r\u00e1sok alapj\u00e1n t\u00f6rt\u00e9nik, modern implant\u00e1tumok behelyez\u00e9s\u00e9vel \u2013 sz\u00f6gstabil lemez rendszer, vel\u0151\u0171rszegek, arthroscopos elj\u00e1r\u00e1sok.<\/p>\n<p>A traumatol\u00f3giai r\u00e9szlegre a felv\u00e9tel vagy, a S\u00fcrg\u0151ss\u00e9gi Oszt\u00e1lyon kereszt\u00fcl t\u00f6rt\u00e9nik a h\u00e9t minden napj\u00e1n 0-24 \u00f3r\u00e1ig, vagy el\u0151jegyz\u00e9s alapj\u00e1n a j\u00e1r\u00f3 beteg szakrendel\u00e9sr\u0151l.<\/p>\n<p>A traumatol\u00f3giai fekv\u0151beteg oszt\u00e1lyos ell\u00e1t\u00e1shoz kapcsol\u00f3d\u00f3an, a j\u00e1r\u00f3 beteg szakrendel\u00e9s munkanapokon 8-14 \u00f3r\u00e1ig \u00e9rhet\u0151 el.<\/p>\n<p>R\u00e9szleg\u00fcnk munkat\u00e1rsai:<\/p>\n<p>\u00a0<\/p>\n\n\n<div style=\"color:#ddd\" class=\"wp-block-genesis-blocks-gb-spacer gb-block-spacer gb-divider-solid gb-divider-size-1\"><hr style=\"height:30px\"\/><\/div>\n\n\n\n<div style=\"color:#ddd\" class=\"wp-block-genesis-blocks-gb-spacer gb-block-spacer gb-divider-solid gb-divider-size-1\"><hr style=\"height:30px\"\/><\/div>\n\n\n\n<div style=\"background-color:#f2f2f2;color:#32373c\" class=\"wp-block-genesis-blocks-gb-profile-box square gb-has-avatar gb-font-size-18 gb-block-profile gb-profile-columns\"><div class=\"gb-profile-column gb-profile-avatar-wrap\"><div class=\"gb-profile-image-wrap\"><figure class=\"gb-profile-image-square\"><img loading=\"lazy\" decoding=\"async\" width=\"384\" height=\"512\" class=\"gb-profile-avatar wp-image-6187\" src=\"https:\/\/siokorhaz.hu\/wp-content\/uploads\/2025\/05\/Head_physician.png\" alt=\"\" srcset=\"https:\/\/siokorhaz.hu\/wp-content\/uploads\/2025\/05\/Head_physician.png 384w, https:\/\/siokorhaz.hu\/wp-content\/uploads\/2025\/05\/Head_physician-225x300.png 225w\" sizes=\"auto, (max-width: 384px) 100vw, 384px\" \/><\/figure><\/div><\/div><div class=\"gb-profile-column gb-profile-content-wrap\"><h2 class=\"gb-profile-name\" style=\"color:#32373c\"><strong>Dr. Imre L\u00e1szl\u00f3<\/strong><\/h2><p class=\"gb-profile-title\" style=\"color:#32373c\">\u00a0seb\u00e9sz, traumatol\u00f3gus, k\u00e9zseb\u00e9sz f\u0151orvos<\/p><div class=\"gb-profile-text\"><\/div><ul class=\"gb-social-links\"><\/ul><\/div><\/div>\n\n\n\n<div style=\"color:#ddd\" class=\"wp-block-genesis-blocks-gb-spacer gb-block-spacer gb-divider-solid gb-divider-size-1\"><hr style=\"height:30px\"\/><\/div>\n\n\n\n<div style=\"background-color:#f2f2f2;color:#32373c\" class=\"wp-block-genesis-blocks-gb-profile-box square gb-has-avatar gb-font-size-18 gb-block-profile gb-profile-columns\"><div class=\"gb-profile-column gb-profile-avatar-wrap\"><div class=\"gb-profile-image-wrap\"><figure class=\"gb-profile-image-square\"><img loading=\"lazy\" decoding=\"async\" width=\"384\" height=\"512\" class=\"gb-profile-avatar wp-image-6187\" src=\"https:\/\/siokorhaz.hu\/wp-content\/uploads\/2025\/05\/Head_physician.png\" alt=\"\" srcset=\"https:\/\/siokorhaz.hu\/wp-content\/uploads\/2025\/05\/Head_physician.png 384w, https:\/\/siokorhaz.hu\/wp-content\/uploads\/2025\/05\/Head_physician-225x300.png 225w\" sizes=\"auto, (max-width: 384px) 100vw, 384px\" \/><\/figure><\/div><\/div><div class=\"gb-profile-column gb-profile-content-wrap\"><h2 class=\"gb-profile-name\" style=\"color:#32373c\"><strong>Dr. Nov\u00e1k L\u00e1szl\u00f3<\/strong><\/h2><p class=\"gb-profile-title\" style=\"color:#32373c\">\u00a0ortop\u00e9d, traumatol\u00f3gus f\u0151orvos<\/p><div class=\"gb-profile-text\"><\/div><ul class=\"gb-social-links\"><\/ul><\/div><\/div>\n\n\n\n<div style=\"color:#ddd\" class=\"wp-block-genesis-blocks-gb-spacer gb-block-spacer gb-divider-solid gb-divider-size-1\"><hr style=\"height:30px\"\/><\/div>\n\n\n\n<div style=\"background-color:#f2f2f2;color:#32373c\" class=\"wp-block-genesis-blocks-gb-profile-box square gb-has-avatar gb-font-size-18 gb-block-profile gb-profile-columns\"><div class=\"gb-profile-column gb-profile-avatar-wrap\"><div class=\"gb-profile-image-wrap\"><figure class=\"gb-profile-image-square\"><img loading=\"lazy\" decoding=\"async\" width=\"384\" height=\"512\" class=\"gb-profile-avatar wp-image-6187\" src=\"https:\/\/siokorhaz.hu\/wp-content\/uploads\/2025\/05\/Head_physician.png\" alt=\"\" srcset=\"https:\/\/siokorhaz.hu\/wp-content\/uploads\/2025\/05\/Head_physician.png 384w, https:\/\/siokorhaz.hu\/wp-content\/uploads\/2025\/05\/Head_physician-225x300.png 225w\" sizes=\"auto, (max-width: 384px) 100vw, 384px\" \/><\/figure><\/div><\/div><div class=\"gb-profile-column gb-profile-content-wrap\"><h2 class=\"gb-profile-name\" style=\"color:#32373c\"><strong>Dr. Csik\u00f3s Attila<\/strong><\/h2><p class=\"gb-profile-title\" style=\"color:#32373c\">\u00a0ortop\u00e9d-traumatol\u00f3gus szakorvos<\/p><div class=\"gb-profile-text\"><\/div><ul class=\"gb-social-links\"><\/ul><\/div><\/div>\n\n\n\n<div style=\"color:#ddd\" class=\"wp-block-genesis-blocks-gb-spacer gb-block-spacer gb-divider-solid gb-divider-size-1\"><hr style=\"height:30px\"\/><\/div>\n\n\n\n<div style=\"background-color:#f2f2f2;color:#32373c\" class=\"wp-block-genesis-blocks-gb-profile-box square gb-has-avatar gb-font-size-18 gb-block-profile gb-profile-columns\"><div class=\"gb-profile-column gb-profile-avatar-wrap\"><div class=\"gb-profile-image-wrap\"><figure class=\"gb-profile-image-square\"><img loading=\"lazy\" decoding=\"async\" width=\"384\" height=\"512\" class=\"gb-profile-avatar wp-image-6187\" src=\"https:\/\/siokorhaz.hu\/wp-content\/uploads\/2025\/05\/Head_physician.png\" alt=\"\" srcset=\"https:\/\/siokorhaz.hu\/wp-content\/uploads\/2025\/05\/Head_physician.png 384w, https:\/\/siokorhaz.hu\/wp-content\/uploads\/2025\/05\/Head_physician-225x300.png 225w\" sizes=\"auto, (max-width: 384px) 100vw, 384px\" \/><\/figure><\/div><\/div><div class=\"gb-profile-column gb-profile-content-wrap\"><h2 class=\"gb-profile-name\" style=\"color:#32373c\"><strong>Dr. Szab\u00f3 Attila<\/strong><\/h2><p class=\"gb-profile-title\" style=\"color:#32373c\">\u00a0ortop\u00e9d-traumatol\u00f3gus szakorvosjel\u00f6lt<\/p><div class=\"gb-profile-text\"><\/div><ul class=\"gb-social-links\"><\/ul><\/div><\/div>\n\n\n\n<div style=\"color:#ddd\" class=\"wp-block-genesis-blocks-gb-spacer gb-block-spacer gb-divider-solid gb-divider-size-1\"><hr style=\"height:30px\"\/><\/div>\n\n\n\n<div style=\"background-color:#f2f2f2;color:#32373c\" class=\"wp-block-genesis-blocks-gb-profile-box square gb-has-avatar gb-font-size-18 gb-block-profile gb-profile-columns\"><div class=\"gb-profile-column gb-profile-avatar-wrap\"><div class=\"gb-profile-image-wrap\"><figure class=\"gb-profile-image-square\"><img loading=\"lazy\" decoding=\"async\" width=\"384\" height=\"512\" class=\"gb-profile-avatar wp-image-6187\" src=\"https:\/\/siokorhaz.hu\/wp-content\/uploads\/2025\/05\/Head_physician.png\" alt=\"\" srcset=\"https:\/\/siokorhaz.hu\/wp-content\/uploads\/2025\/05\/Head_physician.png 384w, https:\/\/siokorhaz.hu\/wp-content\/uploads\/2025\/05\/Head_physician-225x300.png 225w\" sizes=\"auto, (max-width: 384px) 100vw, 384px\" \/><\/figure><\/div><\/div><div class=\"gb-profile-column gb-profile-content-wrap\"><h2 class=\"gb-profile-name\" style=\"color:#32373c\"><strong>Dr. Bitar Fouad<\/strong><\/h2><p class=\"gb-profile-title\" style=\"color:#32373c\">\u00a0ortop\u00e9d-traumatol\u00f3gus rezidens orvos<\/p><div class=\"gb-profile-text\"><\/div><ul class=\"gb-social-links\"><\/ul><\/div><\/div>\n\n\n\n<div style=\"color:#ddd\" class=\"wp-block-genesis-blocks-gb-spacer gb-block-spacer gb-divider-solid gb-divider-size-1\"><hr style=\"height:30px\"\/><\/div>\n\n\n\n<div style=\"color:#32373c;background-color:#00d1b2\" class=\"wp-block-genesis-blocks-gb-notice gb-font-size-18 gb-block-notice\" data-id=\"5e5432\"><div class=\"gb-notice-text\" style=\"border-color:#00d1b2\"><div data-post-id=\"5414\" class=\"insert-page insert-page-5414 \"><h3>Traumatol\u00f3gia<\/h3><h4>Si\u00f3foki K\u00f3rh\u00e1z-Rendel\u0151int\u00e9zet<\/h4><p><a href=\"#\">8600 Si\u00f3fok, Semmelweis u. 1. F\u0151\u00e9p\u00fclet, 1. emelet B sz\u00e1rny<\/a><\/p><p><a href=\"mailto:sebeszet@siokorhaz.hu\">sebeszet@siokorhaz.hu<\/a><\/p><p><a href=\"tel:+36 84 501 726\">+36 84 501 726<\/a><\/p>\t\t\n\t\t\t\t\t\t\t\t\t\t\t\t\t\t\t<img loading=\"lazy\" decoding=\"async\" width=\"1024\" height=\"724\" src=\"https:\/\/siokorhaz.hu\/wp-content\/uploads\/2025\/01\/korhaz_epuletek-1024x724.png\" alt=\"\" srcset=\"https:\/\/siokorhaz.hu\/wp-content\/uploads\/2025\/01\/korhaz_epuletek-1024x724.png 1024w, https:\/\/siokorhaz.hu\/wp-content\/uploads\/2025\/01\/korhaz_epuletek-300x212.png 300w, https:\/\/siokorhaz.hu\/wp-content\/uploads\/2025\/01\/korhaz_epuletek-768x543.png 768w, https:\/\/siokorhaz.hu\/wp-content\/uploads\/2025\/01\/korhaz_epuletek-750x530.png 750w, https:\/\/siokorhaz.hu\/wp-content\/uploads\/2025\/01\/korhaz_epuletek-540x382.png 540w, https:\/\/siokorhaz.hu\/wp-content\/uploads\/2025\/01\/korhaz_epuletek.png 1110w\" sizes=\"auto, (max-width: 1024px) 100vw, 1024px\" \/><\/div>\n<\/div><\/div>\n","protected":false},"excerpt":{"rendered":"<p>A traumatol\u00f3gia, m\u00e1s n\u00e9ven baleseti seb\u00e9szet, a seb\u00e9szetr\u0151l lev\u00e1lt, \u00f6n\u00e1ll\u00f3 szakter\u00fclet, mely balesetek k\u00f6vetkezt\u00e9ben l\u00e9trej\u00f6tt s\u00e9r\u00fcl\u00e9sek ell\u00e1t\u00e1s\u00e1val foglalkozik. Ide tartozik a v\u00e9gtag, koponya, has \u00e9s mellkas s\u00e9r\u00fcl\u00e9sek ell\u00e1t\u00e1sa. A csontt\u00f6r\u00e9sek \u00e9s az ezzel egy\u00fctt j\u00e1r\u00f3 l\u00e1gyr\u00e9sz s\u00e9r\u00fcl\u00e9sek seb\u00e9szi ell\u00e1t\u00e1sa. Kezel\u00e9seink c\u00e9lja a teljes fel\u00e9p\u00fcl\u00e9s, a s\u00e9r\u00fclt ter\u00fclet lehet\u0151 legnagyobb m\u00e9rt\u00e9kben t\u00f6rt\u00e9n\u0151 funkcion\u00e1lis helyre\u00e1ll\u00edt\u00e1sa. A s\u00e9r\u00fclt [&hellip;]<\/p>\n","protected":false},"author":1,"featured_media":4830,"parent":0,"menu_order":0,"comment_status":"closed","ping_status":"closed","template":"","meta":{"_genesis_hide_title":false,"_genesis_hide_breadcrumbs":false,"_genesis_hide_singular_image":false,"_genesis_hide_footer_widgets":false,"_genesis_custom_body_class":"","_genesis_custom_post_class":"","_genesis_layout":"","footnotes":""},"class_list":{"0":"post-3929","1":"page","2":"type-page","3":"status-publish","4":"has-post-thumbnail","6":"entry"},"featured_image_src":"https:\/\/siokorhaz.hu\/wp-content\/uploads\/2025\/02\/Firstmed-specialties-traumatology1-600x400.jpg","featured_image_src_square":"https:\/\/siokorhaz.hu\/wp-content\/uploads\/2025\/02\/Firstmed-specialties-traumatology1-600x562.jpg","_links":{"self":[{"href":"https:\/\/siokorhaz.hu\/index.php?rest_route=\/wp\/v2\/pages\/3929","targetHints":{"allow":["GET"]}}],"collection":[{"href":"https:\/\/siokorhaz.hu\/index.php?rest_route=\/wp\/v2\/pages"}],"about":[{"href":"https:\/\/siokorhaz.hu\/index.php?rest_route=\/wp\/v2\/types\/page"}],"author":[{"embeddable":true,"href":"https:\/\/siokorhaz.hu\/index.php?rest_route=\/wp\/v2\/users\/1"}],"replies":[{"embeddable":true,"href":"https:\/\/siokorhaz.hu\/index.php?rest_route=%2Fwp%2Fv2%2Fcomments&post=3929"}],"version-history":[{"count":1,"href":"https:\/\/siokorhaz.hu\/index.php?rest_route=\/wp\/v2\/pages\/3929\/revisions"}],"predecessor-version":[{"id":6424,"href":"https:\/\/siokorhaz.hu\/index.php?rest_route=\/wp\/v2\/pages\/3929\/revisions\/6424"}],"wp:featuredmedia":[{"embeddable":true,"href":"https:\/\/siokorhaz.hu\/index.php?rest_route=\/wp\/v2\/media\/4830"}],"wp:attachment":[{"href":"https:\/\/siokorhaz.hu\/index.php?rest_route=%2Fwp%2Fv2%2Fmedia&parent=3929"}],"curies":[{"name":"wp","href":"https:\/\/api.w.org\/{rel}","templated":true}]}}