{"id":3920,"date":"2025-01-30T13:00:44","date_gmt":"2025-01-30T12:00:44","guid":{"rendered":"http:\/\/169.254.1.50\/?page_id=3920"},"modified":"2025-06-03T08:55:23","modified_gmt":"2025-06-03T08:55:23","slug":"szuleszet-nogyogyaszat","status":"publish","type":"page","link":"https:\/\/siokorhaz.hu\/?page_id=3920","title":{"rendered":"Sz\u00fcl\u00e9szet, n\u0151gy\u00f3gy\u00e1szat"},"content":{"rendered":"<p><strong>Az Oszt\u00e1ly 45 \u00e1gyas, mely n\u00e9gy r\u00e9szlegre tagol\u00f3dik:<\/strong><\/p>\n<ul>\n<li><strong>N\u0151gy\u00f3gy\u00e1szat\u00a0<\/strong><\/li>\n<li><strong>Terhespatol\u00f3gia<\/strong><\/li>\n<li><strong>Gyermek\u00e1gy-\u00fajsz\u00fcl\u00f6tt\u00a0\u00a0\u00a0<\/strong><\/li>\n<li><strong>Sz\u00fcl\u0151szoba- M\u0171t\u0151<\/strong><\/li>\n<\/ul>\n<p>A\u00a0N\u0151gy\u00f3gy\u00e1szaton\u00a03 \u00e1gyas, f\u00fcrd\u0151szob\u00e1s (zuhanyoz\u00f3 + WC), klimatiz\u00e1lt\u00a0 k\u00f3rtermeink vannak, valamint van egy k\u00fcl\u00f6nleges k\u00e9nyelemmel berendezett egy\u00e1gyas k\u00f3rterm\u00fcnk saj\u00e1t h\u0171t\u0151vel, TV-vel, melynek ig\u00e9nybev\u00e9tel\u00e9\u00e9rt t\u00e9r\u00edt\u00e9si d\u00edjat kell fizetni.\u00a0<br \/>\u00a0B\u0151v\u00fclnek a n\u0151gy\u00f3gy\u00e1szati beavatkoz\u00e1sok lehet\u0151s\u00e9gei: N\u0151gy\u00f3gy\u00e1szati laparoscopos \u00e9s hysteroscopos seb\u00e9szet szeml\u00e9let\u00fcnkben fontos, hogy a n\u0151gy\u00f3gy\u00e1szati betegs\u00e9geket legt\u00f6bb esetben laparoscopos technik\u00e1val oper\u00e1ljuk meg hasi m\u0171t\u00e9t helyett, \u00edgy a bent fekv\u00e9s id\u0151tartama t\u00f6bb nappal r\u00f6vid\u00fclhet, kev\u00e9sb\u00e9 megterhel\u0151 a betegeinknek. A\u00a0Gyermek\u00e1gyon\u00a02 \u00e9s 3 \u00e1gyas k\u00f3rtermek vannak. Minden k\u00f3rterem 24 \u00f3r\u00e1s rooming-in\u00a0 rendszerrel m\u0171k\u00f6dik, term\u00e9szetesen egy\u00e9ni k\u00e9r\u00e9sre a csecsem\u0151t n\u00e9h\u00e1ny \u00f3r\u00e1ra fel\u00fcgyelj\u00fck az \u00e9desanya helyett. Oszt\u00e1lyunk 2009 \u00f3ta az Eg\u00e9szs\u00e9g\u00fcgyi Vil\u00e1gszervezet \u00e9s az UNICEF krit\u00e9riumainak megfelelve a \u201eBaba-bar\u00e1t\u201d c\u00edm b\u00fcszke tulajdonosa.<br \/>A Sz\u00fcl\u0151szoba k\u00e9t r\u00e9szre tagol\u00f3dik, egy egy\u00e1gyas \u00e9s egy k\u00e9t\u00e1gyas sz\u00fcl\u0151szob\u00e1ra.<br \/>Minden sz\u00fcl\u0151\u00e1gy mellett anyai v\u00e9rnyom\u00e1s- \u00e9s kering\u00e9smonitor, valamint magzati CTG monitor \u00e9s inf\u00fazi\u00f3s pumpa van.<br \/>Lehet\u0151s\u00e9get biztos\u00edtunk alternat\u00edv vaj\u00fad\u00e1sra (labda, bord\u00e1sfal,f\u00fcrd\u0151k\u00e1d), \u00e9s alternat\u00edv sz\u00fcl\u00e9sre (sz\u00fcl\u0151sz\u00e9k) is.<br \/>A vaj\u00fad\u00e1s alatt mozg\u00e1sra, s\u00e9t\u00e1ra is van m\u00f3d. A vaj\u00fad\u00e1s \u00e9s sz\u00fcl\u00e9s teljes id\u0151tartama alatt biztos\u00edtjuk a kismama \u00e1ltal k\u00edv\u00e1nt szem\u00e9ly (f\u00e9rj, vagy m\u00e1s hozz\u00e1tartoz\u00f3) folyamatos jelenl\u00e9t\u00e9t a sz\u00fcl\u0151szob\u00e1n. Cs\u00e1sz\u00e1rmetsz\u00e9s eset\u00e9n a m\u0171t\u0151ben ezt nem tudjuk biztos\u00edtani. H\u00fcvelyi sz\u00fcl\u00e9st k\u00f6vet\u0151en, amennyiben az \u00fajsz\u00fcl\u00f6tt eg\u00e9szs\u00e9ges, azonnali eml\u0151re helyez\u00e9s t\u00f6rt\u00e9nik a sz\u00fcl\u0151szob\u00e1n.\u00a0<br \/>Lehet\u0151s\u00e9g van gerinc k\u00f6zeli \u00e9rz\u00e9stelen\u00edt\u00e9sre (PDA vagy m\u00e1sk\u00e9ppen EDA) is.<br \/>Az esetleg sz\u00fcks\u00e9gess\u00e9 v\u00e1l\u00f3 cs\u00e1sz\u00e1rmetsz\u00e9s elv\u00e9gz\u00e9s\u00e9re a sz\u00fcl\u0151szoba k\u00f6zvetlen szomsz\u00e9ds\u00e1g\u00e1ban van a m\u0171t\u0151nk.<br \/>Az Oszt\u00e1llyal szoros integr\u00e1ci\u00f3ban m\u0171k\u00f6dik a N\u0151gy\u00f3gy\u00e1szati Szakrendel\u00e9s, Ambulancia \u00e9s a Gyermekn\u0151gy\u00f3gy\u00e1szati Rendel\u00e9s is.<br \/>Az oszt\u00e1lyunkon a v\u00e1rand\u00f3s gondoz\u00e1s keret\u00e9ben lehet\u0151s\u00e9g van genetikai sz\u0171r\u0151vizsg\u00e1latok elv\u00e9gz\u00e9s\u00e9re is, mely mag\u00e1ban foglalja a 12, 18 hetes genetikai ultrahang sz\u0171r\u0151vizsg\u00e1latot, valamint az anyai v\u00e9rb\u0151l t\u00f6rt\u00e9n\u0151 magzati genetikai vizsg\u00e1latot. (integr\u00e1lt teszt, PRENA teszt)<br \/>A v\u00e1rand\u00f3s gondoz\u00e1s sor\u00e1n lehet\u0151s\u00e9g van minden h\u00f3napban az ingyenes\u00a0 sz\u00fcl\u00e9sfelk\u00e9sz\u00edt\u0151 tanfolyamra, ahov\u00e1 v\u00e1rjuk az ap\u00e1k megjelen\u00e9s\u00e9t is. Szakorvos, sz\u00fcl\u00e9szn\u0151, v\u00e9d\u0151n\u0151 bevon\u00e1s\u00e1val a tanfolyamon lehet\u0151s\u00e9g ny\u00edlik a felmer\u00fcl\u0151 k\u00e9rd\u00e9sek, probl\u00e9m\u00e1k megv\u00e1laszol\u00e1s\u00e1ra.<br \/>A sz\u00fcl\u00e9st k\u00f6vet\u0151en tov\u00e1bbi szolg\u00e1ltat\u00e1sunk az \u00fajsz\u00fcl\u00f6tt fot\u00f3z\u00e1s.<br \/>Csal\u00e1di szob\u00e1nkban ig\u00e9ny eset\u00e9n biztos\u00edtani tudjuk a gyermek\u00e1gyas id\u0151szakban a f\u00e9rj jelenl\u00e9t\u00e9vel a csal\u00e1di egys\u00e9g kialakul\u00e1s\u00e1t.<\/p>\n<p>Ultrahang vizsg\u00e1latokat naponta 2 alkalommal v\u00e9gz\u00fcnk: reggel 8 \u00f3r\u00e1t\u00f3l \u00e9s d\u00e9lu\u00e1n 13 \u00f3r\u00e1t\u00f3l.\u00a0 S\u00fcrg\u0151s esetekben azonnal tudunk ultrahang vizsg\u00e1latot v\u00e9gezni<\/p>\n<p>Kedden \u00e9s cs\u00fct\u00f6rt\u00f6k\u00f6n 3\/ 4D UH vizsg\u00e1latra van lehet\u0151s\u00e9g, mely t\u00e9r\u00edt\u00e9si d\u00edj k\u00f6teles.\u00a0\u00a0<\/p>\n<h4>N\u0151gy\u00f3gy\u00e1szati Szakrendel\u00e9s<\/h4>\n<p>Rendel\u00e9si id\u0151: H\u00e9tf\u0151-P\u00e9ntek 08.00-14.00<br \/>Rendel\u00e9s el\u0151zetes telefon bejentkez\u00e9s alapj\u00e1n.<br \/>Telefonsz\u00e1m: 84\/501-793\u00a0<\/p>\n<h4>N\u0151gy\u00f3gy\u00e1szati Ambulancia<\/h4>\n<p>Rendel\u00e9si id\u0151: H\u00e9tf\u0151-P\u00e9ntek 09.00-11.00\u00a0<\/p>\n<h4>Gyermekn\u0151gy\u00f3gy\u00e1szat<\/h4>\n<p>Rendel\u00e9si id\u0151: H\u00e9tf\u0151-Szerda-P\u00e9ntek 08.00-09.00<br \/>Rendel\u0151 orvos: Dr. Tak\u00e1cs Istv\u00e1n<br \/>Rendel\u00e9s el\u0151zetes telefon bejelentkez\u00e9s alapj\u00e1n.<br \/>Telefonsz\u00e1m: 84\/501-793\u00a0<\/p>\n<h4>N\u0151gy\u00f3gy\u00e1szati- \u00e9s terhes ultrahang vizsg\u00e1latok<\/h4>\n<p>Rendel\u00e9si id\u0151:\u00a0h\u00e9tf\u0151t\u0151l-cs\u00fct\u00f6rt\u00f6kig:\u00a08:30-10:00, 12:30-14:00<br \/>A h\u00fcvelyi ultrahang vizsg\u00e1latok is itt t\u00f6rt\u00e9nnek.<\/p>\n<h4>4D ultrahang vizsg\u00e1lat<\/h4>\n<p>Rendel\u00e9si id\u0151:\u00a0kedden \u00e9s cs\u00fct\u00f6rt\u00f6k\u00f6n 10:00-12:00<br \/>Rendel\u00e9s el\u0151zetes telefon bejelentkez\u00e9s alapj\u00e1n. \u00a0<\/p>\n<p>T\u00e9r\u00edt\u00e9si d\u00edja: 10 000 Ft\u00a0<\/p>\n<h4>Down sz\u0171r\u00e9s<\/h4>\n<p>Oszt\u00e1lyunkon lehet\u0151s\u00e9g ny\u00edlik magzati DNS vizsg\u00e1latra anyai v\u00e9rb\u0151l (Prena-teszt)<br \/>kedd, cs\u00fct\u00f6rt\u00f6k, p\u00e9ntek: 8-10-ig\u00a0<\/p>\n<h4>24. heti terhel\u00e9ses v\u00e9rcukor vizsg\u00e1lat:<\/h4>\n<p>cs\u00fct\u00f6rt\u00f6k, p\u00e9ntek: 8 &#8211; 10<\/p>\n<p>Oszt\u00e1lyvezet\u0151 f\u0151orvos: Dr. Feny\u0151h\u00e1zi Jen\u0151<br \/>Oszt\u00e1lyvezet\u0151 f\u0151n\u0151v\u00e9r: T\u00edm\u00e1r J\u00falia<\/p>\n<p>Orvosok:<br \/>Dr. Bagarus S\u00e1ndor<br \/>Dr. Kasza M\u00e1rton<br \/>Dr. Lentulai J\u00f3zsef<br \/>Dr. Szab\u00f3 Imre<br \/>Dr. Nagy S\u00e1ndor\u00a0<br \/>Dr. Tak\u00e1cs Istv\u00e1n<br \/>Dr. G\u00e1sp\u00e1r Levente<br \/>Dr. Varga M\u00e1rta<br \/>Dr. K\u00fcsz N\u00f3ra<br \/>Dr. Bor Petra<\/p>\n<p>\u00a0<\/p>\n\n\n<div style=\"color:#ddd\" class=\"wp-block-genesis-blocks-gb-spacer gb-block-spacer gb-divider-solid gb-divider-size-1\"><hr style=\"height:30px\"\/><\/div>\n\n\n\n<div style=\"color:#32373c;background-color:#00d1b2\" class=\"wp-block-genesis-blocks-gb-notice gb-font-size-18 gb-block-notice\" data-id=\"5e5432\"><div class=\"gb-notice-text\" style=\"border-color:#00d1b2\"><div data-post-id=\"5392\" class=\"insert-page insert-page-5392 \"><h3>Sz\u00fcl\u00e9szet, n\u0151gy\u00f3gy\u00e1szat<\/h3><h4>Si\u00f3foki K\u00f3rh\u00e1z-Rendel\u0151int\u00e9zet<\/h4><p><a href=\"#\">8600 Si\u00f3fok, Semmelweis u. 1. F\u0151\u00e9p\u00fclet, 3. emelet<\/a><\/p><p><a href=\"mailto:szuleszet@siokorhaz.hu\">szuleszet@siokorhaz.hu<\/a><\/p><p><a href=\"tel:+36 84 501 729\">+36 84 501 729<\/a><\/p>\t\t\n\t\t\t\t\t\t\t\t\t\t\t\t\t\t\t<img loading=\"lazy\" decoding=\"async\" width=\"1024\" height=\"724\" src=\"https:\/\/siokorhaz.hu\/wp-content\/uploads\/2025\/01\/korhaz_epuletek-1024x724.png\" alt=\"\" srcset=\"https:\/\/siokorhaz.hu\/wp-content\/uploads\/2025\/01\/korhaz_epuletek-1024x724.png 1024w, https:\/\/siokorhaz.hu\/wp-content\/uploads\/2025\/01\/korhaz_epuletek-300x212.png 300w, https:\/\/siokorhaz.hu\/wp-content\/uploads\/2025\/01\/korhaz_epuletek-768x543.png 768w, https:\/\/siokorhaz.hu\/wp-content\/uploads\/2025\/01\/korhaz_epuletek-750x530.png 750w, https:\/\/siokorhaz.hu\/wp-content\/uploads\/2025\/01\/korhaz_epuletek-540x382.png 540w, https:\/\/siokorhaz.hu\/wp-content\/uploads\/2025\/01\/korhaz_epuletek.png 1110w\" sizes=\"auto, (max-width: 1024px) 100vw, 1024px\" \/><\/div>\n<\/div><\/div>\n","protected":false},"excerpt":{"rendered":"<p>Az Oszt\u00e1ly 45 \u00e1gyas, mely n\u00e9gy r\u00e9szlegre tagol\u00f3dik: N\u0151gy\u00f3gy\u00e1szat\u00a0 Terhespatol\u00f3gia Gyermek\u00e1gy-\u00fajsz\u00fcl\u00f6tt\u00a0\u00a0\u00a0 Sz\u00fcl\u0151szoba- M\u0171t\u0151 A\u00a0N\u0151gy\u00f3gy\u00e1szaton\u00a03 \u00e1gyas, f\u00fcrd\u0151szob\u00e1s (zuhanyoz\u00f3 + WC), klimatiz\u00e1lt\u00a0 k\u00f3rtermeink vannak, valamint van egy k\u00fcl\u00f6nleges k\u00e9nyelemmel berendezett egy\u00e1gyas k\u00f3rterm\u00fcnk saj\u00e1t h\u0171t\u0151vel, TV-vel, melynek ig\u00e9nybev\u00e9tel\u00e9\u00e9rt t\u00e9r\u00edt\u00e9si d\u00edjat kell fizetni.\u00a0\u00a0B\u0151v\u00fclnek a n\u0151gy\u00f3gy\u00e1szati beavatkoz\u00e1sok lehet\u0151s\u00e9gei: N\u0151gy\u00f3gy\u00e1szati laparoscopos \u00e9s hysteroscopos seb\u00e9szet szeml\u00e9let\u00fcnkben fontos, hogy a n\u0151gy\u00f3gy\u00e1szati betegs\u00e9geket legt\u00f6bb [&hellip;]<\/p>\n","protected":false},"author":1,"featured_media":6364,"parent":0,"menu_order":0,"comment_status":"closed","ping_status":"closed","template":"","meta":{"_genesis_hide_title":false,"_genesis_hide_breadcrumbs":false,"_genesis_hide_singular_image":false,"_genesis_hide_footer_widgets":false,"_genesis_custom_body_class":"","_genesis_custom_post_class":"","_genesis_layout":"","footnotes":""},"class_list":{"0":"post-3920","1":"page","2":"type-page","3":"status-publish","4":"has-post-thumbnail","6":"entry"},"featured_image_src":"https:\/\/siokorhaz.hu\/wp-content\/uploads\/2025\/06\/obgyn_1920x1080-600x400.jpg","featured_image_src_square":"https:\/\/siokorhaz.hu\/wp-content\/uploads\/2025\/06\/obgyn_1920x1080-600x600.jpg","_links":{"self":[{"href":"https:\/\/siokorhaz.hu\/index.php?rest_route=\/wp\/v2\/pages\/3920","targetHints":{"allow":["GET"]}}],"collection":[{"href":"https:\/\/siokorhaz.hu\/index.php?rest_route=\/wp\/v2\/pages"}],"about":[{"href":"https:\/\/siokorhaz.hu\/index.php?rest_route=\/wp\/v2\/types\/page"}],"author":[{"embeddable":true,"href":"https:\/\/siokorhaz.hu\/index.php?rest_route=\/wp\/v2\/users\/1"}],"replies":[{"embeddable":true,"href":"https:\/\/siokorhaz.hu\/index.php?rest_route=%2Fwp%2Fv2%2Fcomments&post=3920"}],"version-history":[{"count":2,"href":"https:\/\/siokorhaz.hu\/index.php?rest_route=\/wp\/v2\/pages\/3920\/revisions"}],"predecessor-version":[{"id":6419,"href":"https:\/\/siokorhaz.hu\/index.php?rest_route=\/wp\/v2\/pages\/3920\/revisions\/6419"}],"wp:featuredmedia":[{"embeddable":true,"href":"https:\/\/siokorhaz.hu\/index.php?rest_route=\/wp\/v2\/media\/6364"}],"wp:attachment":[{"href":"https:\/\/siokorhaz.hu\/index.php?rest_route=%2Fwp%2Fv2%2Fmedia&parent=3920"}],"curies":[{"name":"wp","href":"https:\/\/api.w.org\/{rel}","templated":true}]}}