{"id":3853,"date":"2025-01-29T14:32:21","date_gmt":"2025-01-29T13:32:21","guid":{"rendered":"http:\/\/169.254.1.50\/?page_id=3853"},"modified":"2025-06-03T08:51:03","modified_gmt":"2025-06-03T08:51:03","slug":"sebeszet","status":"publish","type":"page","link":"https:\/\/siokorhaz.hu\/?page_id=3853","title":{"rendered":"Seb\u00e9szet"},"content":{"rendered":"<p>A Seb\u00e9szeti t\u00edpus\u00fa m\u00e1trix oszt\u00e1ly felel az akut \u00e9s elekt\u00edv seb\u00e9szeti-, urol\u00f3giai- \u00e9s traumatol\u00f3giai betegek ell\u00e1t\u00e1s\u00e1\u00e9rt.<\/p>\n<p>Az oszt\u00e1ly 77 akt\u00edv \u00e9s 12 egynapos seb\u00e9szeti \u00e1gyon l\u00e1tja el a betegeket:<\/p>\n<ul>\n<li>F\u0151 \u00e9p\u00fclet 1. emelet B sz\u00e1rny \u2013 Traumatol\u00f3gia, D sz\u00e1rny \u2013 Egynapos seb\u00e9szet<\/li>\n<li>2. emelet A \u00e9s B sz\u00e1rny (A sz\u00e1rny- Hasi seb\u00e9szet, B sz\u00e1rny \u2013 Szeptikus Seb\u00e9szet \u00e9s Urol\u00f3gia)<\/li>\n<\/ul>\n<p>A betegek elhelyez\u00e9se 2-3 \u00e1gyas, k\u00fcl\u00f6n f\u00fcrd\u0151szob\u00e1val \u00e9s WC-vel ell\u00e1tott, klimatiz\u00e1lt k\u00f3rtermekben t\u00f6rt\u00e9nik.<\/p>\n<p>Az \u00e1ltal\u00e1nos seb\u00e9szeti ell\u00e1t\u00e1s az \u00e1ltal\u00e1nos seb\u00e9szeti \u00e9s a szeptikus r\u00e9szlegen t\u00f6rt\u00e9nik.<\/p>\n<p>Folyamatosan n\u00f6vekszik a minim\u00e1lisan invaz\u00edv (laparoszk\u00f3pos) technik\u00e1val v\u00e9gzett m\u0171t\u00e9tek sz\u00e1ma.<\/p>\n<p>Laparoszk\u00f3pos l\u00e1gy\u00e9ks\u00e9rv m\u0171t\u00e9tek tekintet\u00e9ben orsz\u00e1gos \u00f6sszehasonl\u00edt\u00e1sban is az els\u0151k k\u00f6z\u00f6tt vagyunk.<\/p>\n<p>Bevezett\u00fck a vastagb\u00e9l daganatok laparoszk\u00f3pos m\u0171t\u00e9ti megold\u00e1s\u00e1t, a m\u00e1r term\u00e9szetesnek tartott laparoszk\u00f3pos epem\u0171t\u00e9tek \u00e9s l\u00e1gy\u00e9ks\u00e9rvm\u0171t\u00e9tek mellett m\u00e1r rutinszer\u0171en oper\u00e1lunk laparoszk\u00f3ppal appendectomi\u00e1kat, sz\u00fcks\u00e9g eset\u00e9n gyomorperforati\u00f3t, diagnosztikus explor\u00e1ci\u00f3t. Rutin beavatkoz\u00e1ss\u00e1 v\u00e1ltak a pajzsmirigy m\u0171t\u00e9tek az oszt\u00e1lyunkon.<\/p>\n<p><strong>Betegfelv\u00e9tel<\/strong><\/p>\n<p>Az al\u00e1bbiakat hozza mag\u00e1val a betegfelv\u00e9telre:<\/p>\n<ul>\n<li>Taj k\u00e1rtya,<\/li>\n<li>betegs\u00e9g\u00e9vel kapcsolatos kor\u00e1bbi dokument\u00e1ci\u00f3 (leletek, z\u00e1r\u00f3jelent\u00e9sek),<\/li>\n<li>rendszeresen szedett gy\u00f3gyszereinek list\u00e1ja d\u00f3zisokkal felt\u00fcntetve,<\/li>\n<li>tisztas\u00e1gi csomag, ev\u0151eszk\u00f6z, t\u00f6rhetetlen poh\u00e1r, t\u00f6r\u00fclk\u00f6z\u0151, papucs, pizsama, k\u00f6nt\u00f6s, fekv\u0151betegeknek nedves t\u00f6rl\u0151kend\u0151.<\/li>\n<\/ul>\n<p><strong>Egynapos seb\u00e9szeti ell\u00e1t\u00e1s<\/strong> keret\u00e9ben v\u00e9gezz\u00fck a t\u00e9rd arthroscopi\u00e1kat, l\u00e1gy\u00e9ks\u00e9rv,- arany\u00e9r,- vissz\u00e9r- \u00e9s epe m\u0171t\u00e9teket.<\/p>\n<p>Az oszt\u00e1lyunk r\u00f6vid v\u00e1r\u00f3list\u00e1val rendelkezik. A nem s\u00fcrg\u0151s m\u0171t\u00e9teket 7-30 napon bel\u00fcl elv\u00e9gezz\u00fck. M\u0171t\u00e9ti el\u0151jegyz\u00e9s c\u00e9lj\u00e1b\u00f3l el\u0151zetes kivizsg\u00e1l\u00e1s, majd el\u0151jegyz\u00e9s miatt keress\u00e9k fel Seb\u00e9szeti Szakrendel\u00e9s\u00fcnket.<\/p>\n<p>A Seb\u00e9szeti szakrendel\u00e9sre az el\u0151jegyz\u00e9s \u00e9s id\u0151pontfoglal\u00e1s a 06-84\/501-793-as telefonsz\u00e1mon t\u00f6rt\u00e9nik.<\/p>\n<h4>\u00a0<\/h4>\n<h4>Munkat\u00e1rsak<\/h4>\n<h2>\u00a0<\/h2>\n\n\n<div style=\"background-color:#f2f2f2;color:#32373c\" class=\"wp-block-genesis-blocks-gb-profile-box square gb-has-avatar gb-font-size-18 gb-block-profile gb-profile-columns\"><div class=\"gb-profile-column gb-profile-avatar-wrap\"><div class=\"gb-profile-image-wrap\"><figure class=\"gb-profile-image-square\"><img loading=\"lazy\" decoding=\"async\" width=\"225\" height=\"300\" class=\"gb-profile-avatar wp-image-6260\" src=\"https:\/\/siokorhaz.hu\/wp-content\/uploads\/2025\/06\/1209-225x300-1.jpg\" alt=\"\"\/><\/figure><\/div><\/div><div class=\"gb-profile-column gb-profile-content-wrap\"><h2 class=\"gb-profile-name\" style=\"color:#32373c\"><a>Dr. <strong>Nagy \u00c1kos Gy\u00f6rgy<\/strong><\/a><\/h2><p class=\"gb-profile-title\" style=\"color:#32373c\">oszt\u00e1lyvezet\u0151 f\u0151orvos, seb\u00e9sz \u00e9s gasztroenterol\u00f3gus f\u0151orvos<\/p><div class=\"gb-profile-text\"><\/div><ul class=\"gb-social-links\"><\/ul><\/div><\/div>\n\n\n\n<div style=\"color:#ddd\" class=\"wp-block-genesis-blocks-gb-spacer gb-block-spacer gb-divider-solid gb-divider-size-1\"><hr style=\"height:30px\"\/><\/div>\n\n\n\n<div style=\"background-color:#f2f2f2;color:#32373c\" class=\"wp-block-genesis-blocks-gb-profile-box square gb-has-avatar gb-font-size-18 gb-block-profile gb-profile-columns\"><div class=\"gb-profile-column gb-profile-avatar-wrap\"><div class=\"gb-profile-image-wrap\"><figure class=\"gb-profile-image-square\"><img decoding=\"async\" class=\"gb-profile-avatar wp-image-6259\" src=\"https:\/\/siokorhaz.hu\/wp-content\/uploads\/2025\/06\/0398-225x300-1.jpg\" alt=\"\"\/><\/figure><\/div><\/div><div class=\"gb-profile-column gb-profile-content-wrap\"><h2 class=\"gb-profile-name\" style=\"color:#32373c\"><a>Dr. Ahmed Safar<\/a><\/h2><p class=\"gb-profile-title\" style=\"color:#32373c\">seb\u00e9sz f\u0151orvos<\/p><div class=\"gb-profile-text\"><\/div><ul class=\"gb-social-links\"><\/ul><\/div><\/div>\n\n\n\n<div style=\"color:#ddd\" class=\"wp-block-genesis-blocks-gb-spacer gb-block-spacer gb-divider-solid gb-divider-size-1\"><hr style=\"height:30px\"\/><\/div>\n\n\n\n<div style=\"background-color:#f2f2f2;color:#32373c\" class=\"wp-block-genesis-blocks-gb-profile-box square gb-has-avatar gb-font-size-18 gb-block-profile gb-profile-columns\"><div class=\"gb-profile-column gb-profile-avatar-wrap\"><div class=\"gb-profile-image-wrap\"><figure class=\"gb-profile-image-square\"><img loading=\"lazy\" decoding=\"async\" width=\"225\" height=\"300\" class=\"gb-profile-avatar wp-image-6258\" src=\"https:\/\/siokorhaz.hu\/wp-content\/uploads\/2025\/06\/1048-225x300-1.jpg\" alt=\"\"\/><\/figure><\/div><\/div><div class=\"gb-profile-column gb-profile-content-wrap\"><h2 class=\"gb-profile-name\" style=\"color:#32373c\"><a>Dr. Farkas Imre<\/a><\/h2><p class=\"gb-profile-title\" style=\"color:#32373c\">seb\u00e9sz \u00e9s gasztroenterol\u00f3gus f\u0151orvos<\/p><div class=\"gb-profile-text\"><\/div><ul class=\"gb-social-links\"><\/ul><\/div><\/div>\n\n\n\n<div style=\"color:#ddd\" class=\"wp-block-genesis-blocks-gb-spacer gb-block-spacer gb-divider-solid gb-divider-size-1\"><hr style=\"height:30px\"\/><\/div>\n\n\n\n<div style=\"background-color:#f2f2f2;color:#32373c\" class=\"wp-block-genesis-blocks-gb-profile-box square gb-has-avatar gb-font-size-18 gb-block-profile gb-profile-columns\"><div class=\"gb-profile-column gb-profile-avatar-wrap\"><div class=\"gb-profile-image-wrap\"><figure class=\"gb-profile-image-square\"><img loading=\"lazy\" decoding=\"async\" width=\"225\" height=\"300\" class=\"gb-profile-avatar wp-image-6257\" src=\"https:\/\/siokorhaz.hu\/wp-content\/uploads\/2025\/06\/0136-225x300-1.jpg\" alt=\"\"\/><\/figure><\/div><\/div><div class=\"gb-profile-column gb-profile-content-wrap\"><h2 class=\"gb-profile-name\" style=\"color:#32373c\"><a>Dr. Hoffmann Gy\u00f6ngyi<\/a><\/h2><p class=\"gb-profile-title\" style=\"color:#32373c\">seb\u00e9sz f\u0151orvos, aneszteziol\u00f3giai \u00e9s intenz\u00edv ter\u00e1pi\u00e1s szakorvos<\/p><div class=\"gb-profile-text\"><\/div><ul class=\"gb-social-links\"><\/ul><\/div><\/div>\n\n\n\n<div style=\"color:#ddd\" class=\"wp-block-genesis-blocks-gb-spacer gb-block-spacer gb-divider-solid gb-divider-size-1\"><hr style=\"height:30px\"\/><\/div>\n\n\n\n<div style=\"background-color:#f2f2f2;color:#32373c\" class=\"wp-block-genesis-blocks-gb-profile-box square gb-has-avatar gb-font-size-18 gb-block-profile gb-profile-columns\"><div class=\"gb-profile-column gb-profile-avatar-wrap\"><div class=\"gb-profile-image-wrap\"><figure class=\"gb-profile-image-square\"><img loading=\"lazy\" decoding=\"async\" width=\"225\" height=\"300\" class=\"gb-profile-avatar wp-image-6256\" src=\"https:\/\/siokorhaz.hu\/wp-content\/uploads\/2025\/06\/1021-225x300-1.jpg\" alt=\"\"\/><\/figure><\/div><\/div><div class=\"gb-profile-column gb-profile-content-wrap\"><h2 class=\"gb-profile-name\" style=\"color:#32373c\"><a>Dr. Kom\u00f3csin Istv\u00e1n<\/a><\/h2><p class=\"gb-profile-title\" style=\"color:#32373c\">seb\u00e9sz f\u0151orvos<\/p><div class=\"gb-profile-text\"><\/div><ul class=\"gb-social-links\"><\/ul><\/div><\/div>\n\n\n\n<div style=\"color:#ddd\" class=\"wp-block-genesis-blocks-gb-spacer gb-block-spacer gb-divider-solid gb-divider-size-1\"><hr style=\"height:30px\"\/><\/div>\n\n\n\n<div style=\"background-color:#f2f2f2;color:#32373c\" class=\"wp-block-genesis-blocks-gb-profile-box square gb-font-size-18 gb-block-profile gb-profile-columns\"><div class=\"gb-profile-column gb-profile-content-wrap\"><h2 class=\"gb-profile-name\" style=\"color:#32373c\"><a>Dr. Tak\u00e1cs K\u00e1roly<\/a><\/h2><p class=\"gb-profile-title\" style=\"color:#32373c\">seb\u00e9sz f\u0151orvos<\/p><div class=\"gb-profile-text\"><\/div><ul class=\"gb-social-links\"><\/ul><\/div><\/div>\n\n\n\n<div style=\"color:#ddd\" class=\"wp-block-genesis-blocks-gb-spacer gb-block-spacer gb-divider-solid gb-divider-size-1\"><hr style=\"height:30px\"\/><\/div>\n\n\n\n<div style=\"background-color:#f2f2f2;color:#32373c\" class=\"wp-block-genesis-blocks-gb-profile-box square gb-font-size-18 gb-block-profile gb-profile-columns\"><div class=\"gb-profile-column gb-profile-content-wrap\"><h2 class=\"gb-profile-name\" style=\"color:#32373c\"><a>Dr. <strong>Baranyai Zsolt PhD<\/strong><\/a><\/h2><p class=\"gb-profile-title\" style=\"color:#32373c\">seb\u00e9sz, mellkasseb\u00e9sz, klinikai onkol\u00f3gus f\u0151orvos<\/p><div class=\"gb-profile-text\"><\/div><ul class=\"gb-social-links\"><\/ul><\/div><\/div>\n\n\n\n<div style=\"color:#ddd\" class=\"wp-block-genesis-blocks-gb-spacer gb-block-spacer gb-divider-solid gb-divider-size-1\"><hr style=\"height:30px\"\/><\/div>\n\n\n\n<div style=\"background-color:#f2f2f2;color:#32373c\" class=\"wp-block-genesis-blocks-gb-profile-box square gb-font-size-18 gb-block-profile gb-profile-columns\"><div class=\"gb-profile-column gb-profile-content-wrap\"><h2 class=\"gb-profile-name\" style=\"color:#32373c\"><a>Dr. <strong>Szab\u00f3 Debora<\/strong><\/a><\/h2><p class=\"gb-profile-title\" style=\"color:#32373c\">seb\u00e9sz rezidens orvos<\/p><div class=\"gb-profile-text\"><\/div><ul class=\"gb-social-links\"><\/ul><\/div><\/div>\n\n\n\n<div style=\"color:#ddd\" class=\"wp-block-genesis-blocks-gb-spacer gb-block-spacer gb-divider-solid gb-divider-size-1\"><hr style=\"height:30px\"\/><\/div>\n\n\n\n<div style=\"background-color:#f2f2f2;color:#32373c\" class=\"wp-block-genesis-blocks-gb-profile-box square gb-font-size-18 gb-block-profile gb-profile-columns\"><div class=\"gb-profile-column gb-profile-content-wrap\"><h2 class=\"gb-profile-name\" style=\"color:#32373c\"><a>Dr. <strong>Gajdos Gergely<\/strong><\/a><\/h2><p class=\"gb-profile-title\" style=\"color:#32373c\">seb\u00e9sz rezidens orvos<\/p><div class=\"gb-profile-text\"><\/div><ul class=\"gb-social-links\"><\/ul><\/div><\/div>\n\n\n\n<div style=\"color:#ddd\" class=\"wp-block-genesis-blocks-gb-spacer gb-block-spacer gb-divider-solid gb-divider-size-1\"><hr style=\"height:30px\"\/><\/div>\n\n\n\n<div style=\"color:#ddd\" class=\"wp-block-genesis-blocks-gb-spacer gb-block-spacer gb-divider-solid gb-divider-size-1\"><hr style=\"height:30px\"\/><\/div>\n\n\n<div data-post-id=\"5368\" class=\"insert-page insert-page-5368 \"><h3>Seb\u00e9szet<\/h3><h4>Si\u00f3foki K\u00f3rh\u00e1z-Rendel\u0151int\u00e9zet<\/h4><p><a href=\"#\">8600 Si\u00f3fok, Semmelweis u. 1. F\u0151\u00e9p\u00fclet, 1. emelet \u00e9s 2. emelet<\/a><\/p><p><a href=\"mailto:sebeszet@siokorhaz.hu\">sebeszet@siokorhaz.hu<\/a><\/p><p><a href=\"tel:+36 84 501 723\">+36 84 501 723<\/a><\/p>\t\t\n\t\t\t\t\t\t\t\t\t\t\t\t\t\t\t<img loading=\"lazy\" decoding=\"async\" width=\"1024\" height=\"724\" src=\"https:\/\/siokorhaz.hu\/wp-content\/uploads\/2025\/01\/korhaz_epuletek-1024x724.png\" alt=\"\" srcset=\"https:\/\/siokorhaz.hu\/wp-content\/uploads\/2025\/01\/korhaz_epuletek-1024x724.png 1024w, https:\/\/siokorhaz.hu\/wp-content\/uploads\/2025\/01\/korhaz_epuletek-300x212.png 300w, https:\/\/siokorhaz.hu\/wp-content\/uploads\/2025\/01\/korhaz_epuletek-768x543.png 768w, https:\/\/siokorhaz.hu\/wp-content\/uploads\/2025\/01\/korhaz_epuletek-750x530.png 750w, https:\/\/siokorhaz.hu\/wp-content\/uploads\/2025\/01\/korhaz_epuletek-540x382.png 540w, https:\/\/siokorhaz.hu\/wp-content\/uploads\/2025\/01\/korhaz_epuletek.png 1110w\" sizes=\"auto, (max-width: 1024px) 100vw, 1024px\" \/><\/div>\n","protected":false},"excerpt":{"rendered":"<p>A Seb\u00e9szeti t\u00edpus\u00fa m\u00e1trix oszt\u00e1ly felel az akut \u00e9s elekt\u00edv seb\u00e9szeti-, urol\u00f3giai- \u00e9s traumatol\u00f3giai betegek ell\u00e1t\u00e1s\u00e1\u00e9rt. Az oszt\u00e1ly 77 akt\u00edv \u00e9s 12 egynapos seb\u00e9szeti \u00e1gyon l\u00e1tja el a betegeket: F\u0151 \u00e9p\u00fclet 1. emelet B sz\u00e1rny \u2013 Traumatol\u00f3gia, D sz\u00e1rny \u2013 Egynapos seb\u00e9szet 2. emelet A \u00e9s B sz\u00e1rny (A sz\u00e1rny- Hasi seb\u00e9szet, B sz\u00e1rny \u2013 [&hellip;]<\/p>\n","protected":false},"author":1,"featured_media":4840,"parent":0,"menu_order":0,"comment_status":"closed","ping_status":"closed","template":"","meta":{"_genesis_hide_title":false,"_genesis_hide_breadcrumbs":false,"_genesis_hide_singular_image":false,"_genesis_hide_footer_widgets":false,"_genesis_custom_body_class":"","_genesis_custom_post_class":"","_genesis_layout":"","footnotes":""},"class_list":{"0":"post-3853","1":"page","2":"type-page","3":"status-publish","4":"has-post-thumbnail","6":"entry"},"featured_image_src":"https:\/\/siokorhaz.hu\/wp-content\/uploads\/2025\/02\/surgical-nurse-arranging-surgical-tools-in-operating-room-600x400.jpg","featured_image_src_square":"https:\/\/siokorhaz.hu\/wp-content\/uploads\/2025\/02\/surgical-nurse-arranging-surgical-tools-in-operating-room-600x600.jpg","_links":{"self":[{"href":"https:\/\/siokorhaz.hu\/index.php?rest_route=\/wp\/v2\/pages\/3853","targetHints":{"allow":["GET"]}}],"collection":[{"href":"https:\/\/siokorhaz.hu\/index.php?rest_route=\/wp\/v2\/pages"}],"about":[{"href":"https:\/\/siokorhaz.hu\/index.php?rest_route=\/wp\/v2\/types\/page"}],"author":[{"embeddable":true,"href":"https:\/\/siokorhaz.hu\/index.php?rest_route=\/wp\/v2\/users\/1"}],"replies":[{"embeddable":true,"href":"https:\/\/siokorhaz.hu\/index.php?rest_route=%2Fwp%2Fv2%2Fcomments&post=3853"}],"version-history":[{"count":3,"href":"https:\/\/siokorhaz.hu\/index.php?rest_route=\/wp\/v2\/pages\/3853\/revisions"}],"predecessor-version":[{"id":6413,"href":"https:\/\/siokorhaz.hu\/index.php?rest_route=\/wp\/v2\/pages\/3853\/revisions\/6413"}],"wp:featuredmedia":[{"embeddable":true,"href":"https:\/\/siokorhaz.hu\/index.php?rest_route=\/wp\/v2\/media\/4840"}],"wp:attachment":[{"href":"https:\/\/siokorhaz.hu\/index.php?rest_route=%2Fwp%2Fv2%2Fmedia&parent=3853"}],"curies":[{"name":"wp","href":"https:\/\/api.w.org\/{rel}","templated":true}]}}