{"id":3825,"date":"2025-01-29T14:06:18","date_gmt":"2025-01-29T13:06:18","guid":{"rendered":"http:\/\/169.254.1.50\/?page_id=3825"},"modified":"2025-06-03T08:48:31","modified_gmt":"2025-06-03T08:48:31","slug":"kozponti-aneszteziologiai-es-intenziv-betegellato-osztaly","status":"publish","type":"page","link":"https:\/\/siokorhaz.hu\/?page_id=3825","title":{"rendered":"K\u00f6zponti aneszteziol\u00f3giai \u00e9s intenz\u00edv betegell\u00e1t\u00f3 oszt\u00e1ly"},"content":{"rendered":"<p><strong>K\u00f6zponti Aneszteziol\u00f3giai \u00e9s Intenz\u00edv Betegell\u00e1t\u00f3 Oszt\u00e1ly<\/strong><\/p>\n<p><strong>Bemutatkoz\u00e1s<\/strong><\/p>\n<p>Az oszt\u00e1lyon 8 beteg\u00e1gyon 13 \u00e1pol\u00f3, 1 adminisztr\u00e1tor v\u00e9gzi a betegek ell\u00e1t\u00e1s\u00e1t, szoros team munk\u00e1ban.<\/p>\n<p>Minden s\u00falyos, \u00e9letvesz\u00e9lyes \u00e1llapotba ker\u00fcl\u0151 beteg vagy nagy m\u0171t\u00e9ti megterhel\u00e9st jelent\u0151 m\u0171t\u00e9ten \u00e1tesett beteg kezel\u00e9se tartozik a feladataink k\u00f6z\u00e9.<\/p>\n<p>Az intenz\u00edv ter\u00e1pia c\u00e9lja a beteg vit\u00e1lis param\u00e9tereinek stabiliz\u00e1l\u00e1sa, \u00e9letfontoss\u00e1g\u00fa szervek el\u00e9gtelens\u00e9ge eset\u00e9n azok g\u00e9pekkel, m\u0171szerekkel t\u00f6rt\u00e9n\u0151 p\u00f3tl\u00e1sa \u00e9s gy\u00f3gyszeres kezel\u00e9se. Ezek k\u00f6z\u00e9 tartozik a mesters\u00e9ges l\u00e9legeztet\u00e9s, a vesep\u00f3tl\u00f3 kezel\u00e9s, a kering\u00e9st\u00e1mogat\u00e1s, a mesters\u00e9ges t\u00e1pl\u00e1l\u00e1s, valamint t\u00f6bbnyire ezek kombin\u00e1l\u00e1sa. A betegek nagy r\u00e9sze s\u00falyos fert\u0151z\u00e9sek, sz\u00edv- \u00e9s kering\u00e9si el\u00e9gtelens\u00e9g, k\u00fcl\u00f6nb\u00f6z\u0151 okb\u00f3l kialakult l\u00e9gz\u00e9si el\u00e9gtelens\u00e9g, s\u00falyos anyagcsere kr\u00edzisek, balesetek, \u00e9letvesz\u00e9lyes m\u00e9rgez\u00e9sek, agy- koponyas\u00e9r\u00fcl\u00e9sek, k\u00f6zponti idegrendszeri gyullad\u00e1sos betegs\u00e9gek, stroke miatt ker\u00fcl oszt\u00e1lyunkra. A s\u00falyos \u00e1llapotban l\u00e9v\u0151 vagy a m\u0171t\u00e9t sor\u00e1n abba ker\u00fcl\u0151 seb\u00e9szeti, baleseti, n\u0151gy\u00f3gy\u00e1szati, g\u00e9g\u00e9szeti m\u0171t\u00e9teken \u00e1tesett betegek \u00e1llapot\u00e1t is gyakran m\u00e1r a m\u0171t\u00e9t el\u0151tt, vagy m\u00e9g gyakrabban a m\u0171t\u00e9t ut\u00e1n is oszt\u00e1lyunkon stabiliz\u00e1ljuk.<\/p>\n<p>C\u00e9lunk minden esetben a beteg f\u00e1jdalmainak cs\u00f6kkent\u00e9se, az intenz\u00edv ter\u00e1pi\u00e1t k\u00f6vet\u0151en a tov\u00e1bbi min\u0151s\u00e9gi \u00e9letvitel folytat\u00e1sa, nem pedig f\u00e1jdalmainak, szenved\u00e9seinek meghosszabb\u00edt\u00e1sa.<\/p>\n<p><strong>Hasznos inform\u00e1ci\u00f3 a hozz\u00e1tartoz\u00f3knak:<\/strong> k\u00f6zvetlen telefonsz\u00e1m: 84\/501-746, l\u00e1togat\u00e1si id\u0151 minden nap 13:00-14:00. \u00c9rt\u00e9kmeg\u0151rz\u00e9sre nincs lehet\u0151s\u00e9g, a lehet\u0151 legkevesebb szem\u00e9lyes t\u00e1rgy maradjon a betegn\u00e9l, a betegek sz\u00e1m\u00e1ra sz\u00fcks\u00e9ges tiszt\u00e1lkod\u00e1si eszk\u00f6z\u00f6k: t\u00f6r\u00f6lk\u00f6z\u0151, szivacs, tusf\u00fcrd\u0151, nedves t\u00f6rl\u0151kend\u0151, f\u00e9rfiakn\u00e1l borotv\u00e1lkoz\u00e1s szerek, Medifleur (kr\u00e9m felfekv\u00e9s megel\u0151z\u00e9s\u00e9re, f\u00e9s\u0171, hint\u0151por).<\/p>\n<p><strong>Orvosaink:<\/strong><\/p>\n<p><strong>Dr. Seer \u00c1gnes<\/strong> oszt\u00e1lyvezet\u0151 f\u0151orvos, aneszteziol\u00f3giai \u00e9s intenz\u00edv ter\u00e1pi\u00e1s szakorvos<\/p>\n<p><strong>Dr. Benes\u00f3czky Vikt\u00f3ria<\/strong> aneszteziol\u00f3giai \u00e9s intenz\u00edv ter\u00e1pi\u00e1s szakorvos<\/p>\n<p><strong>Dr. Els\u00e9g Attila<\/strong> aneszteziol\u00f3giai \u00e9s intenz\u00edv ter\u00e1pi\u00e1s szakorvos<\/p>\n<p><strong>Dr. Gara Zs\u00f3fia<\/strong> aneszteziol\u00f3giai \u00e9s intenz\u00edv ter\u00e1pi\u00e1s szakorvos<\/p>\n<p><strong>Dr. Kov\u00e1cs \u00c1gnes<\/strong> aneszteziol\u00f3giai \u00e9s intenz\u00edv ter\u00e1pi\u00e1s szakorvos<\/p>\n<p><strong>Dr. Moln\u00e1r P\u00e9ter<\/strong> aneszteziol\u00f3giai \u00e9s intenz\u00edv ter\u00e1pi\u00e1s szakorvos<\/p>\n<p><strong>Dr. Osztie Krisztina<\/strong> aneszteziol\u00f3giai \u00e9s intenz\u00edv ter\u00e1pi\u00e1s szakorvos<\/p>\n<p><strong>Dr. Csik\u00f3s P\u00e9ter<\/strong> \u00e1ltal\u00e1nos orvos, rezidens<\/p>\n<p><strong>Kov\u00e1csn\u00e9 Moln\u00e1r Katalin <\/strong>Diplom\u00e1s \u00e1pol\u00f3 oszt\u00e1lyvezet\u0151 f\u0151n\u0151v\u00e9r<\/p>\n<p><strong>Oszt\u00e1ly elhelyezked\u00e9se, el\u00e9rhet\u0151s\u00e9gek:<\/strong><\/p>\n<p>Si\u00f3foki K\u00f3rh\u00e1z-Rendel\u0151int\u00e9zet<\/p>\n<p>8600 Si\u00f3fok, Semmelweis u. 1. F\u0151 \u00e9p\u00fclet 1. emelet<\/p>\n<p>Telefon: 84\/501-746<\/p>\n<p>\u00a0E-mail: <a href=\"mailto:intenziv@siokorhaz.hu\">intenziv@siokorhaz.hu<\/a><\/p>\n<p><strong>Aneszteziol\u00f3gia<\/strong><\/p>\n<p><strong>Bemutatkoz\u00e1s<\/strong><\/p>\n<p>Orvosaink az aneszteziol\u00f3gia keret\u00e9ben asszisztens seg\u00edts\u00e9g\u00e9vel v\u00e9gzik a m\u0171t\u00e9tes t\u00e1rsszakm\u00e1k m\u0171t\u00e9teihez elengedhetetlen altat\u00e1s \u00e9s \u00e9rz\u00e9stelen\u00edt\u00e9s folyamat\u00e1t. \u00c9vente mintegy 4000 aneszteziol\u00f3giai tev\u00e9kenys\u00e9get v\u00e9gz\u00fcnk, melyet minden esetben el\u0151zetes aneszteziol\u00f3giai orvosi vizsg\u00e1lat el\u0151z meg, valamint seg\u00edtj\u00fck a betegek m\u0171t\u00e9t ut\u00e1ni f\u00e1jdalomcsillap\u00edt\u00e1s\u00e1t.<\/p>\n<p>Az altat\u00e1s nem egy term\u00e9szetes alv\u00e1st jelent, a beteg szervezet\u00e9be juttatott mesters\u00e9ges intrav\u00e9n\u00e1s altat\u00f3szerek vagy altat\u00f3 g\u00e1zok seg\u00edts\u00e9g\u00e9vel mesters\u00e9ges alv\u00e1st tartunk fenn, kieg\u00e9sz\u00edtve azt f\u00e1jdalomcsillap\u00edt\u00f3k \u00e9s a m\u0171t\u00e9tekhez sz\u00fcks\u00e9ges izomlaz\u00edt\u00f3k ig\u00e9ny szerinti adagol\u00e1s\u00e1val.<\/p>\n<p>Az altat\u00e1s alatt a beteg \u00e9letfontos funkci\u00f3it az aneszteziol\u00f3gus ellen\u0151rzi, sz\u00fcks\u00e9g szerint azokat gy\u00f3gyszeresen befoly\u00e1solja, jav\u00edtja vagy p\u00f3tolja.<\/p>\n<p>A m\u00e9ly, intub\u00e1ci\u00f3s altat\u00e1sok sor\u00e1n a beteg l\u00e9legeztet\u00e9s\u00e9t altat\u00f3g\u00e9ppel v\u00e9gzi. Az \u00e9rz\u00e9stelen\u00edt\u00e9sek nagy r\u00e9sze gerinck\u00f6zeli, illetve vezet\u00e9ses \u00e9rz\u00e9stelen\u00edt\u00e9st jelent, melynek sor\u00e1n a beteg \u00e9ber \u00e1llapotban, de teljesen f\u00e1jdalommentesen esik \u00e1t a m\u0171t\u00e9ten. Minden beteg a m\u0171t\u00e9t el\u0151tt a tev\u00e9kenys\u00e9g\u00fcnkr\u0151l \u00edr\u00e1sos t\u00e1j\u00e9koztat\u00e1st kap.<\/p>\n<p><strong>Hasznos inform\u00e1ci\u00f3 a betegeknek:<\/strong> m\u0171t\u00e9t el\u0151tt aneszteziol\u00f3giai vizsg\u00e1latra ker\u00fcl sor, mely sor\u00e1n teljes k\u00e9pet kell kapnunk a beteg kor\u00e1bbi betegs\u00e9geir\u0151l (dokument\u00e1ci\u00f3t hozza mag\u00e1val), m\u0171t\u00e9teir\u0151l, altat\u00e1sok, \u00e9rz\u00e9stelen\u00edt\u00e9sek sor\u00e1n \u00e9szlelt elt\u00e9r\u00e9sekr\u0151l, a rendszeresen szedett gy\u00f3gyszerekr\u0151l (gy\u00f3gyszerlista nagyon hasznos).<\/p>\n<p><strong>Vezet\u0151 asszisztens:<\/strong> Nagy Erzs\u00e9bet<\/p>\n<p>E-mail: <a href=\"mailto:aneszt@siokorhaz.hu\">aneszt@siokorhaz.hu<\/a><\/p>\n<p>\u00a0<\/p>\n\n\n<div style=\"color:#ddd\" class=\"wp-block-genesis-blocks-gb-spacer gb-block-spacer gb-divider-solid gb-divider-size-1\"><hr style=\"height:30px\"\/><\/div>\n\n\n\n<div style=\"color:#ddd\" class=\"wp-block-genesis-blocks-gb-spacer gb-block-spacer gb-divider-solid gb-divider-size-1\"><hr style=\"height:30px\"\/><\/div>\n\n\n\n<div style=\"color:#32373c;background-color:#00d1b2\" class=\"wp-block-genesis-blocks-gb-notice gb-font-size-18 gb-block-notice\" data-id=\"5e5432\"><div class=\"gb-notice-text\" style=\"border-color:#00d1b2\"><div data-post-id=\"5314\" class=\"insert-page insert-page-5314 \"><h4>K\u00f6zponti aneszteziol\u00f3giai \u00e9s intenz\u00edv betegell\u00e1t\u00f3 oszt\u00e1ly<\/h4><h4>Si\u00f3foki K\u00f3rh\u00e1z-Rendel\u0151int\u00e9zet<\/h4><p><a href=\"y#\"><i>\u00a0<\/i>8600 Si\u00f3fok, Semmelweis u. 1. F\u0151\u00e9p\u00fclet 1. emelet<\/a><\/p><p><a href=\"mailto:intenziv@siokorhaz.hu\">intenziv@siokorhaz.hu<\/a><\/p><p><a href=\"tel:+36 84 501 745\">+36 84 501 745<\/a><\/p>\t\t\n\t\t\t\t\t\t\t\t\t\t\t\t\t\t\t<img loading=\"lazy\" decoding=\"async\" width=\"1024\" height=\"724\" src=\"https:\/\/siokorhaz.hu\/wp-content\/uploads\/2025\/01\/korhaz_epuletek-1024x724.png\" alt=\"\" srcset=\"https:\/\/siokorhaz.hu\/wp-content\/uploads\/2025\/01\/korhaz_epuletek-1024x724.png 1024w, https:\/\/siokorhaz.hu\/wp-content\/uploads\/2025\/01\/korhaz_epuletek-300x212.png 300w, https:\/\/siokorhaz.hu\/wp-content\/uploads\/2025\/01\/korhaz_epuletek-768x543.png 768w, https:\/\/siokorhaz.hu\/wp-content\/uploads\/2025\/01\/korhaz_epuletek-750x530.png 750w, https:\/\/siokorhaz.hu\/wp-content\/uploads\/2025\/01\/korhaz_epuletek-540x382.png 540w, https:\/\/siokorhaz.hu\/wp-content\/uploads\/2025\/01\/korhaz_epuletek.png 1110w\" sizes=\"auto, (max-width: 1024px) 100vw, 1024px\" \/><\/div>\n<\/div><\/div>\n","protected":false},"excerpt":{"rendered":"<p>K\u00f6zponti Aneszteziol\u00f3giai \u00e9s Intenz\u00edv Betegell\u00e1t\u00f3 Oszt\u00e1ly Bemutatkoz\u00e1s Az oszt\u00e1lyon 8 beteg\u00e1gyon 13 \u00e1pol\u00f3, 1 adminisztr\u00e1tor v\u00e9gzi a betegek ell\u00e1t\u00e1s\u00e1t, szoros team munk\u00e1ban. Minden s\u00falyos, \u00e9letvesz\u00e9lyes \u00e1llapotba ker\u00fcl\u0151 beteg vagy nagy m\u0171t\u00e9ti megterhel\u00e9st jelent\u0151 m\u0171t\u00e9ten \u00e1tesett beteg kezel\u00e9se tartozik a feladataink k\u00f6z\u00e9. Az intenz\u00edv ter\u00e1pia c\u00e9lja a beteg vit\u00e1lis param\u00e9tereinek stabiliz\u00e1l\u00e1sa, \u00e9letfontoss\u00e1g\u00fa szervek el\u00e9gtelens\u00e9ge eset\u00e9n azok [&hellip;]<\/p>\n","protected":false},"author":1,"featured_media":6373,"parent":0,"menu_order":0,"comment_status":"closed","ping_status":"closed","template":"","meta":{"_genesis_hide_title":false,"_genesis_hide_breadcrumbs":false,"_genesis_hide_singular_image":false,"_genesis_hide_footer_widgets":false,"_genesis_custom_body_class":"","_genesis_custom_post_class":"","_genesis_layout":"","footnotes":""},"class_list":{"0":"post-3825","1":"page","2":"type-page","3":"status-publish","4":"has-post-thumbnail","6":"entry"},"featured_image_src":"https:\/\/siokorhaz.hu\/wp-content\/uploads\/2025\/06\/Anesthesiologist-holding-mask-surgery-room-hospital-1024x684-1-600x400.jpg","featured_image_src_square":"https:\/\/siokorhaz.hu\/wp-content\/uploads\/2025\/06\/Anesthesiologist-holding-mask-surgery-room-hospital-1024x684-1-600x600.jpg","_links":{"self":[{"href":"https:\/\/siokorhaz.hu\/index.php?rest_route=\/wp\/v2\/pages\/3825","targetHints":{"allow":["GET"]}}],"collection":[{"href":"https:\/\/siokorhaz.hu\/index.php?rest_route=\/wp\/v2\/pages"}],"about":[{"href":"https:\/\/siokorhaz.hu\/index.php?rest_route=\/wp\/v2\/types\/page"}],"author":[{"embeddable":true,"href":"https:\/\/siokorhaz.hu\/index.php?rest_route=\/wp\/v2\/users\/1"}],"replies":[{"embeddable":true,"href":"https:\/\/siokorhaz.hu\/index.php?rest_route=%2Fwp%2Fv2%2Fcomments&post=3825"}],"version-history":[{"count":2,"href":"https:\/\/siokorhaz.hu\/index.php?rest_route=\/wp\/v2\/pages\/3825\/revisions"}],"predecessor-version":[{"id":6411,"href":"https:\/\/siokorhaz.hu\/index.php?rest_route=\/wp\/v2\/pages\/3825\/revisions\/6411"}],"wp:featuredmedia":[{"embeddable":true,"href":"https:\/\/siokorhaz.hu\/index.php?rest_route=\/wp\/v2\/media\/6373"}],"wp:attachment":[{"href":"https:\/\/siokorhaz.hu\/index.php?rest_route=%2Fwp%2Fv2%2Fmedia&parent=3825"}],"curies":[{"name":"wp","href":"https:\/\/api.w.org\/{rel}","templated":true}]}}