{"id":3818,"date":"2025-01-29T13:57:19","date_gmt":"2025-01-29T12:57:19","guid":{"rendered":"http:\/\/169.254.1.50\/?page_id=3818"},"modified":"2025-06-03T08:47:35","modified_gmt":"2025-06-03T08:47:35","slug":"ideggyogyaszat","status":"publish","type":"page","link":"https:\/\/siokorhaz.hu\/?page_id=3818","title":{"rendered":"Ideggy\u00f3gy\u00e1szat"},"content":{"rendered":"<p>A Neurol\u00f3giai Oszt\u00e1ly az \u201eE\u201d \u00e9p\u00fclet III. emelet\u00e9n helyezkedik el. Jelenleg 24 akt\u00edv \u00e1ggyal m\u0171k\u00f6dik. A betegek megfelel\u0151 sz\u00ednvonal\u00fa ell\u00e1t\u00e1s\u00e1t jelenleg 4 szakorvos, 2 \u00e1ltal\u00e1nos orvos \u00e9s 12 f\u0151b\u0151l \u00e1ll\u00f3 n\u0151v\u00e9ri team v\u00e9gzi. Munk\u00e1jukat az oszt\u00e1ly j\u00f3l k\u00e9pzett gy\u00f3gytorn\u00e1sza seg\u00edti.<\/p>\n<p>K\u00f3rtermeink 2 \u00e9s 5 \u00e1gyasak, melyekb\u0151l egy 5 \u00e1gyas k\u00f6zponti oxig\u00e9n &#8211; \u00e9s sz\u00edv\u00f3 berendez\u00e9ssel valamint beteg\u0151rz\u0151 monitorokkal van ell\u00e1tva. A k\u00f3rtermek saj\u00e1t f\u00fcrd\u0151szob\u00e1val (zuhanyoz\u00f3, WC, mosd\u00f3), kl\u00edm\u00e1val rendelkeznek. Az oszt\u00e1lyon k\u00fcl\u00f6n eb\u00e9dl\u0151 biztos\u00edtja a fent j\u00e1r\u00f3 betegek higi\u00e9n\u00e9s t\u00e1pl\u00e1lkoz\u00e1si k\u00f6r\u00fclm\u00e9nyeit, mely napk\u00f6zben t\u00e1rsalg\u00f3 funkci\u00f3t is bet\u00f6lt. A helyis\u00e9g telev\u00edzi\u00f3val, saj\u00e1t h\u0171t\u0151szekr\u00e9nnyel, valamint k\u00f6nyvsarokkal felszerelt. A betegek korai rehabilit\u00e1ci\u00f3j\u00e1t gy\u00f3gytorn\u00e1sz \u00e9s egy saj\u00e1t, j\u00f3l felszerelt tornaterem seg\u00edti. Az oszt\u00e1lyon bel\u00fcl m\u0171k\u00f6dik k\u00faraszer\u0171 ell\u00e1t\u00e1st biztos\u00edt\u00f3 r\u00e9szleg, ahol betegeink az inf\u00fazi\u00f3s kezel\u00e9s idej\u00e9re (napi max. 2 \u00f3ra) tart\u00f3zkodnak oszt\u00e1lyunkon.<\/p>\n<p><strong>Az oszt\u00e1lyunkon ell\u00e1tott k\u00f3rk\u00e9pek: <\/strong><\/p>\n<ul>\n<li>agyi \u00e9rkatasztr\u00f3f\u00e1k (agyv\u00e9rz\u00e9s, sz\u00e9l\u00fct\u00e9s, agyi erek megbeteged\u00e9sei)<\/li>\n<li>idegrendszeri gyullad\u00e1sos megbeteged\u00e9sek (agy-, gerincvel\u0151- \u00e9s agyh\u00e1rty\u00e1k gyullad\u00e1sa)<\/li>\n<li>neuroimmunol\u00f3giai (pl. sclerosis multiplex, stb.) betegs\u00e9gek<\/li>\n<li>agyi\u00a0 degenerat\u00edv megbeteged\u00e9s (demencia, Parkinson k\u00f3r stb.)<\/li>\n<li>gerincoszlop \u00e9s izomzat szervi megbeteged\u00e9sei<\/li>\n<li>j\u00f3- \u00e9s rosszindulat\u00fa agyi- \u00e9s gerincvel\u0151i daganatok<\/li>\n<li>epilepsia<\/li>\n<li>k\u00f6rny\u00e9ki idegrendszer megbeteged\u00e9sei<\/li>\n<li>fejf\u00e1j\u00e1s<\/li>\n<li>sz\u00e9d\u00fcl\u00e9ses k\u00f3rk\u00e9pek<\/li>\n<\/ul>\n<p>A diagn\u00f3zis fel\u00e1ll\u00edt\u00e1s\u00e1hoz sz\u00fcks\u00e9ges diagnosztikai vizsg\u00e1l\u00f3 m\u00f3dszerek jelent\u0151s r\u00e9sze k\u00f3rh\u00e1zunkban el\u00e9rhet\u0151 (j\u00f3l felszerelt Radiol\u00f3giai oszt\u00e1ly: koponya CT, nyaki erek duplex doppler vizsg\u00e1lata, hasi USG stb; valamint laborat\u00f3rium \u00e9s t\u00e1rsszakm\u00e1k jelenl\u00e9te).<\/p>\n<p>Oszt\u00e1lyunk <strong><em>EEG labort<\/em><\/strong> m\u0171k\u00f6dtet, mely az epilepsias betegek kivizsg\u00e1l\u00e1s\u00e1ban, gondoz\u00e1s\u00e1ban ad seg\u00edts\u00e9get. Az <strong><em>EMG-ENG laborban<\/em><\/strong> v\u00e9gzett vizsg\u00e1latok a perif\u00e9ri\u00e1s idegb\u00e1ntalmak betegs\u00e9geinek diagn\u00f3zis\u00e1t seg\u00edti.<\/p>\n<p><strong>Betegfelv\u00e9tel <\/strong><\/p>\n<p><strong>Elekt\u00edv betegfelv\u00e9tel<\/strong>: el\u0151jegyz\u00e9si lista alapj\u00e1n t\u00f6rt\u00e9nik. A betegek a szakrendel\u00e9sen kapott beutal\u00f3val \u00e9rkeznek.<\/p>\n<p><strong>Akut betegfelv\u00e9tel<\/strong>: S\u00fcrg\u0151ss\u00e9gi Betegell\u00e1t\u00f3 Oszt\u00e1lyr\u00f3l, illetve a ter\u00fcleti illet\u00e9kess\u00e9g alapj\u00e1n m\u00e1s int\u00e9zm\u00e9nyb\u0151l \u00e1thelyezett betegek ut\u00f3kezel\u00e9se oszt\u00e1lyunkon t\u00f6rt\u00e9nik.<\/p>\n<p><strong>Munkat\u00e1rsak <\/strong><\/p>\n<\/p>\n\n\n<div style=\"background-color:#f2f2f2;color:#32373c\" class=\"wp-block-genesis-blocks-gb-profile-box square gb-font-size-18 gb-block-profile gb-profile-columns\"><div class=\"gb-profile-column gb-profile-content-wrap\"><h2 class=\"gb-profile-name\" style=\"color:#32373c\"><strong>Dr. N\u00e9meth \u00c9va<\/strong><\/h2><p class=\"gb-profile-title\" style=\"color:#32373c\">oszt\u00e1lyvezet\u0151 f\u0151orvos<\/p><div class=\"gb-profile-text\"><\/div><ul class=\"gb-social-links\"><\/ul><\/div><\/div>\n\n\n\n<div style=\"color:#ddd\" class=\"wp-block-genesis-blocks-gb-spacer gb-block-spacer gb-divider-solid gb-divider-size-1\"><hr style=\"height:30px\"\/><\/div>\n\n\n\n<div style=\"background-color:#f2f2f2;color:#32373c\" class=\"wp-block-genesis-blocks-gb-profile-box square gb-font-size-18 gb-block-profile gb-profile-columns\"><div class=\"gb-profile-column gb-profile-content-wrap\"><h2 class=\"gb-profile-name\" style=\"color:#32373c\"><strong>Dr. Nagy P\u00e9ter<\/strong><\/h2><p class=\"gb-profile-title\" style=\"color:#32373c\">&nbsp;neurol\u00f3gus f\u0151orvos<\/p><div class=\"gb-profile-text\"><\/div><ul class=\"gb-social-links\"><\/ul><\/div><\/div>\n\n\n\n<div style=\"color:#ddd\" class=\"wp-block-genesis-blocks-gb-spacer gb-block-spacer gb-divider-solid gb-divider-size-1\"><hr style=\"height:30px\"\/><\/div>\n\n\n\n<div style=\"background-color:#f2f2f2;color:#32373c\" class=\"wp-block-genesis-blocks-gb-profile-box square gb-font-size-18 gb-block-profile gb-profile-columns\"><div class=\"gb-profile-column gb-profile-content-wrap\"><h2 class=\"gb-profile-name\" style=\"color:#32373c\"><strong>Dr. Balogh Sz\u00e9kely Katinka<\/strong><\/h2><p class=\"gb-profile-title\" style=\"color:#32373c\">&nbsp;neurol\u00f3gus szakorvos<\/p><div class=\"gb-profile-text\"><\/div><ul class=\"gb-social-links\"><\/ul><\/div><\/div>\n\n\n\n<div style=\"color:#ddd\" class=\"wp-block-genesis-blocks-gb-spacer gb-block-spacer gb-divider-solid gb-divider-size-1\"><hr style=\"height:30px\"\/><\/div>\n\n\n\n<div style=\"background-color:#f2f2f2;color:#32373c\" class=\"wp-block-genesis-blocks-gb-profile-box square gb-font-size-18 gb-block-profile gb-profile-columns\"><div class=\"gb-profile-column gb-profile-content-wrap\"><h2 class=\"gb-profile-name\" style=\"color:#32373c\"><strong>Dr. Pour Yazdan Daryoush<\/strong><\/h2><p class=\"gb-profile-title\" style=\"color:#32373c\">&nbsp;EMG\/ENG\/EEG labor <strong>vezet\u0151<\/strong> f\u0151orvos<\/p><div class=\"gb-profile-text\"><\/div><ul class=\"gb-social-links\"><\/ul><\/div><\/div>\n\n\n\n<div style=\"color:#ddd\" class=\"wp-block-genesis-blocks-gb-spacer gb-block-spacer gb-divider-solid gb-divider-size-1\"><hr style=\"height:30px\"\/><\/div>\n\n\n\n<div style=\"background-color:#f2f2f2;color:#32373c\" class=\"wp-block-genesis-blocks-gb-profile-box square gb-font-size-18 gb-block-profile gb-profile-columns\"><div class=\"gb-profile-column gb-profile-content-wrap\"><h2 class=\"gb-profile-name\" style=\"color:#32373c\"><strong>Dr. Donmayer D\u00e1vid<\/strong><\/h2><p class=\"gb-profile-title\" style=\"color:#32373c\">\u00e1ltal\u00e1nos orvos\/neuurol\u00f3gia rezidens<\/p><div class=\"gb-profile-text\"><\/div><ul class=\"gb-social-links\"><\/ul><\/div><\/div>\n\n\n\n<div style=\"color:#ddd\" class=\"wp-block-genesis-blocks-gb-spacer gb-block-spacer gb-divider-solid gb-divider-size-1\"><hr style=\"height:30px\"\/><\/div>\n\n\n\n<div style=\"background-color:#f2f2f2;color:#32373c\" class=\"wp-block-genesis-blocks-gb-profile-box square gb-font-size-18 gb-block-profile gb-profile-columns\"><div class=\"gb-profile-column gb-profile-content-wrap\"><h2 class=\"gb-profile-name\" style=\"color:#32373c\"><strong>Dr. Taha Yousif Assad Taha<\/strong><\/h2><p class=\"gb-profile-title\" style=\"color:#32373c\">\u00e1ltal\u00e1nos orvos\/neurol\u00f3gia rezidens<\/p><div class=\"gb-profile-text\"><\/div><ul class=\"gb-social-links\"><\/ul><\/div><\/div>\n\n\n\n<div style=\"color:#ddd\" class=\"wp-block-genesis-blocks-gb-spacer gb-block-spacer gb-divider-solid gb-divider-size-1\"><hr style=\"height:30px\"\/><\/div>\n\n\n\n<div style=\"background-color:#f2f2f2;color:#32373c\" class=\"wp-block-genesis-blocks-gb-profile-box square gb-font-size-18 gb-block-profile gb-profile-columns\"><div class=\"gb-profile-column gb-profile-content-wrap\"><h2 class=\"gb-profile-name\" style=\"color:#32373c\"><strong>Patek Szilvia<\/strong><\/h2><p class=\"gb-profile-title\" style=\"color:#32373c\">&nbsp;oszt\u00e1lyvezet\u0151 f\u0151n\u0151v\u00e9r, diplom\u00e1s \u00e1pol\u00f3<\/p><div class=\"gb-profile-text\"><\/div><ul class=\"gb-social-links\"><\/ul><\/div><\/div>\n\n\n\n<p><strong>Oszt\u00e1ly elhelyezked\u00e9se, el\u00e9rhet\u0151s\u00e9gek<\/strong><\/p>\n\n\n\n<p>Si\u00f3foki K\u00f3rh\u00e1z-Rendel\u0151int\u00e9zet<\/p>\n\n\n\n<p>8600 Si\u00f3fok, Semmelweis u. 1. E \u00e9p\u00fclet 3. emelet<\/p>\n\n\n\n<p>E-mail: <a href=\"mailto:idegosztaly@siokorhaz.hu\">idegosztaly@siokorhaz.hu<\/a><\/p>\n\n\n\n<p>Telefon: 84\/501-743<\/p>\n\n\n\n<div style=\"color:#ddd\" class=\"wp-block-genesis-blocks-gb-spacer gb-block-spacer gb-divider-solid gb-divider-size-1\"><hr style=\"height:30px\"\/><\/div>\n\n\n\n<div style=\"color:#ddd\" class=\"wp-block-genesis-blocks-gb-spacer gb-block-spacer gb-divider-solid gb-divider-size-1\"><hr style=\"height:30px\"\/><\/div>\n\n\n\n<div style=\"color:#32373c;background-color:#00d1b2\" class=\"wp-block-genesis-blocks-gb-notice gb-font-size-18 gb-block-notice\" data-id=\"5e5432\"><div class=\"gb-notice-text\" style=\"border-color:#00d1b2\"><div data-post-id=\"5302\" class=\"insert-page insert-page-5302 \"><h4>Ideggy\u00f3gy\u00e1szati oszt\u00e1ly<\/h4><h4>Si\u00f3foki K\u00f3rh\u00e1z-Rendel\u0151int\u00e9zet<\/h4><p><a href=\"#\">8600 Si\u00f3fok, Semmelweis u. 1. E \u00e9p\u00fclet 3. emelet<\/a><\/p><p><a href=\"mailto:idegosztaly@siokorhaz.hu\">idegosztaly@siokorhaz.hu<\/a><\/p><p><a href=\"tel:+36 84 501 743\">+36 84 501 743<\/a><\/p>\t\t\n\t\t\t\t\t\t\t\t\t\t\t\t\t\t\t<img loading=\"lazy\" decoding=\"async\" width=\"1024\" height=\"724\" src=\"https:\/\/siokorhaz.hu\/wp-content\/uploads\/2025\/01\/korhaz_epuletek-1024x724.png\" alt=\"\" srcset=\"https:\/\/siokorhaz.hu\/wp-content\/uploads\/2025\/01\/korhaz_epuletek-1024x724.png 1024w, https:\/\/siokorhaz.hu\/wp-content\/uploads\/2025\/01\/korhaz_epuletek-300x212.png 300w, https:\/\/siokorhaz.hu\/wp-content\/uploads\/2025\/01\/korhaz_epuletek-768x543.png 768w, https:\/\/siokorhaz.hu\/wp-content\/uploads\/2025\/01\/korhaz_epuletek-750x530.png 750w, https:\/\/siokorhaz.hu\/wp-content\/uploads\/2025\/01\/korhaz_epuletek-540x382.png 540w, https:\/\/siokorhaz.hu\/wp-content\/uploads\/2025\/01\/korhaz_epuletek.png 1110w\" sizes=\"auto, (max-width: 1024px) 100vw, 1024px\" \/><\/div>\n<\/div><\/div>\n","protected":false},"excerpt":{"rendered":"<p>A Neurol\u00f3giai Oszt\u00e1ly az \u201eE\u201d \u00e9p\u00fclet III. emelet\u00e9n helyezkedik el. Jelenleg 24 akt\u00edv \u00e1ggyal m\u0171k\u00f6dik. A betegek megfelel\u0151 sz\u00ednvonal\u00fa ell\u00e1t\u00e1s\u00e1t jelenleg 4 szakorvos, 2 \u00e1ltal\u00e1nos orvos \u00e9s 12 f\u0151b\u0151l \u00e1ll\u00f3 n\u0151v\u00e9ri team v\u00e9gzi. Munk\u00e1jukat az oszt\u00e1ly j\u00f3l k\u00e9pzett gy\u00f3gytorn\u00e1sza seg\u00edti. K\u00f3rtermeink 2 \u00e9s 5 \u00e1gyasak, melyekb\u0151l egy 5 \u00e1gyas k\u00f6zponti oxig\u00e9n &#8211; \u00e9s sz\u00edv\u00f3 berendez\u00e9ssel [&hellip;]<\/p>\n","protected":false},"author":1,"featured_media":6252,"parent":0,"menu_order":0,"comment_status":"closed","ping_status":"closed","template":"","meta":{"_genesis_hide_title":false,"_genesis_hide_breadcrumbs":false,"_genesis_hide_singular_image":false,"_genesis_hide_footer_widgets":false,"_genesis_custom_body_class":"","_genesis_custom_post_class":"","_genesis_layout":"","footnotes":""},"class_list":{"0":"post-3818","1":"page","2":"type-page","3":"status-publish","4":"has-post-thumbnail","6":"entry"},"featured_image_src":"https:\/\/siokorhaz.hu\/wp-content\/uploads\/2025\/06\/BB1p46ht-600x400.jpg","featured_image_src_square":"https:\/\/siokorhaz.hu\/wp-content\/uploads\/2025\/06\/BB1p46ht-600x600.jpg","_links":{"self":[{"href":"https:\/\/siokorhaz.hu\/index.php?rest_route=\/wp\/v2\/pages\/3818","targetHints":{"allow":["GET"]}}],"collection":[{"href":"https:\/\/siokorhaz.hu\/index.php?rest_route=\/wp\/v2\/pages"}],"about":[{"href":"https:\/\/siokorhaz.hu\/index.php?rest_route=\/wp\/v2\/types\/page"}],"author":[{"embeddable":true,"href":"https:\/\/siokorhaz.hu\/index.php?rest_route=\/wp\/v2\/users\/1"}],"replies":[{"embeddable":true,"href":"https:\/\/siokorhaz.hu\/index.php?rest_route=%2Fwp%2Fv2%2Fcomments&post=3818"}],"version-history":[{"count":2,"href":"https:\/\/siokorhaz.hu\/index.php?rest_route=\/wp\/v2\/pages\/3818\/revisions"}],"predecessor-version":[{"id":6410,"href":"https:\/\/siokorhaz.hu\/index.php?rest_route=\/wp\/v2\/pages\/3818\/revisions\/6410"}],"wp:featuredmedia":[{"embeddable":true,"href":"https:\/\/siokorhaz.hu\/index.php?rest_route=\/wp\/v2\/media\/6252"}],"wp:attachment":[{"href":"https:\/\/siokorhaz.hu\/index.php?rest_route=%2Fwp%2Fv2%2Fmedia&parent=3818"}],"curies":[{"name":"wp","href":"https:\/\/api.w.org\/{rel}","templated":true}]}}