{"id":3804,"date":"2025-01-29T13:50:54","date_gmt":"2025-01-29T12:50:54","guid":{"rendered":"http:\/\/169.254.1.50\/?page_id=3804"},"modified":"2025-06-03T08:46:50","modified_gmt":"2025-06-03T08:46:50","slug":"ful-orr-gegeszet-2","status":"publish","type":"page","link":"https:\/\/siokorhaz.hu\/?page_id=3804","title":{"rendered":"F\u00fcl-orr-g\u00e9g\u00e9szet"},"content":{"rendered":"<p><strong>Az oszt\u00e1ly 14 feln\u0151tt \u00e1ggyal \u00e9s 4 gyermek f\u00fcl-orr-g\u00e9g\u00e9szeti \u00e1ggyal rendelkez\u00fcnk, melynek gyermekgy\u00f3gy\u00e1szati fel\u00fcgyelet\u00e9t a Gyermekoszt\u00e1ly biztos\u00edtja.<\/strong><\/p>\n<p>Minden k\u00f3rterm\u00fcnk komfortos, kl\u00edm\u00e1val, f\u00fcrd\u0151szob\u00e1val, WC-vel felszerelt. A gyermek m\u0171t\u00e9tekn\u00e9l a hozz\u00e1tartoz\u00f3kat gyermek\u00fckkel egy k\u00f3rteremben helyezz\u00fck el.<\/p>\n<p>Magasabb szint\u0171 ell\u00e1t\u00e1s keret\u00e9ben j\u00f3 kapcsolatot \u00e1polunk a sz\u00e9kesfeh\u00e9rv\u00e1ri, a kaposv\u00e1ri Megyei K\u00f3rh\u00e1zak F\u00fcl-Orr-G\u00e9g\u00e9szeti Oszt\u00e1ly\u00e1val \u00e9s a ter\u00fcletileg illet\u00e9kes magasabb szint\u0171 int\u00e9zm\u00e9nnyel: PTE F\u00fcl-Orr-G\u00e9ge Klinik\u00e1val.<\/p>\n<h4>Munkat\u00e1rsak<\/h4>\n\n\n<div style=\"background-color:#f2f2f2;color:#32373c\" class=\"wp-block-genesis-blocks-gb-profile-box square gb-has-avatar gb-font-size-18 gb-block-profile gb-profile-columns\"><div class=\"gb-profile-column gb-profile-avatar-wrap\"><div class=\"gb-profile-image-wrap\"><figure class=\"gb-profile-image-square\"><img decoding=\"async\" class=\"gb-profile-avatar wp-image-6249\" src=\"https:\/\/siokorhaz.hu\/wp-content\/uploads\/2025\/06\/czurko-225x300-1.jpg\" alt=\"\"\/><\/figure><\/div><\/div><div class=\"gb-profile-column gb-profile-content-wrap\"><h2 class=\"gb-profile-name\" style=\"color:#32373c\"><a>Dr. Czurk\u00f3 G\u00e9za<\/a><\/h2><p class=\"gb-profile-title\" style=\"color:#32373c\"><small>oszt\u00e1lyvezet\u0151 f\u0151orvos<\/small><\/p><div class=\"gb-profile-text\"><\/div><ul class=\"gb-social-links\"><\/ul><\/div><\/div>\n\n\n\n<div style=\"color:#ddd\" class=\"wp-block-genesis-blocks-gb-spacer gb-block-spacer gb-divider-solid gb-divider-size-1\"><hr style=\"height:30px\"\/><\/div>\n\n\n\n<div style=\"background-color:#f2f2f2;color:#32373c\" class=\"wp-block-genesis-blocks-gb-profile-box square gb-has-avatar gb-font-size-18 gb-block-profile gb-profile-columns\"><div class=\"gb-profile-column gb-profile-avatar-wrap\"><div class=\"gb-profile-image-wrap\"><figure class=\"gb-profile-image-square\"><img loading=\"lazy\" decoding=\"async\" width=\"239\" height=\"300\" class=\"gb-profile-avatar wp-image-6248\" src=\"https:\/\/siokorhaz.hu\/wp-content\/uploads\/2025\/06\/0021-239x300-1.jpg\" alt=\"\"\/><\/figure><\/div><\/div><div class=\"gb-profile-column gb-profile-content-wrap\"><h2 class=\"gb-profile-name\" style=\"color:#32373c\"><a>Dr. T\u00f3th \u00c1kos<\/a><\/h2><p class=\"gb-profile-title\" style=\"color:#32373c\"><small>f\u0151orvos<\/small><\/p><div class=\"gb-profile-text\"><\/div><ul class=\"gb-social-links\"><\/ul><\/div><\/div>\n\n\n\n<div style=\"color:#ddd\" class=\"wp-block-genesis-blocks-gb-spacer gb-block-spacer gb-divider-solid gb-divider-size-1\"><hr style=\"height:30px\"\/><\/div>\n\n\n\n<div style=\"background-color:#f2f2f2;color:#32373c\" class=\"wp-block-genesis-blocks-gb-profile-box square gb-has-avatar gb-font-size-18 gb-block-profile gb-profile-columns\"><div class=\"gb-profile-column gb-profile-avatar-wrap\"><div class=\"gb-profile-image-wrap\"><figure class=\"gb-profile-image-square\"><img loading=\"lazy\" decoding=\"async\" width=\"225\" height=\"300\" class=\"gb-profile-avatar wp-image-6247\" src=\"https:\/\/siokorhaz.hu\/wp-content\/uploads\/2025\/06\/0026-225x300-1.jpg\" alt=\"\"\/><\/figure><\/div><\/div><div class=\"gb-profile-column gb-profile-content-wrap\"><h2 class=\"gb-profile-name\" style=\"color:#32373c\"><a>Dr. Konr\u00e1d Ilona<\/a><\/h2><p class=\"gb-profile-title\" style=\"color:#32373c\"><small>adjunktus<\/small><\/p><div class=\"gb-profile-text\"><\/div><ul class=\"gb-social-links\"><\/ul><\/div><\/div>\n\n\n\n<div style=\"color:#ddd\" class=\"wp-block-genesis-blocks-gb-spacer gb-block-spacer gb-divider-solid gb-divider-size-1\"><hr style=\"height:30px\"\/><\/div>\n\n\n\n<div style=\"background-color:#f2f2f2;color:#32373c\" class=\"wp-block-genesis-blocks-gb-profile-box square gb-font-size-18 gb-block-profile gb-profile-columns\"><div class=\"gb-profile-column gb-profile-content-wrap\"><h2 class=\"gb-profile-name\" style=\"color:#32373c\"><a>Jurk\u00f3 Andrea<\/a><\/h2><p class=\"gb-profile-title\" style=\"color:#32373c\"><small>vezet\u0151 szakdolgoz\u00f3<\/small><\/p><div class=\"gb-profile-text\"><\/div><ul class=\"gb-social-links\"><\/ul><\/div><\/div>\n\n\n\n<div style=\"color:#ddd\" class=\"wp-block-genesis-blocks-gb-spacer gb-block-spacer gb-divider-solid gb-divider-size-1\"><hr style=\"height:30px\"\/><\/div>\n\n\n\n<div style=\"color:#ddd\" class=\"wp-block-genesis-blocks-gb-spacer gb-block-spacer gb-divider-solid gb-divider-size-1\"><hr style=\"height:30px\"\/><\/div>\n\n\n\n<div style=\"color:#32373c;background-color:#00d1b2\" class=\"wp-block-genesis-blocks-gb-notice gb-font-size-18 gb-block-notice\" data-id=\"5e5432\"><div class=\"gb-notice-text\" style=\"border-color:#00d1b2\"><div data-post-id=\"5296\" class=\"insert-page insert-page-5296 \"><h4>F\u00fcl-orr-g\u00e9g\u00e9szeti oszt\u00e1ly<\/h4><h4>Si\u00f3foki K\u00f3rh\u00e1z-Rendel\u0151int\u00e9zet<\/h4><p><a href=\"#\">8600 Si\u00f3fok, Semmelweis u. 1. F\u0151\u00e9p\u00fclet 5. emelet<\/a><\/p><p><a href=\"mailto:fulorrgege@siokorhaz.hu\">fulorrgege@siokorhaz.hu<\/a><\/p><p><a href=\"tel:+36 84 501 737\">+36 84 501 737<\/a><\/p>\t\t\n\t\t\t\t\t\t\t\t\t\t\t\t\t\t\t<img loading=\"lazy\" decoding=\"async\" width=\"1024\" height=\"724\" src=\"https:\/\/siokorhaz.hu\/wp-content\/uploads\/2025\/01\/korhaz_epuletek-1024x724.png\" alt=\"\" srcset=\"https:\/\/siokorhaz.hu\/wp-content\/uploads\/2025\/01\/korhaz_epuletek-1024x724.png 1024w, https:\/\/siokorhaz.hu\/wp-content\/uploads\/2025\/01\/korhaz_epuletek-300x212.png 300w, https:\/\/siokorhaz.hu\/wp-content\/uploads\/2025\/01\/korhaz_epuletek-768x543.png 768w, https:\/\/siokorhaz.hu\/wp-content\/uploads\/2025\/01\/korhaz_epuletek-750x530.png 750w, https:\/\/siokorhaz.hu\/wp-content\/uploads\/2025\/01\/korhaz_epuletek-540x382.png 540w, https:\/\/siokorhaz.hu\/wp-content\/uploads\/2025\/01\/korhaz_epuletek.png 1110w\" sizes=\"auto, (max-width: 1024px) 100vw, 1024px\" \/><\/div>\n<\/div><\/div>\n","protected":false},"excerpt":{"rendered":"<p>Az oszt\u00e1ly 14 feln\u0151tt \u00e1ggyal \u00e9s 4 gyermek f\u00fcl-orr-g\u00e9g\u00e9szeti \u00e1ggyal rendelkez\u00fcnk, melynek gyermekgy\u00f3gy\u00e1szati fel\u00fcgyelet\u00e9t a Gyermekoszt\u00e1ly biztos\u00edtja. Minden k\u00f3rterm\u00fcnk komfortos, kl\u00edm\u00e1val, f\u00fcrd\u0151szob\u00e1val, WC-vel felszerelt. A gyermek m\u0171t\u00e9tekn\u00e9l a hozz\u00e1tartoz\u00f3kat gyermek\u00fckkel egy k\u00f3rteremben helyezz\u00fck el. Magasabb szint\u0171 ell\u00e1t\u00e1s keret\u00e9ben j\u00f3 kapcsolatot \u00e1polunk a sz\u00e9kesfeh\u00e9rv\u00e1ri, a kaposv\u00e1ri Megyei K\u00f3rh\u00e1zak F\u00fcl-Orr-G\u00e9g\u00e9szeti Oszt\u00e1ly\u00e1val \u00e9s a ter\u00fcletileg illet\u00e9kes magasabb szint\u0171 [&hellip;]<\/p>\n","protected":false},"author":1,"featured_media":6245,"parent":0,"menu_order":0,"comment_status":"closed","ping_status":"closed","template":"","meta":{"_genesis_hide_title":false,"_genesis_hide_breadcrumbs":false,"_genesis_hide_singular_image":false,"_genesis_hide_footer_widgets":false,"_genesis_custom_body_class":"","_genesis_custom_post_class":"","_genesis_layout":"","footnotes":""},"class_list":{"0":"post-3804","1":"page","2":"type-page","3":"status-publish","4":"has-post-thumbnail","6":"entry"},"featured_image_src":"https:\/\/siokorhaz.hu\/wp-content\/uploads\/2025\/06\/kCTflSgntqT0KBLrnXlRnWT4OhdCBktaIyaX6Ofq-600x400.webp","featured_image_src_square":"https:\/\/siokorhaz.hu\/wp-content\/uploads\/2025\/06\/kCTflSgntqT0KBLrnXlRnWT4OhdCBktaIyaX6Ofq-600x600.webp","_links":{"self":[{"href":"https:\/\/siokorhaz.hu\/index.php?rest_route=\/wp\/v2\/pages\/3804","targetHints":{"allow":["GET"]}}],"collection":[{"href":"https:\/\/siokorhaz.hu\/index.php?rest_route=\/wp\/v2\/pages"}],"about":[{"href":"https:\/\/siokorhaz.hu\/index.php?rest_route=\/wp\/v2\/types\/page"}],"author":[{"embeddable":true,"href":"https:\/\/siokorhaz.hu\/index.php?rest_route=\/wp\/v2\/users\/1"}],"replies":[{"embeddable":true,"href":"https:\/\/siokorhaz.hu\/index.php?rest_route=%2Fwp%2Fv2%2Fcomments&post=3804"}],"version-history":[{"count":3,"href":"https:\/\/siokorhaz.hu\/index.php?rest_route=\/wp\/v2\/pages\/3804\/revisions"}],"predecessor-version":[{"id":6409,"href":"https:\/\/siokorhaz.hu\/index.php?rest_route=\/wp\/v2\/pages\/3804\/revisions\/6409"}],"wp:featuredmedia":[{"embeddable":true,"href":"https:\/\/siokorhaz.hu\/index.php?rest_route=\/wp\/v2\/media\/6245"}],"wp:attachment":[{"href":"https:\/\/siokorhaz.hu\/index.php?rest_route=%2Fwp%2Fv2%2Fmedia&parent=3804"}],"curies":[{"name":"wp","href":"https:\/\/api.w.org\/{rel}","templated":true}]}}