{"id":3638,"date":"2025-01-28T09:20:28","date_gmt":"2025-01-28T08:20:28","guid":{"rendered":"http:\/\/169.254.1.50\/?page_id=3638"},"modified":"2025-06-03T08:44:16","modified_gmt":"2025-06-03T08:44:16","slug":"belgyogyaszat","status":"publish","type":"page","link":"https:\/\/siokorhaz.hu\/?page_id=3638","title":{"rendered":"Belgy\u00f3gy\u00e1szat"},"content":{"rendered":"\n<p><strong>Bemutatkoz\u00e1s<\/strong><\/p>\n\n\n\n<p>K\u00f3rh\u00e1zunk IV. emelet\u00e9n elhelyezked\u0151 oszt\u00e1lyunk az \u00e1ltal\u00e1nos belgy\u00f3gy\u00e1szat f\u0151bb szegmenseiben (kardiol\u00f3gia, gasztroenteorol\u00f3gia, diabetol\u00f3gia, endokrinol\u00f3gia, nephrol\u00f3gia, allergol\u00f3gia \u00e9s klinikai immunol\u00f3gia) specializ\u00e1lt szakemberek seg\u00edts\u00e9g\u00e9vel tud ell\u00e1t\u00e1st ny\u00fajtani. A betegek elhelyez\u00e9se 2-4 \u00e1gyas, k\u00fcl\u00f6n f\u00fcrd\u0151szob\u00e1val \u00e9s WC-vel ell\u00e1tott k\u00f3rtermekben t\u00f6rt\u00e9nik.<\/p>\n\n\n\n<p>Diagnosztikai \u00e9s ter\u00e1pi\u00e1s lehet\u0151s\u00e9geink a belgy\u00f3gy\u00e1szati megbeteged\u00e9sek sz\u00e9les spektrum\u00e1ban biztos\u00edtj\u00e1k a v\u00e9gleges ell\u00e1t\u00e1s felt\u00e9teleit. Szem\u00e9lyi felk\u00e9sz\u00fclts\u00e9g\u00fcnk (\u00e1ltal\u00e1nos belgy\u00f3gy\u00e1sz, kardiol\u00f3gus, gasztroenterol\u00f3gus, diabetol\u00f3gus, nephrol\u00f3gus, endokrinol\u00f3gus, allergol\u00f3gia \u00e9s klinikai immunol\u00f3gia szakorvosok), illetve labor \u00e9s m\u0171szeres vizsg\u00e1lati lehet\u0151s\u00e9geink biztos\u00edtj\u00e1k a megfelel\u0151 szem\u00e9lyi \u00e9s t\u00e1rgyi felt\u00e9teleket. A speci\u00e1lis, helyben nem el\u00e9rhet\u0151 diagnosztikus \u00e9s ter\u00e1pi\u00e1s ell\u00e1t\u00e1st a j\u00f3l m\u0171k\u00f6d\u0151 kapcsolatok r\u00e9v\u00e9n c\u00e9lint\u00e9zm\u00e9nyekben biztos\u00edtjuk.<\/p>\n\n\n\n<p>A specializ\u00e1lt korszer\u0171 ell\u00e1t\u00e1s mellett az oszt\u00e1ly gyakorlata h\u0171 maradt a klasszikus \u00e1ltal\u00e1nos belgy\u00f3gy\u00e1szati szeml\u00e9let elveihez.<\/p>\n\n\n\n<p><strong>Munkat\u00e1rsak:<\/strong><\/p>\n\n\n\n<div style=\"background-color:#f2f2f2;color:#32373c\" class=\"wp-block-genesis-blocks-gb-profile-box square gb-has-avatar gb-font-size-18 gb-block-profile gb-profile-columns\"><div class=\"gb-profile-column gb-profile-avatar-wrap\"><div class=\"gb-profile-image-wrap\"><figure class=\"gb-profile-image-square\"><img loading=\"lazy\" decoding=\"async\" width=\"200\" height=\"300\" class=\"gb-profile-avatar wp-image-6148\" src=\"https:\/\/siokorhaz.hu\/wp-content\/uploads\/2025\/05\/dr_pinter_istvan-200x300-1.jpg\" alt=\"\"\/><\/figure><\/div><\/div><div class=\"gb-profile-column gb-profile-content-wrap\"><h2 class=\"gb-profile-name\" style=\"color:#32373c\"><a>Dr. <strong>Pint\u00e9r Istv\u00e1n PhD<\/strong><\/a><\/h2><p class=\"gb-profile-title\" style=\"color:#32373c\"><small>&nbsp;oszt\u00e1lyvezet\u0151 f\u0151orvos belgy\u00f3gy\u00e1sz, diabetol\u00f3gus, nefrol\u00f3gus<\/small><\/p><div class=\"gb-profile-text\"><small>&nbsp;oszt\u00e1lyvezet\u0151 f\u0151orvos belgy\u00f3gy\u00e1sz, diabetol\u00f3gus, nefrol\u00f3gus<\/small><\/div><ul class=\"gb-social-links\"><\/ul><\/div><\/div>\n\n\n<h3 style=\"text-align: center;\">\u00a0<\/h3>\n\n\n<div style=\"background-color:#f2f2f2;color:#32373c\" class=\"wp-block-genesis-blocks-gb-profile-box square gb-has-avatar gb-font-size-18 gb-block-profile gb-profile-columns\"><div class=\"gb-profile-column gb-profile-avatar-wrap\"><div class=\"gb-profile-image-wrap\"><figure class=\"gb-profile-image-square\"><img loading=\"lazy\" decoding=\"async\" width=\"200\" height=\"300\" class=\"gb-profile-avatar wp-image-6150\" src=\"https:\/\/siokorhaz.hu\/wp-content\/uploads\/2025\/05\/dr_szepvolgyi_aniko-200x300-1.jpg\" alt=\"\"\/><\/figure><\/div><\/div><div class=\"gb-profile-column gb-profile-content-wrap\"><h2 class=\"gb-profile-name\" style=\"color:#32373c\"><a>Dr. Sz\u00e9pv\u00f6lgyi Anik\u00f3<\/a><\/h2><p class=\"gb-profile-title\" style=\"color:#32373c\"><small>belgy\u00f3gy\u00e1sz szakorvos oszt\u00e1lyvezet\u0151-helyettes<\/small><\/p><div class=\"gb-profile-text\"><\/div><ul class=\"gb-social-links\"><\/ul><\/div><\/div>\n\n\n\n<div style=\"color:#ddd\" class=\"wp-block-genesis-blocks-gb-spacer gb-block-spacer gb-divider-solid gb-divider-size-1\"><hr style=\"height:30px\"\/><\/div>\n\n\n\n<div style=\"background-color:#f2f2f2;color:#32373c\" class=\"wp-block-genesis-blocks-gb-profile-box square gb-has-avatar gb-font-size-18 gb-block-profile gb-profile-columns\"><div class=\"gb-profile-column gb-profile-avatar-wrap\"><div class=\"gb-profile-image-wrap\"><figure class=\"gb-profile-image-square\"><img loading=\"lazy\" decoding=\"async\" width=\"200\" height=\"300\" class=\"gb-profile-avatar wp-image-6153\" src=\"https:\/\/siokorhaz.hu\/wp-content\/uploads\/2025\/05\/dr_varga_erika-200x300-1.jpg\" alt=\"\"\/><\/figure><\/div><\/div><div class=\"gb-profile-column gb-profile-content-wrap\"><h2 class=\"gb-profile-name\" style=\"color:#32373c\"><a>Dr. Varga Erika<\/a><\/h2><p class=\"gb-profile-title\" style=\"color:#32373c\"><small>belgy\u00f3gy\u00e1sz, gasztroenterol\u00f3gus gasztroenterol\u00f3giai r\u00e9szlegvezet\u0151<\/small><\/p><div class=\"gb-profile-text\"><\/div><ul class=\"gb-social-links\"><\/ul><\/div><\/div>\n\n\n\n<div style=\"color:#ddd\" class=\"wp-block-genesis-blocks-gb-spacer gb-block-spacer gb-divider-solid gb-divider-size-1\"><hr style=\"height:30px\"\/><\/div>\n\n\n\n<div style=\"background-color:#f2f2f2;color:#32373c\" class=\"wp-block-genesis-blocks-gb-profile-box square gb-has-avatar gb-font-size-18 gb-block-profile gb-profile-columns\"><div class=\"gb-profile-column gb-profile-avatar-wrap\"><div class=\"gb-profile-image-wrap\"><figure class=\"gb-profile-image-square\"><img loading=\"lazy\" decoding=\"async\" width=\"450\" height=\"600\" class=\"gb-profile-avatar wp-image-6177\" src=\"https:\/\/siokorhaz.hu\/wp-content\/uploads\/2025\/05\/dr_dobo.jpg\" alt=\"\" srcset=\"https:\/\/siokorhaz.hu\/wp-content\/uploads\/2025\/05\/dr_dobo.jpg 450w, https:\/\/siokorhaz.hu\/wp-content\/uploads\/2025\/05\/dr_dobo-225x300.jpg 225w\" sizes=\"auto, (max-width: 450px) 100vw, 450px\" \/><\/figure><\/div><\/div><div class=\"gb-profile-column gb-profile-content-wrap\"><h2 class=\"gb-profile-name\" style=\"color:#32373c\"><a>Dr. Dob\u00f3 Edit<\/a><\/h2><p class=\"gb-profile-title\" style=\"color:#32373c\"><small>belgy\u00f3gy\u00e1sz szakorvos diabetol\u00f3gius f\u0151orvos, r\u00e9szlegvezet\u0151<\/small><\/p><div class=\"gb-profile-text\"><\/div><ul class=\"gb-social-links\"><\/ul><\/div><\/div>\n\n\n\n<div style=\"color:#ddd\" class=\"wp-block-genesis-blocks-gb-spacer gb-block-spacer gb-divider-solid gb-divider-size-1\"><hr style=\"height:30px\"\/><\/div>\n\n\n\n<div style=\"background-color:#f2f2f2;color:#32373c\" class=\"wp-block-genesis-blocks-gb-profile-box square gb-has-avatar gb-font-size-18 gb-block-profile gb-profile-columns\"><div class=\"gb-profile-column gb-profile-avatar-wrap\"><div class=\"gb-profile-image-wrap\"><figure class=\"gb-profile-image-square\"><img loading=\"lazy\" decoding=\"async\" width=\"540\" height=\"810\" class=\"gb-profile-avatar wp-image-6176\" src=\"https:\/\/siokorhaz.hu\/wp-content\/uploads\/2025\/05\/dr_kazup_szilvia-540x810-1.jpg\" alt=\"\" srcset=\"https:\/\/siokorhaz.hu\/wp-content\/uploads\/2025\/05\/dr_kazup_szilvia-540x810-1.jpg 540w, https:\/\/siokorhaz.hu\/wp-content\/uploads\/2025\/05\/dr_kazup_szilvia-540x810-1-200x300.jpg 200w, https:\/\/siokorhaz.hu\/wp-content\/uploads\/2025\/05\/dr_kazup_szilvia-540x810-1-520x780.jpg 520w\" sizes=\"auto, (max-width: 540px) 100vw, 540px\" \/><\/figure><\/div><\/div><div class=\"gb-profile-column gb-profile-content-wrap\"><h2 class=\"gb-profile-name\" style=\"color:#32373c\"><a>Dr. Kazup Szilvia<\/a><\/h2><p class=\"gb-profile-title\" style=\"color:#32373c\"><small>belgy\u00f3gy\u00e1sz, nefrol\u00f3gus f\u0151orvos<\/small><\/p><div class=\"gb-profile-text\"><\/div><ul class=\"gb-social-links\"><\/ul><\/div><\/div>\n\n\n\n<div style=\"color:#ddd\" class=\"wp-block-genesis-blocks-gb-spacer gb-block-spacer gb-divider-solid gb-divider-size-1\"><hr style=\"height:30px\"\/><\/div>\n\n\n\n<div style=\"background-color:#f2f2f2;color:#32373c\" class=\"wp-block-genesis-blocks-gb-profile-box square gb-has-avatar gb-font-size-18 gb-block-profile gb-profile-columns\"><div class=\"gb-profile-column gb-profile-avatar-wrap\"><div class=\"gb-profile-image-wrap\"><figure class=\"gb-profile-image-square\"><img loading=\"lazy\" decoding=\"async\" width=\"540\" height=\"810\" class=\"gb-profile-avatar wp-image-6179\" src=\"https:\/\/siokorhaz.hu\/wp-content\/uploads\/2025\/05\/dr_brasnyo_pal-1-540x810-1.jpg\" alt=\"\" srcset=\"https:\/\/siokorhaz.hu\/wp-content\/uploads\/2025\/05\/dr_brasnyo_pal-1-540x810-1.jpg 540w, https:\/\/siokorhaz.hu\/wp-content\/uploads\/2025\/05\/dr_brasnyo_pal-1-540x810-1-200x300.jpg 200w, https:\/\/siokorhaz.hu\/wp-content\/uploads\/2025\/05\/dr_brasnyo_pal-1-540x810-1-520x780.jpg 520w\" sizes=\"auto, (max-width: 540px) 100vw, 540px\" \/><\/figure><\/div><\/div><div class=\"gb-profile-column gb-profile-content-wrap\"><h2 class=\"gb-profile-name\" style=\"color:#32373c\"><a>Dr. Brasny\u00f3 P\u00e1l Ph.D.<\/a><\/h2><p class=\"gb-profile-title\" style=\"color:#32373c\"><small>belgy\u00f3gy\u00e1sz, nefrol\u00f3gus, diabetol\u00f3gus f\u0151orvos, a Somogy Megyei Neuropathia Centrum vezet\u0151je&nbsp;<\/small><\/p><div class=\"gb-profile-text\"><\/div><ul class=\"gb-social-links\"><\/ul><\/div><\/div>\n\n\n\n<div style=\"color:#ddd\" class=\"wp-block-genesis-blocks-gb-spacer gb-block-spacer gb-divider-solid gb-divider-size-1\"><hr style=\"height:30px\"\/><\/div>\n\n\n\n<div style=\"background-color:#f2f2f2;color:#32373c\" class=\"wp-block-genesis-blocks-gb-profile-box square gb-has-avatar gb-font-size-18 gb-block-profile gb-profile-columns\"><div class=\"gb-profile-column gb-profile-avatar-wrap\"><div class=\"gb-profile-image-wrap\"><figure class=\"gb-profile-image-square\"><img loading=\"lazy\" decoding=\"async\" width=\"540\" height=\"804\" class=\"gb-profile-avatar wp-image-6181\" src=\"https:\/\/siokorhaz.hu\/wp-content\/uploads\/2025\/05\/dr_simon_kornel-540x804-1.jpg\" alt=\"\" srcset=\"https:\/\/siokorhaz.hu\/wp-content\/uploads\/2025\/05\/dr_simon_kornel-540x804-1.jpg 540w, https:\/\/siokorhaz.hu\/wp-content\/uploads\/2025\/05\/dr_simon_kornel-540x804-1-201x300.jpg 201w\" sizes=\"auto, (max-width: 540px) 100vw, 540px\" \/><\/figure><\/div><\/div><div class=\"gb-profile-column gb-profile-content-wrap\"><h2 class=\"gb-profile-name\" style=\"color:#32373c\"><a>Dr. med. habil. Simon Korn\u00e9l<\/a><\/h2><p class=\"gb-profile-title\" style=\"color:#32373c\"><small>belgy\u00f3gy\u00e1sz, kardiol\u00f3gus szakorvos<\/small><\/p><div class=\"gb-profile-text\"><\/div><ul class=\"gb-social-links\"><\/ul><\/div><\/div>\n\n\n\n<div style=\"color:#ddd\" class=\"wp-block-genesis-blocks-gb-spacer gb-block-spacer gb-divider-solid gb-divider-size-1\"><hr style=\"height:30px\"\/><\/div>\n\n\n\n<div style=\"background-color:#f2f2f2;color:#32373c\" class=\"wp-block-genesis-blocks-gb-profile-box square gb-has-avatar gb-font-size-18 gb-block-profile gb-profile-columns\"><div class=\"gb-profile-column gb-profile-avatar-wrap\"><div class=\"gb-profile-image-wrap\"><figure class=\"gb-profile-image-square\"><img loading=\"lazy\" decoding=\"async\" width=\"540\" height=\"810\" class=\"gb-profile-avatar wp-image-6183\" src=\"https:\/\/siokorhaz.hu\/wp-content\/uploads\/2025\/05\/dr_surek_robert-540x810-1.jpg\" alt=\"\" srcset=\"https:\/\/siokorhaz.hu\/wp-content\/uploads\/2025\/05\/dr_surek_robert-540x810-1.jpg 540w, https:\/\/siokorhaz.hu\/wp-content\/uploads\/2025\/05\/dr_surek_robert-540x810-1-200x300.jpg 200w, https:\/\/siokorhaz.hu\/wp-content\/uploads\/2025\/05\/dr_surek_robert-540x810-1-520x780.jpg 520w\" sizes=\"auto, (max-width: 540px) 100vw, 540px\" \/><\/figure><\/div><\/div><div class=\"gb-profile-column gb-profile-content-wrap\"><h2 class=\"gb-profile-name\" style=\"color:#32373c\"><a>Dr. Surek R\u00f3bert<\/a><\/h2><p class=\"gb-profile-title\" style=\"color:#32373c\"><small>belgy\u00f3gy\u00e1sz szakorvos<\/small><\/p><div class=\"gb-profile-text\"><\/div><ul class=\"gb-social-links\"><\/ul><\/div><\/div>\n\n\n\n<div style=\"color:#ddd\" class=\"wp-block-genesis-blocks-gb-spacer gb-block-spacer gb-divider-solid gb-divider-size-1\"><hr style=\"height:30px\"\/><\/div>\n\n\n\n<div style=\"background-color:#f2f2f2;color:#32373c\" class=\"wp-block-genesis-blocks-gb-profile-box square gb-has-avatar gb-font-size-18 gb-block-profile gb-profile-columns\"><div class=\"gb-profile-column gb-profile-avatar-wrap\"><div class=\"gb-profile-image-wrap\"><figure class=\"gb-profile-image-square\"><img loading=\"lazy\" decoding=\"async\" width=\"540\" height=\"717\" class=\"gb-profile-avatar wp-image-6185\" src=\"https:\/\/siokorhaz.hu\/wp-content\/uploads\/2025\/05\/farkasmargit-540x717-1.jpg\" alt=\"\" srcset=\"https:\/\/siokorhaz.hu\/wp-content\/uploads\/2025\/05\/farkasmargit-540x717-1.jpg 540w, https:\/\/siokorhaz.hu\/wp-content\/uploads\/2025\/05\/farkasmargit-540x717-1-226x300.jpg 226w\" sizes=\"auto, (max-width: 540px) 100vw, 540px\" \/><\/figure><\/div><\/div><div class=\"gb-profile-column gb-profile-content-wrap\"><h2 class=\"gb-profile-name\" style=\"color:#32373c\"><a>N\u00e9methn\u00e9 Dr. Farkas Margit<\/a><\/h2><p class=\"gb-profile-title\" style=\"color:#32373c\"><small>belgy\u00f3gy\u00e1sz, immunol\u00f3gus, allergol\u00f3gus f\u0151orvos<\/small><\/p><div class=\"gb-profile-text\"><\/div><ul class=\"gb-social-links\"><\/ul><\/div><\/div>\n\n\n\n<div style=\"color:#ddd\" class=\"wp-block-genesis-blocks-gb-spacer gb-block-spacer gb-divider-solid gb-divider-size-1\"><hr style=\"height:30px\"\/><\/div>\n\n\n\n<div style=\"background-color:#f2f2f2;color:#32373c\" class=\"wp-block-genesis-blocks-gb-profile-box square gb-has-avatar gb-font-size-18 gb-block-profile gb-profile-columns\"><div class=\"gb-profile-column gb-profile-avatar-wrap\"><div class=\"gb-profile-image-wrap\"><figure class=\"gb-profile-image-square\"><img loading=\"lazy\" decoding=\"async\" width=\"384\" height=\"512\" class=\"gb-profile-avatar wp-image-6187\" src=\"https:\/\/siokorhaz.hu\/wp-content\/uploads\/2025\/05\/Head_physician.png\" alt=\"\" srcset=\"https:\/\/siokorhaz.hu\/wp-content\/uploads\/2025\/05\/Head_physician.png 384w, https:\/\/siokorhaz.hu\/wp-content\/uploads\/2025\/05\/Head_physician-225x300.png 225w\" sizes=\"auto, (max-width: 384px) 100vw, 384px\" \/><\/figure><\/div><\/div><div class=\"gb-profile-column gb-profile-content-wrap\"><h2 class=\"gb-profile-name\" style=\"color:#32373c\"><a>Dr. Rucz K\u00e1roly<\/a><\/h2><p class=\"gb-profile-title\" style=\"color:#32373c\"><small>belgy\u00f3gy\u00e1sz, endokrinol\u00f3gus f\u0151orvos<\/small><\/p><div class=\"gb-profile-text\"><\/div><ul class=\"gb-social-links\"><\/ul><\/div><\/div>\n\n\n\n<div style=\"color:#ddd\" class=\"wp-block-genesis-blocks-gb-spacer gb-block-spacer gb-divider-solid gb-divider-size-1\"><hr style=\"height:30px\"\/><\/div>\n\n\n\n<div style=\"background-color:#f2f2f2;color:#32373c\" class=\"wp-block-genesis-blocks-gb-profile-box square gb-has-avatar gb-font-size-18 gb-block-profile gb-profile-columns\"><div class=\"gb-profile-column gb-profile-avatar-wrap\"><div class=\"gb-profile-image-wrap\"><figure class=\"gb-profile-image-square\"><img loading=\"lazy\" decoding=\"async\" width=\"384\" height=\"512\" class=\"gb-profile-avatar wp-image-6187\" src=\"https:\/\/siokorhaz.hu\/wp-content\/uploads\/2025\/05\/Head_physician.png\" alt=\"\" srcset=\"https:\/\/siokorhaz.hu\/wp-content\/uploads\/2025\/05\/Head_physician.png 384w, https:\/\/siokorhaz.hu\/wp-content\/uploads\/2025\/05\/Head_physician-225x300.png 225w\" sizes=\"auto, (max-width: 384px) 100vw, 384px\" \/><\/figure><\/div><\/div><div class=\"gb-profile-column gb-profile-content-wrap\"><h2 class=\"gb-profile-name\" style=\"color:#32373c\"><a>Dr. <strong>Alipour Shahpour<\/strong><\/a><\/h2><p class=\"gb-profile-title\" style=\"color:#32373c\"><small>kardiol\u00f3gus f\u0151orvos<\/small><\/p><div class=\"gb-profile-text\"><\/div><ul class=\"gb-social-links\"><\/ul><\/div><\/div>\n\n\n\n<div style=\"color:#ddd\" class=\"wp-block-genesis-blocks-gb-spacer gb-block-spacer gb-divider-solid gb-divider-size-1\"><hr style=\"height:30px\"\/><\/div>\n\n\n\n<div style=\"background-color:#f2f2f2;color:#32373c\" class=\"wp-block-genesis-blocks-gb-profile-box square gb-has-avatar gb-font-size-18 gb-block-profile gb-profile-columns\"><div class=\"gb-profile-column gb-profile-avatar-wrap\"><div class=\"gb-profile-image-wrap\"><figure class=\"gb-profile-image-square\"><img loading=\"lazy\" decoding=\"async\" width=\"384\" height=\"512\" class=\"gb-profile-avatar wp-image-6187\" src=\"https:\/\/siokorhaz.hu\/wp-content\/uploads\/2025\/05\/Head_physician.png\" alt=\"\" srcset=\"https:\/\/siokorhaz.hu\/wp-content\/uploads\/2025\/05\/Head_physician.png 384w, https:\/\/siokorhaz.hu\/wp-content\/uploads\/2025\/05\/Head_physician-225x300.png 225w\" sizes=\"auto, (max-width: 384px) 100vw, 384px\" \/><\/figure><\/div><\/div><div class=\"gb-profile-column gb-profile-content-wrap\"><h2 class=\"gb-profile-name\" style=\"color:#32373c\"><a>Dr. Siska \u00c1kos<\/a><\/h2><p class=\"gb-profile-title\" style=\"color:#32373c\"><small>belgy\u00f3gy\u00e1sz szakorvos<\/small><\/p><div class=\"gb-profile-text\"><\/div><ul class=\"gb-social-links\"><\/ul><\/div><\/div>\n\n\n\n<div style=\"color:#ddd\" class=\"wp-block-genesis-blocks-gb-spacer gb-block-spacer gb-divider-solid gb-divider-size-1\"><hr style=\"height:30px\"\/><\/div>\n\n\n\n<div style=\"background-color:#f2f2f2;color:#32373c\" class=\"wp-block-genesis-blocks-gb-profile-box square gb-has-avatar gb-font-size-18 gb-block-profile gb-profile-columns\"><div class=\"gb-profile-column gb-profile-avatar-wrap\"><div class=\"gb-profile-image-wrap\"><figure class=\"gb-profile-image-square\"><img loading=\"lazy\" decoding=\"async\" width=\"256\" height=\"256\" class=\"gb-profile-avatar wp-image-6192\" src=\"https:\/\/siokorhaz.hu\/wp-content\/uploads\/2025\/05\/Icons-Land-Medical-People-Doctor-Female.256.png\" alt=\"\" srcset=\"https:\/\/siokorhaz.hu\/wp-content\/uploads\/2025\/05\/Icons-Land-Medical-People-Doctor-Female.256.png 256w, https:\/\/siokorhaz.hu\/wp-content\/uploads\/2025\/05\/Icons-Land-Medical-People-Doctor-Female.256-150x150.png 150w\" sizes=\"auto, (max-width: 256px) 100vw, 256px\" \/><\/figure><\/div><\/div><div class=\"gb-profile-column gb-profile-content-wrap\"><h2 class=\"gb-profile-name\" style=\"color:#32373c\"><a>Dr. <strong>Tud\u00f3si Ilona<\/strong><\/a><\/h2><p class=\"gb-profile-title\" style=\"color:#32373c\"><small>belgy\u00f3gy\u00e1sz szakorvos<\/small><\/p><div class=\"gb-profile-text\"><\/div><ul class=\"gb-social-links\"><\/ul><\/div><\/div>\n\n\n\n<div style=\"color:#ddd\" class=\"wp-block-genesis-blocks-gb-spacer gb-block-spacer gb-divider-solid gb-divider-size-1\"><hr style=\"height:30px\"\/><\/div>\n\n\n\n<div style=\"background-color:#f2f2f2;color:#32373c\" class=\"wp-block-genesis-blocks-gb-profile-box square gb-has-avatar gb-font-size-18 gb-block-profile gb-profile-columns\"><div class=\"gb-profile-column gb-profile-avatar-wrap\"><div class=\"gb-profile-image-wrap\"><figure class=\"gb-profile-image-square\"><img loading=\"lazy\" decoding=\"async\" width=\"256\" height=\"256\" class=\"gb-profile-avatar wp-image-6192\" src=\"https:\/\/siokorhaz.hu\/wp-content\/uploads\/2025\/05\/Icons-Land-Medical-People-Doctor-Female.256.png\" alt=\"\" srcset=\"https:\/\/siokorhaz.hu\/wp-content\/uploads\/2025\/05\/Icons-Land-Medical-People-Doctor-Female.256.png 256w, https:\/\/siokorhaz.hu\/wp-content\/uploads\/2025\/05\/Icons-Land-Medical-People-Doctor-Female.256-150x150.png 150w\" sizes=\"auto, (max-width: 256px) 100vw, 256px\" \/><\/figure><\/div><\/div><div class=\"gb-profile-column gb-profile-content-wrap\"><h2 class=\"gb-profile-name\" style=\"color:#32373c\"><a>Dr. V\u00f6rhendi N\u00f3ra<\/a><\/h2><p class=\"gb-profile-title\" style=\"color:#32373c\"><small>belgy\u00f3gy\u00e1sz rezidens orvos<\/small><\/p><div class=\"gb-profile-text\"><\/div><ul class=\"gb-social-links\"><\/ul><\/div><\/div>\n\n\n\n<div style=\"color:#ddd\" class=\"wp-block-genesis-blocks-gb-spacer gb-block-spacer gb-divider-solid gb-divider-size-1\"><hr style=\"height:30px\"\/><\/div>\n\n\n\n<div style=\"background-color:#f2f2f2;color:#32373c\" class=\"wp-block-genesis-blocks-gb-profile-box square gb-has-avatar gb-font-size-18 gb-block-profile gb-profile-columns\"><div class=\"gb-profile-column gb-profile-avatar-wrap\"><div class=\"gb-profile-image-wrap\"><figure class=\"gb-profile-image-square\"><img loading=\"lazy\" decoding=\"async\" width=\"540\" height=\"720\" class=\"gb-profile-avatar wp-image-6223\" src=\"https:\/\/siokorhaz.hu\/wp-content\/uploads\/2025\/05\/pusztai-540x720-1.jpg\" alt=\"\" srcset=\"https:\/\/siokorhaz.hu\/wp-content\/uploads\/2025\/05\/pusztai-540x720-1.jpg 540w, https:\/\/siokorhaz.hu\/wp-content\/uploads\/2025\/05\/pusztai-540x720-1-225x300.jpg 225w\" sizes=\"auto, (max-width: 540px) 100vw, 540px\" \/><\/figure><\/div><\/div><div class=\"gb-profile-column gb-profile-content-wrap\"><h2 class=\"gb-profile-name\" style=\"color:#32373c\"><a>Berki \u00c9va<\/a><\/h2><p class=\"gb-profile-title\" style=\"color:#32373c\"><small>vezet\u0151 szakdolgoz\u00f3<\/small><\/p><div class=\"gb-profile-text\"><\/div><ul class=\"gb-social-links\"><\/ul><\/div><\/div>\n\n\n\n<div style=\"color:#ddd\" class=\"wp-block-genesis-blocks-gb-spacer gb-block-spacer gb-divider-solid gb-divider-size-1\"><hr style=\"height:30px\"\/><\/div>\n\n\n\n<div style=\"color:#ddd\" class=\"wp-block-genesis-blocks-gb-spacer gb-block-spacer gb-divider-solid gb-divider-size-1\"><hr style=\"height:30px\"\/><\/div>\n\n\n\n<div style=\"color:#32373c;background-color:#00d1b2\" class=\"wp-block-genesis-blocks-gb-notice gb-font-size-18 gb-block-notice\" data-id=\"d41d8c\"><div class=\"gb-notice-text\" style=\"border-color:#00d1b2\"><div data-post-id=\"5263\" class=\"insert-page insert-page-5263 \"><h4>Belgy\u00f3gy\u00e1szat<\/h4><h4>Si\u00f3foki K\u00f3rh\u00e1z-Rendel\u0151int\u00e9zet<\/h4><p><a href=\"#\" target=\"_blank\" rel=\"noopener noreferrer\"><i>\u00a0<\/i>8600 Si\u00f3fok, Semmelweis u. 1. F\u0151 \u00e9p\u00fclet 4. emelet. E. \u00e9p\u00fclet 4. emelet<\/a><\/p><p><a href=\"mailto:belgyogyaszat@siokorhaz.hu\">belgyogyaszat@siokorhaz.hu<\/a><\/p><p><strong>\u00c1ltal\u00e1nos belgy\u00f3gy\u00e1szat<\/strong> F\u0151 \u00e9p\u00fclet 4. emelet. A sz\u00e1rny <a href=\"tel:+36 84 501 787\">+36 84 501 787<\/a><\/p><p><strong>Gasztroenterol\u00f3gia r\u00e9szleg<\/strong> F\u0151 \u00e9p\u00fclet 4. emelet B sz\u00e1rny <a href=\"tel:+36 84 501 719\">+36 84 501-719<\/a><\/p><p><strong>K\u00faraszer\u0171 ell\u00e1t\u00e1s<\/strong> F\u0151 \u00e9p\u00fclet 4. emelet D sz\u00e1rny <a href=\"tel:+36 84 501 700\">+36 84 501-700 mell\u00e9k: 335<\/a><\/p><p><strong>Nefrol\u00f3gia r\u00e9szleg<\/strong> E. \u00e9p\u00fclet 4. emelet \u00a0D sz\u00e1rny <a href=\"tel:+36 84 501 756\">+36 84 501-756<\/a><\/p><p><strong>Kardiol\u00f3gia r\u00e9szleg<\/strong> E. \u00e9p\u00fclet 4. emelet C sz\u00e1rny <a href=\"tel:+36 84 501 721\">+36 84 501-721<\/a><\/p><p><strong>Diabetol\u00f3gia r\u00e9szleg<\/strong> E. \u00e9p\u00fclet 4. emelet\u00a0 D sz\u00e1rny <a href=\"tel:+36 84 501 756\">+36 84 501-756<\/a><\/p><p><strong>Belgy\u00f3gy\u00e1szat iroda<\/strong> F\u0151 \u00e9p\u00fclet 4. emelet D sz\u00e1rny <a href=\"tel:+36 84 501 717\">+36 84 501-717<\/a><\/p>\t\t\n\t\t\t\t\t\t\t\t\t\t\t\t\t\t\t<img loading=\"lazy\" decoding=\"async\" width=\"1024\" height=\"724\" src=\"https:\/\/siokorhaz.hu\/wp-content\/uploads\/2025\/01\/korhaz_epuletek-1024x724.png\" alt=\"\" srcset=\"https:\/\/siokorhaz.hu\/wp-content\/uploads\/2025\/01\/korhaz_epuletek-1024x724.png 1024w, https:\/\/siokorhaz.hu\/wp-content\/uploads\/2025\/01\/korhaz_epuletek-300x212.png 300w, https:\/\/siokorhaz.hu\/wp-content\/uploads\/2025\/01\/korhaz_epuletek-768x543.png 768w, https:\/\/siokorhaz.hu\/wp-content\/uploads\/2025\/01\/korhaz_epuletek-750x530.png 750w, https:\/\/siokorhaz.hu\/wp-content\/uploads\/2025\/01\/korhaz_epuletek-540x382.png 540w, https:\/\/siokorhaz.hu\/wp-content\/uploads\/2025\/01\/korhaz_epuletek.png 1110w\" sizes=\"auto, (max-width: 1024px) 100vw, 1024px\" \/><\/div>\n<\/div><\/div>\n","protected":false},"excerpt":{"rendered":"<p>Bemutatkoz\u00e1s K\u00f3rh\u00e1zunk IV. emelet\u00e9n elhelyezked\u0151 oszt\u00e1lyunk az \u00e1ltal\u00e1nos belgy\u00f3gy\u00e1szat f\u0151bb szegmenseiben (kardiol\u00f3gia, gasztroenteorol\u00f3gia, diabetol\u00f3gia, endokrinol\u00f3gia, nephrol\u00f3gia, allergol\u00f3gia \u00e9s klinikai immunol\u00f3gia) specializ\u00e1lt szakemberek seg\u00edts\u00e9g\u00e9vel tud ell\u00e1t\u00e1st ny\u00fajtani. A betegek elhelyez\u00e9se 2-4 \u00e1gyas, k\u00fcl\u00f6n f\u00fcrd\u0151szob\u00e1val \u00e9s WC-vel ell\u00e1tott k\u00f3rtermekben t\u00f6rt\u00e9nik. Diagnosztikai \u00e9s ter\u00e1pi\u00e1s lehet\u0151s\u00e9geink a belgy\u00f3gy\u00e1szati megbeteged\u00e9sek sz\u00e9les spektrum\u00e1ban biztos\u00edtj\u00e1k a v\u00e9gleges ell\u00e1t\u00e1s felt\u00e9teleit. Szem\u00e9lyi felk\u00e9sz\u00fclts\u00e9g\u00fcnk (\u00e1ltal\u00e1nos [&hellip;]<\/p>\n","protected":false},"author":1,"featured_media":6369,"parent":0,"menu_order":0,"comment_status":"closed","ping_status":"closed","template":"","meta":{"_genesis_hide_title":false,"_genesis_hide_breadcrumbs":false,"_genesis_hide_singular_image":false,"_genesis_hide_footer_widgets":false,"_genesis_custom_body_class":"","_genesis_custom_post_class":"","_genesis_layout":"","footnotes":""},"class_list":{"0":"post-3638","1":"page","2":"type-page","3":"status-publish","4":"has-post-thumbnail","6":"entry"},"featured_image_src":"https:\/\/siokorhaz.hu\/wp-content\/uploads\/2025\/06\/letoltes-600x400.png","featured_image_src_square":"https:\/\/siokorhaz.hu\/wp-content\/uploads\/2025\/06\/letoltes-600x600.png","_links":{"self":[{"href":"https:\/\/siokorhaz.hu\/index.php?rest_route=\/wp\/v2\/pages\/3638","targetHints":{"allow":["GET"]}}],"collection":[{"href":"https:\/\/siokorhaz.hu\/index.php?rest_route=\/wp\/v2\/pages"}],"about":[{"href":"https:\/\/siokorhaz.hu\/index.php?rest_route=\/wp\/v2\/types\/page"}],"author":[{"embeddable":true,"href":"https:\/\/siokorhaz.hu\/index.php?rest_route=\/wp\/v2\/users\/1"}],"replies":[{"embeddable":true,"href":"https:\/\/siokorhaz.hu\/index.php?rest_route=%2Fwp%2Fv2%2Fcomments&post=3638"}],"version-history":[{"count":10,"href":"https:\/\/siokorhaz.hu\/index.php?rest_route=\/wp\/v2\/pages\/3638\/revisions"}],"predecessor-version":[{"id":6407,"href":"https:\/\/siokorhaz.hu\/index.php?rest_route=\/wp\/v2\/pages\/3638\/revisions\/6407"}],"wp:featuredmedia":[{"embeddable":true,"href":"https:\/\/siokorhaz.hu\/index.php?rest_route=\/wp\/v2\/media\/6369"}],"wp:attachment":[{"href":"https:\/\/siokorhaz.hu\/index.php?rest_route=%2Fwp%2Fv2%2Fmedia&parent=3638"}],"curies":[{"name":"wp","href":"https:\/\/api.w.org\/{rel}","templated":true}]}}