{"id":3609,"date":"2025-01-28T08:20:48","date_gmt":"2025-01-28T07:20:48","guid":{"rendered":"http:\/\/169.254.1.50\/?page_id=3609"},"modified":"2025-01-28T08:20:48","modified_gmt":"2025-01-28T07:20:48","slug":"felhasznalasi-feltetelek","status":"publish","type":"page","link":"https:\/\/siokorhaz.hu\/?page_id=3609","title":{"rendered":"Felhaszn\u00e1l\u00e1si felt\u00e9telek"},"content":{"rendered":"\n<p><strong>1. \u00c1ltal\u00e1nos rendelkez\u00e9sek<\/strong><br>A jelen felhaszn\u00e1l\u00e1si felt\u00e9telek (a tov\u00e1bbiakban: \u201eFelt\u00e9telek\u201d) a siokorhaz.hu weboldalon (a tov\u00e1bbiakban: \u201eHonlap\u201d) el\u00e9rhet\u0151 szolg\u00e1ltat\u00e1sok \u00e9s inform\u00e1ci\u00f3k ig\u00e9nybev\u00e9tel\u00e9re vonatkoz\u00f3 jogilag k\u00f6telez\u0151 szab\u00e1lyokat tartalmazz\u00e1k. A Honlap haszn\u00e1lat\u00e1val \u00d6n elfogadja a Felt\u00e9teleket. Amennyiben nem \u00e9rt egyet ezekkel, k\u00e9rj\u00fck, ne haszn\u00e1lja a Honlapot.<\/p>\n\n\n\n<p><strong>2. Honlap haszn\u00e1lata<\/strong><br>A Honlap c\u00e9lja, hogy t\u00e1j\u00e9koztat\u00e1st ny\u00fajtson a Si\u00f3foki K\u00f3rh\u00e1z-Rendel\u0151int\u00e9zet szolg\u00e1ltat\u00e1sair\u00f3l \u00e9s tev\u00e9kenys\u00e9geir\u0151l. A Honlapot kiz\u00e1r\u00f3lag szem\u00e9lyes, nem kereskedelmi c\u00e9lokra haszn\u00e1lhatja. B\u00e1rmilyen m\u00e1s c\u00e9l\u00fa felhaszn\u00e1l\u00e1s csak el\u0151zetes \u00edr\u00e1sos enged\u00e9llyel lehets\u00e9ges.<\/p>\n\n\n\n<p><strong>3. Szellemi tulajdon<\/strong><br>A Honlapon tal\u00e1lhat\u00f3 tartalmak (sz\u00f6vegek, k\u00e9pek, grafik\u00e1k, log\u00f3k stb.) szerz\u0151i jogv\u00e9delem alatt \u00e1llnak. Ezek m\u00e1sol\u00e1sa, terjeszt\u00e9se vagy b\u00e1rmilyen m\u00f3don t\u00f6rt\u00e9n\u0151 felhaszn\u00e1l\u00e1sa kiz\u00e1r\u00f3lag a jogtulajdonos el\u0151zetes \u00edr\u00e1sos enged\u00e9ly\u00e9vel lehets\u00e9ges.<\/p>\n\n\n\n<p><strong>4. Felel\u0151ss\u00e9g kiz\u00e1r\u00e1sa<\/strong><br>A Si\u00f3foki K\u00f3rh\u00e1z-Rendel\u0151int\u00e9zet mindent megtesz annak \u00e9rdek\u00e9ben, hogy a Honlapon tal\u00e1lhat\u00f3 inform\u00e1ci\u00f3k pontosak \u00e9s naprak\u00e9szek legyenek, azonban nem v\u00e1llal felel\u0151ss\u00e9get az esetleges hib\u00e1k\u00e9rt, hi\u00e1nyoss\u00e1gok\u00e9rt vagy az inform\u00e1ci\u00f3k pontatlans\u00e1g\u00e1\u00e9rt. A Honlap haszn\u00e1lata kiz\u00e1r\u00f3lag a felhaszn\u00e1l\u00f3 saj\u00e1t felel\u0151ss\u00e9g\u00e9re t\u00f6rt\u00e9nik.<\/p>\n\n\n\n<p><strong>5. Adatv\u00e9delem<\/strong><br>A szem\u00e9lyes adatok kezel\u00e9s\u00e9re az Adatv\u00e9delmi T\u00e1j\u00e9koztat\u00f3ban foglaltak az ir\u00e1nyad\u00f3k, amely el\u00e9rhet\u0151 a Honlapon.<strong>6. M\u00f3dos\u00edt\u00e1sok<\/strong><br>A Si\u00f3foki K\u00f3rh\u00e1z-Rendel\u0151int\u00e9zet fenntartja a jogot, hogy a jelen Felt\u00e9teleket b\u00e1rmikor m\u00f3dos\u00edtsa. Az aktu\u00e1lis v\u00e1ltozat mindig el\u00e9rhet\u0151 a Honlapon.<\/p>\n\n\n\n<h2 class=\"wp-block-heading\"><\/h2>\n","protected":false},"excerpt":{"rendered":"<p>1. \u00c1ltal\u00e1nos rendelkez\u00e9sekA jelen felhaszn\u00e1l\u00e1si felt\u00e9telek (a tov\u00e1bbiakban: \u201eFelt\u00e9telek\u201d) a siokorhaz.hu weboldalon (a tov\u00e1bbiakban: \u201eHonlap\u201d) el\u00e9rhet\u0151 szolg\u00e1ltat\u00e1sok \u00e9s inform\u00e1ci\u00f3k ig\u00e9nybev\u00e9tel\u00e9re vonatkoz\u00f3 jogilag k\u00f6telez\u0151 szab\u00e1lyokat tartalmazz\u00e1k. A Honlap haszn\u00e1lat\u00e1val \u00d6n elfogadja a Felt\u00e9teleket. Amennyiben nem \u00e9rt egyet ezekkel, k\u00e9rj\u00fck, ne haszn\u00e1lja a Honlapot. 2. Honlap haszn\u00e1lataA Honlap c\u00e9lja, hogy t\u00e1j\u00e9koztat\u00e1st ny\u00fajtson a Si\u00f3foki K\u00f3rh\u00e1z-Rendel\u0151int\u00e9zet szolg\u00e1ltat\u00e1sair\u00f3l \u00e9s [&hellip;]<\/p>\n","protected":false},"author":1,"featured_media":0,"parent":0,"menu_order":0,"comment_status":"closed","ping_status":"closed","template":"","meta":{"_genesis_hide_title":false,"_genesis_hide_breadcrumbs":false,"_genesis_hide_singular_image":false,"_genesis_hide_footer_widgets":false,"_genesis_custom_body_class":"","_genesis_custom_post_class":"","_genesis_layout":"","footnotes":""},"class_list":{"0":"post-3609","1":"page","2":"type-page","3":"status-publish","5":"entry"},"featured_image_src":null,"featured_image_src_square":null,"_links":{"self":[{"href":"https:\/\/siokorhaz.hu\/index.php?rest_route=\/wp\/v2\/pages\/3609","targetHints":{"allow":["GET"]}}],"collection":[{"href":"https:\/\/siokorhaz.hu\/index.php?rest_route=\/wp\/v2\/pages"}],"about":[{"href":"https:\/\/siokorhaz.hu\/index.php?rest_route=\/wp\/v2\/types\/page"}],"author":[{"embeddable":true,"href":"https:\/\/siokorhaz.hu\/index.php?rest_route=\/wp\/v2\/users\/1"}],"replies":[{"embeddable":true,"href":"https:\/\/siokorhaz.hu\/index.php?rest_route=%2Fwp%2Fv2%2Fcomments&post=3609"}],"version-history":[{"count":0,"href":"https:\/\/siokorhaz.hu\/index.php?rest_route=\/wp\/v2\/pages\/3609\/revisions"}],"wp:attachment":[{"href":"https:\/\/siokorhaz.hu\/index.php?rest_route=%2Fwp%2Fv2%2Fmedia&parent=3609"}],"curies":[{"name":"wp","href":"https:\/\/api.w.org\/{rel}","templated":true}]}}