{"id":3451,"date":"2025-01-27T10:00:37","date_gmt":"2025-01-27T09:00:37","guid":{"rendered":"http:\/\/169.254.1.50\/?page_id=3451"},"modified":"2025-06-02T11:58:30","modified_gmt":"2025-06-02T11:58:30","slug":"kozerdeku","status":"publish","type":"page","link":"https:\/\/siokorhaz.hu\/?page_id=3451","title":{"rendered":"K\u00f6z\u00e9rdek\u0171 dokumentumok"},"content":{"rendered":"\n\n<section class=\"gb-block-post-grid featuredpost aligncenter\"><div class=\"gb-post-grid-items is-grid columns-2\"><article id=\"post-3568\" class=\"gb-post-grid-item post-3568 post type-post status-publish format-standard category-kozerdeku entry\"><div class=\"gb-block-post-grid-text\"><header class=\"gb-block-post-grid-header\"><h3 class=\"gb-block-post-grid-title\"><a href=\"https:\/\/siokorhaz.hu\/?p=3568\" rel=\"bookmark\">\u00c9ves besz\u00e1mol\u00f3<\/a><\/h3><div class=\"gb-block-post-grid-byline\"><time datetime=\"2025-01-27T14:11:42+00:00\" class=\"gb-block-post-grid-date\" itemprop=\"datePublished\">janu\u00e1r 27, 2025<\/time><\/div><\/header><div class=\"gb-block-post-grid-excerpt\"><p>2010 2011 2012 &#8211; elk\u00fcl\u00f6n\u00edtett 2012 &#8211; k\u00f6zponti 2012 &#8211; \u00f6nkorm\u00e1nyzati 2013 2014 2015 2016 2017 2018 2019 2020 2021 2022 2023 2024<\/p>\n<p><a class=\"gb-block-post-grid-more-link gb-text-link\" href=\"https:\/\/siokorhaz.hu\/?p=3568\" rel=\"bookmark\">Megn\u00e9zem <span class=\"screen-reader-text\">\u00c9ves besz\u00e1mol\u00f3<\/span><\/a><\/p><\/div><\/div><\/article>\n<article id=\"post-3551\" class=\"gb-post-grid-item post-3551 post type-post status-publish format-standard category-kozerdeku entry\"><div class=\"gb-block-post-grid-text\"><header class=\"gb-block-post-grid-header\"><h3 class=\"gb-block-post-grid-title\"><a href=\"https:\/\/siokorhaz.hu\/?p=3551\" rel=\"bookmark\">K\u00f6lts\u00e9gvet\u00e9s<\/a><\/h3><div class=\"gb-block-post-grid-byline\"><time datetime=\"2025-01-27T14:06:44+00:00\" class=\"gb-block-post-grid-date\" itemprop=\"datePublished\">janu\u00e1r 27, 2025<\/time><\/div><\/header><div class=\"gb-block-post-grid-excerpt\"><p>2010 2011 2012 2013 2014 2015 2016 2017 2018 2019_I 2019_II 2020_I 2020_II 2021 2022 2023 2024<\/p>\n<p><a class=\"gb-block-post-grid-more-link gb-text-link\" href=\"https:\/\/siokorhaz.hu\/?p=3551\" rel=\"bookmark\">Megn\u00e9zem <span class=\"screen-reader-text\">K\u00f6lts\u00e9gvet\u00e9s<\/span><\/a><\/p><\/div><\/div><\/article>\n<article id=\"post-3542\" class=\"gb-post-grid-item post-3542 post type-post status-publish format-standard category-kozerdeku entry\"><div class=\"gb-block-post-grid-text\"><header class=\"gb-block-post-grid-header\"><h3 class=\"gb-block-post-grid-title\"><a href=\"https:\/\/siokorhaz.hu\/?p=3542\" rel=\"bookmark\">K\u00fcls\u0151 ellen\u0151rz\u00e9sek<\/a><\/h3><div class=\"gb-block-post-grid-byline\"><time datetime=\"2025-01-27T14:02:07+00:00\" class=\"gb-block-post-grid-date\" itemprop=\"datePublished\">janu\u00e1r 27, 2025<\/time><\/div><\/header><div class=\"gb-block-post-grid-excerpt\"><p>2016 2017 2018 2019 2020 2021 2022<\/p>\n<p><a class=\"gb-block-post-grid-more-link gb-text-link\" href=\"https:\/\/siokorhaz.hu\/?p=3542\" rel=\"bookmark\">Megn\u00e9zem <span class=\"screen-reader-text\">K\u00fcls\u0151 ellen\u0151rz\u00e9sek<\/span><\/a><\/p><\/div><\/div><\/article>\n<article id=\"post-3539\" class=\"gb-post-grid-item post-3539 post type-post status-publish format-standard category-kozerdeku entry\"><div class=\"gb-block-post-grid-text\"><header class=\"gb-block-post-grid-header\"><h3 class=\"gb-block-post-grid-title\"><a href=\"https:\/\/siokorhaz.hu\/?p=3539\" rel=\"bookmark\">NAIH \u00c9ves Jelent\u00e9s<\/a><\/h3><div class=\"gb-block-post-grid-byline\"><time datetime=\"2025-01-27T13:59:21+00:00\" class=\"gb-block-post-grid-date\" itemprop=\"datePublished\">janu\u00e1r 27, 2025<\/time><\/div><\/header><div class=\"gb-block-post-grid-excerpt\"><p>2023<\/p>\n<p><a class=\"gb-block-post-grid-more-link gb-text-link\" href=\"https:\/\/siokorhaz.hu\/?p=3539\" rel=\"bookmark\">Megn\u00e9zem <span class=\"screen-reader-text\">NAIH \u00c9ves Jelent\u00e9s<\/span><\/a><\/p><\/div><\/div><\/article>\n<article id=\"post-3509\" class=\"gb-post-grid-item post-3509 post type-post status-publish format-standard category-kozerdeku entry\"><div class=\"gb-block-post-grid-text\"><header class=\"gb-block-post-grid-header\"><h3 class=\"gb-block-post-grid-title\"><a href=\"https:\/\/siokorhaz.hu\/?p=3509\" rel=\"bookmark\">Szab\u00e1lyzatok<\/a><\/h3><div class=\"gb-block-post-grid-byline\"><time datetime=\"2025-01-27T11:40:27+00:00\" class=\"gb-block-post-grid-date\" itemprop=\"datePublished\">janu\u00e1r 27, 2025<\/time><\/div><\/header><div class=\"gb-block-post-grid-excerpt\"><p>T\u00e9r\u00edt\u00e9si d\u00edj szab\u00e1lyzat 2021.10.13-t\u00f3l T\u00e9r\u00edt\u00e9si d\u00edj szab\u00e1lyzat 2021.10.12-ig Szervezeti \u00e9s m\u0171k\u00f6d\u00e9si szab\u00e1lyzat 2026. 01. 08-t\u00f3l Szervezeti \u00e9s m\u0171k\u00f6d\u00e9si szab\u00e1lyzat 2025. 04. 22-t\u0151l Szervezeti \u00e9s m\u0171k\u00f6d\u00e9si szab\u00e1lyzat 2023. 06. 20-t\u00f3l Szervezeti \u00e9s m\u0171k\u00f6d\u00e9si szab\u00e1lyzat 2021. 10. 14-t\u0151l Szervezeti \u00e9s m\u0171k\u00f6d\u00e9si szab\u00e1lyzat 2017. 11. 07-t\u0151l K\u00f6z\u00e9rdek\u0171 adatok megismer\u00e9s\u00e9re ir\u00e1nyul\u00f3 k\u00e9relmek int\u00e9z\u00e9s\u00e9nek \u00e9s k\u00f6telez\u0151en k\u00f6zz\u00e9teend\u0151 adatok nyilv\u00e1noss\u00e1gra hozatal\u00e1nak&hellip;<\/p>\n<p><a class=\"gb-block-post-grid-more-link gb-text-link\" href=\"https:\/\/siokorhaz.hu\/?p=3509\" rel=\"bookmark\">Megn\u00e9zem <span class=\"screen-reader-text\">Szab\u00e1lyzatok<\/span><\/a><\/p><\/div><\/div><\/article>\n<article id=\"post-3466\" class=\"gb-post-grid-item post-3466 post type-post status-publish format-standard category-kozerdeku entry\"><div class=\"gb-block-post-grid-text\"><header class=\"gb-block-post-grid-header\"><h3 class=\"gb-block-post-grid-title\"><a href=\"https:\/\/siokorhaz.hu\/?p=3466\" rel=\"bookmark\">Sz\u00e1ll\u00edt\u00f3i szerz\u0151d\u00e9sek<\/a><\/h3><div class=\"gb-block-post-grid-byline\"><time datetime=\"2025-01-27T10:18:18+00:00\" class=\"gb-block-post-grid-date\" itemprop=\"datePublished\">janu\u00e1r 27, 2025<\/time><\/div><\/header><div class=\"gb-block-post-grid-excerpt\"><p>Sz\u00e1ll\u00edt\u00f3k list\u00e1ja Sz\u00e1ll\u00edt\u00f3k list\u00e1ja Sz\u00e1ll\u00edt\u00f3k list\u00e1ja 2021 2022 2023 2024<\/p>\n<p><a class=\"gb-block-post-grid-more-link gb-text-link\" href=\"https:\/\/siokorhaz.hu\/?p=3466\" rel=\"bookmark\">Megn\u00e9zem <span class=\"screen-reader-text\">Sz\u00e1ll\u00edt\u00f3i szerz\u0151d\u00e9sek<\/span><\/a><\/p><\/div><\/div><\/article>\n<\/div><\/section>","protected":false},"excerpt":{"rendered":"","protected":false},"author":1,"featured_media":0,"parent":0,"menu_order":0,"comment_status":"closed","ping_status":"closed","template":"","meta":{"_genesis_hide_title":false,"_genesis_hide_breadcrumbs":false,"_genesis_hide_singular_image":false,"_genesis_hide_footer_widgets":false,"_genesis_custom_body_class":"","_genesis_custom_post_class":"","_genesis_layout":"","footnotes":""},"class_list":{"0":"post-3451","1":"page","2":"type-page","3":"status-publish","5":"entry"},"featured_image_src":null,"featured_image_src_square":null,"_links":{"self":[{"href":"https:\/\/siokorhaz.hu\/index.php?rest_route=\/wp\/v2\/pages\/3451","targetHints":{"allow":["GET"]}}],"collection":[{"href":"https:\/\/siokorhaz.hu\/index.php?rest_route=\/wp\/v2\/pages"}],"about":[{"href":"https:\/\/siokorhaz.hu\/index.php?rest_route=\/wp\/v2\/types\/page"}],"author":[{"embeddable":true,"href":"https:\/\/siokorhaz.hu\/index.php?rest_route=\/wp\/v2\/users\/1"}],"replies":[{"embeddable":true,"href":"https:\/\/siokorhaz.hu\/index.php?rest_route=%2Fwp%2Fv2%2Fcomments&post=3451"}],"version-history":[{"count":1,"href":"https:\/\/siokorhaz.hu\/index.php?rest_route=\/wp\/v2\/pages\/3451\/revisions"}],"predecessor-version":[{"id":6388,"href":"https:\/\/siokorhaz.hu\/index.php?rest_route=\/wp\/v2\/pages\/3451\/revisions\/6388"}],"wp:attachment":[{"href":"https:\/\/siokorhaz.hu\/index.php?rest_route=%2Fwp%2Fv2%2Fmedia&parent=3451"}],"curies":[{"name":"wp","href":"https:\/\/api.w.org\/{rel}","templated":true}]}}