{"id":3078,"date":"2025-01-24T11:47:48","date_gmt":"2025-01-24T10:47:48","guid":{"rendered":"http:\/\/169.254.1.50\/?page_id=3078"},"modified":"2025-06-02T12:44:26","modified_gmt":"2025-06-02T12:44:26","slug":"betegtajekoztatok","status":"publish","type":"page","link":"https:\/\/siokorhaz.hu\/?page_id=3078","title":{"rendered":"Betegt\u00e1j\u00e9koztat\u00f3k"},"content":{"rendered":"<section class=\"gb-block-post-grid featuredpost aligncenter\"><div class=\"gb-post-grid-items is-grid columns-2\"><article id=\"post-3443\" class=\"gb-post-grid-item post-3443 post type-post status-publish format-standard category-betegtajekoztatok entry\"><div class=\"gb-block-post-grid-text\"><header class=\"gb-block-post-grid-header\"><h3 class=\"gb-block-post-grid-title\"><a href=\"https:\/\/siokorhaz.hu\/?p=3443\" rel=\"bookmark\">Gyermekoszt\u00e1ly<\/a><\/h3><div class=\"gb-block-post-grid-byline\"><time datetime=\"2025-01-27T09:20:30+00:00\" class=\"gb-block-post-grid-date\" itemprop=\"datePublished\">janu\u00e1r 27, 2025<\/time><\/div><\/header><div class=\"gb-block-post-grid-excerpt\"><p>Lumbalpunctio Gyomormos\u00e1s<\/p>\n<p><a class=\"gb-block-post-grid-more-link gb-text-link\" href=\"https:\/\/siokorhaz.hu\/?p=3443\" rel=\"bookmark\">Elolvasom <span class=\"screen-reader-text\">Gyermekoszt\u00e1ly<\/span><\/a><\/p><\/div><\/div><\/article>\n<article id=\"post-3439\" class=\"gb-post-grid-item post-3439 post type-post status-publish format-standard category-betegtajekoztatok entry\"><div class=\"gb-block-post-grid-text\"><header class=\"gb-block-post-grid-header\"><h3 class=\"gb-block-post-grid-title\"><a href=\"https:\/\/siokorhaz.hu\/?p=3439\" rel=\"bookmark\">Idegoszt\u00e1ly<\/a><\/h3><div class=\"gb-block-post-grid-byline\"><time datetime=\"2025-01-27T08:50:42+00:00\" class=\"gb-block-post-grid-date\" itemprop=\"datePublished\">janu\u00e1r 27, 2025<\/time><\/div><\/header><div class=\"gb-block-post-grid-excerpt\"><p>Lumbal punctio Cisterna punctio<\/p>\n<p><a class=\"gb-block-post-grid-more-link gb-text-link\" href=\"https:\/\/siokorhaz.hu\/?p=3439\" rel=\"bookmark\">Elolvasom <span class=\"screen-reader-text\">Idegoszt\u00e1ly<\/span><\/a><\/p><\/div><\/div><\/article>\n<article id=\"post-3425\" class=\"gb-post-grid-item post-3425 post type-post status-publish format-standard category-betegtajekoztatok entry\"><div class=\"gb-block-post-grid-text\"><header class=\"gb-block-post-grid-header\"><h3 class=\"gb-block-post-grid-title\"><a href=\"https:\/\/siokorhaz.hu\/?p=3425\" rel=\"bookmark\">Int\u00e9zm\u00e9nyi szint\u0171 betegt\u00e1j\u00e9koztat\u00f3k<\/a><\/h3><div class=\"gb-block-post-grid-byline\"><time datetime=\"2025-01-27T08:45:55+00:00\" class=\"gb-block-post-grid-date\" itemprop=\"datePublished\">janu\u00e1r 27, 2025<\/time><\/div><\/header><div class=\"gb-block-post-grid-excerpt\"><p>Adatkezel\u00e9ssel kapcsolatos betegt\u00e1j\u00e9koztat\u00f3 Altat\u00e1s beleegyez\u0151 nyilatkozat Gyomormos\u00e1s H\u00fagycs\u0151 kat\u00e9terez\u00e9s \u00cdz\u00fcletbe adott injekci\u00f3 \u00cdz\u00fcleti csapol\u00e1s Mellkaspunctio T\u00e1j\u00e9koztat\u00f3 \u00e9s beleegyez\u0151 nyilatkozat kiskor\u00fa kezel\u00e9s\u00e9hez T\u00e1j\u00e9koztat\u00f3 kemoter\u00e1pi\u00e1s kezel\u00e9shez Transzf\u00fazi\u00f3<\/p>\n<p><a class=\"gb-block-post-grid-more-link gb-text-link\" href=\"https:\/\/siokorhaz.hu\/?p=3425\" rel=\"bookmark\">Elolvasom <span class=\"screen-reader-text\">Int\u00e9zm\u00e9nyi szint\u0171 betegt\u00e1j\u00e9koztat\u00f3k<\/span><\/a><\/p><\/div><\/div><\/article>\n<article id=\"post-3414\" class=\"gb-post-grid-item post-3414 post type-post status-publish format-standard category-betegtajekoztatok entry\"><div class=\"gb-block-post-grid-text\"><header class=\"gb-block-post-grid-header\"><h3 class=\"gb-block-post-grid-title\"><a href=\"https:\/\/siokorhaz.hu\/?p=3414\" rel=\"bookmark\">K\u00f6zponti Aneszteziol\u00f3giai \u00e9s Intenz\u00edv Ter\u00e1pi\u00e1s Oszt\u00e1ly<\/a><\/h3><div class=\"gb-block-post-grid-byline\"><time datetime=\"2025-01-27T08:44:51+00:00\" class=\"gb-block-post-grid-date\" itemprop=\"datePublished\">janu\u00e1r 27, 2025<\/time><\/div><\/header><div class=\"gb-block-post-grid-excerpt\"><p>Art\u00e9ri\u00e1s kan\u00fcl bevezet\u00e9se Centr\u00e1lis v\u00e9n\u00e1s kat\u00e9ter bevezet\u00e9se Epiduralis kan\u00fcl bevezet\u00e9se Haemodializ\u00e1l\u00f3 kan\u00fcl bevezet\u00e9se Ideiglenes sz\u00edvritmus szab\u00e1lyz\u00f3 behelyez\u00e9se L\u00e9gcs\u0151metsz\u00e9s Mellkasi sz\u00edv\u00f3cs\u0151 bevezet\u00e9se Sz\u00edvritmuszavar elektromos megsz\u00fcntet\u00e9se V\u00e9rr\u00f6gold\u00f3 kezel\u00e9s m\u00e9lyv\u00e9n\u00e1s thrombosis \u00e9s infarctus eset\u00e9n<\/p>\n<p><a class=\"gb-block-post-grid-more-link gb-text-link\" href=\"https:\/\/siokorhaz.hu\/?p=3414\" rel=\"bookmark\">Elolvasom <span class=\"screen-reader-text\">K\u00f6zponti Aneszteziol\u00f3giai \u00e9s Intenz\u00edv Ter\u00e1pi\u00e1s Oszt\u00e1ly<\/span><\/a><\/p><\/div><\/div><\/article>\n<article id=\"post-3403\" class=\"gb-post-grid-item post-3403 post type-post status-publish format-standard category-betegtajekoztatok entry\"><div class=\"gb-block-post-grid-text\"><header class=\"gb-block-post-grid-header\"><h3 class=\"gb-block-post-grid-title\"><a href=\"https:\/\/siokorhaz.hu\/?p=3403\" rel=\"bookmark\">Radiol\u00f3gia<\/a><\/h3><div class=\"gb-block-post-grid-byline\"><time datetime=\"2025-01-27T08:16:24+00:00\" class=\"gb-block-post-grid-date\" itemprop=\"datePublished\">janu\u00e1r 27, 2025<\/time><\/div><\/header><div class=\"gb-block-post-grid-excerpt\"><p>Als\u00f3 \u00e9s fels\u0151 v\u00e9gtag phlebografia CT vizsg\u00e1lat Eml\u0151 v\u00e9kony- \u00e9s vastagt\u0171 biopsia Intrav\u00e9n\u00e1s urographia R\u00f6ntgen vizsg\u00e1lat Ter\u00e1pi\u00e1s r\u00f6ntgen besug\u00e1rz\u00e1s Testfelsz\u00edni elv\u00e1ltoz\u00e1sok (l\u00e1gyr\u00e9szek), mell \u00e9s has\u00fcregi szervek v\u00e9kony- \u00e9s vastagt\u0171 biopsi\u00e1ja<\/p>\n<p><a class=\"gb-block-post-grid-more-link gb-text-link\" href=\"https:\/\/siokorhaz.hu\/?p=3403\" rel=\"bookmark\">Elolvasom <span class=\"screen-reader-text\">Radiol\u00f3gia<\/span><\/a><\/p><\/div><\/div><\/article>\n<article id=\"post-3277\" class=\"gb-post-grid-item post-3277 post type-post status-publish format-standard category-betegtajekoztatok entry\"><div class=\"gb-block-post-grid-text\"><header class=\"gb-block-post-grid-header\"><h3 class=\"gb-block-post-grid-title\"><a href=\"https:\/\/siokorhaz.hu\/?p=3277\" rel=\"bookmark\">Belgy\u00f3gy\u00e1szat<\/a><\/h3><div class=\"gb-block-post-grid-byline\"><time datetime=\"2025-01-24T14:06:05+00:00\" class=\"gb-block-post-grid-date\" itemprop=\"datePublished\">janu\u00e1r 24, 2025<\/time><\/div><\/header><div class=\"gb-block-post-grid-excerpt\"><p><a class=\"gb-block-post-grid-more-link gb-text-link\" href=\"https:\/\/siokorhaz.hu\/?p=3277\" rel=\"bookmark\">Elolvasom <span class=\"screen-reader-text\">Belgy\u00f3gy\u00e1szat<\/span><\/a><\/p><\/div><\/div><\/article>\n<article id=\"post-3267\" class=\"gb-post-grid-item post-3267 post type-post status-publish format-standard category-betegtajekoztatok entry\"><div class=\"gb-block-post-grid-text\"><header class=\"gb-block-post-grid-header\"><h3 class=\"gb-block-post-grid-title\"><a href=\"https:\/\/siokorhaz.hu\/?p=3267\" rel=\"bookmark\">Egynapos seb\u00e9szet<\/a><\/h3><div class=\"gb-block-post-grid-byline\"><time datetime=\"2025-01-24T14:05:03+00:00\" class=\"gb-block-post-grid-date\" itemprop=\"datePublished\">janu\u00e1r 24, 2025<\/time><\/div><\/header><div class=\"gb-block-post-grid-excerpt\"><p>\u00c1ltal\u00e1nos t\u00e1j\u00e9koztat\u00f3 egynapos seb\u00e9szeti ell\u00e1t\u00e1sr\u00f3l Nyilatkozat egynapos seb\u00e9szeti ell\u00e1t\u00e1s keret\u00e9ben v\u00e9gzend\u0151 beavatkoz\u00e1s felt\u00e9tel\u00e9r\u0151l<\/p>\n<p><a class=\"gb-block-post-grid-more-link gb-text-link\" href=\"https:\/\/siokorhaz.hu\/?p=3267\" rel=\"bookmark\">Elolvasom <span class=\"screen-reader-text\">Egynapos seb\u00e9szet<\/span><\/a><\/p><\/div><\/div><\/article>\n<article id=\"post-3261\" class=\"gb-post-grid-item post-3261 post type-post status-publish format-standard category-betegtajekoztatok entry\"><div class=\"gb-block-post-grid-text\"><header class=\"gb-block-post-grid-header\"><h3 class=\"gb-block-post-grid-title\"><a href=\"https:\/\/siokorhaz.hu\/?p=3261\" rel=\"bookmark\">B\u0151rgy\u00f3gy\u00e1szat<\/a><\/h3><div class=\"gb-block-post-grid-byline\"><time datetime=\"2025-01-24T14:04:23+00:00\" class=\"gb-block-post-grid-date\" itemprop=\"datePublished\">janu\u00e1r 24, 2025<\/time><\/div><\/header><div class=\"gb-block-post-grid-excerpt\"><p>Szem\u00f6lcselt\u00e1vol\u00edt\u00e1s<\/p>\n<p><a class=\"gb-block-post-grid-more-link gb-text-link\" href=\"https:\/\/siokorhaz.hu\/?p=3261\" rel=\"bookmark\">Elolvasom <span class=\"screen-reader-text\">B\u0151rgy\u00f3gy\u00e1szat<\/span><\/a><\/p><\/div><\/div><\/article>\n<article id=\"post-3255\" class=\"gb-post-grid-item post-3255 post type-post status-publish format-standard category-betegtajekoztatok entry\"><div class=\"gb-block-post-grid-text\"><header class=\"gb-block-post-grid-header\"><h3 class=\"gb-block-post-grid-title\"><a href=\"https:\/\/siokorhaz.hu\/?p=3255\" rel=\"bookmark\">Egynapos szem\u00e9szet<\/a><\/h3><div class=\"gb-block-post-grid-byline\"><time datetime=\"2025-01-24T14:03:33+00:00\" class=\"gb-block-post-grid-date\" itemprop=\"datePublished\">janu\u00e1r 24, 2025<\/time><\/div><\/header><div class=\"gb-block-post-grid-excerpt\"><p>T\u00e1j\u00e9koztat\u00f3 egynapos szem\u00e9szeti ell\u00e1t\u00e1st ig\u00e9nybe vev\u0151 betegek r\u00e9sz\u00e9re<\/p>\n<p><a class=\"gb-block-post-grid-more-link gb-text-link\" href=\"https:\/\/siokorhaz.hu\/?p=3255\" rel=\"bookmark\">Elolvasom <span class=\"screen-reader-text\">Egynapos szem\u00e9szet<\/span><\/a><\/p><\/div><\/div><\/article>\n<article id=\"post-3170\" class=\"gb-post-grid-item post-3170 post type-post status-publish format-standard category-betegtajekoztatok entry\"><div class=\"gb-block-post-grid-text\"><header class=\"gb-block-post-grid-header\"><h3 class=\"gb-block-post-grid-title\"><a href=\"https:\/\/siokorhaz.hu\/?p=3170\" rel=\"bookmark\">F\u00fcl-orr-g\u00e9g\u00e9szeti Oszt\u00e1ly<\/a><\/h3><div class=\"gb-block-post-grid-byline\"><time datetime=\"2025-01-24T13:49:10+00:00\" class=\"gb-block-post-grid-date\" itemprop=\"datePublished\">janu\u00e1r 24, 2025<\/time><\/div><\/header><div class=\"gb-block-post-grid-excerpt\"><p>\u00c1llkapocssz\u00f6glet alatti ny\u00e1lmirigy elt\u00e1vol\u00edt\u00e1s Alv\u00e1svizsg\u00e1lat Arc\u00fcreg\u00f6bl\u00edt\u00e9s Arccsont t\u00f6r\u00e9s helyre\u00e1ll\u00edt\u00e1sa B\u0151relv\u00e1ltoz\u00e1s kimetsz\u00e9se Direkt laryngoscopia Dobh\u00e1rtya bemetsz\u00e9se (paracentesis) Dobh\u00e1rtya bemetsz\u00e9se, dob\u00fcregi tubus behelyez\u00e9se Dobh\u00e1rtya \u00e9s_vagy hall\u00f3csont l\u00e1ncolat m\u0171t\u00e9ti helyre\u00e1ll\u00edt\u00e1sa Endoscopos g\u00e9gevizsg\u00e1lat Endoscopos orrm\u0171t\u00e9t (FESS) F\u00fclt\u0151mirigy m\u0171t\u00e9tek Garatt\u00e1lyog megnyit\u00e1sa G\u00e9gemetsz\u00e9s (tracheotomia) Homlok\u00fcreg m\u0171t\u00e9t k\u00fcls\u0151 felt\u00e1r\u00e1sb\u00f3l K\u00f6z\u00e9ps\u0151 nyaki ciszta elt\u00e1vol\u00edt\u00e1sa Kr\u00f3nikus k\u00f6z\u00e9pf\u00fclgyullad\u00e1s m\u0171t\u00e9ti megold\u00e1sa Nyaki nyirokcsom\u00f3 radik\u00e1lis elt\u00e1vol\u00edt\u00e1sa Nyelvgy\u00f6ki&hellip;<\/p>\n<p><a class=\"gb-block-post-grid-more-link gb-text-link\" href=\"https:\/\/siokorhaz.hu\/?p=3170\" rel=\"bookmark\">Elolvasom <span class=\"screen-reader-text\">F\u00fcl-orr-g\u00e9g\u00e9szeti Oszt\u00e1ly<\/span><\/a><\/p><\/div><\/div><\/article>\n<article id=\"post-3167\" class=\"gb-post-grid-item post-3167 post type-post status-publish format-standard category-betegtajekoztatok entry\"><div class=\"gb-block-post-grid-text\"><header class=\"gb-block-post-grid-header\"><h3 class=\"gb-block-post-grid-title\"><a href=\"https:\/\/siokorhaz.hu\/?p=3167\" rel=\"bookmark\">Seb\u00e9szet<\/a><\/h3><div class=\"gb-block-post-grid-byline\"><time datetime=\"2025-01-24T13:44:07+00:00\" class=\"gb-block-post-grid-date\" itemprop=\"datePublished\">janu\u00e1r 24, 2025<\/time><\/div><\/header><div class=\"gb-block-post-grid-excerpt\"><p>A boka t\u00fckr\u00f6z\u00e9se A b\u0151r \u00e9s b\u0151ralatti sz\u00f6vetekben kialakult gyullad\u00e1s, ill. t\u00e1lyog kezel\u00e9se A b\u0151rben l\u00e9v\u0151 g\u00f3cok kimetsz\u00e9se A combcsont t\u00e9rdk\u00f6zeli v\u00e9g\u00e9nek t\u00f6r\u00e9se A felkar kett\u0151sfej\u0171 izom hossz\u00fa in\u00e1nak, illetve a kett\u0151sfej\u0171 izom tapad\u00e1s\u00e1nak s\u00e9r\u00fcl\u00e9sei A hasi aorta \u00e9s a medencei ver\u0151erek m\u0171t\u00e9te A h\u00fagyh\u00f3lyag elv\u00e1ltoz\u00e1sa A k\u00f6z\u00f6s epevezet\u0151 daganata A l\u00e1gy\u00e9khajlat alatti ver\u0151\u00e9rbetegs\u00e9g m\u0171t\u00e9te&hellip;<\/p>\n<p><a class=\"gb-block-post-grid-more-link gb-text-link\" href=\"https:\/\/siokorhaz.hu\/?p=3167\" rel=\"bookmark\">Elolvasom <span class=\"screen-reader-text\">Seb\u00e9szet<\/span><\/a><\/p><\/div><\/div><\/article>\n<article id=\"post-3164\" class=\"gb-post-grid-item post-3164 post type-post status-publish format-standard category-betegtajekoztatok entry\"><div class=\"gb-block-post-grid-text\"><header class=\"gb-block-post-grid-header\"><h3 class=\"gb-block-post-grid-title\"><a href=\"https:\/\/siokorhaz.hu\/?p=3164\" rel=\"bookmark\">S\u00fcrg\u0151ss\u00e9gi Betegell\u00e1t\u00f3 Oszt\u00e1ly<\/a><\/h3><div class=\"gb-block-post-grid-byline\"><time datetime=\"2025-01-24T13:42:54+00:00\" class=\"gb-block-post-grid-date\" itemprop=\"datePublished\">janu\u00e1r 24, 2025<\/time><\/div><\/header><div class=\"gb-block-post-grid-excerpt\"><p>Beleegyez\u0151 nyilatkozat CT vizsg\u00e1lathoz<\/p>\n<p><a class=\"gb-block-post-grid-more-link gb-text-link\" href=\"https:\/\/siokorhaz.hu\/?p=3164\" rel=\"bookmark\">Elolvasom <span class=\"screen-reader-text\">S\u00fcrg\u0151ss\u00e9gi Betegell\u00e1t\u00f3 Oszt\u00e1ly<\/span><\/a><\/p><\/div><\/div><\/article>\n<article id=\"post-3147\" class=\"gb-post-grid-item post-3147 post type-post status-publish format-standard category-betegtajekoztatok entry\"><div class=\"gb-block-post-grid-text\"><header class=\"gb-block-post-grid-header\"><h3 class=\"gb-block-post-grid-title\"><a href=\"https:\/\/siokorhaz.hu\/?p=3147\" rel=\"bookmark\">Szem\u00e9szet<\/a><\/h3><div class=\"gb-block-post-grid-byline\"><time datetime=\"2025-01-24T13:34:27+00:00\" class=\"gb-block-post-grid-date\" itemprop=\"datePublished\">janu\u00e1r 24, 2025<\/time><\/div><\/header><div class=\"gb-block-post-grid-excerpt\"><p>Fluoresceint angiographia Kancsals\u00e1g ellenes m\u0171t\u00e9t K\u00f6nnycsatorna szond\u00e1z\u00e1s \u00e9s \u00e1tfecskendez\u00e9s K\u00f6t\u0151h\u00e1rtya plasztikai m\u0171t\u00e9t Reoperatio Szaruh\u00e1rty\u00e1n vagy k\u00f6t\u0151h\u00e1rty\u00e1n felsz\u00ednesen elhelyezked\u0151 idegentest elt\u00e1vol\u00edt\u00e1sa Szemfen\u00e9k l\u00e9zer kezel\u00e9s Szemh\u00e9j b\u0151r\u00e9n, vagy annak k\u00f6zel\u00e9ben lev\u0151 b\u0151relv\u00e1ltoz\u00e1s elt\u00e1vol\u00edt\u00e1sa Szemh\u00e9j funkci\u00f3zavarait megsz\u00fcntet\u0151 m\u0171t\u00e9t Szemh\u00e9j sz\u00e9l\u00e9n tal\u00e1lhat\u00f3 j\u00e9g\u00e1rpa m\u0171t\u00e9tje Sz\u00fcrkeh\u00e1lyog elleni m\u0171t\u00e9t YAG capsulatomia YAG Iridotomia<\/p>\n<p><a class=\"gb-block-post-grid-more-link gb-text-link\" href=\"https:\/\/siokorhaz.hu\/?p=3147\" rel=\"bookmark\">Elolvasom <span class=\"screen-reader-text\">Szem\u00e9szet<\/span><\/a><\/p><\/div><\/div><\/article>\n<article id=\"post-3107\" class=\"gb-post-grid-item post-3107 post type-post status-publish format-standard category-betegtajekoztatok entry\"><div class=\"gb-block-post-grid-text\"><header class=\"gb-block-post-grid-header\"><h3 class=\"gb-block-post-grid-title\"><a href=\"https:\/\/siokorhaz.hu\/?p=3107\" rel=\"bookmark\">Sz\u00fcl\u00e9szet-n\u0151gy\u00f3gy\u00e1szat<\/a><\/h3><div class=\"gb-block-post-grid-byline\"><time datetime=\"2025-01-24T13:15:52+00:00\" class=\"gb-block-post-grid-date\" itemprop=\"datePublished\">janu\u00e1r 24, 2025<\/time><\/div><\/header><div class=\"gb-block-post-grid-excerpt\"><p>A m\u00e9h \u00e9s a petevezet\u0151k kontrasztanyag-felt\u00f6lt\u00e9ses r\u00f6ntgen vizsg\u00e1lata A m\u00e9h f\u00fcggel\u00e9kein v\u00e9gzett m\u0171t\u00e9tek A m\u00e9h \u00fcreg\u00e9ben elhelyezked\u0151 s\u00f6v\u00e9ny elt\u00e1vol\u00edt\u00e1sa Bartholini-mirigy m\u0171t\u00e9tei Cs\u00e1sz\u00e1rmetsz\u00e9s Felt\u00e1r\u00f3 hasi m\u0171t\u00e9t G\u00e1tmetsz\u00e9s Hasi m\u00e9helt\u00e1vol\u00edt\u00e1s Hidegk\u00e9s koniz\u00e1ci\u00f3 Hiszteroszk\u00f3pos beavatkoz\u00e1sok H\u00fcvelyfali excisio H\u00fcvelyi m\u00e9helt\u00e1vol\u00edt\u00e1s H\u00fcvelyplasztika H\u00fcvelyz\u00e1r\u00f3 m\u0171t\u00e9t Kacskoniz\u00e1ci\u00f3 Kromohidrotub\u00e1ci\u00f3 K\u00fcrettage (m\u00e9hkapar\u00e1s) Laparoszk\u00f3pos beavatkoz\u00e1sok Laparoszk\u00f3pos chromohydrotubatio \u00e9s curettage M\u00e9hnyak-z\u00e1r\u00f3 m\u00fat\u00e9t M\u00e9hsz\u00e1j elv\u00e1ltoz\u00e1s\u00e1nak kimetsz\u00e9se M\u00e9htest&hellip;<\/p>\n<p><a class=\"gb-block-post-grid-more-link gb-text-link\" href=\"https:\/\/siokorhaz.hu\/?p=3107\" rel=\"bookmark\">Elolvasom <span class=\"screen-reader-text\">Sz\u00fcl\u00e9szet-n\u0151gy\u00f3gy\u00e1szat<\/span><\/a><\/p><\/div><\/div><\/article>\n<article id=\"post-3085\" class=\"gb-post-grid-item post-3085 post type-post status-publish format-standard category-betegtajekoztatok entry\"><div class=\"gb-block-post-grid-text\"><header class=\"gb-block-post-grid-header\"><h3 class=\"gb-block-post-grid-title\"><a href=\"https:\/\/siokorhaz.hu\/?p=3085\" rel=\"bookmark\">T\u00fcd\u0151gondoz\u00f3<\/a><\/h3><div class=\"gb-block-post-grid-byline\"><time datetime=\"2025-01-24T12:17:53+00:00\" class=\"gb-block-post-grid-date\" itemprop=\"datePublished\">janu\u00e1r 24, 2025<\/time><\/div><\/header><div class=\"gb-block-post-grid-excerpt\"><p>Allergia vizsg\u00e1lat<\/p>\n<p><a class=\"gb-block-post-grid-more-link gb-text-link\" href=\"https:\/\/siokorhaz.hu\/?p=3085\" rel=\"bookmark\">Elolvasom <span class=\"screen-reader-text\">T\u00fcd\u0151gondoz\u00f3<\/span><\/a><\/p><\/div><\/div><\/article>\n<\/div><\/section>","protected":false},"excerpt":{"rendered":"","protected":false},"author":1,"featured_media":0,"parent":0,"menu_order":0,"comment_status":"closed","ping_status":"closed","template":"","meta":{"_genesis_hide_title":false,"_genesis_hide_breadcrumbs":false,"_genesis_hide_singular_image":false,"_genesis_hide_footer_widgets":false,"_genesis_custom_body_class":"","_genesis_custom_post_class":"","_genesis_layout":"","footnotes":""},"class_list":{"0":"post-3078","1":"page","2":"type-page","3":"status-publish","5":"entry"},"featured_image_src":null,"featured_image_src_square":null,"_links":{"self":[{"href":"https:\/\/siokorhaz.hu\/index.php?rest_route=\/wp\/v2\/pages\/3078","targetHints":{"allow":["GET"]}}],"collection":[{"href":"https:\/\/siokorhaz.hu\/index.php?rest_route=\/wp\/v2\/pages"}],"about":[{"href":"https:\/\/siokorhaz.hu\/index.php?rest_route=\/wp\/v2\/types\/page"}],"author":[{"embeddable":true,"href":"https:\/\/siokorhaz.hu\/index.php?rest_route=\/wp\/v2\/users\/1"}],"replies":[{"embeddable":true,"href":"https:\/\/siokorhaz.hu\/index.php?rest_route=%2Fwp%2Fv2%2Fcomments&post=3078"}],"version-history":[{"count":1,"href":"https:\/\/siokorhaz.hu\/index.php?rest_route=\/wp\/v2\/pages\/3078\/revisions"}],"predecessor-version":[{"id":6395,"href":"https:\/\/siokorhaz.hu\/index.php?rest_route=\/wp\/v2\/pages\/3078\/revisions\/6395"}],"wp:attachment":[{"href":"https:\/\/siokorhaz.hu\/index.php?rest_route=%2Fwp%2Fv2%2Fmedia&parent=3078"}],"curies":[{"name":"wp","href":"https:\/\/api.w.org\/{rel}","templated":true}]}}