{"id":2952,"date":"2025-01-22T13:41:30","date_gmt":"2025-01-22T12:41:30","guid":{"rendered":"http:\/\/169.254.1.50\/?page_id=2952"},"modified":"2025-08-01T11:46:00","modified_gmt":"2025-08-01T11:46:00","slug":"siofok-varos-semmelweis-alapitvanya","status":"publish","type":"page","link":"https:\/\/siokorhaz.hu\/?page_id=2952","title":{"rendered":"Si\u00f3fok V\u00e1ros Semmelweis Alap\u00edtv\u00e1nya"},"content":{"rendered":"<p><img loading=\"lazy\" decoding=\"async\" title=\"Si\u00f3fok V\u00e1ros Semmelweis Alap\u00edtv\u00e1nya\" src=\"https:\/\/www.siokorhaz.hu\/wp-content\/uploads\/img\/dqig1382782581.jpg\" alt=\"Si\u00f3fok V\u00e1ros Semmelweis Alap\u00edtv\u00e1nya\" width=\"469\" height=\"277\" border=\"0\" \/><\/p>\n<h2><a href=\"https:\/\/www.siokorhaz.hu\/alapitvanyok\/siofok_varos_semmelweis_alapitvanya\">Si\u00f3fok V\u00e1ros Semmelweis Alap\u00edtv\u00e1nya<\/a><\/h2>\n<p>Kurat\u00f3rium eln\u00f6ke: \u00c1brah\u00e1mn\u00e9 Dr. Vida Be\u00e1ta<br \/>\njog\u00e1ll\u00e1sa: k\u00f6zhaszn\u00fa<br \/>\nAz Alap\u00edtv\u00e1ny sz\u00e9khelye: 8600 Si\u00f3fok, Semmelweis u. 1.<br \/>\n<a href=\"mailto:semmelweisalapitvany@siokorhaz.hu\">semmelweisalapitvany@siokorhaz.hu<\/a><br \/>\nAd\u00f3sz\u00e1m: 19195678-1-14<br \/>\nSz\u00e1mlasz\u00e1m: OTP Bank Nyrt. 11743040-20043094-00000000<\/p>\n<p><a href=\"https:\/\/siokorhaz.hu\/wp-content\/uploads\/2025\/07\/Kozhasznu-Vegzes.pdf\">K\u00f6zhaszn\u00fa V\u00e9gz\u00e9s<\/a><\/p>\n<p><a href=\"https:\/\/siokorhaz.hu\/wp-content\/uploads\/2025\/07\/Birosagi-Vegzes.pdf\">B\u00edr\u00f3s\u00e1gi V\u00e9gz\u00e9s<\/a><\/p>\n<p><a href=\"https:\/\/siokorhaz.hu\/wp-content\/uploads\/2025\/07\/Alapito-Okirat-Semmelweis-Alapitvany-2025.06.04.pdf\">Alap\u00edt\u00f3 Okirat Semmelweis Alap\u00edtv\u00e1ny 2025.06.04.<\/a><\/p>\n<p><a href=\"https:\/\/siokorhaz.hu\/wp-content\/uploads\/2025\/07\/Alapito-okirat-Semmelweis-Alapitvany-20230331.pdf\">Alap\u00edt\u00f3 okirat Semmelweis Alap\u00edtv\u00e1ny 2023.03.31<\/a><\/p>\n<hr \/>\n<p><a href=\"https:\/\/www.siokorhaz.hu\/wp-content\/uploads\/semmelweis_alapitvany\/Semmelweis_Alapitvany_alapito_okirat.pdf\">Alap\u00edt\u00f3 okirat<\/a><br \/>\n\u00c9ves besz\u00e1mol\u00f3k:<\/p>\n<ul>\n<li><a href=\"https:\/\/www.siokorhaz.hu\/wp-content\/uploads\/semmelweis_alapitvany\/2024.PDF\">2024<\/a><\/li>\n<li><a href=\"https:\/\/www.siokorhaz.hu\/wp-content\/uploads\/semmelweis_alapitvany\/2023.PDF\">2023<\/a><\/li>\n<li><a href=\"https:\/\/www.siokorhaz.hu\/wp-content\/uploads\/semmelweis_alapitvany\/2022.PDF\">2022<\/a><\/li>\n<li><a href=\"https:\/\/www.siokorhaz.hu\/wp-content\/uploads\/semmelweis_alapitvany\/2021.PDF\">2021<\/a><\/li>\n<li><a href=\"https:\/\/www.siokorhaz.hu\/wp-content\/uploads\/semmelweis_alapitvany\/2020.PDF\">2020<\/a><\/li>\n<li><a href=\"https:\/\/www.siokorhaz.hu\/wp-content\/uploads\/semmelweis_alapitvany\/2019.PDF\">2019<\/a><\/li>\n<li><a href=\"https:\/\/www.siokorhaz.hu\/wp-content\/uploads\/semmelweis_alapitvany\/2018.PDF\">2018<\/a><\/li>\n<li><a href=\"https:\/\/www.siokorhaz.hu\/wp-content\/uploads\/semmelweis_alapitvany\/2017.PDF\">2017<\/a><\/li>\n<li><a href=\"https:\/\/www.siokorhaz.hu\/wp-content\/uploads\/semmelweis_alapitvany\/2016.PDF\">2016<\/a><\/li>\n<li><a href=\"https:\/\/www.siokorhaz.hu\/wp-content\/uploads\/semmelweis_alapitvany\/2015.pdf\">2015<\/a><\/li>\n<li><a href=\"https:\/\/www.siokorhaz.hu\/wp-content\/uploads\/semmelweis_alapitvany\/2014.pdf\">2014<\/a><\/li>\n<\/ul>\n","protected":false},"excerpt":{"rendered":"<p>Si\u00f3fok V\u00e1ros Semmelweis Alap\u00edtv\u00e1nya Kurat\u00f3rium eln\u00f6ke: \u00c1brah\u00e1mn\u00e9 Dr. Vida Be\u00e1ta jog\u00e1ll\u00e1sa: k\u00f6zhaszn\u00fa Az Alap\u00edtv\u00e1ny sz\u00e9khelye: 8600 Si\u00f3fok, Semmelweis u. 1. semmelweisalapitvany@siokorhaz.hu Ad\u00f3sz\u00e1m: 19195678-1-14 Sz\u00e1mlasz\u00e1m: OTP Bank Nyrt. 11743040-20043094-00000000 K\u00f6zhaszn\u00fa V\u00e9gz\u00e9s B\u00edr\u00f3s\u00e1gi V\u00e9gz\u00e9s Alap\u00edt\u00f3 Okirat Semmelweis Alap\u00edtv\u00e1ny 2025.06.04. Alap\u00edt\u00f3 okirat Semmelweis Alap\u00edtv\u00e1ny 2023.03.31 Alap\u00edt\u00f3 okirat \u00c9ves besz\u00e1mol\u00f3k: 2024 2023 2022 2021 2020 2019 2018 2017 2016 [&hellip;]<\/p>\n","protected":false},"author":1,"featured_media":2709,"parent":0,"menu_order":0,"comment_status":"closed","ping_status":"closed","template":"","meta":{"_genesis_hide_title":false,"_genesis_hide_breadcrumbs":false,"_genesis_hide_singular_image":false,"_genesis_hide_footer_widgets":false,"_genesis_custom_body_class":"","_genesis_custom_post_class":"","_genesis_layout":"","footnotes":""},"class_list":{"0":"post-2952","1":"page","2":"type-page","3":"status-publish","4":"has-post-thumbnail","6":"entry"},"featured_image_src":"https:\/\/siokorhaz.hu\/wp-content\/uploads\/2025\/01\/x_IMG_0781-600x400.jpg","featured_image_src_square":"https:\/\/siokorhaz.hu\/wp-content\/uploads\/2025\/01\/x_IMG_0781-600x600.jpg","_links":{"self":[{"href":"https:\/\/siokorhaz.hu\/index.php?rest_route=\/wp\/v2\/pages\/2952","targetHints":{"allow":["GET"]}}],"collection":[{"href":"https:\/\/siokorhaz.hu\/index.php?rest_route=\/wp\/v2\/pages"}],"about":[{"href":"https:\/\/siokorhaz.hu\/index.php?rest_route=\/wp\/v2\/types\/page"}],"author":[{"embeddable":true,"href":"https:\/\/siokorhaz.hu\/index.php?rest_route=\/wp\/v2\/users\/1"}],"replies":[{"embeddable":true,"href":"https:\/\/siokorhaz.hu\/index.php?rest_route=%2Fwp%2Fv2%2Fcomments&post=2952"}],"version-history":[{"count":5,"href":"https:\/\/siokorhaz.hu\/index.php?rest_route=\/wp\/v2\/pages\/2952\/revisions"}],"predecessor-version":[{"id":6742,"href":"https:\/\/siokorhaz.hu\/index.php?rest_route=\/wp\/v2\/pages\/2952\/revisions\/6742"}],"wp:featuredmedia":[{"embeddable":true,"href":"https:\/\/siokorhaz.hu\/index.php?rest_route=\/wp\/v2\/media\/2709"}],"wp:attachment":[{"href":"https:\/\/siokorhaz.hu\/index.php?rest_route=%2Fwp%2Fv2%2Fmedia&parent=2952"}],"curies":[{"name":"wp","href":"https:\/\/api.w.org\/{rel}","templated":true}]}}