{"id":2945,"date":"2025-01-22T10:06:53","date_gmt":"2025-01-22T09:06:53","guid":{"rendered":"http:\/\/169.254.1.50\/?page_id=2945"},"modified":"2025-06-17T07:01:37","modified_gmt":"2025-06-17T07:01:37","slug":"del-balaton-gyermekeiert-alapitvany","status":"publish","type":"page","link":"https:\/\/siokorhaz.hu\/?page_id=2945","title":{"rendered":"D\u00e9l-Balaton Gyermekei\u00e9rt Alap\u00edtv\u00e1ny"},"content":{"rendered":"<div class=\"col-md-4 search-img\"><img loading=\"lazy\" decoding=\"async\" class=\"img-responsive\" title=\"D\u00e9l-Balaton Gyermekei\u00e9rt Alap\u00edtv\u00e1ny\" src=\"https:\/\/www.siokorhaz.hu\/wp-content\/uploads\/img\/chcc1382782427.jpg\" alt=\"D\u00e9l-Balaton Gyermekei\u00e9rt Alap\u00edtv\u00e1ny\" width=\"449\" height=\"265\" border=\"0\" \/><\/div>\n<div class=\"col-md-8\">\n<p>Kurat\u00f3rium eln\u00f6ke: Dr. M\u00e1rkus Anita, oszt\u00e1lyvezet\u0151 f\u0151orvos<\/p>\n<div>\n<p>jog\u00e1ll\u00e1sa: nem k\u00f6zhaszn\u00fa<br \/>8600 Si\u00f3fok, Semmelweis u. 1.<br \/><a href=\"mailto:delbalatonalapitvany@siokorhaz.hu\">delbalatonalapitvany@siokorhaz.hu<\/a><br \/>Ad\u00f3sz\u00e1m: 19201711-1-14<br \/>Sz\u00e1mlasz\u00e1m: 11992505-05500567-00000000<\/p>\n<\/div>\n<\/div>\n<p><a href=\"https:\/\/www.siokorhaz.hu\/wp-content\/uploads\/delbalaton\/DBA_alapito_okirat.pdf\">Alap\u00edt\u00f3 okirat<\/a><br \/><a href=\"https:\/\/www.siokorhaz.hu\/wp-content\/uploads\/delbalaton\/DBA_vegzes.pdf\">V\u00e9gz\u00e9s<\/a><\/p>\n<p>\u00c9ves besz\u00e1mol\u00f3k:<\/p>\n<ul>\n<li><a href=\"https:\/\/www.siokorhaz.hu\/wp-content\/uploads\/2024\/2024.PDF\">2024<\/a><\/li>\n<li><a href=\"https:\/\/www.siokorhaz.hu\/wp-content\/uploads\/delbalaton\/2022.pdf\">2022<\/a><\/li>\n<li><a href=\"https:\/\/www.siokorhaz.hu\/wp-content\/uploads\/delbalaton\/2021.PDF\">2021<\/a><\/li>\n<li><a href=\"https:\/\/www.siokorhaz.hu\/wp-content\/uploads\/delbalaton\/2020.PDF\">2020<\/a><\/li>\n<li><a href=\"https:\/\/www.siokorhaz.hu\/wp-content\/uploads\/delbalaton\/2019.PDF\">2019<\/a><\/li>\n<li><a href=\"https:\/\/www.siokorhaz.hu\/wp-content\/uploads\/delbalaton\/2018.PDF\">2018<\/a><\/li>\n<li><a href=\"https:\/\/www.siokorhaz.hu\/wp-content\/uploads\/delbalaton\/2017.PDF\">2017<\/a><\/li>\n<li><a href=\"https:\/\/www.siokorhaz.hu\/wp-content\/uploads\/delbalaton\/2016.PDF\">2016<\/a><\/li>\n<li><a href=\"https:\/\/www.siokorhaz.hu\/wp-content\/uploads\/delbalaton\/2015.pdf\">2015<\/a><\/li>\n<li><a href=\"https:\/\/www.siokorhaz.hu\/wp-content\/uploads\/delbalaton\/2014.pdf\">2014<\/a><\/li>\n<\/ul>\n\n\n<p><\/p>\n","protected":false},"excerpt":{"rendered":"<p>Kurat\u00f3rium eln\u00f6ke: Dr. M\u00e1rkus Anita, oszt\u00e1lyvezet\u0151 f\u0151orvos jog\u00e1ll\u00e1sa: nem k\u00f6zhaszn\u00fa8600 Si\u00f3fok, Semmelweis u. 1.delbalatonalapitvany@siokorhaz.huAd\u00f3sz\u00e1m: 19201711-1-14Sz\u00e1mlasz\u00e1m: 11992505-05500567-00000000 Alap\u00edt\u00f3 okiratV\u00e9gz\u00e9s \u00c9ves besz\u00e1mol\u00f3k: 2024 2022 2021 2020 2019 2018 2017 2016 2015 2014<\/p>\n","protected":false},"author":1,"featured_media":2709,"parent":0,"menu_order":0,"comment_status":"closed","ping_status":"closed","template":"","meta":{"_genesis_hide_title":false,"_genesis_hide_breadcrumbs":false,"_genesis_hide_singular_image":false,"_genesis_hide_footer_widgets":false,"_genesis_custom_body_class":"","_genesis_custom_post_class":"","_genesis_layout":"","footnotes":""},"class_list":{"0":"post-2945","1":"page","2":"type-page","3":"status-publish","4":"has-post-thumbnail","6":"entry"},"featured_image_src":"https:\/\/siokorhaz.hu\/wp-content\/uploads\/2025\/01\/x_IMG_0781-600x400.jpg","featured_image_src_square":"https:\/\/siokorhaz.hu\/wp-content\/uploads\/2025\/01\/x_IMG_0781-600x600.jpg","_links":{"self":[{"href":"https:\/\/siokorhaz.hu\/index.php?rest_route=\/wp\/v2\/pages\/2945","targetHints":{"allow":["GET"]}}],"collection":[{"href":"https:\/\/siokorhaz.hu\/index.php?rest_route=\/wp\/v2\/pages"}],"about":[{"href":"https:\/\/siokorhaz.hu\/index.php?rest_route=\/wp\/v2\/types\/page"}],"author":[{"embeddable":true,"href":"https:\/\/siokorhaz.hu\/index.php?rest_route=\/wp\/v2\/users\/1"}],"replies":[{"embeddable":true,"href":"https:\/\/siokorhaz.hu\/index.php?rest_route=%2Fwp%2Fv2%2Fcomments&post=2945"}],"version-history":[{"count":3,"href":"https:\/\/siokorhaz.hu\/index.php?rest_route=\/wp\/v2\/pages\/2945\/revisions"}],"predecessor-version":[{"id":6687,"href":"https:\/\/siokorhaz.hu\/index.php?rest_route=\/wp\/v2\/pages\/2945\/revisions\/6687"}],"wp:featuredmedia":[{"embeddable":true,"href":"https:\/\/siokorhaz.hu\/index.php?rest_route=\/wp\/v2\/media\/2709"}],"wp:attachment":[{"href":"https:\/\/siokorhaz.hu\/index.php?rest_route=%2Fwp%2Fv2%2Fmedia&parent=2945"}],"curies":[{"name":"wp","href":"https:\/\/api.w.org\/{rel}","templated":true}]}}