{"id":2929,"date":"2025-01-22T09:36:19","date_gmt":"2025-01-22T08:36:19","guid":{"rendered":"http:\/\/169.254.1.50\/?page_id=2929"},"modified":"2025-01-22T09:36:19","modified_gmt":"2025-01-22T08:36:19","slug":"beteg-elegedettsegi-felmeres","status":"publish","type":"page","link":"https:\/\/siokorhaz.hu\/?page_id=2929","title":{"rendered":"Beteg-el\u00e9gedetts\u00e9gi felm\u00e9r\u00e9s"},"content":{"rendered":"<p><strong>K\u00e9rj\u00fck, vegyen r\u00e9szt beteg-el\u00e9gedetts\u00e9gi felm\u00e9r\u00e9s\u00fcnkben!<\/strong><\/p>\n<hr \/>\n<p><strong>J\u00e1r\u00f3beteg-ell\u00e1t\u00e1s:<\/strong><\/p>\n<p><iframe loading=\"lazy\" style=\"border: none; max-width: 100%; max-height: 100vh;\" src=\"https:\/\/forms.office.com\/Pages\/ResponsePage.aspx?id=DQSIkWdsW0yxEjajBLZtrQAAAAAAAAAAAAMAAMDcTF9UNTY4RFBWRjVGSFhUUktXR0ZUREhaNURQUC4u&amp;embed=true\" width=\"640px\" height=\"480px\" frameborder=\"0\" marginwidth=\"0\" marginheight=\"0\" allowfullscreen=\"allowfullscreen\"><\/iframe><\/p>\n<p><strong>Fekv\u0151beteg-ell\u00e1t\u00e1s:<\/strong><\/p>\n<p><iframe loading=\"lazy\" style=\"border: none; max-width: 100%; max-height: 100vh;\" src=\"https:\/\/forms.office.com\/Pages\/ResponsePage.aspx?id=DQSIkWdsW0yxEjajBLZtrQAAAAAAAAAAAAMAAMDcTF9UMUZJNjBQVEtIVDhVRDhYTTMyS0hOVklJTy4u&amp;embed=true\" width=\"640px\" height=\"480px\" frameborder=\"0\" marginwidth=\"0\" marginheight=\"0\" allowfullscreen=\"allowfullscreen\"><\/iframe><\/p>\n","protected":false},"excerpt":{"rendered":"<p>K\u00e9rj\u00fck, vegyen r\u00e9szt beteg-el\u00e9gedetts\u00e9gi felm\u00e9r\u00e9s\u00fcnkben! J\u00e1r\u00f3beteg-ell\u00e1t\u00e1s: Fekv\u0151beteg-ell\u00e1t\u00e1s:<\/p>\n","protected":false},"author":1,"featured_media":0,"parent":0,"menu_order":0,"comment_status":"closed","ping_status":"closed","template":"","meta":{"_genesis_hide_title":false,"_genesis_hide_breadcrumbs":false,"_genesis_hide_singular_image":false,"_genesis_hide_footer_widgets":false,"_genesis_custom_body_class":"","_genesis_custom_post_class":"","_genesis_layout":"","footnotes":""},"class_list":{"0":"post-2929","1":"page","2":"type-page","3":"status-publish","5":"entry"},"featured_image_src":null,"featured_image_src_square":null,"_links":{"self":[{"href":"https:\/\/siokorhaz.hu\/index.php?rest_route=\/wp\/v2\/pages\/2929","targetHints":{"allow":["GET"]}}],"collection":[{"href":"https:\/\/siokorhaz.hu\/index.php?rest_route=\/wp\/v2\/pages"}],"about":[{"href":"https:\/\/siokorhaz.hu\/index.php?rest_route=\/wp\/v2\/types\/page"}],"author":[{"embeddable":true,"href":"https:\/\/siokorhaz.hu\/index.php?rest_route=\/wp\/v2\/users\/1"}],"replies":[{"embeddable":true,"href":"https:\/\/siokorhaz.hu\/index.php?rest_route=%2Fwp%2Fv2%2Fcomments&post=2929"}],"version-history":[{"count":0,"href":"https:\/\/siokorhaz.hu\/index.php?rest_route=\/wp\/v2\/pages\/2929\/revisions"}],"wp:attachment":[{"href":"https:\/\/siokorhaz.hu\/index.php?rest_route=%2Fwp%2Fv2%2Fmedia&parent=2929"}],"curies":[{"name":"wp","href":"https:\/\/api.w.org\/{rel}","templated":true}]}}