{"id":2923,"date":"2025-01-22T09:25:28","date_gmt":"2025-01-22T08:25:28","guid":{"rendered":"http:\/\/169.254.1.50\/?page_id=2923"},"modified":"2025-06-04T20:42:33","modified_gmt":"2025-06-04T20:42:33","slug":"borostyan-patika","status":"publish","type":"page","link":"https:\/\/siokorhaz.hu\/?page_id=2923","title":{"rendered":"Borosty\u00e1n patika"},"content":{"rendered":"<div class=\"clearfix\">\n<div id=\"header-wrapper\" class=\"header-top-relative\">\n<section class=\"main-title-section-wrapper default\">\n<div class=\"container\">\n<form id=\"searchform\" action=\"https:\/\/siokorhaz.hu\/\" method=\"get\"><span style=\"font-size: revert;\">A <\/span><strong style=\"font-size: revert;\" data-start=\"230\" data-end=\"256\">Borosty\u00e1n Gy\u00f3gyszert\u00e1r<\/strong><span style=\"font-size: revert;\">\u00a0szeretettel v\u00e1r mindenkit, aki eg\u00e9szs\u00e9ge meg\u0151rz\u00e9se vagy helyre\u00e1ll\u00edt\u00e1sa \u00e9rdek\u00e9ben hozz\u00e1nk fordul. Sz\u00e9les term\u00e9kk\u00edn\u00e1lattal \u00e1llunk rendelkez\u00e9sre:\u00a0<\/span><strong style=\"font-size: revert;\" data-start=\"400\" data-end=\"505\">gy\u00f3gyszereket, gy\u00f3gy\u00e1szati seg\u00e9deszk\u00f6z\u00f6ket, gy\u00f3gyterm\u00e9keket, eg\u00e9szs\u00e9gv\u00e9d\u0151 k\u00e9sz\u00edtm\u00e9nyeket, gy\u00f3gyte\u00e1kat<\/strong><span style=\"font-size: revert;\">\u00a0\u00e9s sz\u00e1mos egy\u00e9b eg\u00e9szs\u00e9get t\u00e1mogat\u00f3 term\u00e9ket k\u00edn\u00e1lunk betegeinknek \u00e9s v\u00e1s\u00e1rl\u00f3inknak.<\/span><\/form>\n<\/div>\n<\/section>\n<\/div>\n<div id=\"main\">\n<div class=\"container\">\n<section id=\"primary\" class=\"content-full-width\">\n<div id=\"post-2923\" class=\"post-2923 page type-page status-publish hentry\">\n<div class=\"clearfix\">\n<p data-start=\"592\" data-end=\"791\">Gy\u00f3gyszert\u00e1runk c\u00e9lja, hogy ne csup\u00e1n kiszolg\u00e1ljuk az ig\u00e9nyeket, hanem val\u00f3di seg\u00edts\u00e9get ny\u00fajtsunk \u2013 legyen sz\u00f3 v\u00e9nyk\u00f6teles k\u00e9sz\u00edtm\u00e9nyek kiv\u00e1lt\u00e1s\u00e1r\u00f3l, vagy term\u00e9szetes alap\u00fa term\u00e9kek kiv\u00e1laszt\u00e1s\u00e1r\u00f3l.<\/p>\n<p data-start=\"793\" data-end=\"1095\"><strong data-start=\"793\" data-end=\"816\">Szak\u00e9rt\u0151 koll\u00e9g\u00e1ink<\/strong>\u00a0nagy tapasztalattal, emp\u00e1ti\u00e1val \u00e9s naprak\u00e9sz tud\u00e1ssal \u00e1llnak rendelkez\u00e9sre, \u00e9s sz\u00edvesen adnak szem\u00e9lyre szabott tan\u00e1csot legyen sz\u00f3 a\u00a0<strong data-start=\"951\" data-end=\"1030\">gy\u00f3gyszeres kezel\u00e9sr\u0151l, eg\u00e9szs\u00e9ges \u00e9letm\u00f3dr\u00f3l, megel\u0151z\u00e9sr\u0151l, t\u00e1pl\u00e1lkoz\u00e1sr\u00f3l<\/strong>, vagy ak\u00e1r vitaminok \u00e9s \u00e9trend-kieg\u00e9sz\u00edt\u0151k helyes haszn\u00e1lat\u00e1r\u00f3l.<\/p>\n<\/div>\n<div>\u00a0<\/div>\n<div>\n<hr \/><\/div>\n<div class=\"clearfix\">Borosty\u00e1n Patika<\/div>\n<div class=\"clearfix\">\n<div class=\"row\">\n<div class=\"col-md-12\">\n<div class=\"tag-box tag-box-v6 vcard\">\n<h6 class=\"org\">Si\u00f3foki K\u00f3rh\u00e1z-Rendel\u0151int\u00e9zet<\/h6>\n<p><a class=\"adr\" href=\"https:\/\/www.siokorhaz.hu\/a_korhazrol\/borostyan_patika#\">8600 Si\u00f3fok, Semmelweis u. 1. F\u0151\u00e9p\u00fclet aula<\/a><\/p>\n<p><a class=\"email\" href=\"mailto:borostyan@siokorhaz.hu\">borostyan@siokorhaz.hu<\/a><\/p>\n<p><a class=\"tel\" href=\"tel:+36 84 501 703\">+36 84 501 703<\/a><\/p>\n<div><strong>Nyitva<\/strong>:<\/div>\n<ul>\n<li>H\u00e9tf\u0151t\u0151l p\u00e9ntekig\u00a0 8 \u2013 15 \u00f3r\u00e1ig.<\/li>\n<\/ul>\n<\/div>\n<\/div>\n<\/div>\n<\/div>\n<\/div>\n<\/section>\n<\/div>\n<\/div>\n<\/div>\n<div class=\"clearfix\">\n<div class=\"row\">\n<div class=\"col-md-12\">\n<div class=\"tag-box tag-box-v6 vcard\">\u00a0<\/div>\n<\/div>\n<\/div>\n<\/div>\n\n\n<figure class=\"wp-block-image size-large\"><img loading=\"lazy\" decoding=\"async\" width=\"1024\" height=\"682\" src=\"https:\/\/siokorhaz.hu\/wp-content\/uploads\/2025\/01\/DSC_0276-scaled-1-1024x682.jpg\" alt=\"K\u00f3rh\u00e1zi patika pultja, gy\u00f3gyszerek \u00e9s v\u00e9d\u0151falak l\u00e1that\u00f3k.\" class=\"wp-image-2727\" srcset=\"https:\/\/siokorhaz.hu\/wp-content\/uploads\/2025\/01\/DSC_0276-scaled-1-1024x682.jpg 1024w, https:\/\/siokorhaz.hu\/wp-content\/uploads\/2025\/01\/DSC_0276-scaled-1-300x200.jpg 300w, https:\/\/siokorhaz.hu\/wp-content\/uploads\/2025\/01\/DSC_0276-scaled-1-768x512.jpg 768w, https:\/\/siokorhaz.hu\/wp-content\/uploads\/2025\/01\/DSC_0276-scaled-1-1536x1024.jpg 1536w, https:\/\/siokorhaz.hu\/wp-content\/uploads\/2025\/01\/DSC_0276-scaled-1-2048x1365.jpg 2048w, https:\/\/siokorhaz.hu\/wp-content\/uploads\/2025\/01\/DSC_0276-scaled-1-600x400.jpg 600w\" sizes=\"auto, (max-width: 1024px) 100vw, 1024px\" \/><\/figure>\n\n\n\n<p>Inform\u00e1ci\u00f3 \u00fcgyeletes gy\u00f3gyszert\u00e1rakr\u00f3l:<\/p>\n\n\n\n<p><a href=\"https:\/\/siofok.hu\/varosi-informaciok\/kozelet\/egeszsegugyi-intezmenyek\/gyogyszertarak\/gyogyszertari-ugyelet\">https:\/\/siofok.hu\/varosi-informaciok\/kozelet\/egeszsegugyi-intezmenyek\/gyogyszertarak\/gyogyszertari-ugyelet<\/a><\/p>\n\n\n\n<p><a href=\"https:\/\/ogyei.gov.hu\/gyogyszertarkereso\">https:\/\/ogyei.gov.hu\/gyogyszertarkereso<\/a><\/p>\n\n\n\n<div class=\"wp-block-buttons is-content-justification-left is-layout-flex wp-container-core-buttons-is-layout-fdcfc74e wp-block-buttons-is-layout-flex\">\n<div class=\"wp-block-button is-style-outline is-style-outline--1\"><a class=\"wp-block-button__link has-text-color has-background wp-element-button\" href=\"https:\/\/ogyp.hu\/\" style=\"color:#ffffff;background-color:#042700\" target=\"_blank\" rel=\"noreferrer noopener\">ANDROID APP<\/a><\/div>\n<\/div>\n\n\n\n<p><\/p>\n","protected":false},"excerpt":{"rendered":"<p>A Borosty\u00e1n Gy\u00f3gyszert\u00e1r\u00a0szeretettel v\u00e1r mindenkit, aki eg\u00e9szs\u00e9ge meg\u0151rz\u00e9se vagy helyre\u00e1ll\u00edt\u00e1sa \u00e9rdek\u00e9ben hozz\u00e1nk fordul. Sz\u00e9les term\u00e9kk\u00edn\u00e1lattal \u00e1llunk rendelkez\u00e9sre:\u00a0gy\u00f3gyszereket, gy\u00f3gy\u00e1szati seg\u00e9deszk\u00f6z\u00f6ket, gy\u00f3gyterm\u00e9keket, eg\u00e9szs\u00e9gv\u00e9d\u0151 k\u00e9sz\u00edtm\u00e9nyeket, gy\u00f3gyte\u00e1kat\u00a0\u00e9s sz\u00e1mos egy\u00e9b eg\u00e9szs\u00e9get t\u00e1mogat\u00f3 term\u00e9ket k\u00edn\u00e1lunk betegeinknek \u00e9s v\u00e1s\u00e1rl\u00f3inknak. Gy\u00f3gyszert\u00e1runk c\u00e9lja, hogy ne csup\u00e1n kiszolg\u00e1ljuk az ig\u00e9nyeket, hanem val\u00f3di seg\u00edts\u00e9get ny\u00fajtsunk \u2013 legyen sz\u00f3 v\u00e9nyk\u00f6teles k\u00e9sz\u00edtm\u00e9nyek kiv\u00e1lt\u00e1s\u00e1r\u00f3l, vagy term\u00e9szetes alap\u00fa term\u00e9kek kiv\u00e1laszt\u00e1s\u00e1r\u00f3l. [&hellip;]<\/p>\n","protected":false},"author":1,"featured_media":2727,"parent":0,"menu_order":0,"comment_status":"closed","ping_status":"closed","template":"","meta":{"_genesis_hide_title":false,"_genesis_hide_breadcrumbs":false,"_genesis_hide_singular_image":false,"_genesis_hide_footer_widgets":false,"_genesis_custom_body_class":"","_genesis_custom_post_class":"","_genesis_layout":"","footnotes":""},"class_list":{"0":"post-2923","1":"page","2":"type-page","3":"status-publish","4":"has-post-thumbnail","6":"entry"},"featured_image_src":"https:\/\/siokorhaz.hu\/wp-content\/uploads\/2025\/01\/DSC_0276-scaled-1-600x400.jpg","featured_image_src_square":"https:\/\/siokorhaz.hu\/wp-content\/uploads\/2025\/01\/DSC_0276-scaled-1-600x600.jpg","_links":{"self":[{"href":"https:\/\/siokorhaz.hu\/index.php?rest_route=\/wp\/v2\/pages\/2923","targetHints":{"allow":["GET"]}}],"collection":[{"href":"https:\/\/siokorhaz.hu\/index.php?rest_route=\/wp\/v2\/pages"}],"about":[{"href":"https:\/\/siokorhaz.hu\/index.php?rest_route=\/wp\/v2\/types\/page"}],"author":[{"embeddable":true,"href":"https:\/\/siokorhaz.hu\/index.php?rest_route=\/wp\/v2\/users\/1"}],"replies":[{"embeddable":true,"href":"https:\/\/siokorhaz.hu\/index.php?rest_route=%2Fwp%2Fv2%2Fcomments&post=2923"}],"version-history":[{"count":6,"href":"https:\/\/siokorhaz.hu\/index.php?rest_route=\/wp\/v2\/pages\/2923\/revisions"}],"predecessor-version":[{"id":6566,"href":"https:\/\/siokorhaz.hu\/index.php?rest_route=\/wp\/v2\/pages\/2923\/revisions\/6566"}],"wp:featuredmedia":[{"embeddable":true,"href":"https:\/\/siokorhaz.hu\/index.php?rest_route=\/wp\/v2\/media\/2727"}],"wp:attachment":[{"href":"https:\/\/siokorhaz.hu\/index.php?rest_route=%2Fwp%2Fv2%2Fmedia&parent=2923"}],"curies":[{"name":"wp","href":"https:\/\/api.w.org\/{rel}","templated":true}]}}