{"id":2919,"date":"2025-01-22T09:22:43","date_gmt":"2025-01-22T08:22:43","guid":{"rendered":"http:\/\/169.254.1.50\/?page_id=2919"},"modified":"2025-10-20T06:21:18","modified_gmt":"2025-10-20T06:21:18","slug":"minosegpolitikai-nyilatkozat","status":"publish","type":"page","link":"https:\/\/siokorhaz.hu\/?page_id=2919","title":{"rendered":"Min\u0151s\u00e9gpolitikai nyilatkozat"},"content":{"rendered":"<p><strong>MIN\u0150S\u00c9GPOLITIKAI NYILATKOZAT<\/strong><\/p>\n<p>A Si\u00f3foki K\u00f3rh\u00e1z-Rendel\u0151int\u00e9zet f\u0151igazgat\u00f3ja \u2013 a vezet\u0151test\u00fclet t\u00e1mogat\u00e1s\u00e1val \u2013 a k\u00f3rh\u00e1zi szolg\u00e1ltat\u00e1sok jav\u00edt\u00e1sa, a betegek, szolg\u00e1ltat\u00e1st ig\u00e9nybevev\u0151k \u00e9s a hozz\u00e1tartoz\u00f3k el\u00e9gedetts\u00e9g\u00e9nek optimaliz\u00e1l\u00e1sa \u00e9rdek\u00e9ben tov\u00e1bbfejlesztette a min\u0151s\u00e9gir\u00e1ny\u00edt\u00e1si rendszer\u00e9t, \u00e1tt\u00e9rve az <strong>msz en iso 9001:2015<\/strong> szabv\u00e1nyra \u00e9s integr\u00e1ltan m\u0171k\u00f6dteti a szakmai m\u0171k\u00f6d\u00e9st szab\u00e1lyoz\u00f3 <strong>Magyar eg\u00e9szs\u00e9g\u00fcgyi ell\u00e1t\u00e1si standardok k\u00e9zik\u00f6nyv<\/strong> <strong>2.0<\/strong> krit\u00e9riumaival a min\u0151s\u00e9gir\u00e1ny\u00edt\u00e1si rendszert.<\/p>\n<p>A f\u0151igazgat\u00f3 \u00e9s vezet\u0151 munkat\u00e1rsai felel\u0151ss\u00e9get \u00e9s elk\u00f6telezetts\u00e9get v\u00e1llalnak az integr\u00e1lt min\u0151s\u00e9gir\u00e1ny\u00edt\u00e1si rendszer folyamatos fejleszt\u00e9s\u00e9re, a munkat\u00e1rsakkal val\u00f3 megismertet\u00e9sre, elfogadtat\u00e1sra.<\/p>\n<p>C\u00e9lunk:<\/p>\n<ul>\n<li>a betegell\u00e1t\u00e1st a szem\u00e9lyes sz\u00fcks\u00e9gletek figyelembev\u00e9tel\u00e9vel, a szolg\u00e1ltat\u00e1sainkat ig\u00e9nybe vev\u0151k emberi m\u00e9lt\u00f3s\u00e1g\u00e1nak \u00e9s jogainak tiszteletben tart\u00e1s\u00e1val, az etikai norm\u00e1k betart\u00e1sa mellett, a legjobb szaktud\u00e1s szerint v\u00e9gezz\u00fck,<\/li>\n<li>kiemelt feladatunknak tekintj\u00fck a bizony\u00edt\u00e9kokon nyugv\u00f3 gy\u00f3gy\u00edt\u00f3 tev\u00e9kenys\u00e9g v\u00e9gz\u00e9s\u00e9t, az emberk\u00f6zpont\u00fa betegell\u00e1t\u00e1s sz\u00ednvonal\u00e1nak folyamatos jav\u00edt\u00e1s\u00e1t,<\/li>\n<li>kimagasl\u00f3 szakmai ismeretekkel rendelkez\u0151 munkat\u00e1rsak alkalmaz\u00e1s\u00e1ra t\u00f6reksz\u00fcnk,<\/li>\n<li>a dolgoz\u00f3ink k\u00e9pz\u00e9se, folyamatos tov\u00e1bbk\u00e9pz\u00e9se, a tudom\u00e1ny mindenkori \u00e1ll\u00e1s\u00e1nak megfelel\u0151 ismeretek elsaj\u00e1t\u00edt\u00e1sa, az eg\u00e9szs\u00e9gmeg\u0151rz\u00e9s \u00e9rt\u00e9keit szem el\u0151tt tartva,<\/li>\n<li>a gy\u00f3gy\u00edt\u00f3 szem\u00e9lyzet seg\u00edt\u0151 magatart\u00e1s\u00e1nak fejleszt\u00e9se, a betegs\u00e9gek okozta h\u00e1tr\u00e1nyos helyzet miel\u0151bbi megsz\u00fcntet\u00e9se,<\/li>\n<li>a szakm\u00e1k k\u00f6z\u00f6tti egy\u00fcttm\u0171k\u00f6d\u00e9s er\u0151s\u00edt\u00e9se,<\/li>\n<li>a szakmai tev\u00e9kenys\u00e9g\u00fcnk folyamatos m\u00e9r\u00e9se, elemz\u00e9se, \u00e9rt\u00e9kel\u00e9se, valamint betegel\u00e9gedetts\u00e9gi vizsg\u00e1latok alkalmaz\u00e1sa \u00e9s a sz\u00fcks\u00e9ges int\u00e9zked\u00e9sek meghozatala a betegell\u00e1t\u00e1s sz\u00ednvonal\u00e1nak fejleszt\u00e9se \u00e9rdek\u00e9ben,<\/li>\n<li>a rendelkez\u00e9sre \u00e1ll\u00f3 er\u0151forr\u00e1sok hat\u00e9kony felhaszn\u00e1l\u00e1sa, a k\u00f3rh\u00e1zi k\u00f6rnyezet, az orvostechnikai eszk\u00f6z\u00f6k \u00e9s berendez\u00e9sek, gy\u00f3gy\u00edt\u00e1si m\u00f3dszerek folyamatos fejleszt\u00e9se, a betegbiztons\u00e1g megteremt\u00e9se.<\/li>\n<\/ul>\n<p>Gy\u00f3gy\u00edt\u00f3-, megel\u0151z\u0151 munk\u00e1nk, vezet\u0151i int\u00e9zked\u00e9seink c\u00e9lja, hogy a betegek, a szolg\u00e1ltat\u00e1st ig\u00e9nybevev\u0151k magas szint\u0171 ell\u00e1t\u00e1sban r\u00e9szes\u00fcljenek, el\u00e9gedetten t\u00e1vozzanak otthonukba \u00e9s bizalommal t\u00e9rjenek vissza k\u00f3rh\u00e1zunkba.<\/p>\n<p>Si\u00f3fok, 2025. febru\u00e1r 1.<\/p>\n<p style=\"text-align: center;\">Dr. Vajda M\u00e1rk<\/p>\n<p style=\"text-align: center;\">f\u0151igazgat\u00f3<\/p>\n","protected":false},"excerpt":{"rendered":"<p>MIN\u0150S\u00c9GPOLITIKAI NYILATKOZAT A Si\u00f3foki K\u00f3rh\u00e1z-Rendel\u0151int\u00e9zet f\u0151igazgat\u00f3ja \u2013 a vezet\u0151test\u00fclet t\u00e1mogat\u00e1s\u00e1val \u2013 a k\u00f3rh\u00e1zi szolg\u00e1ltat\u00e1sok jav\u00edt\u00e1sa, a betegek, szolg\u00e1ltat\u00e1st ig\u00e9nybevev\u0151k \u00e9s a hozz\u00e1tartoz\u00f3k el\u00e9gedetts\u00e9g\u00e9nek optimaliz\u00e1l\u00e1sa \u00e9rdek\u00e9ben tov\u00e1bbfejlesztette a min\u0151s\u00e9gir\u00e1ny\u00edt\u00e1si rendszer\u00e9t, \u00e1tt\u00e9rve az msz en iso 9001:2015 szabv\u00e1nyra \u00e9s integr\u00e1ltan m\u0171k\u00f6dteti a szakmai m\u0171k\u00f6d\u00e9st szab\u00e1lyoz\u00f3 Magyar eg\u00e9szs\u00e9g\u00fcgyi ell\u00e1t\u00e1si standardok k\u00e9zik\u00f6nyv 2.0 krit\u00e9riumaival a min\u0151s\u00e9gir\u00e1ny\u00edt\u00e1si rendszert. A f\u0151igazgat\u00f3 [&hellip;]<\/p>\n","protected":false},"author":1,"featured_media":2709,"parent":0,"menu_order":0,"comment_status":"closed","ping_status":"closed","template":"","meta":{"_genesis_hide_title":false,"_genesis_hide_breadcrumbs":false,"_genesis_hide_singular_image":false,"_genesis_hide_footer_widgets":false,"_genesis_custom_body_class":"","_genesis_custom_post_class":"","_genesis_layout":"","footnotes":""},"class_list":{"0":"post-2919","1":"page","2":"type-page","3":"status-publish","4":"has-post-thumbnail","6":"entry"},"featured_image_src":"https:\/\/siokorhaz.hu\/wp-content\/uploads\/2025\/01\/x_IMG_0781-600x400.jpg","featured_image_src_square":"https:\/\/siokorhaz.hu\/wp-content\/uploads\/2025\/01\/x_IMG_0781-600x600.jpg","_links":{"self":[{"href":"https:\/\/siokorhaz.hu\/index.php?rest_route=\/wp\/v2\/pages\/2919","targetHints":{"allow":["GET"]}}],"collection":[{"href":"https:\/\/siokorhaz.hu\/index.php?rest_route=\/wp\/v2\/pages"}],"about":[{"href":"https:\/\/siokorhaz.hu\/index.php?rest_route=\/wp\/v2\/types\/page"}],"author":[{"embeddable":true,"href":"https:\/\/siokorhaz.hu\/index.php?rest_route=\/wp\/v2\/users\/1"}],"replies":[{"embeddable":true,"href":"https:\/\/siokorhaz.hu\/index.php?rest_route=%2Fwp%2Fv2%2Fcomments&post=2919"}],"version-history":[{"count":4,"href":"https:\/\/siokorhaz.hu\/index.php?rest_route=\/wp\/v2\/pages\/2919\/revisions"}],"predecessor-version":[{"id":6781,"href":"https:\/\/siokorhaz.hu\/index.php?rest_route=\/wp\/v2\/pages\/2919\/revisions\/6781"}],"wp:featuredmedia":[{"embeddable":true,"href":"https:\/\/siokorhaz.hu\/index.php?rest_route=\/wp\/v2\/media\/2709"}],"wp:attachment":[{"href":"https:\/\/siokorhaz.hu\/index.php?rest_route=%2Fwp%2Fv2%2Fmedia&parent=2919"}],"curies":[{"name":"wp","href":"https:\/\/api.w.org\/{rel}","templated":true}]}}