{"id":2915,"date":"2025-01-22T09:20:37","date_gmt":"2025-01-22T08:20:37","guid":{"rendered":"http:\/\/169.254.1.50\/?page_id=2915"},"modified":"2025-05-29T11:37:57","modified_gmt":"2025-05-29T11:37:57","slug":"misszios-nyilatkozat","status":"publish","type":"page","link":"https:\/\/siokorhaz.hu\/?page_id=2915","title":{"rendered":"Misszi\u00f3s nyilatkozat\u00a0"},"content":{"rendered":"<p>Teremts\u00fck meg az \u00e1lland\u00f3 lakoss\u00e1g, az itt \u00fcd\u00fcl\u0151 vagy dolgoz\u00f3 emberek sz\u00e1m\u00e1ra a magas szint\u0171 eg\u00e9szs\u00e9g\u00fcgyi ell\u00e1t\u00e1s felt\u00e9teleit, vagy ha ez akad\u00e1lyba \u00fctk\u00f6zik, korszer\u0171 diagnosztikus vizsg\u00e1latok elv\u00e9gz\u00e9se ut\u00e1n a beteget a legr\u00f6videbb id\u0151n bel\u00fcl k\u00fcldj\u00fck megfelel\u0151 szakint\u00e9zetbe.<\/p>\n<p>A megel\u0151z\u00e9st tekints\u00fck a gy\u00f3gy\u00edt\u00e1ssal azonos, fontos orvosi feladatnak. A szervi megbeteged\u00e9sek gy\u00f3gy\u00edt\u00e1sa mellett a k\u00f3rh\u00e1zi l\u00e9gk\u00f6r a betegek el\u00e9gedetts\u00e9g\u00e9t, az eg\u00e9sz ember teljes megnyugv\u00e1s\u00e1t eredm\u00e9nyezze.<\/p>\n<p>M\u0171k\u00f6d\u00e9s\u00fcnk tov\u00e1bbi jav\u00edt\u00e1sa \u00e9rdek\u00e9ben a betegeinkt\u0151l, a lakoss\u00e1gt\u00f3l kapott seg\u00edt\u0151 sz\u00e1nd\u00e9k\u00fa \u00e9szrev\u00e9teleket nagy tisztelettel megk\u00f6sz\u00f6nj\u00fck, \u00e9s figyelembe vessz\u00fck.<\/p>\n<p>Az int\u00e9zm\u00e9ny vezet\u00e9se elk\u00f6telezetts\u00e9get v\u00e1llalt a betegek el\u00e9gedetts\u00e9g\u00e9t szolg\u00e1l\u00f3 min\u0151s\u00e9gir\u00e1ny\u00edt\u00e1si rendszer bevezet\u00e9s\u00e9re, m\u0171k\u00f6dtet\u00e9s\u00e9re \u00e9s folyamatos fejleszt\u00e9s\u00e9re.<\/p>\n<p>Min\u0151s\u00e9gir\u00e1ny\u00edt\u00e1si rendszer\u00fcnk r\u00e9v\u00e9n k\u00edv\u00e1njuk biztos\u00edtani a k\u00f3rh\u00e1zi szolg\u00e1ltat\u00e1sokat ig\u00e9nybevev\u0151k biztons\u00e1gos, magas szakmai sz\u00ednvonal\u00fa ell\u00e1t\u00e1s\u00e1t.<\/p>\n<p>Fejleszt\u00e9si terv\u00fcnk igazodik feladatainkhoz, beilleszkedik az eg\u00e9szs\u00e9g\u00fcgyi \u00e1gazati fejleszt\u00e9si elk\u00e9pzel\u00e9sekbe.<\/p>\n<p><strong>\u201eNem akarunk nagyobbak lenni, mint sz\u00fcks\u00e9ges, nem akarunk t\u00f6bbet tenni, mint lehets\u00e9ges!\u201d<\/strong><br \/>\n(Dr. Varga Ferenc)<\/p>\n<p>Si\u00f3fok, 2015. augusztus 01.<\/p>\n","protected":false},"excerpt":{"rendered":"<p>Teremts\u00fck meg az \u00e1lland\u00f3 lakoss\u00e1g, az itt \u00fcd\u00fcl\u0151 vagy dolgoz\u00f3 emberek sz\u00e1m\u00e1ra a magas szint\u0171 eg\u00e9szs\u00e9g\u00fcgyi ell\u00e1t\u00e1s felt\u00e9teleit, vagy ha ez akad\u00e1lyba \u00fctk\u00f6zik, korszer\u0171 diagnosztikus vizsg\u00e1latok elv\u00e9gz\u00e9se ut\u00e1n a beteget a legr\u00f6videbb id\u0151n bel\u00fcl k\u00fcldj\u00fck megfelel\u0151 szakint\u00e9zetbe. A megel\u0151z\u00e9st tekints\u00fck a gy\u00f3gy\u00edt\u00e1ssal azonos, fontos orvosi feladatnak. A szervi megbeteged\u00e9sek gy\u00f3gy\u00edt\u00e1sa mellett a k\u00f3rh\u00e1zi l\u00e9gk\u00f6r a [&hellip;]<\/p>\n","protected":false},"author":1,"featured_media":2709,"parent":0,"menu_order":0,"comment_status":"closed","ping_status":"closed","template":"","meta":{"_genesis_hide_title":false,"_genesis_hide_breadcrumbs":false,"_genesis_hide_singular_image":false,"_genesis_hide_footer_widgets":false,"_genesis_custom_body_class":"","_genesis_custom_post_class":"","_genesis_layout":"","footnotes":""},"class_list":{"0":"post-2915","1":"page","2":"type-page","3":"status-publish","4":"has-post-thumbnail","6":"entry"},"featured_image_src":"https:\/\/siokorhaz.hu\/wp-content\/uploads\/2025\/01\/x_IMG_0781-600x400.jpg","featured_image_src_square":"https:\/\/siokorhaz.hu\/wp-content\/uploads\/2025\/01\/x_IMG_0781-600x600.jpg","_links":{"self":[{"href":"https:\/\/siokorhaz.hu\/index.php?rest_route=\/wp\/v2\/pages\/2915","targetHints":{"allow":["GET"]}}],"collection":[{"href":"https:\/\/siokorhaz.hu\/index.php?rest_route=\/wp\/v2\/pages"}],"about":[{"href":"https:\/\/siokorhaz.hu\/index.php?rest_route=\/wp\/v2\/types\/page"}],"author":[{"embeddable":true,"href":"https:\/\/siokorhaz.hu\/index.php?rest_route=\/wp\/v2\/users\/1"}],"replies":[{"embeddable":true,"href":"https:\/\/siokorhaz.hu\/index.php?rest_route=%2Fwp%2Fv2%2Fcomments&post=2915"}],"version-history":[{"count":1,"href":"https:\/\/siokorhaz.hu\/index.php?rest_route=\/wp\/v2\/pages\/2915\/revisions"}],"predecessor-version":[{"id":6210,"href":"https:\/\/siokorhaz.hu\/index.php?rest_route=\/wp\/v2\/pages\/2915\/revisions\/6210"}],"wp:featuredmedia":[{"embeddable":true,"href":"https:\/\/siokorhaz.hu\/index.php?rest_route=\/wp\/v2\/media\/2709"}],"wp:attachment":[{"href":"https:\/\/siokorhaz.hu\/index.php?rest_route=%2Fwp%2Fv2%2Fmedia&parent=2915"}],"curies":[{"name":"wp","href":"https:\/\/api.w.org\/{rel}","templated":true}]}}