{"id":2883,"date":"2025-01-22T08:10:58","date_gmt":"2025-01-22T07:10:58","guid":{"rendered":"http:\/\/169.254.1.50\/?page_id=2883"},"modified":"2025-05-29T11:39:28","modified_gmt":"2025-05-29T11:39:28","slug":"tortenet","status":"publish","type":"page","link":"https:\/\/siokorhaz.hu\/?page_id=2883","title":{"rendered":"T\u00f6rt\u00e9net"},"content":{"rendered":"<div class=\"clearfix\">\n<p><strong>Az 1950-es \u00e9vekben m\u00e1r felvet\u0151d\u00f6tt egy Balaton d\u00e9li partj\u00e1n l\u00e9tes\u00edtend\u0151 k\u00f3rh\u00e1z gondolata.\u00a0 A v\u00e1laszt\u00e1s Si\u00f3fokra esett, mert a t\u00e9rs\u00e9g gazdas\u00e1gi, kereskedelmi \u00e9s idegenforgalmi szempontb\u00f3l dinamikusan fejl\u0151d\u0151 k\u00f6zpontj\u00e1nak tartott\u00e1k.<\/strong><\/p>\n<hr \/>\n<p>A P\u00e9csi Tervez\u0151 V\u00e1llalat 1956-ban rajzasztalra tette a k\u00f3rh\u00e1z terv\u00e9t, de az \u00e9p\u00edtkez\u00e9s csak 1961-ben kezd\u0151dhetett meg. K\u00f6zel nyolc \u00e9vbe telt, m\u00edg 1968. j\u00fanius 1-\u00e9n el\u0151sz\u00f6r a Rendel\u0151int\u00e9zet \u00e9p\u00fclet\u00e9t, 1968. december 29-\u00e9n pedig a k\u00f3rh\u00e1z\u00e9p\u00fcletet\u00a0 avathatt\u00e1k. Ezen a napon kapott v\u00e1rosi rangot Si\u00f3fok.<br \/>\nA K\u00f3rh\u00e1z-Rendel\u0151int\u00e9zet 400 \u00e1ggyal, 162 heti rendel\u0151int\u00e9zeti \u00f3rasz\u00e1mmal, k\u00f6z\u00f6s igazgat\u00e1ssal, gazdas\u00e1gi ell\u00e1t\u00e1ssal funkcion\u00e1lis egys\u00e9get alkotott. K\u00f3rh\u00e1zi oszt\u00e1lyos h\u00e1tt\u00e9rrel rendelkez\u0151 szakrendel\u00e9sek orvosai meghat\u00e1rozott id\u0151ben a k\u00f3rh\u00e1zban \u00e9s a szakrendel\u00e9sen is dolgoztak. Az \u201eintegr\u00e1ci\u00f3nak\u201d nevezett szervez\u00e9si modell orsz\u00e1gos p\u00e9ld\u00e1j\u00e1nak emlegett\u00e9k az int\u00e9zm\u00e9nyt.<br \/>\nA 70-es \u00e9vek k\u00f6zep\u00e9t\u0151l szinte minden v\u00e1rosi \u00e9s k\u00f6rny\u00e9ki eg\u00e9szs\u00e9g\u00fcgyi szolg\u00e1lat a k\u00f3rh\u00e1z ir\u00e1ny\u00edt\u00e1sa al\u00e1 ker\u00fclt. A k\u00f3rh\u00e1z m\u0171k\u00f6dtette a feln\u0151tt \u00e9s gyermek k\u00f6rzeti orvosi szolg\u00e1latokat, az \u00fczemorvosi szolg\u00e1latot, szervezte a v\u00e1ros \u00e9s j\u00e1r\u00e1s \u00fcgyeleti ell\u00e1t\u00e1s\u00e1t, az iskolaeg\u00e9szs\u00e9g\u00fcgyet, valamint a Mozg\u00f3 Szakorvosi Szolg\u00e1latokat \/MSZSZ\/. A ny\u00e1ri h\u00e1rom h\u00f3napban a k\u00f3rh\u00e1z \u00fcd\u00fcl\u0151orvosi szolg\u00e1latot \u00e9s \u00e9jszakai rendel\u0151int\u00e9zeti seb\u00e9szetet is szervezett.<br \/>\nAz eg\u00e9szs\u00e9g\u00fcgyi ell\u00e1t\u00f3k szoros kapcsolata kedvez\u0151 hat\u00e1ssal volt az int\u00e9zm\u00e9ny tudom\u00e1nyos tev\u00e9kenys\u00e9g\u00e9re is. 1975-ig t\u00f6bb mint 50 tudom\u00e1nyos dolgozat jelent meg orvosaink toll\u00e1b\u00f3l.<br \/>\n1977-ig Dr. Viczi\u00e1n Antal a k\u00f3rh\u00e1zigazgat\u00f3 seb\u00e9sz f\u0151orvos vezette az int\u00e9zm\u00e9nyt, ut\u00e1na Dr. Varga Ferenc lett a k\u00f3rh\u00e1zigazgat\u00f3.<br \/>\n1978-t\u00f3l\u00a0 sz\u00fcks\u00e9gesnek l\u00e1tszott a k\u00f3rh\u00e1z\u00e9p\u00fclet bels\u0151 tereinek fel\u00faj\u00edt\u00e1sa, \u00e9s az \u00e9szaki homlokzat rosszul z\u00e1r\u00f3 ablakainak cser\u00e9je. Csempeburkolatot kapott a k\u00f3rh\u00e1zi eb\u00e9dl\u0151, intenz\u00edv r\u00e9szleg \u00e9p\u00fclt a seb\u00e9szeti oszt\u00e1lyon. Az \u00fajsz\u00fcl\u00f6tt r\u00e9szlegen\u00a0\u00a0 \u201eBaby\u201d telev\u00edzi\u00f3 m\u0171k\u00f6d\u00f6tt. A Somogyi u. 4\/a alatti \u00e9p\u00fcletet n\u0151v\u00e9rsz\u00e1ll\u00f3v\u00e1 alak\u00edtott\u00e1k.\u00a0 Az u.n. \u201eBalla\u201d sz\u00e1ll\u00f3b\u00f3l orvossz\u00e1ll\u00e1s lett. Meg\u00e9p\u00fclt a k\u00f3rh\u00e1z ter\u00fclet\u00e9n egy 6 g\u00e9pkocsi t\u00e1rol\u00e1s\u00e1ra alkalmas gar\u00e1zssor. A gyerekoszt\u00e1ly alatti szabad ter\u00fclet be\u00e9p\u00edt\u00e9s\u00e9vel fizikother\u00e1pia \u00e9s gy\u00f3gytorna kezel\u00e9sekhez alkalmas r\u00e9szleg j\u00f6tt l\u00e9tre.<br \/>\n1980-t\u00f3l felgyorsult a k\u00f3rh\u00e1zi m\u0171szerek cser\u00e9je is. Szakmai programok keret\u00e9ben gyermekszem\u00e9szet, onkol\u00f3giai team j\u00f6tt l\u00e9tre, a sz\u00edvbeteg diagnosztika\u00a0 \u00faj Hellige EKG k\u00e9sz\u00fcl\u00e9kkel gyarapodott.\u00a0 Hall\u00e1svizsg\u00e1latokhoz \u201ecsendes f\u00fclk\u00e9t\u201d szereltettek.<br \/>\nAz int\u00e9zm\u00e9ny igen magas kihaszn\u00e1lts\u00e1ggal m\u0171k\u00f6d\u00f6tt, ez\u00e9rt felmer\u00fclt a k\u00f3rh\u00e1zb\u0151v\u00edt\u00e9s sz\u00fcks\u00e9gess\u00e9ge. Komplex terv k\u00e9sz\u00fclt ideg-elme oszt\u00e1ly, int\u00e9zeti gy\u00f3gyszert\u00e1r, inf\u00fazi\u00f3s laborat\u00f3rium \u00e9s intenz\u00edv oszt\u00e1ly kialak\u00edt\u00e1s\u00e1ra.<br \/>\n1983-t\u00f3l a SZOT B\u00e1ny\u00e1sz \u00dcd\u00fcl\u0151ben vibr\u00e1ci\u00f3s \u00e1rtalomban szenved\u0151k\u00a0 szanat\u00f3riumi rehabilit\u00e1ci\u00f3j\u00e1t v\u00e9gezt\u00e9k. A kezel\u00e9sek k\u00f6z\u00f6tt k\u00f6zkedvelt lett a sz\u00e9nsavh\u00f3\u00a0 \u00e9s a k\u00f6zeli \u00c1d\u00e1ndr\u00f3l sz\u00e1rmaz\u00f3 melegvizes balneother\u00e1pia.<br \/>\nA \u201et\u00fals\u00falyosok\u201d szanat\u00f3riumi kezel\u00e9s\u00e9vel\u00a0 a balatonf\u00f6ldv\u00e1ri SZOT \u00fcd\u00fcl\u0151 foglalkozott.<br \/>\n1984-ben az Eg\u00e9szs\u00e9g\u00fcgyi Miniszt\u00e9riumt\u00f3l\u00a0 \u201eKiv\u00e1l\u00f3 int\u00e9zm\u00e9ny\u201d kit\u00fcntet\u00e9st kapott a k\u00f3rh\u00e1z.<br \/>\n1985. augusztus 15-i f\u00f6ldreng\u00e9s megrong\u00e1lta a\u00a0 \u201eR\u00e9gi eg\u00e9szs\u00e9gh\u00e1zat\u201d \u00e9s a k\u00f3rh\u00e1z \u00e9p\u00fclet\u00e9t is. Gyors d\u00f6nt\u00e9s sz\u00fcletett :\u00a0 A k\u00f3rh\u00e1z\u00a0 d\u00e9li \u00e9p\u00fcletsz\u00e1rny\u00e1hoz csatlakoz\u00f3an 4 szintes \u00e9p\u00fclet alapoz\u00e1si munk\u00e1latait kezdt\u00e9k meg. Itt kapott helyet az anya-csecsem\u0151 \u00e9s gyermekv\u00e9delmi szolg\u00e1lat\u00a0 a gyermekk\u00f6rzeti orvosokkal, az inf\u00fazi\u00f3s laborat\u00f3rium \u00e9s gy\u00f3gyszert\u00e1r, valamint az 51 \u00e1gyas ideggy\u00f3gy\u00e1szati oszt\u00e1ly.\u00a0 Az \u00faj \u00e9p\u00fcletr\u00e9szt 1989. m\u00e1jus 1-\u00e9n\u00a0 avatta\u00a0 az eg\u00e9szs\u00e9g\u00fcgyi miniszter. A k\u00f6zponti laborat\u00f3rium az ideggy\u00f3gy\u00e1szati oszt\u00e1ly hely\u00e9re k\u00f6lt\u00f6z\u00f6tt, a labor hely\u00e9re pedig a 12 \u00e1gyas, l\u00e9gkondicion\u00e1lt K\u00f6zponti Anaesthesiol\u00f3gia \u00e9s Intez\u00edv Ther\u00e1pi\u00e1s Oszt\u00e1ly. Az \u00faj \u00e9p\u00edtm\u00e9ny f\u00f6ldszintj\u00e9n m\u0171k\u00f6dhetett az 1989-ben v\u00e1s\u00e1rolt computer tomograf \/CT\/ is. A t\u00fcd\u0151gondoz\u00f3 sz\u00e1m\u00e1ra a v\u00e1ros megv\u00e1s\u00e1rolta a F\u0151 u. 132. sz\u00e1m alatti \u201e\u00dajhelyi\u201d patik\u00e1t.<br \/>\nA szakdolgoz\u00f3k ut\u00e1np\u00f3tl\u00e1s\u00e1t r\u00e9szben\u00a0 a Perczel M\u00f3r Gimn\u00e1zium keret\u00e9ben m\u0171k\u00f6d\u0151 Eg\u00e9szs\u00e9g\u00fcgyi Szakk\u00f6z\u00e9piskola adta. El\u0151sz\u00f6r 1968-t\u0151l 1978-ig m\u0171k\u00f6d\u00f6tt.\u00a0 1979-t\u0151l 10 \u00e9ven \u00e1t sz\u00fcnetelt a szakk\u00f6z\u00e9piskolai k\u00e9pz\u00e9s, majd 1989- t\u0151l \u00fajra indult, hogy n\u00e9h\u00e1ny \u00e9vig m\u00e9g p\u00f3tolja a l\u00e9tsz\u00e1mot.<br \/>\n1989-t\u0151l\u00a0 \u00e9l\u00e9nk\u00fcltek a k\u00f3rh\u00e1z nemzetk\u00f6zi kapcsolatai. K\u00f6z\u00fcl\u00fck kiemelhet\u0151 a pritzwalki \/NDK\/ k\u00f3rh\u00e1zzal val\u00f3 szakmai egy\u00fcttm\u0171k\u00f6d\u00e9s.<br \/>\nAz 1990-ben megalakult\u00a0 a\u00a0 Magyar Orvosi Kamara helyi szervezete.<br \/>\n1991-ben a 12 \u00e1gyas intenz\u00edv oszt\u00e1ly \u00faj monitor rendszert \u00e9s teljes m\u0171szerezetts\u00e9get kapott. A seb\u00e9szeten meghonosodott az arthroscopia \u00e9s a laparoscopos seb\u00e9szet. A k\u00f3rh\u00e1z\u00a0 k\u00f6zponti g\u00e1zfogad\u00f3 \u00e9s vezet\u00e9kes ell\u00e1t\u00f3rendszert \u00e9p\u00edtett ki. A betegek \u00e1ltal l\u00e1togatott k\u00f6zponti helyeken \u00e9s orvosi szob\u00e1kban lehet\u0151s\u00e9g ny\u00edlt a szatellit TV ad\u00e1sok v\u00e9tel\u00e9re. \u00daj seb\u00e9szeti r\u00f6ntgen k\u00e9per\u0151s\u00edt\u0151, mammograf, sz\u00ednes ultrahang k\u00e9sz\u00fcl\u00e9k gyarap\u00edtotta a m\u0171szerparkot. 1993-ban elkezd\u0151d\u00f6tt egy \u00faj orvos \u00e9s n\u0151v\u00e9rsz\u00e1ll\u00f3 \u00e9p\u00edt\u00e9se a k\u00f3rh\u00e1z ter\u00fclet\u00e9n, mely 1994-ben lett k\u00e9sz.<br \/>\nAz 1989-ben 468-ra n\u00f6vekedett k\u00f3rh\u00e1zi \u00e1gysz\u00e1mot 1993. janu\u00e1r 1-t\u0151l\u00a0 410-re cs\u00f6kkentett\u00fck. A k\u00f3rh\u00e1z\u00a0 m\u00e1sodik\u00a0 emelet\u00e9n teremtett\u00fcnk lehet\u0151s\u00e9get cardiol\u00f3giai \u00e9s endoscopos diagnosztik\u00e1ra.<br \/>\nAz int\u00e9zm\u00e9nyben folyamatosan \u00e9p\u00fclt ki a sz\u00e1m\u00edt\u00f3g\u00e9pes informatikai rendszer. 1994-ben m\u00e1r a betegell\u00e1t\u00e1st szolg\u00e1l\u00f3, a k\u00f3rh\u00e1z nagy r\u00e9sz\u00e9re kiterjed\u0151 PC rendszerr\u00e9 fejl\u0151d\u00f6tt, a gazdas\u00e1gi-m\u0171szaki szolg\u00e1latokat is\u00a0 \u00e9rint\u0151\u00a0 programokkal. 1996. okt\u00f3ber 1-el megsz\u0171ntett\u00fck a gazdas\u00e1gtalann\u00e1 v\u00e1lt inf\u00fazi\u00f3 gy\u00e1rt\u00e1st. A gazdas\u00e1gi-m\u0171szaki ter\u00fcleten \u00e9s az igazgat\u00e1sban\u00a0 jelent\u0151s l\u00e9tsz\u00e1m le\u00e9p\u00edt\u00e9st hajtottunk v\u00e9gre. Az int\u00e9zet 1997. \u00e9vi z\u00e1r\u00f3l\u00e9tsz\u00e1ma 614 f\u0151 volt. Cs\u00f6kkentett\u00fck a k\u00f3rh\u00e1zi g\u00e9pkocsik \u00e9s g\u00e9pkocsivezet\u0151k sz\u00e1m\u00e1t. Bev\u00e9tel n\u00f6vel\u00e9s c\u00e9lj\u00e1b\u00f3l a \u201edivatos\u201d csontritkul\u00e1s m\u00e9r\u00e9sre szolg\u00e1l\u00f3 p-Dexa k\u00e9sz\u00fcl\u00e9ket szerezt\u00fcnk be.<br \/>\n1999-ben c\u00edmzett \/\u00e1llami\/ t\u00e1mogat\u00e1st ig\u00e9nyelt\u00fcnk az IMS szerkezet\u0171 \u00faj k\u00f3rh\u00e1zi sz\u00e1rny meger\u0151s\u00edt\u00e9s\u00e9re, a hotel szolg\u00e1ltat\u00e1s komfortos\u00edt\u00e1s\u00e1ra, a m\u0171t\u0151k zsiliprendszer\u00e9nek kialak\u00edt\u00e1s\u00e1ra, kaz\u00e1nh\u00e1z fel\u00faj\u00edt\u00e1sra, sz\u00fcks\u00e9g\u00e1ramforr\u00e1s cser\u00e9re \u00e9s m\u00e1s kapcsol\u00f3d\u00f3 beruh\u00e1z\u00e1sokra.<br \/>\nA seb\u00e9szeti \u00e9s sz\u00fcl\u00e9szeti oszt\u00e1lyon 1-1 luxus ig\u00e9nyeket kiel\u00e9g\u00edt\u0151 1 \u00e1gyas k\u00f3rtermet l\u00e9tes\u00edtett\u00fcnk. Koll\u00e9gium c\u00e9lj\u00e1ra szeptembert\u0151l m\u00e1jusig b\u00e9rbe adtuk a n\u0151v\u00e9rsz\u00e1ll\u00f3 kihaszn\u00e1latlan szob\u00e1it. A 2000. \u00e9vhez k\u00f6t\u0151dik a Tenager Ambulancia kialak\u00edt\u00e1sa.<br \/>\nA 2001-2002. \u00e9vben\u00a0 megval\u00f3sult k\u00f3rh\u00e1z fel\u00faj\u00edt\u00e1shoz kapcsol\u00f3d\u00f3an\u00a0 a ment\u0151bej\u00e1rat mellett seb\u00e9szeti ambulancia \u00e9s szakrendel\u00e9s, valamint a rendel\u0151int\u00e9zeti laborat\u00f3rium befogad\u00e1s\u00e1ra alkalmas \u00e9p\u00fclet k\u00e9sz\u00fclt. Egyidej\u0171leg a k\u00f3rh\u00e1z d\u00e9li \u00e9p\u00fcletsz\u00e1rny\u00e1ban rendel\u0151ket alak\u00edttattunk ki, hogy a rendel\u0151int\u00e9zet \u00e9p\u00fclet\u00e9b\u0151l valamennyi szakrendel\u00e9st a k\u00f3rh\u00e1zhoz csoportos\u00edthassunk \u00e1t.<br \/>\n2003. \u00e1prilis 1-t\u0151l 20 \u00e1gyas Kr\u00f3nikus oszt\u00e1ly m\u0171k\u00f6dik, melyet az akt\u00edv \u00e1gysz\u00e1m terh\u00e9re alak\u00edtottunk ki. A k\u00f3rh\u00e1z 373 \u00e1gyas. Technikailag magas szinten felszerelt Konferencia Termet\u00a0 biztos\u00edtunk az int\u00e9zet tudom\u00e1nyos rendezv\u00e9nyeinek sz\u00e1m\u00e1ra.<br \/>\nA Magyar Szabv\u00e1ny\u00fcgyi Test\u00fclet 2003. j\u00falius 30-\u00e1n az ISO 9001:2000 szabv\u00e1ny \u00e9s a K\u00f3rh\u00e1zi Ell\u00e1t\u00e1si Standardok alapj\u00e1n tan\u00fas\u00edtotta Int\u00e9zm\u00e9ny\u00fcnk min\u0151s\u00e9gir\u00e1ny\u00edt\u00e1si rendszer\u00e9t.<br \/>\nAz ezt k\u00f6vet\u0151 \u00e9ves fel\u00fcgyeleti auditok sor\u00e1n a k\u00f3rh\u00e1z m\u0171k\u00f6d\u00e9se megfelelt a szabv\u00e1ny- \u00e9s standardk\u00f6vetelm\u00e9nyeknek. 2006-ban sor ker\u00fclt a J\u00e1r\u00f3beteg Ell\u00e1t\u00e1si Standardok rendszerbe integr\u00e1l\u00e1s\u00e1ra \u00e9s tan\u00fas\u00edt\u00e1s\u00e1ra, valamint az els\u0151 okiratmeg\u00faj\u00edt\u00f3 auditra. 2007-ben a Magyar Eg\u00e9szs\u00e9g\u00fcgyi Ell\u00e1t\u00e1si Standardok k\u00e9zik\u00f6nyv szerinti m\u0171k\u00f6d\u00e9s tan\u00fas\u00edt\u00e1s\u00e1ra, majd 2009. \u00e9vben az MSZ EN ISO 9001:2009 szabv\u00e1ny \u00e1ltal bevezetett v\u00e1ltoztat\u00e1sok rendszerbe \u00e9p\u00edt\u00e9se is megt\u00f6rt\u00e9nt.<br \/>\n2005-ben Si\u00f3fok V\u00e1ros K\u00f3rh\u00e1z-Rendel\u0151int\u00e9zete elnyerte \u201eAz \u00e9v k\u00f3rh\u00e1za\u201d c\u00edmet.<br \/>\nBevezett\u00fck a r\u00f6ntgen filmet kik\u00fcsz\u00f6b\u00f6l\u0151 digit\u00e1lis k\u00e9palkot\u00f3 technik\u00e1t.<br \/>\n2006-ban a k\u00f3rh\u00e1zi \u00e1gysz\u00e1m 350-re cs\u00f6kkent. Az int\u00e9zm\u00e9ny a d\u00e9li Balaton-part \u00e9s \u00e9szak Somogy lakoss\u00e1g\u00e1nak folyamatos ell\u00e1t\u00e1s\u00e1t biztos\u00edt\u00f3 s\u00falyponti k\u00f3rh\u00e1za lett.<br \/>\n2009. \u00e9vben megval\u00f3sult a k\u00f3rh\u00e1z valamennyi k\u00f3rterm\u00e9nek, szakrendel\u0151knek a klimatiz\u00e1l\u00e1sa.<br \/>\nAz int\u00e9zm\u00e9ny az infrastruktur\u00e1lis fejl\u0151d\u00e9s\u00e9nek biztos\u00edt\u00e1sa \u00e9rdek\u00e9ben t\u00f6bb uni\u00f3s p\u00e1ly\u00e1zatot is beny\u00fajtott, melyek \u2013 TIOP 2.2.2. S\u00fcrg\u0151ss\u00e9gi ell\u00e1t\u00e1s fejleszt\u00e9se p\u00e1ly\u00e1zat, TIOP-2.2.4\/09\/1 Strukt\u00farav\u00e1ltoztat\u00e1st t\u00e1mogat\u00f3 infrastrukt\u00farafejleszt\u00e9s a fekv\u0151beteg-szakell\u00e1t\u00e1sban \u2013 sikeres eredm\u00e9nyt \u00e9rtek el \u00e9s megval\u00f3s\u00edt\u00e1suk jelenleg van folyamatban.<br \/>\nAz int\u00e9zm\u00e9ny a KEOP &#8211; 2009 &#8211; 5.3.0\/A &#8211; \u00c9p\u00fcletenergetikai fejleszt\u00e9sek \u00e9s k\u00f6zvil\u00e1g\u00edt\u00e1s korszer\u0171s\u00edt\u00e9se p\u00e1ly\u00e1zati felh\u00edv\u00e1sra is ny\u00fajtott be p\u00e1ly\u00e1zatot, mely szint\u00e9n eredm\u00e9nyes volt. A projekt 2012. \u00e9v janu\u00e1rj\u00e1ban megval\u00f3sult, mely ut\u00f3lagos k\u00fcls\u0151 \u00e9p\u00fcletszigetel\u00e9sre, ny\u00edl\u00e1sz\u00e1r\u00f3cser\u00e9re \u00e9s f\u0171t\u00e9skorszer\u0171s\u00edt\u00e9sre ir\u00e1nyult.<br \/>\n2012-ben megkezd\u0151d\u00f6tt az eg\u00e9szs\u00e9g\u00fcgy rendszerszint\u0171 \u00e1talak\u00edt\u00e1sa. A strukt\u00fara\u00e1talak\u00edt\u00e1s a Si\u00f3foki K\u00f3rh\u00e1zat is \u00e9rintette. 2012. m\u00e1jus 1. napj\u00e1t\u00f3l az int\u00e9zm\u00e9ny \u00e1llami tulajdonba ker\u00fclt, fenntart\u00f3ja a Gy\u00f3gyszer\u00e9szeti \u00e9s Eg\u00e9szs\u00e9g\u00fcgyi Szervezeti- \u00e9s Min\u0151s\u00e9gfejleszt\u00e9si Int\u00e9zet lett, amely a tulajdonosi jogokat gyakorolja.<br \/>\nA k\u00f3rh\u00e1z neve 2012. m\u00e1jus 1. napj\u00e1t\u00f3l Si\u00f3foki K\u00f3rh\u00e1z-Rendel\u0151int\u00e9zet.<br \/>\nA k\u00f3rh\u00e1z strukt\u00far\u00e1ja is megv\u00e1ltozott, az \u00e1gysz\u00e1m 327-re cs\u00f6kkent, melyb\u0151l 23 kr\u00f3nikus, 304 akt\u00edv \u00e1gy. A szem\u00e9szeti oszt\u00e1ly 2012-t\u0151l egynapos szem\u00e9szeti ell\u00e1t\u00e1sk\u00e9nt m\u0171k\u00f6dik.<br \/>\nA int\u00e9zm\u00e9nyt 36 \u00e9vig vezet\u0151 Dr. Varga Ferenc f\u0151igazgat\u00f3 f\u0151orvos 2013 m\u00e1rcius\u00e1ban elhunyt.<br \/>\nA k\u00f3rh\u00e1z ir\u00e1ny\u00edt\u00e1s\u00e1t, vezet\u00e9s\u00e9t 2013 m\u00e1rcius\u00e1t\u00f3l megb\u00edzott orvosigazgat\u00f3k\u00e9nt, majd 2013 augusztus\u00e1t\u00f3l kinevezett f\u0151igazgat\u00f3k\u00e9nt Dr. Inczeffy Istv\u00e1n l\u00e1tja el, az emberi er\u0151forr\u00e1sok miniszter\u00e9t\u0151l kapott megb\u00edz\u00e1s alapj\u00e1n.<br \/>\n2013. \u00e9v v\u00e9g\u00e9t\u0151l a k\u00f3rh\u00e1z sz\u00e1mos ter\u00fclet\u00e9n fejleszt\u00e9sek kezd\u0151dtek, melyek egyr\u00e9szt a betegell\u00e1t\u00e1st, m\u00e1sr\u00e9szt a szervezeti strukt\u00far\u00e1t \u00e9rintett\u00e9k.<br \/>\nA GYEMSZI \u00e1ltal j\u00f3v\u00e1hagyott \u00faj Szervezeti \u00e9s M\u0171k\u00f6d\u00e9si Szab\u00e1lyzat ker\u00fclt kiad\u00e1sra. \u00daj oszt\u00e1lyvezet\u0151 f\u0151orvosok vezetik a Seb\u00e9szeti, a Belgy\u00f3gy\u00e1szati, a Sz\u00fcl\u00e9szet- \u00e9s N\u0151gy\u00f3gy\u00e1szati Oszt\u00e1lyt, valamint a K\u00f6zponti Laborat\u00f3riumot.<br \/>\nMegkezdte m\u0171k\u00f6d\u00e9s\u00e9t a k\u00f3rh\u00e1z \u00faj weboldala.<br \/>\n2014 janu\u00e1rj\u00e1t\u00f3l gyermek t\u00fcd\u0151gy\u00f3gy\u00e1szati rendel\u00e9s kezdte meg m\u0171k\u00f6d\u00e9s\u00e9t a k\u00f3rh\u00e1z gyermekambulanci\u00e1j\u00e1n.<br \/>\nJelenleg folyamatban van a gyermekgy\u00f3gy\u00e1szati ambulancia \u00e9s szakrendel\u00e9s teljes k\u00f6r\u0171 fel\u00faj\u00edt\u00e1sa a GYEMSZI \u00e1ltal adott vissza nem t\u00e9r\u00edtend\u0151 Vis Major t\u00e1mogat\u00e1sb\u00f3l.<\/p>\n<\/div>\n","protected":false},"excerpt":{"rendered":"<p>Az 1950-es \u00e9vekben m\u00e1r felvet\u0151d\u00f6tt egy Balaton d\u00e9li partj\u00e1n l\u00e9tes\u00edtend\u0151 k\u00f3rh\u00e1z gondolata.\u00a0 A v\u00e1laszt\u00e1s Si\u00f3fokra esett, mert a t\u00e9rs\u00e9g gazdas\u00e1gi, kereskedelmi \u00e9s idegenforgalmi szempontb\u00f3l dinamikusan fejl\u0151d\u0151 k\u00f6zpontj\u00e1nak tartott\u00e1k. A P\u00e9csi Tervez\u0151 V\u00e1llalat 1956-ban rajzasztalra tette a k\u00f3rh\u00e1z terv\u00e9t, de az \u00e9p\u00edtkez\u00e9s csak 1961-ben kezd\u0151dhetett meg. K\u00f6zel nyolc \u00e9vbe telt, m\u00edg 1968. j\u00fanius 1-\u00e9n el\u0151sz\u00f6r a [&hellip;]<\/p>\n","protected":false},"author":1,"featured_media":2709,"parent":0,"menu_order":0,"comment_status":"closed","ping_status":"closed","template":"","meta":{"_genesis_hide_title":false,"_genesis_hide_breadcrumbs":false,"_genesis_hide_singular_image":false,"_genesis_hide_footer_widgets":false,"_genesis_custom_body_class":"","_genesis_custom_post_class":"","_genesis_layout":"","footnotes":""},"class_list":{"0":"post-2883","1":"page","2":"type-page","3":"status-publish","4":"has-post-thumbnail","6":"entry"},"featured_image_src":"https:\/\/siokorhaz.hu\/wp-content\/uploads\/2025\/01\/x_IMG_0781-600x400.jpg","featured_image_src_square":"https:\/\/siokorhaz.hu\/wp-content\/uploads\/2025\/01\/x_IMG_0781-600x600.jpg","_links":{"self":[{"href":"https:\/\/siokorhaz.hu\/index.php?rest_route=\/wp\/v2\/pages\/2883","targetHints":{"allow":["GET"]}}],"collection":[{"href":"https:\/\/siokorhaz.hu\/index.php?rest_route=\/wp\/v2\/pages"}],"about":[{"href":"https:\/\/siokorhaz.hu\/index.php?rest_route=\/wp\/v2\/types\/page"}],"author":[{"embeddable":true,"href":"https:\/\/siokorhaz.hu\/index.php?rest_route=\/wp\/v2\/users\/1"}],"replies":[{"embeddable":true,"href":"https:\/\/siokorhaz.hu\/index.php?rest_route=%2Fwp%2Fv2%2Fcomments&post=2883"}],"version-history":[{"count":1,"href":"https:\/\/siokorhaz.hu\/index.php?rest_route=\/wp\/v2\/pages\/2883\/revisions"}],"predecessor-version":[{"id":6208,"href":"https:\/\/siokorhaz.hu\/index.php?rest_route=\/wp\/v2\/pages\/2883\/revisions\/6208"}],"wp:featuredmedia":[{"embeddable":true,"href":"https:\/\/siokorhaz.hu\/index.php?rest_route=\/wp\/v2\/media\/2709"}],"wp:attachment":[{"href":"https:\/\/siokorhaz.hu\/index.php?rest_route=%2Fwp%2Fv2%2Fmedia&parent=2883"}],"curies":[{"name":"wp","href":"https:\/\/api.w.org\/{rel}","templated":true}]}}